{"id":147089,"date":"2016-04-06T07:48:07","date_gmt":"2016-04-06T07:48:07","guid":{"rendered":"https:\/\/globecore.com\/products\/bitumen-emulsion-unit\/"},"modified":"2026-01-15T14:22:32","modified_gmt":"2026-01-15T14:22:32","slug":"bitumen-emulsion-unit","status":"publish","type":"page","link":"https:\/\/globecore.com\/de\/products\/bitumen-emulsion-unit\/","title":{"rendered":"Bitumenemulsionsanlage"},"content":{"rendered":"<div id=\"pl-2983\" class=\"panel-layout\">\n<div id=\"pg-2983-0\" class=\"panel-grid panel-no-style\">\n<div id=\"pgc-2983-0-0\" class=\"panel-grid-cell\" data-weight=\"1\">\n<div id=\"panel-2983-0-0-0\" class=\"so-panel widget widget_sow-editor panel-first-child panel-last-child\" data-index=\"0\" data-style=\"{&quot;class&quot;:&quot;category_block&quot;,&quot;background_image_attachment&quot;:false,&quot;background_display&quot;:&quot;tile&quot;}\">\n<div class=\"category_block panel-widget-style panel-widget-style-for-2983-0-0-0\">\n<div class=\"so-widget-sow-editor so-widget-sow-editor-base\">\n<div class=\"siteorigin-widget-tinymce textwidget\">\n<p style=\"text-align: justify;\">Bitumenemulsionen wurden in Europa erstmals in den 1930er Jahren eingesetzt. Seitdem hat die Branche vielversprechende Entw\u00fcrfe gesehen, die die Produktionseffizienz und -verarbeitung verbessern konnten. Die Vielfalt der Bitumenemulsionen (anionisch, kationisch, Wasser in \u00d6l, \u00d6l in Wasser, schnelle, mittlere und langsame Abbindung) erweitert ohne Zweifel die Einsatzm\u00f6glichkeiten des Materials.<\/p>\n<p style=\"text-align: justify;\"><b>Die USB-2 Bitumen-Emulsionsanlagen <\/b>sind halbautomatisierte Anlagen mit auf einem Metallrahmen montierten und mit Rohrleitungen verbundenen Komponenten.<\/p>\n<p style=\"text-align: justify;\"><b>Die Emulsionsrate <\/b>h\u00e4ngt von der Art der behandelten Oberfl\u00e4che ab. F\u00fcr die Asphaltoberfl\u00e4che betr\u00e4gt der Verbrauch 500 g\/m\u00b2, bei Kies w\u00e4chst der Verbrauch auf 1200 g\/m\u00b2. Die Behandlung von Asphaltgranulat erh\u00f6ht den Verbrauch bis auf 2000 g\/m\u00b2.<\/p>\n<p style=\"text-align: justify;\"><b>Die Bitumenemulsion ist eine dunkelbraune Fl\u00fcssigkeit. <\/b>Sie wird durch Dispergieren von Bitumen in Wasser unter Zugabe von Tensiden hergestellt<b>.<\/b><\/p>\n<p style=\"text-align: justify;\">Bitumenemulsionen sind f\u00fcr verschiedene Stra\u00dfenbauaufgaben unentbehrlich. Sie bildet eine Schutzschicht f\u00fcr Automobilstra\u00dfen (Asphalt, Kies oder Beton).<\/p>\n<p style=\"text-align: justify;\"><b>Bitumenemulsionen. Allgemeine Informationen. Grunds\u00e4tze.<\/b><\/p>\n<p style=\"text-align: justify;\">Die Hauptkomponente einer Emulsion ist die Bindung. Unter normalen Bedingungen ist Bitumen fest, um es mit mineralischem Material zu vermischen, muss es durch Erhitzen fl\u00fcssig gemacht werden.<\/p>\n<p style=\"text-align: justify;\"><b>Eine Alternative &#8211; Emulgierung von Bitumen<\/b><\/p>\n<p style=\"text-align: justify;\">Die Menge an Feststoff (Bitumen) in der Emulsion betr\u00e4gt bis zu 70%. In Form von kleinen Teilchen wird es in Wasser suspendiert. Die allgemeine Viskosit\u00e4t der Emulsion f\u00e4llt mit der Viskosit\u00e4t der Wasserphase zusammen. Daher ist es bei Raumtemperatur fl\u00fcssig.<\/p>\n<\/div>\n<\/div>\n<\/div>\n<\/div>\n<\/div>\n<\/div>\n<\/div>\n","protected":false},"excerpt":{"rendered":"<p>Bitumenemulsionen wurden in Europa erstmals in den 1930er Jahren eingesetzt. Seitdem hat die Branche vielversprechende Entw\u00fcrfe gesehen, die die Produktionseffizienz und -verarbeitung verbessern konnten. Die Vielfalt der Bitumenemulsionen (anionisch, kationisch, Wasser in \u00d6l, \u00d6l in Wasser, schnelle, mittlere und langsame Abbindung) erweitert ohne Zweifel die Einsatzm\u00f6glichkeiten des Materials. Die USB-2 Bitumen-Emulsionsanlagen sind halbautomatisierte Anlagen mit<a class=\"cg-read-more\" href=\"https:\/\/globecore.com\/de\/products\/bitumen-emulsion-unit\/\" target=\"_blank\">Read More <\/a><\/p>\n","protected":false},"author":7,"featured_media":147094,"parent":145645,"menu_order":0,"comment_status":"closed","ping_status":"closed","template":"templates\/products-sidebar.php","meta":{"_acf_changed":false,"_bbp_topic_count":0,"_bbp_reply_count":0,"_bbp_total_topic_count":0,"_bbp_total_reply_count":0,"_bbp_voice_count":0,"_bbp_anonymous_reply_count":0,"_bbp_topic_count_hidden":0,"_bbp_reply_count_hidden":0,"_bbp_forum_subforum_count":0,"footnotes":""},"categories":[],"class_list":["post-147089","page","type-page","status-publish","has-post-thumbnail","hentry"],"acf":[],"language":"de","_links":{"self":[{"href":"https:\/\/globecore.com\/de\/wp-json\/wp\/v2\/pages\/147089","targetHints":{"allow":["GET"]}}],"collection":[{"href":"https:\/\/globecore.com\/de\/wp-json\/wp\/v2\/pages"}],"about":[{"href":"https:\/\/globecore.com\/de\/wp-json\/wp\/v2\/types\/page"}],"author":[{"embeddable":true,"href":"https:\/\/globecore.com\/de\/wp-json\/wp\/v2\/users\/7"}],"replies":[{"embeddable":true,"href":"https:\/\/globecore.com\/de\/wp-json\/wp\/v2\/comments?post=147089"}],"version-history":[{"count":1,"href":"https:\/\/globecore.com\/de\/wp-json\/wp\/v2\/pages\/147089\/revisions"}],"predecessor-version":[{"id":330131,"href":"https:\/\/globecore.com\/de\/wp-json\/wp\/v2\/pages\/147089\/revisions\/330131"}],"up":[{"embeddable":true,"href":"https:\/\/globecore.com\/de\/wp-json\/wp\/v2\/pages\/145645"}],"wp:featuredmedia":[{"embeddable":true,"href":"https:\/\/globecore.com\/de\/wp-json\/wp\/v2\/media\/147094"}],"wp:attachment":[{"href":"https:\/\/globecore.com\/de\/wp-json\/wp\/v2\/media?parent=147089"}],"wp:term":[{"taxonomy":"category","embeddable":true,"href":"https:\/\/globecore.com\/de\/wp-json\/wp\/v2\/categories?post=147089"}],"curies":[{"name":"wp","href":"https:\/\/api.w.org\/{rel}","templated":true}]}}