{"id":147093,"date":"2016-04-06T08:07:19","date_gmt":"2016-04-06T08:07:19","guid":{"rendered":"https:\/\/globecore.com\/products\/bitumen-emulsion-unit\/uvb-1-bitumen-emulsion-unit-2-m3hour-production-capacity\/"},"modified":"2026-03-09T09:39:06","modified_gmt":"2026-03-09T09:39:06","slug":"uvb-1-bitumen-emulsion-unit-2-m3hour-production-capacity","status":"publish","type":"page","link":"https:\/\/globecore.com\/de\/products\/bitumen-emulsion-unit\/uvb-1-bitumen-emulsion-unit-2-m3hour-production-capacity\/","title":{"rendered":"USB-2 Bitumenemulsionsanlage, 2m\u00b3\/h Produktionskapazit\u00e4t"},"content":{"rendered":"","protected":false},"excerpt":{"rendered":"<p>Die USB-2 Bitumen-Emulsionsanlage mit einer Produktionskapazit\u00e4t von 2\u202fm\u00b3\/h mischt die Komponenten nacheinander in hydrodynamischen Mischern bei kontrolliertem Druck und Temperatur. Ihr einzigartiges Design erm\u00f6glicht eine sofortige Vermischung der Komponentenstr\u00f6me, wodurch die Anlage kompakt und energieeffizient ist. Die Endstufe zur Herstellung einer einheitlichen Wasser-Bitumen-Emulsion erfolgt in einer Kolloidm\u00fchle und gew\u00e4hrleistet eine hohe Produktqualit\u00e4t.<br \/>\nDie Anlage ist mit Prozesssteuerungsinstrumenten ausgestattet und kann manuell oder halbautomatisch betrieben werden.<\/p>\n","protected":false},"author":7,"featured_media":147094,"parent":147089,"menu_order":0,"comment_status":"closed","ping_status":"closed","template":"templates\/single-product.php","meta":{"_acf_changed":false,"_bbp_topic_count":0,"_bbp_reply_count":0,"_bbp_total_topic_count":0,"_bbp_total_reply_count":0,"_bbp_voice_count":0,"_bbp_anonymous_reply_count":0,"_bbp_topic_count_hidden":0,"_bbp_reply_count_hidden":0,"_bbp_forum_subforum_count":0,"footnotes":""},"categories":[1944],"class_list":["post-147093","page","type-page","status-publish","has-post-thumbnail","hentry","category-bitumenproduktion","oil_type-bauindustrie","process_type-fraesen","process_type-mischen"],"acf":{"add_tab":[{"tab_title":"Beschreibung","tab_content":"<p style=\"text-align: justify;\">Die Bitumenemulsionsanlage verbindet im hydrodynamischen Mischer bei bestimmtem Druck und Temperatur nacheinander die Komponenten. Durch die einzigartige, kompakte Bauweise sorgt der hydrodynamische Mischer f\u00fcr eine sofortige Mischung der Komponentenstr\u00f6me, wodurch der Energieverbrauch reduziert wird. Die Endstufe der Herstellung einer einheitlichen Bitumenemulsion erfolgt in einer Kolloidm\u00fchle, die die hohe Qualit\u00e4t des Produktes garantiert.<\/p>\r\n<p style=\"text-align: justify;\">Das Ger\u00e4t verf\u00fcgt \u00fcber eine Prozesssteuerungseinrichtungen, die einen manuellen oder halbautomatischen Betrieb erm\u00f6glicht.<\/p>\r\n<p style=\"text-align: justify;\"><b>Die Bitumenemulsion ist eine dunkelbraune Fl\u00fcssigkeit. <\/b>Sie wird durch Dispergieren von Bitumen in Wasser unter Zugabe von Tensiden hergestellt.<\/p>\r\n<p style=\"text-align: justify;\">Bitumenemulsionen sind f\u00fcr verschiedene Stra\u00dfenbauaufgaben unentbehrlich. Sie bildet eine Schutzschicht f\u00fcr Automobilstra\u00dfen (Asphalt, Kies oder Beton).<\/p>\r\n<p style=\"text-align: justify;\">Besondere Einsatzgebiete sind:<\/p>\r\n\r\n<ul style=\"text-align: justify;\">\r\n \t<li>Erstellung einer Haftschicht im Stra\u00dfenbau;<\/li>\r\n \t<li>Permeation und Oberfl\u00e4chenbehandlung im Stra\u00dfenbau<\/li>\r\n \t<li>Erstellung einer D\u00fcnnschutzschicht;<\/li>\r\n \t<li>Teilreperaturen.<\/li>\r\n<\/ul>\r\n<p style=\"text-align: justify;\"><\/p>"}],"add_def_tab":[{"tab_title":"Spezifikation","tab_content":"<table>\r\n<tbody>\r\n<tr>\r\n<td width=\"270\">\r\n<p style=\"text-align: center;\"><strong>S<\/strong><strong>pezifikation<\/strong><\/p>\r\n<\/td>\r\n<td width=\"83\">\r\n<p style=\"text-align: center;\"><strong>W<\/strong><strong>ert<\/strong><\/p>\r\n<\/td>\r\n<\/tr>\r\n<tr>\r\n<td width=\"270\">Maximale Produktionskapazit\u00e4t (inkl. Vorbereitungszeit), <em>m<\/em><em><sup>3<\/sup><\/em><em>\/Stunde<\/em><\/td>\r\n<td width=\"83\">\r\n<p style=\"text-align: center;\">2-3 *<\/p>\r\n<\/td>\r\n<\/tr>\r\n<tr>\r\n<td width=\"270\">Minimaler Bitumenverbrauch, <em>m<\/em><em><sup>3<\/sup><\/em><em>\/Stunde<\/em><\/td>\r\n<td width=\"83\">\r\n<p style=\"text-align: center;\">1.8<\/p>\r\n<\/td>\r\n<\/tr>\r\n<tr>\r\n<td width=\"270\">Wasserverbrauch, <em>m<\/em><em><sup>3<\/sup><\/em><em>\/Stunde<\/em><\/td>\r\n<td width=\"83\">\r\n<p style=\"text-align: center;\">0.6\u20132.0 *<\/p>\r\n<\/td>\r\n<\/tr>\r\n<tr>\r\n<td width=\"270\">Fluxverbrauch, <em>dm<\/em><em><sup>3<\/sup><\/em><em>\/Stunde<\/em><\/td>\r\n<td width=\"83\">\r\n<p style=\"text-align: center;\">0\u201372 *<\/p>\r\n<\/td>\r\n<\/tr>\r\n<tr>\r\n<td width=\"270\">S\u00e4ureverbrauch, <em>dm<\/em><em><sup>3<\/sup><\/em><em>\/Stunde<\/em><\/td>\r\n<td width=\"83\">\r\n<p style=\"text-align: center;\">5\u201320 *<\/p>\r\n<\/td>\r\n<\/tr>\r\n<tr>\r\n<td width=\"270\">Emulgatorverbrauch, <em>dm<\/em><em><sup>3<\/sup><\/em><em>\/Stunde<\/em><\/td>\r\n<td width=\"83\">\r\n<p style=\"text-align: center;\">5\u201320 *<\/p>\r\n<\/td>\r\n<\/tr>\r\n<tr>\r\n<td width=\"270\">Verbrauch von Haftzus\u00e4tzen, <em>dm<\/em><em><sup>3<\/sup><\/em><em>\/h<\/em><\/td>\r\n<td width=\"83\">\r\n<p style=\"text-align: center;\">1\u201320 *<\/p>\r\n<\/td>\r\n<\/tr>\r\n<tr>\r\n<td width=\"270\">Maximaler Bitumeneingangsdruck, <em>M<\/em><em>Pa<\/em><\/td>\r\n<td width=\"83\">\r\n<p style=\"text-align: center;\">0.2<\/p>\r\n<\/td>\r\n<\/tr>\r\n<tr>\r\n<td width=\"270\">Bitumendruck zum Mischer, <em>M<\/em><em>Pa<\/em><\/td>\r\n<td width=\"83\">\r\n<p style=\"text-align: center;\">1.4\u20131.6<\/p>\r\n<\/td>\r\n<\/tr>\r\n<tr>\r\n<td width=\"270\">Druck der Wasserphase zum Mischer, <em>M<\/em><em>Pa<\/em><\/td>\r\n<td width=\"83\">\r\n<p style=\"text-align: center;\">0.2<\/p>\r\n<\/td>\r\n<\/tr>\r\n<tr>\r\n<td width=\"270\">Bitumeneintrittstemperatur, <em>\u00b0\u0421<\/em><\/td>\r\n<td width=\"83\">\r\n<p style=\"text-align: center;\">140\u2013160<\/p>\r\n<\/td>\r\n<\/tr>\r\n<tr>\r\n<td width=\"270\">Wassereintrittstemperatur, <em>\u00b0\u0421<\/em><\/td>\r\n<td width=\"83\">\r\n<p style=\"text-align: center;\">40\u201360 *<\/p>\r\n<\/td>\r\n<\/tr>\r\n<tr>\r\n<td width=\"270\">Maximaler Emulsionsauslassdruck, <em>m<\/em><\/td>\r\n<td width=\"83\">\r\n<p style=\"text-align: center;\">15<\/p>\r\n<\/td>\r\n<\/tr>\r\n<tr>\r\n<td width=\"270\">Maximale Nennleistung, <em>kW<\/em><\/td>\r\n<td width=\"83\">\r\n<p style=\"text-align: center;\">18<\/p>\r\n<\/td>\r\n<\/tr>\r\n<tr>\r\n<td width=\"270\">Betriebsspannung bei 50 Hz, <em>V<\/em><\/td>\r\n<td width=\"83\">\r\n<p style=\"text-align: center;\">380<\/p>\r\n<\/td>\r\n<\/tr>\r\n<tr>\r\n<td width=\"270\">Druckluftversorgung, <em>bar<\/em><\/td>\r\n<td width=\"83\">\r\n<p style=\"text-align: center;\">4\u20136<\/p>\r\n<\/td>\r\n<\/tr>\r\n<tr>\r\n<td width=\"270\">Luftverbrauch, <em>dm<\/em><em><sup>3<\/sup><\/em><em>\/min<\/em><\/td>\r\n<td width=\"83\">\r\n<p style=\"text-align: center;\">250<\/p>\r\n<\/td>\r\n<\/tr>\r\n<tr>\r\n<td width=\"270\">Abmessungen (L\/B\/H), <em>mm<\/em><\/td>\r\n<td width=\"83\">\r\n<p style=\"text-align: center;\">2080\/2340\/1934<\/p>\r\n<\/td>\r\n<\/tr>\r\n<tr>\r\n<td width=\"270\">Maximales Gewicht, <em>kg<\/em><\/td>\r\n<td width=\"83\">\r\n<p style=\"text-align: center;\">1200<\/p>\r\n<\/td>\r\n<\/tr>\r\n<\/tbody>\r\n<\/table>\r\n* Abh\u00e4ngig von der Prozessformel"},{"tab_title":"Vorteil","tab_content":"<ul>\r\n \t<li style=\"text-align: justify;\">Herstellung hochwertiger Asphaltemulsion, unabh\u00e4ngig von der urspr\u00fcnglichen Bitumenqualit\u00e4t durch Zugabe von Weichmachern, Haftadditiven und Verd\u00fcnnern;<\/li>\r\n \t<li style=\"text-align: justify;\">Herstellung aller Emulsionstypen, CRS, CMS und CSS-1,2, sowie anionische Emulsion entsprechender Typen, einschlie\u00dflich Subtyp h;<\/li>\r\n \t<li style=\"text-align: justify;\">Konzentratmischung wird direkt in der Einheit mit Wasser verd\u00fcnnt;<\/li>\r\n \t<li style=\"text-align: justify;\">Betriebssicherheit (Notverriegelung vorhanden);<\/li>\r\n \t<li style=\"text-align: justify;\">Emulsion entspricht ASTM D 2397-98 und D977-98;<\/li>\r\n \t<li style=\"text-align: justify;\">kleine Grundfl\u00e4che<\/li>\r\n \t<li style=\"text-align: justify;\">einfache Bedienung und Wartung.<\/li>\r\n<\/ul>"},{"tab_title":"Anwendung","tab_content":"[product_oil_types]"}],"add_video_tab":[{"video_tab_title":"Video","add_video_id":[{"video_id":"m0pOxOXZfN4"},{"video_id":"exCWKuuG_1s"}]}],"add_gallery_tab":[{"gallery_tab_title":"Foto","add_img":[23151,6415,13572,13566,14298]}],"add_price_tab":[{"price_tab_title":"Get a Quote"}]},"language":"de","_links":{"self":[{"href":"https:\/\/globecore.com\/de\/wp-json\/wp\/v2\/pages\/147093","targetHints":{"allow":["GET"]}}],"collection":[{"href":"https:\/\/globecore.com\/de\/wp-json\/wp\/v2\/pages"}],"about":[{"href":"https:\/\/globecore.com\/de\/wp-json\/wp\/v2\/types\/page"}],"author":[{"embeddable":true,"href":"https:\/\/globecore.com\/de\/wp-json\/wp\/v2\/users\/7"}],"replies":[{"embeddable":true,"href":"https:\/\/globecore.com\/de\/wp-json\/wp\/v2\/comments?post=147093"}],"version-history":[{"count":1,"href":"https:\/\/globecore.com\/de\/wp-json\/wp\/v2\/pages\/147093\/revisions"}],"predecessor-version":[{"id":341826,"href":"https:\/\/globecore.com\/de\/wp-json\/wp\/v2\/pages\/147093\/revisions\/341826"}],"up":[{"embeddable":true,"href":"https:\/\/globecore.com\/de\/wp-json\/wp\/v2\/pages\/147089"}],"wp:featuredmedia":[{"embeddable":true,"href":"https:\/\/globecore.com\/de\/wp-json\/wp\/v2\/media\/147094"}],"wp:attachment":[{"href":"https:\/\/globecore.com\/de\/wp-json\/wp\/v2\/media?parent=147093"}],"wp:term":[{"taxonomy":"category","embeddable":true,"href":"https:\/\/globecore.com\/de\/wp-json\/wp\/v2\/categories?post=147093"}],"curies":[{"name":"wp","href":"https:\/\/api.w.org\/{rel}","templated":true}]}}