{"id":147097,"date":"2016-04-06T08:15:25","date_gmt":"2016-04-06T08:15:25","guid":{"rendered":"https:\/\/globecore.com\/products\/bitumen-emulsion-unit\/uvb-1-bitumen-emulsion-unit-8-m3hour-production-capacity\/"},"modified":"2026-03-09T09:44:52","modified_gmt":"2026-03-09T09:44:52","slug":"uvb-1-bitumen-emulsion-unit-8-m3hour-production-capacity","status":"publish","type":"page","link":"https:\/\/globecore.com\/de\/products\/bitumen-emulsion-unit\/uvb-1-bitumen-emulsion-unit-8-m3hour-production-capacity\/","title":{"rendered":"USB-2 Bitumenemulsionsanlage, 8m\u00b3\/h Produktionskapazit\u00e4t"},"content":{"rendered":"<div id=\"pl-1851\" class=\"panel-layout\">\n<div id=\"pg-1851-0\" class=\"panel-grid panel-no-style\">\n<div id=\"pgc-1851-0-0\" class=\"panel-grid-cell\" data-weight=\"1\">\n<div id=\"panel-1851-0-0-0\" class=\"so-panel widget widget_sow-editor panel-first-child panel-last-child\" data-index=\"0\" data-style=\"{&quot;background_image_attachment&quot;:false,&quot;background_display&quot;:&quot;tile&quot;}\">\n<div class=\"so-widget-sow-editor so-widget-sow-editor-base\">\n<div class=\"siteorigin-widget-tinymce textwidget\"><\/div>\n<\/div>\n<\/div>\n<\/div>\n<\/div>\n<\/div>\n","protected":false},"excerpt":{"rendered":"<p>Die USB-2 Bitumen-Emulsionsanlage mit einer Produktionskapazit\u00e4t von 8\u202fm\u00b3\/h wird in verschiedenen Containerarten gebaut, darunter offene Container, Container mit Rollt\u00fcren und vandalensichere Container. Die Anlage produziert alle Arten von Emulsionen\u2014CRS, CMS, CSS-1,2,3\u2014sowie entsprechende anionische Emulsionen, einschlie\u00dflich Subtyp h. Alle Produkte entsprechen den Normen ASTM D2397-98 und ASTM D977-98.<\/p>\n","protected":false},"author":7,"featured_media":147091,"parent":147089,"menu_order":0,"comment_status":"closed","ping_status":"closed","template":"templates\/single-product.php","meta":{"_acf_changed":false,"_bbp_topic_count":0,"_bbp_reply_count":0,"_bbp_total_topic_count":0,"_bbp_total_reply_count":0,"_bbp_voice_count":0,"_bbp_anonymous_reply_count":0,"_bbp_topic_count_hidden":0,"_bbp_reply_count_hidden":0,"_bbp_forum_subforum_count":0,"footnotes":""},"categories":[1944],"class_list":["post-147097","page","type-page","status-publish","has-post-thumbnail","hentry","category-bitumenproduktion","oil_type-bauindustrie","process_type-fraesen","process_type-mischen"],"acf":{"add_tab":[{"tab_title":"Beschreibung","tab_content":"<p style=\"text-align: justify;\">F\u00fcr den Au\u00dfenbetrieb kann das Ger\u00e4t in Beh\u00e4ltern mit Rollt\u00fcren oder vandalensicheren Containern aufgestellt werden.<\/p>\r\n<p style=\"text-align: justify;\">F\u00fcr den Innenbetrieb oder den Betrieb unter einer \u00dcberdachung kann die Anlage in einem offenen Container aufgestellt werden.<\/p>\r\n<p style=\"text-align: justify;\">Die Anlage mit einer Produktionskapazit\u00e4t von 1m\u00b3\/h oder 2m\u00b3\/h sind in offenen oder mit Rolltoren versehenen Containern eingebaut. Die 8m\u00b3\/h USB-2 Bitumenemulsionsanlage kann zus\u00e4tzlich in einem vandalensicheren Container aufgebaut werden.<\/p>\r\n\r\n<h2 style=\"text-align: center;\"><b>BITUMENEMULSIONSANLAGE<\/b><\/h2>\r\n<p style=\"text-align: justify;\"><b>Qualit\u00e4t<\/b><\/p>\r\n<p style=\"text-align: justify;\">Die F\u00e4higkeit, eine hohe Qualit\u00e4t zu gew\u00e4hrleisten, ohne die Notwendigkeit, mineralisches Material und Bindemittel zu erhitzen. Dies allein spart bis zu 40% Energie im Vergleich zu einem regul\u00e4ren \"hei\u00dfen\" Prozess.<\/p>\r\n<p style=\"text-align: justify;\"><b>Umweltaspekte<\/b><\/p>\r\n<p style=\"text-align: justify;\">Bitumenemulsion verursacht keine sch\u00e4dlichen Emissionen in der Atmosph\u00e4re, es besteht keine Gefahr von Explosionen oder Verbrennungen w\u00e4hrend des Transports oder der Verarbeitung.<\/p>\r\n<p style=\"text-align: justify;\"><b>Transport der Bitumenemulsion<\/b><\/p>\r\n<p style=\"text-align: justify;\">Bitumenemulsionen werden in speziellen Tanks, Bitumentransportern, kubischen Beh\u00e4ltern und Metallf\u00e4ssern transportiert.<\/p>\r\n<p style=\"text-align: justify;\"><b>Lagerung von Bitumenemulsion<\/b><\/p>\r\n<p style=\"text-align: justify;\">Bitumenemulsionen werden in speziellen Tanks oder anderen zylindrischen Gef\u00e4\u00dfen gelagert. Die Gef\u00e4\u00dfe m\u00fcssen sauber sein: es d\u00fcrfen keine Restemulsionen, Bitumen, POL oder andere saure oder alkalische Stoffe enthalten sein.<\/p>\r\n<p style=\"text-align: justify;\">Emulsionen unterschiedlicher Zusammensetzung d\u00fcrfen nicht in einem Gef\u00e4\u00df gemischt werden. Die Tanks m\u00fcssen dicht geschlossen sein, um das Eindringen von Fremdk\u00f6rpern und die Verdunstung von Wasser zu verhindern. Die Lagertemperatur muss mindestens 5\u00b0C betragen. Wenn das Volumen der Emulsion mehr als 1m\u00b3 betr\u00e4gt, sollten die Tanks mit speziellen R\u00fchrwerken ausger\u00fcstet werden.<\/p>\r\n<p style=\"text-align: justify;\">Unsere Firma bietet spezielle vertikale Emulsionsspeichertanks (SBE und SMB) an, um Emulsionen und polymermodifiziertes Bitumen zu speichern. Diese Tanks sind mit Heiz- und Zirkulationssystemen ausgestattet und lassen sich problemlos in den bestehenden Fertigungsprozess einer Anlage integrieren.<\/p>"}],"add_def_tab":[{"tab_title":"Spezifikation","tab_content":"<table>\r\n<tbody>\r\n<tr>\r\n<td>\r\n<p style=\"text-align: center;\"><b>Technische Daten der Bitumen-Ausr\u00fcstung<\/b><\/p>\r\n<\/td>\r\n<td>\r\n<p style=\"text-align: center;\"><b>Werte<\/b><\/p>\r\n<\/td>\r\n<\/tr>\r\n<tr>\r\n<td>\r\n<p style=\"text-align: left;\">Max. Produktionskapazit\u00e4t (inkl. Vorbereitungszeit), <i>m\u00b3\/h<\/i><\/p>\r\n<\/td>\r\n<td>\r\n<p style=\"text-align: center;\">8 *<\/p>\r\n<\/td>\r\n<\/tr>\r\n<tr>\r\n<td>\r\n<p style=\"text-align: left;\">Mind. Bitumenverbrauch, <i>m\u00b3\/h<\/i><\/p>\r\n<\/td>\r\n<td>\r\n<p style=\"text-align: center;\">10.5<\/p>\r\n<\/td>\r\n<\/tr>\r\n<tr>\r\n<td>\r\n<p style=\"text-align: left;\">Wasserverbrauch, <i>m\u00b3\/h<\/i><\/p>\r\n<\/td>\r\n<td>\r\n<p style=\"text-align: center;\">5\u20137 *<\/p>\r\n<\/td>\r\n<\/tr>\r\n<tr>\r\n<td>\r\n<p style=\"text-align: left;\">Flussmittelverbrauch, <i>dm\u00b3\/h<\/i><\/p>\r\n<\/td>\r\n<td>\r\n<p style=\"text-align: center;\">50\u2013250 *<\/p>\r\n<\/td>\r\n<\/tr>\r\n<tr>\r\n<td>\r\n<p style=\"text-align: left;\">S\u00e4ureverbrauch, <i>dm\u00b3\/h<\/i><\/p>\r\n<\/td>\r\n<td>\r\n<p style=\"text-align: center;\">50\u2013150 *<\/p>\r\n<\/td>\r\n<\/tr>\r\n<tr>\r\n<td>\r\n<p style=\"text-align: left;\">Emulgatorverbrauch, <i>dm\u00b3\/h<\/i><\/p>\r\n<\/td>\r\n<td>\r\n<p style=\"text-align: center;\">50 *<\/p>\r\n<\/td>\r\n<\/tr>\r\n<tr>\r\n<td>\r\n<p style=\"text-align: left;\">Max. Bitumen Eingangsdruck, <i>MPa<\/i><\/p>\r\n<\/td>\r\n<td>\r\n<p style=\"text-align: center;\">0,2<\/p>\r\n<\/td>\r\n<\/tr>\r\n<tr>\r\n<td>\r\n<p style=\"text-align: left;\">Druck, mit dem das Bitumen in den Mischbeh\u00e4lter gegeben wird, <i>MPa<\/i><\/p>\r\n<\/td>\r\n<td>\r\n<p style=\"text-align: center;\">1.4<\/p>\r\n<\/td>\r\n<\/tr>\r\n<tr>\r\n<td>\r\n<p style=\"text-align: left;\">Druck, mit dem die Wasserphase in den Mischbeh\u00e4lter gegeben wird, <i>MPa<\/i><\/p>\r\n<\/td>\r\n<td>\r\n<p style=\"text-align: center;\">0.2<\/p>\r\n<\/td>\r\n<\/tr>\r\n<tr>\r\n<td>\r\n<p style=\"text-align: left;\">Bitumeneingangstemperatur, <i>\u00b0\u0421<\/i><\/p>\r\n<\/td>\r\n<td>\r\n<p style=\"text-align: center;\">140\u2013160<\/p>\r\n<\/td>\r\n<\/tr>\r\n<tr>\r\n<td>\r\n<p style=\"text-align: left;\">Wassereingangstemperatur, <i>\u00b0\u0421<\/i><\/p>\r\n<\/td>\r\n<td>\r\n<p style=\"text-align: center;\">40\u201360<\/p>\r\n<\/td>\r\n<\/tr>\r\n<tr>\r\n<td>\r\n<p style=\"text-align: left;\">Max. Emulsions-Aussto\u00dfh\u00f6he, m<\/p>\r\n<\/td>\r\n<td>\r\n<p style=\"text-align: center;\">10<\/p>\r\n<\/td>\r\n<\/tr>\r\n<tr>\r\n<td>\r\n<p style=\"text-align: left;\">Max. Nennleistung, <i>kW<\/i><\/p>\r\n<\/td>\r\n<td>\r\n<p style=\"text-align: center;\">67<\/p>\r\n<\/td>\r\n<\/tr>\r\n<tr>\r\n<td>\r\n<p style=\"text-align: left;\">Netzspannung bei 50 Hz, <i>V<\/i><\/p>\r\n<\/td>\r\n<td>\r\n<p style=\"text-align: center;\">380\/220<\/p>\r\n<\/td>\r\n<\/tr>\r\n<tr>\r\n<td>\r\n<p style=\"text-align: left;\"><i>Gr\u00f6\u00dfe (L\/B\/H), mm<\/i><\/p>\r\n<\/td>\r\n<td>\r\n<p style=\"text-align: center;\">4500\/1800\/1800<\/p>\r\n<\/td>\r\n<\/tr>\r\n<tr>\r\n<td>\r\n<p style=\"text-align: left;\">Max. Gewicht, <i>kg<\/i><\/p>\r\n<\/td>\r\n<td>\r\n<p style=\"text-align: center;\">1950<\/p>\r\n<\/td>\r\n<\/tr>\r\n<\/tbody>\r\n<\/table>\r\n<p style=\"text-align: justify;\">* Je nach Prozessrezept<\/p>\r\n<p style=\"text-align: justify;\"><\/p>"},{"tab_title":"Vorteil","tab_content":"<ul>\r\n \t<li style=\"text-align: justify;\">Herstellung hochwertiger Asphaltemulsion, unabh\u00e4ngig von der urspr\u00fcnglichen Bitumenqualit\u00e4t durch Zugabe von Weichmachern, Haftadditiven und Verd\u00fcnnern;<\/li>\r\n \t<li style=\"text-align: justify;\">Herstellung aller Emulsionstypen, CRS, CMS und CSS-1,2, sowie anionische Emulsion entsprechender Typen, einschlie\u00dflich Subtyp h;<\/li>\r\n \t<li style=\"text-align: justify;\">Konzentratmischung wird direkt in der Einheit mit Wasser verd\u00fcnnt;<\/li>\r\n \t<li style=\"text-align: justify;\">Betriebssicherheit (Notverriegelung vorhanden);<\/li>\r\n \t<li style=\"text-align: justify;\">Emulsion entspricht ASTM D 2397-98 und D977-98;<\/li>\r\n \t<li style=\"text-align: justify;\">kleine Grundfl\u00e4che<\/li>\r\n \t<li style=\"text-align: justify;\">einfache Bedienung und Wartung.<\/li>\r\n<\/ul>"},{"tab_title":"Anwendung","tab_content":"[product_oil_types]"}],"add_video_tab":[{"video_tab_title":"Video","add_video_id":[{"video_id":"BNF4LG0q4Ak"}]}],"add_gallery_tab":[{"gallery_tab_title":"Foto","add_img":[23151,6415,13572,13566,14298]}],"add_price_tab":[{"price_tab_title":"Get a Quote"}]},"language":"de","_links":{"self":[{"href":"https:\/\/globecore.com\/de\/wp-json\/wp\/v2\/pages\/147097","targetHints":{"allow":["GET"]}}],"collection":[{"href":"https:\/\/globecore.com\/de\/wp-json\/wp\/v2\/pages"}],"about":[{"href":"https:\/\/globecore.com\/de\/wp-json\/wp\/v2\/types\/page"}],"author":[{"embeddable":true,"href":"https:\/\/globecore.com\/de\/wp-json\/wp\/v2\/users\/7"}],"replies":[{"embeddable":true,"href":"https:\/\/globecore.com\/de\/wp-json\/wp\/v2\/comments?post=147097"}],"version-history":[{"count":1,"href":"https:\/\/globecore.com\/de\/wp-json\/wp\/v2\/pages\/147097\/revisions"}],"predecessor-version":[{"id":341830,"href":"https:\/\/globecore.com\/de\/wp-json\/wp\/v2\/pages\/147097\/revisions\/341830"}],"up":[{"embeddable":true,"href":"https:\/\/globecore.com\/de\/wp-json\/wp\/v2\/pages\/147089"}],"wp:featuredmedia":[{"embeddable":true,"href":"https:\/\/globecore.com\/de\/wp-json\/wp\/v2\/media\/147091"}],"wp:attachment":[{"href":"https:\/\/globecore.com\/de\/wp-json\/wp\/v2\/media?parent=147097"}],"wp:term":[{"taxonomy":"category","embeddable":true,"href":"https:\/\/globecore.com\/de\/wp-json\/wp\/v2\/categories?post=147097"}],"curies":[{"name":"wp","href":"https:\/\/api.w.org\/{rel}","templated":true}]}}