{"id":147117,"date":"2016-04-06T09:00:32","date_gmt":"2016-04-06T09:00:32","guid":{"rendered":"https:\/\/globecore.com\/products\/bitumen-emulsion-unit\/fbs-1-bitumen-filter\/"},"modified":"2026-03-09T09:49:30","modified_gmt":"2026-03-09T09:49:30","slug":"fbs-1-bitumen-filter","status":"publish","type":"page","link":"https:\/\/globecore.com\/de\/products\/bitumen-emulsion-unit\/fbs-1-bitumen-filter\/","title":{"rendered":"FB Bitumenfilter"},"content":{"rendered":"","protected":false},"excerpt":{"rendered":"<p>Der FB Bitumenfilter ist daf\u00fcr ausgelegt, feste Verunreinigungen aus Bitumen und anderen nicht korrosiven Fl\u00fcssigkeiten zu entfernen. Er ist f\u00fcr den Einsatz in Einlass-, Lager- und Auslassprozessen vorgesehen, die normales oder modifiziertes Bitumen, Bitumenemulsionen und andere hochviskose Fl\u00fcssigkeiten, die Erw\u00e4rmung erfordern, betreffen. Der Filter hat eine Kapazit\u00e4t von 15\u202fm\u00b3\/h und verf\u00fcgt \u00fcber zwei Filterpatronen f\u00fcr den Dauerbetrieb sowie \u00fcber Temperatur- und Drucksensoren, die einen zuverl\u00e4ssigen und sicheren Betrieb gew\u00e4hrleisten.<\/p>\n","protected":false},"author":7,"featured_media":134392,"parent":147089,"menu_order":0,"comment_status":"closed","ping_status":"closed","template":"templates\/single-product.php","meta":{"_acf_changed":false,"_bbp_topic_count":0,"_bbp_reply_count":0,"_bbp_total_topic_count":0,"_bbp_total_reply_count":0,"_bbp_voice_count":0,"_bbp_anonymous_reply_count":0,"_bbp_topic_count_hidden":0,"_bbp_reply_count_hidden":0,"_bbp_forum_subforum_count":0,"footnotes":""},"categories":[1944],"class_list":["post-147117","page","type-page","status-publish","has-post-thumbnail","hentry","category-bitumenproduktion","oil_type-bauindustrie","process_type-filtration-de"],"acf":{"add_tab":[{"tab_title":"Beschreibung","tab_content":"<p style=\"text-align: justify;\">Der FB Bitumenfilter wurde entwickelt, um feste Verunreinigungen aus Bitumen und anderen nicht korrosiven Fl\u00fcssigkeiten zu entfernen.<\/p>\r\n<p style=\"text-align: justify;\">Der Filter ist f\u00fcr die Integration in Ein-, Lager- und Ausgangsprozesse mit regelm\u00e4\u00dfigem oder modifiziertem Bitumen, Bitumenemulsionen und anderen hochviskosen Fl\u00fcssigkeiten, die erhitzt werden m\u00fcssen, bestimmt.<\/p>\r\n<p style=\"text-align: justify;\">Dieser Filter verf\u00fcgt \u00fcber zwei Filterpatronen, um kontinuierlich arbeiten zu k\u00f6nnen. Es verf\u00fcgt auch \u00fcber Temperatur- und Drucksensoren f\u00fcr Zuverl\u00e4ssigkeit und Sicherheit.<\/p>"}],"add_def_tab":[{"tab_title":"Genaue Angabe","tab_content":"<table width=\"384\">\r\n<tbody>\r\n<tr>\r\n<td width=\"276\">\r\n<p style=\"text-align: center;\"><strong>genaue angabe<\/strong><\/p>\r\n<\/td>\r\n<td width=\"107\">\r\n<p style=\"text-align: center;\"><strong>wert<\/strong><\/p>\r\n<\/td>\r\n<\/tr>\r\n<tr>\r\n<td width=\"276\">\r\n<p style=\"text-align: left;\">Mittlerer Nenndurchmesser, <em>mm<\/em><\/p>\r\n<\/td>\r\n<td width=\"107\">\r\n<p style=\"text-align: center;\">80<\/p>\r\n<\/td>\r\n<\/tr>\r\n<tr>\r\n<td width=\"276\">\r\n<p style=\"text-align: left;\">Leistung, <em>m3\/Stunde<\/em><\/p>\r\n<\/td>\r\n<td width=\"107\">\r\n<p style=\"text-align: center;\">15<\/p>\r\n<\/td>\r\n<\/tr>\r\n<tr>\r\n<td width=\"276\">\r\n<p style=\"text-align: left;\">Filtrationsfeinheit, <em>mm<\/em><\/p>\r\n<\/td>\r\n<td width=\"107\">\r\n<p style=\"text-align: center;\">5\/1<\/p>\r\n<\/td>\r\n<\/tr>\r\n<tr>\r\n<td width=\"276\">\r\n<p style=\"text-align: left;\">Bitumen-Eingangsdruck, <em>kg\/cm2, (MPa)<\/em><\/p>\r\n<\/td>\r\n<td width=\"107\">\r\n<p style=\"text-align: center;\">2 (0.2)<\/p>\r\n<\/td>\r\n<\/tr>\r\n<tr>\r\n<td width=\"276\">\r\n<p style=\"text-align: left;\">W\u00e4rmetr\u00e4ger Betriebsdruck, <em>kg\/cm2, (MPa)<\/em><\/p>\r\n<\/td>\r\n<td width=\"107\">\r\n<p style=\"text-align: center;\">4 (0.4)<\/p>\r\n<\/td>\r\n<\/tr>\r\n<tr>\r\n<td width=\"276\">\r\n<p style=\"text-align: left;\">Bitumen-Eingangstemperatur,<em>\u00b0C<\/em><\/p>\r\n<\/td>\r\n<td width=\"107\">\r\n<p style=\"text-align: center;\">140\u2013160<\/p>\r\n<\/td>\r\n<\/tr>\r\n<tr>\r\n<td width=\"276\">\r\n<p style=\"text-align: left;\">W\u00e4rmetr\u00e4gertemperatur, <em>\u00b0C max<\/em><\/p>\r\n<\/td>\r\n<td width=\"107\">\r\n<p style=\"text-align: center;\">200<\/p>\r\n<\/td>\r\n<\/tr>\r\n<tr>\r\n<td width=\"276\">\r\n<p style=\"text-align: left;\">Abmessungen ohne Schaltschrank (L\/B\/H), <em>mm<\/em><\/p>\r\n<\/td>\r\n<td width=\"107\">\r\n<p style=\"text-align: center;\">925\/380\/1100<\/p>\r\n<\/td>\r\n<\/tr>\r\n<tr>\r\n<td width=\"276\">\r\n<p style=\"text-align: left;\">Max. Gewicht, <em>kg<\/em><\/p>\r\n<\/td>\r\n<td width=\"107\">\r\n<p style=\"text-align: center;\">170<\/p>\r\n<\/td>\r\n<\/tr>\r\n<\/tbody>\r\n<\/table>"}],"add_video_tab":[{"video_tab_title":"Video","add_video_id":[{"video_id":"V8QZDW_KxJI"}]}],"add_gallery_tab":null,"add_price_tab":[{"price_tab_title":"Get a Quote"}]},"language":"de","_links":{"self":[{"href":"https:\/\/globecore.com\/de\/wp-json\/wp\/v2\/pages\/147117","targetHints":{"allow":["GET"]}}],"collection":[{"href":"https:\/\/globecore.com\/de\/wp-json\/wp\/v2\/pages"}],"about":[{"href":"https:\/\/globecore.com\/de\/wp-json\/wp\/v2\/types\/page"}],"author":[{"embeddable":true,"href":"https:\/\/globecore.com\/de\/wp-json\/wp\/v2\/users\/7"}],"replies":[{"embeddable":true,"href":"https:\/\/globecore.com\/de\/wp-json\/wp\/v2\/comments?post=147117"}],"version-history":[{"count":1,"href":"https:\/\/globecore.com\/de\/wp-json\/wp\/v2\/pages\/147117\/revisions"}],"predecessor-version":[{"id":341834,"href":"https:\/\/globecore.com\/de\/wp-json\/wp\/v2\/pages\/147117\/revisions\/341834"}],"up":[{"embeddable":true,"href":"https:\/\/globecore.com\/de\/wp-json\/wp\/v2\/pages\/147089"}],"wp:featuredmedia":[{"embeddable":true,"href":"https:\/\/globecore.com\/de\/wp-json\/wp\/v2\/media\/134392"}],"wp:attachment":[{"href":"https:\/\/globecore.com\/de\/wp-json\/wp\/v2\/media?parent=147117"}],"wp:term":[{"taxonomy":"category","embeddable":true,"href":"https:\/\/globecore.com\/de\/wp-json\/wp\/v2\/categories?post=147117"}],"curies":[{"name":"wp","href":"https:\/\/api.w.org\/{rel}","templated":true}]}}