{"id":147125,"date":"2021-08-18T13:05:22","date_gmt":"2021-08-18T13:05:22","guid":{"rendered":"https:\/\/globecore.com\/products\/bitumen-modification-unit\/bitumen-modification-unit-usb-3-12-m3-h\/"},"modified":"2026-03-09T09:57:26","modified_gmt":"2026-03-09T09:57:26","slug":"bitumen-modification-unit-usb-3-12-m3-h","status":"publish","type":"page","link":"https:\/\/globecore.com\/de\/products\/bitumen-modification-unit\/bitumen-modification-unit-usb-3-12-m3-h\/","title":{"rendered":"Die Polymermodifizierte Bitumenanlage USB-3 (12 m\u00b3\/St)"},"content":{"rendered":"","protected":false},"excerpt":{"rendered":"<p>Die USB-3-Anlage ist f\u00fcr die kontinuierliche Herstellung von modifiziertem Bitumen ausgelegt und arbeitet im Dauerbetrieb mit einer Nennleistung von 12 m\u00b3\/h. W\u00e4hrend des Herstellungsprozesses erm\u00f6glicht die Anlage den Einsatz aller derzeit bekannten Modifikatoren, einschlie\u00dflich Gummigranulat, verschiedener Spezialadditive sowie aller Arten von SBS-Polymeren in Granulat-, Pulver- oder Fl\u00fcssigform. Die USB-3 erlaubt au\u00dferdem die Umsetzung neuer Rezepturen f\u00fcr modifiziertes Bitumen mit Haftadditiven und Weichmachern und bietet damit eine hohe Flexibilit\u00e4t f\u00fcr unterschiedliche Produktionsanforderungen.<\/p>\n","protected":false},"author":7,"featured_media":135168,"parent":147122,"menu_order":0,"comment_status":"closed","ping_status":"closed","template":"templates\/single-product.php","meta":{"_acf_changed":false,"_bbp_topic_count":0,"_bbp_reply_count":0,"_bbp_total_topic_count":0,"_bbp_total_reply_count":0,"_bbp_voice_count":0,"_bbp_anonymous_reply_count":0,"_bbp_topic_count_hidden":0,"_bbp_reply_count_hidden":0,"_bbp_forum_subforum_count":0,"footnotes":""},"categories":[1944],"class_list":["post-147125","page","type-page","status-publish","has-post-thumbnail","hentry","category-bitumenproduktion","oil_type-bauindustrie","process_type-fraesen","process_type-mischen"],"acf":{"add_tab":[{"tab_title":"Beschreibung","tab_content":"<p style=\"text-align: justify;\">Die Anlage ist f\u00fcr modifizierte Bitumen im Durchfluss vorgesehen (Anlage mit kontinuierlicher Wirkung). Ihre Nennkapazit\u00e4t betr\u00e4gt 12 Kubikmeter pro Stunde.<\/p>\r\n<p style=\"text-align: justify;\">Bei der Herstellung von modifiziertem Bitumen erm\u00f6glicht die Anlage die Verwendung aller heute bekannten Modifikatoren. Dazu geh\u00f6ren Gummikr\u00fcmel, verschiedene Spezialadditive sowie die bekannten SBS-Polymere, die in Granulat-, Pulver- und fl\u00fcssiger Form geliefert werden k\u00f6nnen.<\/p>\r\n<p style=\"text-align: justify;\">Die Anlage erm\u00f6glicht die Umsetzung neuer Rezepturen von modifiziertem Bitumen, einschlie\u00dflich der Einf\u00fchrung von Klebezus\u00e4tzen und Weichmachern.<\/p>\r\n<p style=\"text-align: justify;\">Die Anlage kann zus\u00e4tzlich mit Schwefel- und Polyphosphors\u00e4ure-Versorgungseinheiten, einem Telfer-Ger\u00e4t f\u00fcr Big-Bags, einem Gewichtsspender und einem Kompressor ausgestattet werden. Die M\u00fchle kann auch mit einer Enddichtung mit St\u00fctzsystem ausgestattet werden.<\/p>\r\n<p style=\"text-align: center;\"><img class=\"aligncenter wp-image-40166\" src=\"https:\/\/globecore.com\/wp-content\/uploads\/2021\/08\/usb-3-stroeniye-1.jpg\" alt=\"\" width=\"800\" height=\"565\" \/><\/p>\r\n<p style=\"text-align: center;\"><img class=\"aligncenter wp-image-40177\" src=\"https:\/\/globecore.com\/wp-content\/uploads\/2021\/08\/usb-3-stroyeniye-2.jpg\" alt=\"\" width=\"800\" height=\"565\" \/><\/p>\r\n&nbsp;\r\n<p style=\"text-align: center;\">Abbildung 1 \u2013 Aufbau der USB-3-Installation<\/p>\r\n\r\n<h2 style=\"text-align: center;\">Arbeitsprinzip<\/h2>\r\n<ol>\r\n \t<li style=\"text-align: justify;\">Das Polymer wird in den Trichter geladen.<\/li>\r\n \t<li style=\"text-align: justify;\">Der Bediener stellt am Schaltschrank die Rezeptur des PMB (Prozentsatz Polymer und Zusatzstoffe im Bitumen) ein.<\/li>\r\n \t<li style=\"text-align: justify;\">Starten der Installation.<\/li>\r\n \t<li style=\"text-align: justify;\">Bitumen wird in einen Zwischenbeh\u00e4lter zugef\u00fchrt und dosiert. In diesen Beh\u00e4lter wird das Polymer eingespeist und dosiert.<\/li>\r\n \t<li style=\"text-align: justify;\">Dem Bitumen werden fl\u00fcssige Zusatzstoffe (Weichmacher, Klebezus\u00e4tze etc.) vorab zugesetzt und dosiert.<\/li>\r\n \t<li style=\"text-align: justify;\">Ein Hochgeschwindigkeitsmischer in einem Beh\u00e4lter mischt Polymer und Bitumen vor.<\/li>\r\n \t<li style=\"text-align: justify;\">Diese Mischung wird \u00fcber eine Zahnradpumpe der M\u00fchle zugef\u00fchrt, wo die Mahlung und Homogenisierung des PMB erfolgt.<\/li>\r\n \t<li style=\"text-align: justify;\">Nach Abschluss der Arbeiten w\u00e4scht sich die Anlage automatisch mit sauberem Bitumen (um Staus in Anlagen und Rohrleitungen zu vermeiden).<\/li>\r\n \t<li style=\"text-align: justify;\">Die Installation ist zur weiteren Aktivierung bereit.\r\n<h2 style=\"text-align: center;\">Technische Merkmale<\/h2>\r\n<ol>\r\n \t<li>Die USB-3-Installation ist in einer r\u00e4umlichen Struktur montiert, deren Abmessungen den Transport der Ger\u00e4te in einem Standard-20-Fu\u00df-Container erm\u00f6glichen.<\/li>\r\n \t<li>Die r\u00e4umliche Rahmenkonstruktion mit erh\u00f6hter Steifigkeit erm\u00f6glicht einen schnellen Auf- und Abbau der Anlage vor Ort, was bei einem Standortwechsel der Asphaltbetonanlage sehr wichtig ist.<\/li>\r\n \t<li>USB-3 ist mit einer Hochgeschwindigkeits-Kolloidm\u00fchle ausgestattet, deren Messer \u00fcber ein spezielles Profil verf\u00fcgen, das das Mahlen, Schneiden und Homogenisieren von polymerhaltigem Bitumen erm\u00f6glicht, um in einem Durchgang ein Endprodukt von ausgezeichneter Qualit\u00e4t zu erhalten.<\/li>\r\n \t<li>Fr\u00e4ser haben ein symmetrisches Profil, wodurch Sie die Lebensdauer der Fr\u00e4ser verdoppeln k\u00f6nnen. Sie m\u00fcssen lediglich die Drehrichtung \u00e4ndern. Au\u00dferdem erm\u00f6glicht die M\u00fchle (je nach Aufgabenstellung), den Spalt zwischen den Fr\u00e4sern von 0,1 auf 1 mm zu ver\u00e4ndern.<\/li>\r\n \t<li>Die Pumpausr\u00fcstung der Anlage ist mit einem Frequenzumrichter ausgestattet, der es erm\u00f6glicht, der M\u00fchle vorgemischtes Bitumen und Polymer mit einer bestimmten Produktivit\u00e4t zuzuf\u00fchren. Dadurch wird die M\u00fchle von Saug- und Austragsfunktionen entlastet und die gesamte Energie wird nur f\u00fcr die Produkthomogenisierung aufgewendet.<\/li>\r\n \t<li>Das Polymerdosiersystem ist ein Trichter mit Spiralf\u00f6rderer, dessen Antrieb mit einem Frequenzregler ausgestattet ist. Das geladene Polymer (entweder aus S\u00e4cken oder aus Big-Begs) wird aus dem Bunker \u00fcber einen Spiralf\u00f6rderer in einen Zwischenbeh\u00e4lter gef\u00f6rdert, entsprechend dem vom Bediener \u00fcber das Bedienfeld eingestellten prozentualen Verh\u00e4ltnis zu Bitumen.<\/li>\r\n \t<li>Der Zwischenbeh\u00e4lter dient zum Vormischen von Polymer und Bitumen und verl\u00e4ngert die Kontaktzeit zwischen Bitumen und Polymer, was das Entladen der M\u00fchle erm\u00f6glicht. Der Zwischenbeh\u00e4lter ist mit einem Schnellmischer ausgestattet, der eine gleichm\u00e4\u00dfige Vermischung von Bitumen und Polymer erm\u00f6glicht.<\/li>\r\n \t<li>Fl\u00fcssige Zusatzstoffe wie Weichmacher und Klebezus\u00e4tze werden \u00fcber selbstansaugende Zahnrad- und Dosierpumpen zugef\u00fchrt, der PMB-Prozentsatz wird vom Bediener \u00fcber das zentrale Bedienfeld eingestellt und angepasst. Jede dieser Pumpen verf\u00fcgt \u00fcber einen eigenen Mischer und f\u00fchrt dem Bitumen vor dem Zwischentank und der M\u00fchle Zusatzstoffe zu.<\/li>\r\n \t<li>Die Anlage ist mit elektropneumatischen Kr\u00e4nen ausgestattet, die mit Druckluft aus dem an der Anlage installierten Kompressor (Zusatzausr\u00fcstung) versorgt werden k\u00f6nnen, wodurch sie unabh\u00e4ngig von einer externen Druckluftquelle ist.<\/li>\r\n \t<li>Alle Bitumenleitungen, Pumpen, M\u00fchle und Zwischentank verf\u00fcgen \u00fcber ein Thermal\u00f6l-Heizsystem. Die Erw\u00e4rmung mit Thermo\u00f6l ist die \u201esanfte\u201c und effektivste Erw\u00e4rmung von Zuschlagstoffen und Bitumenleitungen.<\/li>\r\n<\/ol>\r\n<\/li>\r\n<\/ol>"}],"add_def_tab":[{"tab_title":"Spezifikation","tab_content":"<table width=\"489\">\r\n<tbody>\r\n<tr>\r\n<td style=\"text-align: left;\"><strong>\u2116<\/strong><\/td>\r\n<td style=\"text-align: left;\"><strong>Parameter<\/strong><\/td>\r\n<td style=\"text-align: left;\"><strong>Bedeutung<\/strong><\/td>\r\n<\/tr>\r\n<tr>\r\n<td>1<\/td>\r\n<td>\r\n<p style=\"text-align: left;\">Leistung, m\u00b3\/St<\/p>\r\n<\/td>\r\n<td>12<\/td>\r\n<\/tr>\r\n<tr>\r\n<td>2<\/td>\r\n<td>\r\n<p style=\"text-align: left;\">Polymermenge pro 1 m\u00b3 Bitumen, kg<\/p>\r\n<\/td>\r\n<td>10\u2026 60<\/td>\r\n<\/tr>\r\n<tr>\r\n<td>3<\/td>\r\n<td>\r\n<p style=\"text-align: left;\">Weichmachermenge pro 1 m\u00b3 Bitumen, kg<\/p>\r\n<\/td>\r\n<td>0\u2026 100<\/td>\r\n<\/tr>\r\n<tr>\r\n<td>4<\/td>\r\n<td>\r\n<p style=\"text-align: left;\">Menge an Klebezusatz pro 1 m\u00b3 Bitumen, kg<\/p>\r\n<\/td>\r\n<td>0\u2026 10<\/td>\r\n<\/tr>\r\n<tr>\r\n<td>5<\/td>\r\n<td>\r\n<p style=\"text-align: left;\">Arbeitsweise<\/p>\r\n<\/td>\r\n<td>kontinuerlich<\/td>\r\n<\/tr>\r\n<tr>\r\n<td>6<\/td>\r\n<td>\r\n<p style=\"text-align: left;\">Installierte Leistung, kW<\/p>\r\n<p style=\"text-align: left;\">\u2014 der M\u00fchle<\/p>\r\n<p style=\"text-align: left;\">\u2014 allgemein<\/p>\r\n<\/td>\r\n<td>&nbsp;\r\n\r\n75\r\n\r\n110<\/td>\r\n<\/tr>\r\n<tr>\r\n<td>7<\/td>\r\n<td>\r\n<p style=\"text-align: left;\">Elektrische Stromparameter<\/p>\r\n<p style=\"text-align: left;\">\u2014 Spannung,<\/p>\r\n<p style=\"text-align: left;\">\u2014 Wechselstromfrequenz, Hz<\/p>\r\n<\/td>\r\n<td>auf Kundenwunsch<\/td>\r\n<\/tr>\r\n<tr>\r\n<td>8<\/td>\r\n<td>\r\n<p style=\"text-align: left;\">Gesamtabmessungen, max, mm<\/p>\r\n<p style=\"text-align: left;\">\u2014 L\u00e4nge<\/p>\r\n<p style=\"text-align: left;\">\u2014 Breite<\/p>\r\n<p style=\"text-align: left;\">\u2014 H\u00f6he (Arbeitszustand)<\/p>\r\n<\/td>\r\n<td>&nbsp;\r\n\r\n5400\r\n\r\n1700\r\n\r\n2640<\/td>\r\n<\/tr>\r\n<tr>\r\n<td>9<\/td>\r\n<td>\r\n<p style=\"text-align: left;\">Gewicht, kg max<\/p>\r\n<\/td>\r\n<td>3500<\/td>\r\n<\/tr>\r\n<\/tbody>\r\n<\/table>"},{"tab_title":"Vorteil","tab_content":"<ul>\r\n \t<li>Dauerbetrieb;<\/li>\r\n \t<li>die Verwendung jeglicher Modifikatoren, die in Form von Granulat, Pulver oder Fl\u00fcssigkeit geliefert werden k\u00f6nnen.<\/li>\r\n \t<li>die M\u00f6glichkeit, beliebig viele Produkte mit unterschiedlichen Konzentrationen an Zusatzstoffen herzustellen.<\/li>\r\n \t<li>hohe Qualit\u00e4t des hergestellten Produkts bei geringem Zeitaufwand.<\/li>\r\n \t<li>einfache Bedienung und Wartung.<\/li>\r\n \t<li>Kompaktheit \u2013 die Anlage wird in einem Standard-20-Fu\u00df-Container transportiert.<\/li>\r\n \t<li>Es wurde eine Thermo\u00f6lheizung implementiert.<\/li>\r\n \t<li>modernes Steuerungssystem<\/li>\r\n<\/ul>"},{"tab_title":"Anwendung","tab_content":"[product_oil_types]"}],"add_video_tab":[{"video_tab_title":"Video","add_video_id":[{"video_id":"p7joP2c4gSE"},{"video_id":"uacUHhRDJMA"}]}],"add_gallery_tab":[{"gallery_tab_title":"Foto","add_img":[40238,40229]}],"add_price_tab":[{"price_tab_title":"Get a quote"}]},"language":"de","_links":{"self":[{"href":"https:\/\/globecore.com\/de\/wp-json\/wp\/v2\/pages\/147125","targetHints":{"allow":["GET"]}}],"collection":[{"href":"https:\/\/globecore.com\/de\/wp-json\/wp\/v2\/pages"}],"about":[{"href":"https:\/\/globecore.com\/de\/wp-json\/wp\/v2\/types\/page"}],"author":[{"embeddable":true,"href":"https:\/\/globecore.com\/de\/wp-json\/wp\/v2\/users\/7"}],"replies":[{"embeddable":true,"href":"https:\/\/globecore.com\/de\/wp-json\/wp\/v2\/comments?post=147125"}],"version-history":[{"count":2,"href":"https:\/\/globecore.com\/de\/wp-json\/wp\/v2\/pages\/147125\/revisions"}],"predecessor-version":[{"id":341838,"href":"https:\/\/globecore.com\/de\/wp-json\/wp\/v2\/pages\/147125\/revisions\/341838"}],"up":[{"embeddable":true,"href":"https:\/\/globecore.com\/de\/wp-json\/wp\/v2\/pages\/147122"}],"wp:featuredmedia":[{"embeddable":true,"href":"https:\/\/globecore.com\/de\/wp-json\/wp\/v2\/media\/135168"}],"wp:attachment":[{"href":"https:\/\/globecore.com\/de\/wp-json\/wp\/v2\/media?parent=147125"}],"wp:term":[{"taxonomy":"category","embeddable":true,"href":"https:\/\/globecore.com\/de\/wp-json\/wp\/v2\/categories?post=147125"}],"curies":[{"name":"wp","href":"https:\/\/api.w.org\/{rel}","templated":true}]}}