{"id":147129,"date":"2016-04-06T08:30:32","date_gmt":"2016-04-06T08:30:32","guid":{"rendered":"https:\/\/globecore.com\/products\/bitumen-modification-unit\/bitumen-modification-unit-20-m3hour-production-capacity\/"},"modified":"2026-03-09T10:17:09","modified_gmt":"2026-03-09T10:17:09","slug":"bitumen-modification-unit-20-m3hour-production-capacity","status":"publish","type":"page","link":"https:\/\/globecore.com\/de\/products\/bitumen-modification-unit\/bitumen-modification-unit-20-m3hour-production-capacity\/","title":{"rendered":"USB-3 Anlage zur Bitumenmodifikation mit einer Produktionskapazit\u00e4t von 16m\u00b3\/h"},"content":{"rendered":"<div id=\"pl-1867\" class=\"panel-layout\">\n<div id=\"pg-1867-0\" class=\"panel-grid panel-no-style\">\n<div id=\"pgc-1867-0-0\" class=\"panel-grid-cell\" data-weight=\"1\">\n<div id=\"panel-1867-0-0-0\" class=\"so-panel widget widget_sow-editor panel-first-child\" data-index=\"0\" data-style=\"{&quot;background_image_attachment&quot;:false,&quot;background_display&quot;:&quot;tile&quot;}\">\n<div class=\"so-widget-sow-editor so-widget-sow-editor-base\">\n<div class=\"siteorigin-widget-tinymce textwidget\"><\/div>\n<\/div>\n<\/div>\n<div id=\"panel-1867-0-0-1\" class=\"so-panel widget widget_sow-editor panel-last-child\" data-index=\"1\" data-style=\"{&quot;background_image_attachment&quot;:false,&quot;background_display&quot;:&quot;tile&quot;}\">\n<div class=\"so-widget-sow-editor so-widget-sow-editor-base\">\n<div class=\"siteorigin-widget-tinymce textwidget\"><\/div>\n<\/div>\n<\/div>\n<\/div>\n<\/div>\n<\/div>\n","protected":false},"excerpt":{"rendered":"<p>Die USB-3 Bitumenmodifikationseinheit mit einer Produktionskapazit\u00e4t von 16 m\u00b3\/h nutzt ein Doppelflussverfahren, das die Belastung der Scherzone der M\u00fchle reduziert und deren Lebensdauer verl\u00e4ngert. Die Anlage gew\u00e4hrleistet eine effektive Kompatibilit\u00e4t von Bitumen und Polymeren, was f\u00fcr die Herstellung eines hochwertigen Endprodukts entscheidend ist. Sie kann mit allen g\u00e4ngigen Polymeren, Wachsen und Spezialadditiven in verschiedenen Formen, einschlie\u00dflich Pulvern und Granulaten, arbeiten und erm\u00f6glicht die Umsetzung nahezu jedes Bitumenmodifikationsverfahrens.<\/p>\n","protected":false},"author":7,"featured_media":341847,"parent":147122,"menu_order":0,"comment_status":"closed","ping_status":"closed","template":"templates\/single-product.php","meta":{"_acf_changed":false,"_bbp_topic_count":0,"_bbp_reply_count":0,"_bbp_total_topic_count":0,"_bbp_total_reply_count":0,"_bbp_voice_count":0,"_bbp_anonymous_reply_count":0,"_bbp_topic_count_hidden":0,"_bbp_reply_count_hidden":0,"_bbp_forum_subforum_count":0,"footnotes":""},"categories":[1944],"class_list":["post-147129","page","type-page","status-publish","has-post-thumbnail","hentry","category-bitumenproduktion","oil_type-bauindustrie","process_type-fraesen","process_type-mischen"],"acf":{"add_tab":[{"tab_title":"Beschreibung","tab_content":"<p style=\"text-align: justify;\">Der wachsende Stra\u00dfenbau- und Reparaturmarkt f\u00fchrt zu einer steigenden Nachfrage nach modifiziertem Bitumen.<\/p>\r\n<p style=\"text-align: justify;\">Die Anlage mit einer Produktionskapazit\u00e4t von 16m\u00b3\/h hilft dabei, diese Nachfrage besser abzudecken. Durch den Gebrauch des Doppelstromprozesses wird die Belastung der Scheren gemindert, wodurch sich die Lebensdauer der Kolloidm\u00fchle verl\u00e4ngert.<\/p>\r\n<p style=\"text-align: justify;\">Die Kompatibilit\u00e4t von Bitumen und Polymeren ist entscheidend f\u00fcr ein qualitativ hochwertiges Endprodukt. In einem solchen Fall ist das Polymer in der Lage, \u00d6lkomponenten des Bindemittels zu absorbieren, wobei die Netzwerkstruktur erhalten bleibt. Aufgrund des Modifizierungsprozesses wird das Bitumen zu einem Elastomer umgewandelt, das eine bessere Elastizit\u00e4t besitzt.<\/p>\r\n<p style=\"text-align: justify;\">Fachleute der Petrochemie versuchen, die Ausbeute an leichten \u00d6lprodukten zu maximieren und die meisten paraffin-naphthenischen Fraktionen aus dem Bitumen zu extrahieren. Dies verringert die Flexibilit\u00e4t bei niedrigen Temperaturen und reduziert den Erweichungspunkt bei hohen Temperaturen. Die meisten modernen Bitumen verlieren ihre Elastizit\u00e4t bei etwa 20\u00b0C und werden zwischen 45\u00b0C und 48\u00b0\u0421 weich. Bei Stra\u00dfenbauarbeiten, bei denen das Material Temperaturen von -40\u00b0C bis +70\u00b0C ausgesetzt ist, oder bei Dachbaustoffen, die bis zu 90\u00b0C aushalten m\u00fcssen, ist die Verwendung von unmodifiziertem Bitumen nicht effektiv. Gl\u00fccklicherweise gibt es M\u00f6glichkeiten, die Eigenschaften von Bitumen zu ver\u00e4ndern und zu verbessern, indem man sie mit verschiedenen Additiven vermischt. Dies wird am besten in speziellen Bitumenmodifikationsanlagen, wie dem <em><strong>GlobeCore<\/strong><\/em> USB-Bitumenmodifizierungs-\r\nsystem erreicht.<\/p>"}],"add_def_tab":[{"tab_title":"Spezifikation","tab_content":"<table>\r\n<tbody>\r\n<tr>\r\n<td>\r\n<p style=\"text-align: center;\"><b>Parameter<\/b><\/p>\r\n<\/td>\r\n<td>\r\n<p style=\"text-align: center;\"><b>Werte<\/b><\/p>\r\n<\/td>\r\n<\/tr>\r\n<tr>\r\n<td>\r\n<p style=\"text-align: left;\">Mind. Produktionskapazit\u00e4t, <i>m\u00b3\/h<\/i><\/p>\r\n<\/td>\r\n<td>\r\n<p style=\"text-align: center;\">16<\/p>\r\n<\/td>\r\n<\/tr>\r\n<tr>\r\n<td>\r\n<p style=\"text-align: left;\">Menge an Polymeren pro 1 m\u00b3 Bitumen, <i>kg<\/i><\/p>\r\n<\/td>\r\n<td>\r\n<p style=\"text-align: center;\">10\u201360<\/p>\r\n<\/td>\r\n<\/tr>\r\n<tr>\r\n<td>\r\n<p style=\"text-align: left;\">Menge Weichmacher pro 1 m\u00b3<\/p>\r\n<\/td>\r\n<td>\r\n<p style=\"text-align: center;\">10\u2013100<\/p>\r\n<\/td>\r\n<\/tr>\r\n<tr>\r\n<td>\r\n<p style=\"text-align: left;\">Menge an Klebstoffzusatz pro 1 m\u00b3 Bitumen, Liter (max.)<\/p>\r\n<\/td>\r\n<td>\r\n<p style=\"text-align: center;\">10<\/p>\r\n<\/td>\r\n<\/tr>\r\n<tr>\r\n<td>\r\n<p style=\"text-align: left;\">Betriebsmodus<\/p>\r\n<\/td>\r\n<td>\r\n<p style=\"text-align: center;\">kontinuierlich<\/p>\r\n<\/td>\r\n<\/tr>\r\n<tr>\r\n<td>\r\n<p style=\"text-align: left;\">Nennleistung, <i>kW<\/i><\/p>\r\n<\/td>\r\n<td><\/td>\r\n<\/tr>\r\n<tr>\r\n<td>\r\n<ul>\r\n \t<li style=\"text-align: left;\">M\u00fchle<\/li>\r\n<\/ul>\r\n<\/td>\r\n<td>\r\n<p style=\"text-align: center;\">2 \u0445 55 = 110<\/p>\r\n<\/td>\r\n<\/tr>\r\n<tr>\r\n<td>\r\n<ul>\r\n \t<li style=\"text-align: left;\">Bitumen-Pumpen<\/li>\r\n<\/ul>\r\n<\/td>\r\n<td>\r\n<p style=\"text-align: center;\">2 \u0445 18 = 36<\/p>\r\n<\/td>\r\n<\/tr>\r\n<tr>\r\n<td>\r\n<ul>\r\n \t<li style=\"text-align: left;\">Weichmacher-Pumpen<\/li>\r\n<\/ul>\r\n<\/td>\r\n<td>\r\n<p style=\"text-align: center;\">1.1<\/p>\r\n<\/td>\r\n<\/tr>\r\n<tr>\r\n<td>\r\n<ul>\r\n \t<li style=\"text-align: left;\">Haftvermittler-Pumpe<\/li>\r\n<\/ul>\r\n<\/td>\r\n<td>\r\n<p style=\"text-align: center;\">0.25<\/p>\r\n<\/td>\r\n<\/tr>\r\n<tr>\r\n<td>\r\n<ul>\r\n \t<li style=\"text-align: left;\">Aufzug mit Spindelantrieb<\/li>\r\n<\/ul>\r\n<\/td>\r\n<td>\r\n<p style=\"text-align: center;\">3<\/p>\r\n<\/td>\r\n<\/tr>\r\n<tr>\r\n<td>\r\n<ul>\r\n \t<li style=\"text-align: left;\">Gabelstapler und Aufzug mit Spindelantrieb<\/li>\r\n<\/ul>\r\n<\/td>\r\n<td>\r\n<p style=\"text-align: center;\">0.43<\/p>\r\n<\/td>\r\n<\/tr>\r\n<tr>\r\n<td>\r\n<ul>\r\n \t<li style=\"text-align: left;\">Schneckenmischer Antrieb<\/li>\r\n<\/ul>\r\n<\/td>\r\n<td>\r\n<p style=\"text-align: center;\">5.5<\/p>\r\n<\/td>\r\n<\/tr>\r\n<tr>\r\n<td>\r\n<ul>\r\n \t<li style=\"text-align: left;\">Gesamtleistung<\/li>\r\n<\/ul>\r\n<\/td>\r\n<td>\r\n<p style=\"text-align: center;\">157<\/p>\r\n<\/td>\r\n<\/tr>\r\n<tr>\r\n<td>\r\n<p style=\"text-align: left;\">Energieversorgung:<\/p>\r\n<\/td>\r\n<td><\/td>\r\n<\/tr>\r\n<tr>\r\n<td>\r\n<ul>\r\n \t<li style=\"text-align: left;\">Netzspannung, <i>V<\/i><\/li>\r\n<\/ul>\r\n<\/td>\r\n<td>\r\n<p style=\"text-align: center;\">380<\/p>\r\n<\/td>\r\n<\/tr>\r\n<tr>\r\n<td>\r\n<ul>\r\n \t<li style=\"text-align: left;\">Wechselstromfrequenz, <i>Hz<\/i><\/li>\r\n<\/ul>\r\n<\/td>\r\n<td>\r\n<p style=\"text-align: center;\">50<\/p>\r\n<\/td>\r\n<\/tr>\r\n<tr>\r\n<td>\r\n<p style=\"text-align: left;\">Abmessungen (Transportfertig) (L\/H\/B), <i>mm<\/i><\/p>\r\n<\/td>\r\n<td>\r\n<p style=\"text-align: center;\">6050\/2570\/3360<\/p>\r\n<\/td>\r\n<\/tr>\r\n<tr>\r\n<td>\r\n<p style=\"text-align: left;\">Max. Gewicht, <i>kg<\/i><\/p>\r\n<\/td>\r\n<td>\r\n<p style=\"text-align: center;\">5860<\/p>\r\n<\/td>\r\n<\/tr>\r\n<\/tbody>\r\n<\/table>\r\n<p style=\"text-align: justify;\"><\/p>"},{"tab_title":"Vorteil","tab_content":"<ul>\r\n \t<li style=\"text-align: justify;\">Kann zur Verabreichung aller derzeit bekannten Polymere, Wachse und verschiedener spezifischer Zusatzstoffe verwendet werden;<\/li>\r\n \t<li style=\"text-align: justify;\">Arbeitet mit einer Vielzahl von Modifikationen: Pulver, Granulate usw.;<\/li>\r\n \t<li style=\"text-align: justify;\">fast jede Bitumenmodifikation kann realisiert werden;<\/li>\r\n \t<li style=\"text-align: justify;\">W\u00e4hrend des Pumpens und der Modifikation k\u00f6nnen andere zus\u00e4tzliche Weichmacher und Additive zugef\u00fchrt werden, die die Adh\u00e4sion des Bitumens verbessern;<\/li>\r\n \t<li style=\"text-align: justify;\">Im Pumpmodus besteht die M\u00f6glichkeit, zus\u00e4tzliche Polymermengen hinzuzuf\u00fcgen;<\/li>\r\n \t<li style=\"text-align: justify;\">\u00d6lheizsystem kann Kosten f\u00fcr Strom reduzieren;<\/li>\r\n \t<li style=\"text-align: justify;\">Kann sowohl drau\u00dfen unter einer \u00dcberdachung als auch drinnen betrieben werden.<\/li>\r\n<\/ul>"},{"tab_title":"Anwendung","tab_content":"[product_oil_types]"}],"add_video_tab":[{"video_tab_title":"Video","add_video_id":[{"video_id":"f0oXVQU5Gpo"},{"video_id":"568j_o69LJY"},{"video_id":"JfvoQGh_JfY"}]}],"add_gallery_tab":[{"gallery_tab_title":"Foto","add_img":[60172,60181,13593,13599,13602]}],"add_price_tab":[{"price_tab_title":"Get a Quote"}]},"language":"de","_links":{"self":[{"href":"https:\/\/globecore.com\/de\/wp-json\/wp\/v2\/pages\/147129","targetHints":{"allow":["GET"]}}],"collection":[{"href":"https:\/\/globecore.com\/de\/wp-json\/wp\/v2\/pages"}],"about":[{"href":"https:\/\/globecore.com\/de\/wp-json\/wp\/v2\/types\/page"}],"author":[{"embeddable":true,"href":"https:\/\/globecore.com\/de\/wp-json\/wp\/v2\/users\/7"}],"replies":[{"embeddable":true,"href":"https:\/\/globecore.com\/de\/wp-json\/wp\/v2\/comments?post=147129"}],"version-history":[{"count":1,"href":"https:\/\/globecore.com\/de\/wp-json\/wp\/v2\/pages\/147129\/revisions"}],"predecessor-version":[{"id":341848,"href":"https:\/\/globecore.com\/de\/wp-json\/wp\/v2\/pages\/147129\/revisions\/341848"}],"up":[{"embeddable":true,"href":"https:\/\/globecore.com\/de\/wp-json\/wp\/v2\/pages\/147122"}],"wp:featuredmedia":[{"embeddable":true,"href":"https:\/\/globecore.com\/de\/wp-json\/wp\/v2\/media\/341847"}],"wp:attachment":[{"href":"https:\/\/globecore.com\/de\/wp-json\/wp\/v2\/media?parent=147129"}],"wp:term":[{"taxonomy":"category","embeddable":true,"href":"https:\/\/globecore.com\/de\/wp-json\/wp\/v2\/categories?post=147129"}],"curies":[{"name":"wp","href":"https:\/\/api.w.org\/{rel}","templated":true}]}}