{"id":147135,"date":"2016-04-06T08:50:39","date_gmt":"2016-04-06T08:50:39","guid":{"rendered":"https:\/\/globecore.com\/products\/bitumen-modification-unit\/sbm-15-modified-bitumen-collection-tank-uvb-2\/"},"modified":"2026-03-09T10:28:11","modified_gmt":"2026-03-09T10:28:11","slug":"sbm-15-modified-bitumen-collection-tank-uvb-2","status":"publish","type":"page","link":"https:\/\/globecore.com\/de\/products\/bitumen-modification-unit\/sbm-15-modified-bitumen-collection-tank-uvb-2\/","title":{"rendered":"USB-4 Sammelbeh\u00e4lter f\u00fcr modifiziertes Bitumen"},"content":{"rendered":"","protected":false},"excerpt":{"rendered":"<p>Der Sammel- und Lagertank f\u00fcr modifiziertes Bitumen USB-4 ist f\u00fcr die Lagerung von modifiziertem Bitumen, konventionellem Bitumen und Bitumenemulsionen ausgelegt. Er kann als eigenst\u00e4ndige Einheit geliefert oder in bestehende Produktionslinien f\u00fcr modifiziertes Bitumen integriert werden. Der Tank ist mit einem automatischen R\u00fchrwerk und einem Heizkreislauf ausgestattet, um die Produktgleichm\u00e4\u00dfigkeit und die erforderliche Temperatur aufrechtzuerhalten.<br \/>\nVerf\u00fcgbare Ausf\u00fchrungen: USB-4 (15) mit einem minimalen Nutzvolumen von 15 m\u00b3 (Gesamtvolumen 16 m\u00b3) und USB-4 (30) mit einem minimalen Nutzvolumen von 30 m\u00b3 (Gesamtvolumen 33 m\u00b3).<\/p>\n","protected":false},"author":7,"featured_media":147136,"parent":147122,"menu_order":0,"comment_status":"closed","ping_status":"closed","template":"templates\/single-product.php","meta":{"_acf_changed":false,"_bbp_topic_count":0,"_bbp_reply_count":0,"_bbp_total_topic_count":0,"_bbp_total_reply_count":0,"_bbp_voice_count":0,"_bbp_anonymous_reply_count":0,"_bbp_topic_count_hidden":0,"_bbp_reply_count_hidden":0,"_bbp_forum_subforum_count":0,"footnotes":""},"categories":[1944],"class_list":["post-147135","page","type-page","status-publish","has-post-thumbnail","hentry","category-bitumenproduktion","oil_type-bauindustrie","process_type-mischen"],"acf":{"add_tab":[{"tab_title":"Beschreibung","tab_content":"<p style=\"text-align: justify;\">Der USB-4 Sammelbeh\u00e4lter ist f\u00fcr die Aufbewahrung von modifizierten Bitumenemulsionen ausgelegt, die mit der USB-3-Bitumen-Emulsionseinheit hergestellt wurde. Es kann als eigenst\u00e4ndiges Produkt geliefert werden oder auch in bestehende Bitumen-Produktionsanlagen nachger\u00fcstet werden. Das Produkt ist mit einem automatischem R\u00fchrwerk und Heizkreis sowie mit Dinel- und WIKA-Temperatur- und F\u00fcllstandssensoren und \u00dcberlaufsensoren ausgestattet<\/p>\r\n<p style=\"text-align: justify;\">Die Hauptkomponente der Wasser-Bitumen-Emulsion ist offensichtlich Bitumen. Eine konstante Versorgung mit Bitumenemulsion ist nur bei konstanter Verf\u00fcgbarkeit des Materials m\u00f6glich. Daher sollten die Unternehmen, die Bitumen t\u00e4glich in ihrem Produktionsprozess verwenden, korrekte Lagerbedingungen gew\u00e4hrleisten. Viele Unternehmen bevorzugen es, eigene Bitumen-Speichereinrichtungen zu betreiben, so dass regelm\u00e4\u00dfige Bau- und Reparaturarbeiten m\u00f6glich sind, ohne dass die Bitumenversorgung gestoppt werden muss oder Marktpreisschwankungen kalkuliert werden m\u00fcssen.<\/p>\r\n<p style=\"text-align: justify;\">Die Lagerung von Bitumen- und Bitumenemulsionen ist ein komplexer Prozess. Der wichtigste Teil ist die Erw\u00e4rmung des Materials in speziell ausgestatteten Tanks. Das Bitumen sollte sich nicht in Wasser und Bindemittel zerlegen, was bei der Lagerung allerdings auftreten kann. Die Heizungen werden meistens in die W\u00e4nde des Vorratsbeh\u00e4lters integriert und k\u00f6nnen das gelagerte Material so in einer konstanten Temperatur halten. Die Erw\u00e4rmung kann durch Dampf, \u00d6l oder durch Niedertemperatur-Elektroheizungen erfolgen.<\/p>\r\n<p style=\"text-align: justify;\">Es gibt sowohl vertikale als auch horizontale Bitumen-Speicher, wobei vertikale aufgrund ihrer h\u00f6heren Wirtschaftlichkeit und der einfacheren Bedienung und Wartung beliebter sind.<\/p>"}],"add_def_tab":[{"tab_title":"Spezifikation","tab_content":"<table>\r\n<tbody>\r\n<tr>\r\n<td>\r\n<p style=\"text-align: center;\"><b>Technische Daten<\/b><\/p>\r\n<\/td>\r\n<td>\r\n<p style=\"text-align: center;\"><b>USB-4 (15)<\/b><\/p>\r\n<\/td>\r\n<td>\r\n<p style=\"text-align: center;\"><b>USB-4(30)<\/b><\/p>\r\n<\/td>\r\n<\/tr>\r\n<tr>\r\n<td>\r\n<p style=\"text-align: left;\">Mind. Gesamtvolumen, <i>m\u00b3<\/i><\/p>\r\n<\/td>\r\n<td>\r\n<p style=\"text-align: center;\">16<\/p>\r\n<\/td>\r\n<td>\r\n<p style=\"text-align: center;\">33<\/p>\r\n<\/td>\r\n<\/tr>\r\n<tr>\r\n<td>\r\n<p style=\"text-align: left;\">Mind. verwendbares Volumen, <i>m\u00b3<\/i><\/p>\r\n<\/td>\r\n<td>\r\n<p style=\"text-align: center;\">15<\/p>\r\n<\/td>\r\n<td>\r\n<p style=\"text-align: center;\">30<\/p>\r\n<\/td>\r\n<\/tr>\r\n<tr>\r\n<td>\r\n<p style=\"text-align: left;\">R\u00fchrwerk Typ<\/p>\r\n<\/td>\r\n<td>\r\n<p style=\"text-align: center;\">Vane<\/p>\r\n<\/td>\r\n<td>\r\n<p style=\"text-align: center;\">Vane<\/p>\r\n<\/td>\r\n<\/tr>\r\n<tr>\r\n<td>\r\n<p style=\"text-align: left;\">R\u00fchrerdrehzahl<\/p>\r\n<\/td>\r\n<td>\r\n<p style=\"text-align: center;\">36<\/p>\r\n<\/td>\r\n<td>\r\n<p style=\"text-align: center;\">400<\/p>\r\n<\/td>\r\n<\/tr>\r\n<tr>\r\n<td>\r\n<p style=\"text-align: left;\">W\u00e4rmetauscherfl\u00e4che, <i>m\u00b2<\/i><\/p>\r\n<\/td>\r\n<td><\/td>\r\n<td>\r\n<p style=\"text-align: center;\">18<\/p>\r\n<\/td>\r\n<\/tr>\r\n<tr>\r\n<td>\r\n<p style=\"text-align: left;\">Isolationsdicke, <i>mm<\/i><\/p>\r\n<\/td>\r\n<td>\r\n<p style=\"text-align: center;\">200<\/p>\r\n<\/td>\r\n<td>\r\n<p style=\"text-align: center;\">200<\/p>\r\n<\/td>\r\n<\/tr>\r\n<tr>\r\n<td>\r\n<p style=\"text-align: left;\">Nennleistung, <i>kW<\/i><\/p>\r\n<\/td>\r\n<td>\r\n<p style=\"text-align: center;\">11.3<\/p>\r\n<\/td>\r\n<td>\r\n<p style=\"text-align: center;\">30<\/p>\r\n<\/td>\r\n<\/tr>\r\n<tr>\r\n<td>\r\n<p style=\"text-align: left;\">elektr. Leistung<\/p>\r\n<\/td>\r\n<td><\/td>\r\n<td><\/td>\r\n<\/tr>\r\n<tr>\r\n<td>\r\n<ul>\r\n \t<li style=\"text-align: left;\">Netzspannung, <i>V<\/i><\/li>\r\n<\/ul>\r\n<\/td>\r\n<td>\r\n<p style=\"text-align: center;\">380<\/p>\r\n<\/td>\r\n<td>\r\n<p style=\"text-align: center;\">380<\/p>\r\n<\/td>\r\n<\/tr>\r\n<tr>\r\n<td>\r\n<ul>\r\n \t<li style=\"text-align: left;\">Wechselstromfrequenz, <i>Hz<\/i><\/li>\r\n<\/ul>\r\n<\/td>\r\n<td>\r\n<p style=\"text-align: center;\">50<\/p>\r\n<\/td>\r\n<td>\r\n<p style=\"text-align: center;\">50<\/p>\r\n<\/td>\r\n<\/tr>\r\n<tr>\r\n<td>\r\n<p style=\"text-align: left;\">Gr\u00f6\u00dfe (L\/B\/H), <i>mm<\/i><\/p>\r\n<\/td>\r\n<td>\r\n<p style=\"text-align: center;\">3250\/2500\/7200<\/p>\r\n<\/td>\r\n<td>\r\n<p style=\"text-align: center;\">2440\/2400\/12500<\/p>\r\n<\/td>\r\n<\/tr>\r\n<tr>\r\n<td>\r\n<p style=\"text-align: left;\">Max. Gewicht, <i>kg<\/i><\/p>\r\n<\/td>\r\n<td>\r\n<p style=\"text-align: center;\">3800<\/p>\r\n<\/td>\r\n<td>\r\n<p style=\"text-align: center;\">11000<\/p>\r\n<\/td>\r\n<\/tr>\r\n<tr>\r\n<td>\r\n<p style=\"text-align: left;\">max. Gewicht beladen, <i>kg<\/i><\/p>\r\n<\/td>\r\n<td>\r\n<p style=\"text-align: center;\">18800<\/p>\r\n<\/td>\r\n<td>\r\n<p style=\"text-align: center;\">41000<\/p>\r\n<\/td>\r\n<\/tr>\r\n<\/tbody>\r\n<\/table>\r\n<p style=\"text-align: justify;\"><\/p>"},{"tab_title":"Vorteil","tab_content":"<ul>\r\n \t<li style=\"text-align: justify;\">Gr\u00f6\u00dfe angepasst f\u00fcr den Transport auf dem Seeweg.<\/li>\r\n<\/ul>"},{"tab_title":"Anwendung","tab_content":"[product_oil_types]"}],"add_video_tab":null,"add_gallery_tab":null,"add_price_tab":[{"price_tab_title":"Get a Quote"}]},"language":"de","_links":{"self":[{"href":"https:\/\/globecore.com\/de\/wp-json\/wp\/v2\/pages\/147135","targetHints":{"allow":["GET"]}}],"collection":[{"href":"https:\/\/globecore.com\/de\/wp-json\/wp\/v2\/pages"}],"about":[{"href":"https:\/\/globecore.com\/de\/wp-json\/wp\/v2\/types\/page"}],"author":[{"embeddable":true,"href":"https:\/\/globecore.com\/de\/wp-json\/wp\/v2\/users\/7"}],"replies":[{"embeddable":true,"href":"https:\/\/globecore.com\/de\/wp-json\/wp\/v2\/comments?post=147135"}],"version-history":[{"count":1,"href":"https:\/\/globecore.com\/de\/wp-json\/wp\/v2\/pages\/147135\/revisions"}],"predecessor-version":[{"id":341852,"href":"https:\/\/globecore.com\/de\/wp-json\/wp\/v2\/pages\/147135\/revisions\/341852"}],"up":[{"embeddable":true,"href":"https:\/\/globecore.com\/de\/wp-json\/wp\/v2\/pages\/147122"}],"wp:featuredmedia":[{"embeddable":true,"href":"https:\/\/globecore.com\/de\/wp-json\/wp\/v2\/media\/147136"}],"wp:attachment":[{"href":"https:\/\/globecore.com\/de\/wp-json\/wp\/v2\/media?parent=147135"}],"wp:term":[{"taxonomy":"category","embeddable":true,"href":"https:\/\/globecore.com\/de\/wp-json\/wp\/v2\/categories?post=147135"}],"curies":[{"name":"wp","href":"https:\/\/api.w.org\/{rel}","templated":true}]}}