{"id":147141,"date":"2016-04-06T09:12:48","date_gmt":"2016-04-06T09:12:48","guid":{"rendered":"https:\/\/globecore.com\/products\/laboratory-system\/"},"modified":"2024-12-20T08:47:57","modified_gmt":"2024-12-20T08:47:57","slug":"laboratory-system","status":"publish","type":"page","link":"https:\/\/globecore.com\/de\/products\/laboratory-system\/","title":{"rendered":"Laborsystem f\u00fcr Proben von Bitumenemulsionen"},"content":{"rendered":"<div id=\"pl-3032\" class=\"panel-layout\">\n<div id=\"pg-3032-0\" class=\"panel-grid panel-no-style\" data-style=\"{&quot;background_display&quot;:&quot;tile&quot;,&quot;full_height&quot;:&quot;&quot;}\">\n<div id=\"pgc-3032-0-0\" class=\"panel-grid-cell\" data-weight=\"1\">\n<div id=\"panel-3032-0-0-0\" class=\"so-panel widget widget_sow-editor panel-first-child panel-last-child\" data-index=\"0\" data-style=\"{&quot;class&quot;:&quot;category_block&quot;,&quot;background_image_attachment&quot;:false,&quot;background_display&quot;:&quot;tile&quot;}\">\n<div class=\"category_block panel-widget-style panel-widget-style-for-3032-0-0-0\">\n<div class=\"so-widget-sow-editor so-widget-sow-editor-base\">\n<div class=\"siteorigin-widget-tinymce textwidget\">\n<p style=\"text-align: justify;\">Mit diesen Systemen k\u00f6nnen bekannte Rezepte f\u00fcr Emulsionen, Grundierungen und fl\u00fcssigem Kautschuk getestet werden. Es kann auch f\u00fcr die Entwicklung neuer Materialien und Emulgatoren und die entsprechenden Forschungen und Experimente verwendet werden.<\/p>\n<p style=\"text-align: justify;\">Das Bitumen wird in dem Laborsystem kontinuierlich vermischt und in der M\u00fchle werden zus\u00e4tzlich Polymere in das Bitumen dispergiert. Au\u00dferdem ist die Zugabe von anderen fl\u00fcssigen Komponenten in den Prozess der Bitumen-Modifikation m\u00f6glich.<\/p>\n<p style=\"text-align: justify;\">Das Laborsystem kann von petrochemischen Anlagen zur Optimierung der Herstellung von modifiziertem Bitumen verwendet werden, wobei die erforderliche Menge an modifizierenden Additiven bestimmt und das pr\u00e4parierte Bitumen als Laborprobe verwendet wird.<\/p>\n<p style=\"text-align: justify;\">Das USB-3 System ist f\u00fcr die Aufbereitung von kleinen Proben (nicht mehr als 10 Liter pro Charge) von modifiziertem Bitumen ausgelegt.<\/p>\n<\/div>\n<\/div>\n<\/div>\n<\/div>\n<\/div>\n<\/div>\n<\/div>\n","protected":false},"excerpt":{"rendered":"<p>Mit diesen Systemen k\u00f6nnen bekannte Rezepte f\u00fcr Emulsionen, Grundierungen und fl\u00fcssigem Kautschuk getestet werden. Es kann auch f\u00fcr die Entwicklung neuer Materialien und Emulgatoren und die entsprechenden Forschungen und Experimente verwendet werden. Das Bitumen wird in dem Laborsystem kontinuierlich vermischt und in der M\u00fchle werden zus\u00e4tzlich Polymere in das Bitumen dispergiert. Au\u00dferdem ist die Zugabe<a class=\"cg-read-more\" href=\"https:\/\/globecore.com\/de\/products\/laboratory-system\/\" target=\"_blank\">Read More <\/a><\/p>\n","protected":false},"author":7,"featured_media":135049,"parent":145645,"menu_order":0,"comment_status":"closed","ping_status":"closed","template":"templates\/products-sidebar.php","meta":{"_acf_changed":false,"_bbp_topic_count":0,"_bbp_reply_count":0,"_bbp_total_topic_count":0,"_bbp_total_reply_count":0,"_bbp_voice_count":0,"_bbp_anonymous_reply_count":0,"_bbp_topic_count_hidden":0,"_bbp_reply_count_hidden":0,"_bbp_forum_subforum_count":0,"footnotes":""},"categories":[],"class_list":["post-147141","page","type-page","status-publish","has-post-thumbnail","hentry"],"acf":[],"language":"de","_links":{"self":[{"href":"https:\/\/globecore.com\/de\/wp-json\/wp\/v2\/pages\/147141","targetHints":{"allow":["GET"]}}],"collection":[{"href":"https:\/\/globecore.com\/de\/wp-json\/wp\/v2\/pages"}],"about":[{"href":"https:\/\/globecore.com\/de\/wp-json\/wp\/v2\/types\/page"}],"author":[{"embeddable":true,"href":"https:\/\/globecore.com\/de\/wp-json\/wp\/v2\/users\/7"}],"replies":[{"embeddable":true,"href":"https:\/\/globecore.com\/de\/wp-json\/wp\/v2\/comments?post=147141"}],"version-history":[{"count":0,"href":"https:\/\/globecore.com\/de\/wp-json\/wp\/v2\/pages\/147141\/revisions"}],"up":[{"embeddable":true,"href":"https:\/\/globecore.com\/de\/wp-json\/wp\/v2\/pages\/145645"}],"wp:featuredmedia":[{"embeddable":true,"href":"https:\/\/globecore.com\/de\/wp-json\/wp\/v2\/media\/135049"}],"wp:attachment":[{"href":"https:\/\/globecore.com\/de\/wp-json\/wp\/v2\/media?parent=147141"}],"wp:term":[{"taxonomy":"category","embeddable":true,"href":"https:\/\/globecore.com\/de\/wp-json\/wp\/v2\/categories?post=147141"}],"curies":[{"name":"wp","href":"https:\/\/api.w.org\/{rel}","templated":true}]}}