{"id":147143,"date":"2019-10-30T08:26:38","date_gmt":"2019-10-30T08:26:38","guid":{"rendered":"https:\/\/globecore.com\/products\/laboratory-system\/clm-100-colloid-mill\/"},"modified":"2026-03-09T10:33:57","modified_gmt":"2026-03-09T10:33:57","slug":"clm-100-colloid-mill","status":"publish","type":"page","link":"https:\/\/globecore.com\/de\/products\/laboratory-system\/clm-100-colloid-mill\/","title":{"rendered":"Kolloid-M\u00fchle CLM-100.1"},"content":{"rendered":"","protected":false},"excerpt":{"rendered":"<p>The CLM-100.1 colloid mill is designed for homogenization and emulsification of liquid materials (thick suspensions with high shear tension) in laboratory conditions, for such purposes as bitumen emulsion production.<\/p>\n","protected":false},"author":7,"featured_media":147144,"parent":147141,"menu_order":0,"comment_status":"closed","ping_status":"closed","template":"templates\/single-product.php","meta":{"_acf_changed":false,"_bbp_topic_count":0,"_bbp_reply_count":0,"_bbp_total_topic_count":0,"_bbp_total_reply_count":0,"_bbp_voice_count":0,"_bbp_anonymous_reply_count":0,"_bbp_topic_count_hidden":0,"_bbp_reply_count_hidden":0,"_bbp_forum_subforum_count":0,"footnotes":""},"categories":[1944],"class_list":["post-147143","page","type-page","status-publish","has-post-thumbnail","hentry","category-bitumenproduktion","oil_type-bauindustrie","process_type-fraesen","process_type-mischen"],"acf":{"add_tab":[{"tab_title":"Beschreibung","tab_content":"<p style=\"text-align: justify;\">Die Kolloidm\u00fchle CLM-100.1 ist f\u00fcr die Homogenisierung und Emulgierung von fl\u00fcssigen Produkten (dicke Suspension mit hohen Scherbeanspruchungen) unter Laborbedingungen ausgelegt, um beispielsweise Bitumenemulsionen zu erhalten.<\/p>\r\n<p style=\"text-align: justify;\">Das Ger\u00e4t kann f\u00fcr die Herstellung, Aufl\u00f6sung und Verarbeitung vieler Produkte in verschiedenen Branchen eingesetzt werden.<\/p>"}],"add_def_tab":[{"tab_title":"Spezifikationen","tab_content":"<table width=\"600\">\r\n<tbody>\r\n<tr>\r\n<td width=\"64\"><strong><em>\u2116<\/em><\/strong><\/td>\r\n<td style=\"text-align: center;\" width=\"396\"><strong><em>Der Name des Parameters<\/em><\/strong><\/td>\r\n<td style=\"text-align: center;\" width=\"140\"><strong><em>Wert<\/em><\/strong><\/td>\r\n<\/tr>\r\n<tr>\r\n<td width=\"64\">1<\/td>\r\n<td style=\"text-align: left;\" width=\"396\">Einheitsleistung, l\/Portion (Gallone\/Portion)<\/td>\r\n<td style=\"text-align: center;\" width=\"140\"><strong><em>2\u2026 4 (0.5\u2026 1)*<\/em><\/strong><\/td>\r\n<\/tr>\r\n<tr>\r\n<td width=\"64\">2<\/td>\r\n<td style=\"text-align: left;\" width=\"396\">Volumen des Schachthalses, l (Gallone)<\/td>\r\n<td style=\"text-align: center;\" width=\"140\"><strong><em>5 (1.3)<\/em><\/strong><\/td>\r\n<\/tr>\r\n<tr>\r\n<td width=\"64\">3<\/td>\r\n<td style=\"text-align: left;\" width=\"396\">Cinematic Viskosit\u00e4t Produkt, mm2\/s, max<\/td>\r\n<td style=\"text-align: center;\" width=\"140\"><strong><em>150<\/em><\/strong><\/td>\r\n<\/tr>\r\n<tr>\r\n<td width=\"64\">4<\/td>\r\n<td style=\"text-align: left;\" width=\"396\">Die Arbeitstemperatur, die SS (F),<\/td>\r\n<td style=\"text-align: center;\" width=\"140\"><strong><em>180 (356)<\/em><\/strong><\/td>\r\n<\/tr>\r\n<tr>\r\n<td width=\"64\">5<\/td>\r\n<td style=\"text-align: left;\" width=\"396\">Art der Wellendichtung<\/td>\r\n<td style=\"text-align: center;\" width=\"140\"><strong><em>mechanisch<\/em><\/strong><\/td>\r\n<\/tr>\r\n<tr>\r\n<td width=\"64\">6<\/td>\r\n<td style=\"text-align: left;\" width=\"396\">Rotor\/Stator-System-Werkzeugtyp<\/td>\r\n<td style=\"text-align: center;\" width=\"140\"><strong><em>d\u00fcse<\/em><\/strong><\/td>\r\n<\/tr>\r\n<tr>\r\n<td width=\"64\">7<\/td>\r\n<td style=\"text-align: left;\" width=\"396\">Ein Satz austauschbarer Messer<\/td>\r\n<td style=\"text-align: center;\" width=\"140\"><strong><em>frei w\u00e4hlbar<\/em><\/strong><\/td>\r\n<\/tr>\r\n<tr>\r\n<td width=\"64\">8<\/td>\r\n<td style=\"text-align: left;\" width=\"396\">Axialspalt von Messern (Vorinstallation), mm (in)<\/td>\r\n<td style=\"text-align: center;\" width=\"140\"><strong><em>0,2\u2026 2 (7,8 x 10<sup>-3<\/sup>\u2026 7,8-10<sup>-2<\/sup>)<\/em><\/strong><\/td>\r\n<\/tr>\r\n<tr>\r\n<td width=\"64\">9<\/td>\r\n<td style=\"text-align: left;\" width=\"396\">Radialer Messerspalt, mm (in)<\/td>\r\n<td style=\"text-align: center;\" width=\"140\"><strong><em>0,25 (9,8-10<sup>-3<\/sup>)<\/em><\/strong><\/td>\r\n<\/tr>\r\n<tr>\r\n<td width=\"64\">10<\/td>\r\n<td style=\"text-align: left;\" width=\"396\">Die Schaltungsgeschwindigkeit der Messer, m\/s (in\/s), nicht mehr<\/td>\r\n<td style=\"text-align: center;\" width=\"140\"><strong><em>45 (1770)<\/em><\/strong><\/td>\r\n<\/tr>\r\n<tr>\r\n<td width=\"64\">11<\/td>\r\n<td style=\"text-align: left;\" width=\"396\">Drehzahl der Wellen- und M\u00fchlenlager, U \/ min<\/td>\r\n<td style=\"text-align: center;\" width=\"140\"><strong><em>6650<\/em><\/strong><\/td>\r\n<\/tr>\r\n<tr>\r\n<td width=\"64\">12<\/td>\r\n<td style=\"text-align: left;\" width=\"396\">Motordrehzahl, U \/ min<\/td>\r\n<td style=\"text-align: center;\" width=\"140\"><strong><em>2770<\/em><\/strong><\/td>\r\n<\/tr>\r\n<tr>\r\n<td width=\"64\">13<\/td>\r\n<td style=\"text-align: left;\" width=\"396\">Antriebsantrieb, kW<\/td>\r\n<td style=\"text-align: center;\" width=\"140\"><strong><em>2,2<\/em><\/strong><\/td>\r\n<\/tr>\r\n<tr>\r\n<td width=\"64\">14<\/td>\r\n<td style=\"text-align: left;\" width=\"396\">Spannungsspannung, V<\/td>\r\n<td style=\"text-align: center;\" width=\"140\"><strong><em>Auf Wunsch des Kunden<\/em><\/strong><\/td>\r\n<\/tr>\r\n<tr>\r\n<td rowspan=\"4\" width=\"64\">15<\/td>\r\n<td style=\"text-align: left;\" width=\"396\">Abmessungen, mm (in), nicht mehr:<\/td>\r\n<td width=\"140\"><strong><em>\u00a0<\/em><\/strong><\/td>\r\n<\/tr>\r\n<tr>\r\n<td style=\"text-align: left;\" width=\"396\">L\u00e4nge<\/td>\r\n<td style=\"text-align: center;\" width=\"140\"><strong><em>550 (22)<\/em><\/strong><\/td>\r\n<\/tr>\r\n<tr>\r\n<td style=\"text-align: left;\" width=\"396\">Breite<\/td>\r\n<td style=\"text-align: center;\" width=\"140\"><strong><em>600 (24)<\/em><\/strong><\/td>\r\n<\/tr>\r\n<tr>\r\n<td style=\"text-align: left;\" width=\"396\">H\u00f6he<\/td>\r\n<td style=\"text-align: center;\" width=\"140\"><strong><em>750 (30)<\/em><\/strong><\/td>\r\n<\/tr>\r\n<tr>\r\n<td width=\"64\">16<\/td>\r\n<td style=\"text-align: left;\" width=\"396\">Gewicht, nicht mehr, kg (lbs)<\/td>\r\n<td style=\"text-align: center;\" width=\"140\"><strong><em>70 (154)<\/em><\/strong><\/td>\r\n<\/tr>\r\n<\/tbody>\r\n<\/table>\r\n* Je nach Produkt und Formulierung\r\n\r\n** Lieferung in Absprache mit dem Kunden"},{"tab_title":"Vorteile","tab_content":"<ul>\r\n \t<li style=\"text-align: justify;\">mit verschiedenen Arten von Produkten arbeiten;<\/li>\r\n \t<li style=\"text-align: justify;\">Die Kolloidm\u00fchle kann mit verschiedenen Arten von Werkzeugen des Rotors \/ Stator-Systems ausger\u00fcstet werden, je nach Art des zu verarbeitenden Stoffes und dem erforderlichen Aufprall.<\/li>\r\n \t<li style=\"text-align: justify;\">der Werkzeugtyp des Rotors \/ Stator-Systems sowie die Anzahl der Arbeitsschritte f\u00fcr die optimale Intensit\u00e4t der mechanischen und thermischen Bearbeitung des Produkts ausgew\u00e4hlt werden;<\/li>\r\n \t<li style=\"text-align: justify;\">Werkzeuge k\u00f6nnen zusammenlegbar oder aus einem St\u00fcck gefertigt sein und werden je nach Verwendungszweck der M\u00fchle auch aus verschiedenen Stahlsorten hergestellt.<\/li>\r\n<\/ul>"},{"tab_title":"Anwendung","tab_content":"[product_oil_types]"}],"add_video_tab":[{"video_tab_title":"Video","add_video_id":[{"video_id":"QTksOComkNs"}]}],"add_gallery_tab":null,"add_price_tab":[{"price_tab_title":"Get a quote"}]},"language":"de","_links":{"self":[{"href":"https:\/\/globecore.com\/de\/wp-json\/wp\/v2\/pages\/147143","targetHints":{"allow":["GET"]}}],"collection":[{"href":"https:\/\/globecore.com\/de\/wp-json\/wp\/v2\/pages"}],"about":[{"href":"https:\/\/globecore.com\/de\/wp-json\/wp\/v2\/types\/page"}],"author":[{"embeddable":true,"href":"https:\/\/globecore.com\/de\/wp-json\/wp\/v2\/users\/7"}],"replies":[{"embeddable":true,"href":"https:\/\/globecore.com\/de\/wp-json\/wp\/v2\/comments?post=147143"}],"version-history":[{"count":1,"href":"https:\/\/globecore.com\/de\/wp-json\/wp\/v2\/pages\/147143\/revisions"}],"predecessor-version":[{"id":341856,"href":"https:\/\/globecore.com\/de\/wp-json\/wp\/v2\/pages\/147143\/revisions\/341856"}],"up":[{"embeddable":true,"href":"https:\/\/globecore.com\/de\/wp-json\/wp\/v2\/pages\/147141"}],"wp:featuredmedia":[{"embeddable":true,"href":"https:\/\/globecore.com\/de\/wp-json\/wp\/v2\/media\/147144"}],"wp:attachment":[{"href":"https:\/\/globecore.com\/de\/wp-json\/wp\/v2\/media?parent=147143"}],"wp:term":[{"taxonomy":"category","embeddable":true,"href":"https:\/\/globecore.com\/de\/wp-json\/wp\/v2\/categories?post=147143"}],"curies":[{"name":"wp","href":"https:\/\/api.w.org\/{rel}","templated":true}]}}