{"id":147150,"date":"2016-04-06T09:15:56","date_gmt":"2016-04-06T09:15:56","guid":{"rendered":"https:\/\/globecore.com\/products\/laboratory-system\/uvb-2-l-bitumen-modification-laboratory-system\/"},"modified":"2026-03-09T10:39:30","modified_gmt":"2026-03-09T10:39:30","slug":"uvb-2-l-bitumen-modification-laboratory-system","status":"publish","type":"page","link":"https:\/\/globecore.com\/de\/products\/laboratory-system\/uvb-2-l-bitumen-modification-laboratory-system\/","title":{"rendered":"USB-3 Laborsystem f\u00fcr modifiziertes Bitumen"},"content":{"rendered":"","protected":false},"excerpt":{"rendered":"<p>Das USB-3-Laboratoriumssystem zur Bitumenmodifikation ist f\u00fcr die Herstellung kleiner Chargen von modifiziertem Bitumen mit einem Volumen von bis zu 10 Litern pro Zyklus ausgelegt.<br \/>\nDas System arbeitet mit einem kontinuierlichen Bitumenmischprozess, gefolgt von der Dispergierung von Bitumen und Polymer in einer M\u00fchle. Dank seines Aufbaus k\u00f6nnen w\u00e4hrend des Modifikationsprozesses zus\u00e4tzliche fl\u00fcssige Komponenten zugef\u00fchrt werden, was eine hohe Flexibilit\u00e4t bei der Entwicklung von Rezepturen erm\u00f6glicht.<\/p>\n","protected":false},"author":7,"featured_media":134658,"parent":147141,"menu_order":0,"comment_status":"closed","ping_status":"closed","template":"templates\/single-product.php","meta":{"_acf_changed":false,"_bbp_topic_count":0,"_bbp_reply_count":0,"_bbp_total_topic_count":0,"_bbp_total_reply_count":0,"_bbp_voice_count":0,"_bbp_anonymous_reply_count":0,"_bbp_topic_count_hidden":0,"_bbp_reply_count_hidden":0,"_bbp_forum_subforum_count":0,"footnotes":""},"categories":[1944],"class_list":["post-147150","page","type-page","status-publish","has-post-thumbnail","hentry","category-bitumenproduktion","oil_type-bauindustrie","process_type-fraesen","process_type-mischen"],"acf":{"add_tab":[{"tab_title":"Beschreibung","tab_content":"<p style=\"text-align: justify;\">Das USB-3 System ist f\u00fcr die Aufbereitung von kleinen Proben (nicht mehr als 10 Liter pro Charge) von modifiziertem Bitumen ausgelegt.<\/p>\r\n<p style=\"text-align: justify;\">Das Bitumen wird in dem Laborsystem kontinuierlich vermischt und in der M\u00fchle werden zus\u00e4tzlich Polymere in das Bitumen dispergiert. Au\u00dferdem ist die Zugabe von anderen fl\u00fcssigen Komponenten in den Prozess der Bitumen-Modifikation m\u00f6glich.\r\nDas Laborsystem kann von petrochemischen Anlagen zur Optimierung der Herstellung von modifiziertem Bitumen verwendet werden, wobei die erforderliche Menge an modifizierenden Additiven bestimmt und das pr\u00e4parierte Bitumen als Laborprobe verwendet wird.<\/p>\r\n<p style=\"text-align: justify;\">Modifikation von Bitumenemulsion mit GlobeCore-Anlagen<\/p>\r\n<p style=\"text-align: justify;\">Mit diesem System k\u00f6nnen bekannte Rezepte f\u00fcr Emulsionen, Grundierungen und fl\u00fcssigem Kautschuk getestet werden. Es kann auch f\u00fcr die Entwicklung neuer Materialien und Emulgatoren und die entsprechenden Forschungen und Experimente verwendet werden.<\/p>\r\n<p style=\"text-align: justify;\">Das Bitumen wird in dem Laborsystem kontinuierlich vermischt und in der M\u00fchle werden zus\u00e4tzlich Polymere in das Bitumen dispergiert. Au\u00dferdem ist die Zugabe von anderen fl\u00fcssigen Komponenten in den Prozess der Bitumen-Modifikation m\u00f6glich.<\/p>\r\n<p style=\"text-align: justify;\">Das Laborsystem kann von petrochemischen Anlagen zur Optimierung der Herstellung von modifiziertem Bitumen verwendet werden, wobei die erforderliche Menge an modifizierenden Additiven bestimmt und das pr\u00e4parierte Bitumen als Laborprobe verwendet wird.<\/p>\r\n<p style=\"text-align: justify;\"><\/p>"}],"add_def_tab":[{"tab_title":"Spezifikation","tab_content":"<table>\r\n<tbody>\r\n<tr>\r\n<td>\r\n<p style=\"text-align: center;\"><b>Technische Daten<\/b><\/p>\r\n<\/td>\r\n<td>\r\n<p style=\"text-align: center;\"><b>Werte<\/b><\/p>\r\n<\/td>\r\n<\/tr>\r\n<tr>\r\n<td>\r\n<p style=\"text-align: left;\">Volumen des Hauptlastbeh\u00e4lters, <i>Liter<\/i><\/p>\r\n<\/td>\r\n<td>\r\n<p style=\"text-align: center;\">24<\/p>\r\n<\/td>\r\n<\/tr>\r\n<tr>\r\n<td>\r\n<p style=\"text-align: left;\">Minimale Bitumenladung im Beh\u00e4lter, <i>Liter<\/i><\/p>\r\n<\/td>\r\n<td>\r\n<p style=\"text-align: center;\">10<\/p>\r\n<\/td>\r\n<\/tr>\r\n<tr>\r\n<td>\r\n<p style=\"text-align: left;\">Max. Bitumenladung im Beh\u00e4lter, <i>Liter<\/i><\/p>\r\n<\/td>\r\n<td>\r\n<p style=\"text-align: center;\">12<\/p>\r\n<\/td>\r\n<\/tr>\r\n<tr>\r\n<td>\r\n<p style=\"text-align: left;\">Aufbereitungsverfahren<\/p>\r\n<\/td>\r\n<td>\r\n<p style=\"text-align: center;\">Dispersion von Bitumen und Polymer in M\u00fchle<\/p>\r\n<\/td>\r\n<\/tr>\r\n<tr>\r\n<td>\r\n<p style=\"text-align: left;\">Pumpkapazit\u00e4t, <i>l\/min<\/i><\/p>\r\n<\/td>\r\n<td>\r\n<p style=\"text-align: center;\">30<\/p>\r\n<\/td>\r\n<\/tr>\r\n<tr>\r\n<td>\r\n<p style=\"text-align: left;\">Max. Temperatur w\u00e4hrend der Bitumenaufbereitung, <i>\u00b0C<\/i><\/p>\r\n<\/td>\r\n<td>\r\n<p style=\"text-align: center;\">190<\/p>\r\n<\/td>\r\n<\/tr>\r\n<tr>\r\n<td>\r\n<p style=\"text-align: left;\">Mind. Eingangstemperatur des Bitumen, <i>\u00b0C<\/i><\/p>\r\n<\/td>\r\n<td>\r\n<p style=\"text-align: center;\">160<\/p>\r\n<\/td>\r\n<\/tr>\r\n<tr>\r\n<td>\r\n<p style=\"text-align: left;\">Erw\u00e4rmung der Fl\u00fcssigkeit im Beh\u00e4lter und in Rohrleitungen<\/p>\r\n<\/td>\r\n<td>\r\n<p style=\"text-align: center;\">Mittels W\u00e4rmetr\u00e4ger<\/p>\r\n<\/td>\r\n<\/tr>\r\n<tr>\r\n<td>\r\n<p style=\"text-align: left;\">Heizleistung, <i>kW<\/i><\/p>\r\n<\/td>\r\n<td>\r\n<p style=\"text-align: center;\">4.8<\/p>\r\n<\/td>\r\n<\/tr>\r\n<tr>\r\n<td>\r\n<p style=\"text-align: left;\">Steuerung<\/p>\r\n<\/td>\r\n<td>\r\n<p style=\"text-align: center;\">Manuell<\/p>\r\n<\/td>\r\n<\/tr>\r\n<tr>\r\n<td>\r\n<p style=\"text-align: left;\">Komponentensteuerung<\/p>\r\n<\/td>\r\n<td>\r\n<p style=\"text-align: center;\">Unterst\u00fctzt durch Automation<\/p>\r\n<\/td>\r\n<\/tr>\r\n<tr>\r\n<td>\r\n<p style=\"text-align: left;\">max. Leistungsaufnahme, <i>kW<\/i><\/p>\r\n<\/td>\r\n<td>\r\n<p style=\"text-align: center;\">15<\/p>\r\n<\/td>\r\n<\/tr>\r\n<tr>\r\n<td>\r\n<p style=\"text-align: left;\">Gr\u00f6\u00dfe (L\/B\/H), <i>mm<\/i><\/p>\r\n<\/td>\r\n<td>\r\n<p style=\"text-align: center;\">1630\/770\/1800<\/p>\r\n<\/td>\r\n<\/tr>\r\n<tr>\r\n<td>\r\n<p style=\"text-align: left;\">Max. netto Gewicht, <i>kg<\/i><\/p>\r\n<\/td>\r\n<td>\r\n<p style=\"text-align: center;\">420<\/p>\r\n<\/td>\r\n<\/tr>\r\n<\/tbody>\r\n<\/table>\r\n<p style=\"text-align: justify;\"><\/p>"},{"tab_title":"Vorteil","tab_content":"<ul>\r\n \t<li style=\"text-align: justify;\">kann von Laboren und Forschungseinrichtungen genutzt werden;<\/li>\r\n \t<li style=\"text-align: justify;\">produziert modifizierte Bitumenproben f\u00fcr Labortests;<\/li>\r\n \t<li style=\"text-align: justify;\">Testet die Effizienz verschiedener Bitumenadditive und optimiert Bitumenbindemittelformeln.<\/li>\r\n<\/ul>"},{"tab_title":"Anwendung","tab_content":"[product_oil_types]"}],"add_video_tab":null,"add_gallery_tab":null,"add_price_tab":[{"price_tab_title":"Get a Quote"}]},"language":"de","_links":{"self":[{"href":"https:\/\/globecore.com\/de\/wp-json\/wp\/v2\/pages\/147150","targetHints":{"allow":["GET"]}}],"collection":[{"href":"https:\/\/globecore.com\/de\/wp-json\/wp\/v2\/pages"}],"about":[{"href":"https:\/\/globecore.com\/de\/wp-json\/wp\/v2\/types\/page"}],"author":[{"embeddable":true,"href":"https:\/\/globecore.com\/de\/wp-json\/wp\/v2\/users\/7"}],"replies":[{"embeddable":true,"href":"https:\/\/globecore.com\/de\/wp-json\/wp\/v2\/comments?post=147150"}],"version-history":[{"count":1,"href":"https:\/\/globecore.com\/de\/wp-json\/wp\/v2\/pages\/147150\/revisions"}],"predecessor-version":[{"id":341860,"href":"https:\/\/globecore.com\/de\/wp-json\/wp\/v2\/pages\/147150\/revisions\/341860"}],"up":[{"embeddable":true,"href":"https:\/\/globecore.com\/de\/wp-json\/wp\/v2\/pages\/147141"}],"wp:featuredmedia":[{"embeddable":true,"href":"https:\/\/globecore.com\/de\/wp-json\/wp\/v2\/media\/134658"}],"wp:attachment":[{"href":"https:\/\/globecore.com\/de\/wp-json\/wp\/v2\/media?parent=147150"}],"wp:term":[{"taxonomy":"category","embeddable":true,"href":"https:\/\/globecore.com\/de\/wp-json\/wp\/v2\/categories?post=147150"}],"curies":[{"name":"wp","href":"https:\/\/api.w.org\/{rel}","templated":true}]}}