{"id":147155,"date":"2018-02-13T08:59:46","date_gmt":"2018-02-13T08:59:46","guid":{"rendered":"https:\/\/globecore.com\/products\/blending-systems\/fuel-blending-systems\/"},"modified":"2026-03-06T14:37:06","modified_gmt":"2026-03-06T14:37:06","slug":"fuel-blending-systems","status":"publish","type":"page","link":"https:\/\/globecore.com\/de\/products\/blending-systems\/fuel-blending-systems\/","title":{"rendered":"USB-1 Mischanlagen"},"content":{"rendered":"","protected":false},"excerpt":{"rendered":"<p>Das kontinuierliche Inline-Mischsystem USB-1 ist f\u00fcr die Formulierung von Kraftstoffen und anderen fl\u00fcssigen Zutaten, einschlie\u00dflich Bioethanol und pflanzlicher Fl\u00fcssigkeiten, ausgelegt. Sein Hauptzweck ist die Intensivierung von Dispersion, Homogenisierung und Emulgierung, sodass selbst scheinbar nicht mischbare Fl\u00fcssigkeiten und Suspensionen eine stabile, gleichm\u00e4\u00dfige Mischung bilden. Das System kann 2 bis 5 verschiedene fl\u00fcssige Zutaten mischen, mit einer Verarbeitungskapazit\u00e4t von bis zu 100\u202fm\u00b3. Dies stellt sicher, dass das Endprodukt \u00fcber die Zeit konsistent und stabil bleibt, wodurch USB-1 ideal f\u00fcr die kontinuierliche industrielle Produktion ist.<\/p>\n","protected":false},"author":7,"featured_media":147156,"parent":146251,"menu_order":0,"comment_status":"closed","ping_status":"closed","template":"templates\/single-product.php","meta":{"_acf_changed":false,"_bbp_topic_count":0,"_bbp_reply_count":0,"_bbp_total_topic_count":0,"_bbp_total_reply_count":0,"_bbp_voice_count":0,"_bbp_anonymous_reply_count":0,"_bbp_topic_count_hidden":0,"_bbp_reply_count_hidden":0,"_bbp_forum_subforum_count":0,"footnotes":""},"categories":[1935],"class_list":["post-147155","page","type-page","status-publish","has-post-thumbnail","hentry","category-mischen-vermengen","oil_type-chemische-industrie","oil_type-erdolindustrie","process_type-vermischung"],"acf":{"add_tab":[{"tab_title":"Beschreibung","tab_content":"<p style=\"text-align: justify;\">Die wesentlichen Arbeiten und Optimierungen an den BioDiesel Mischsystemen werden von unseren Prozessingenieuren durchgef\u00fchrt,<\/p>\r\n<p style=\"text-align: justify;\">Die BioDiesel Blending-Systeme gibt es sowohl in einer<b> staion\u00e4ren als auch einer mobilen<\/b> Ausf\u00fchrung, die mobile Ausf\u00fchrung kann auf einem Anh\u00e4nger oder Sattelanh\u00e4nger, auf Transportern oder jedem anderen Transportmittel montiert werden. Kundenw\u00fcnsche werden bei der Herstellung, soweit es das Endprodukt zul\u00e4sst, ber\u00fccksichtigt. Das BioDiesel Blending System kann unterschiedlichen Kraftstoffklassen erstellen: Sommerdiesel, Winterdiesel, Polardiesel, Hochoktan-Kraftstoffe f\u00fcr<b> Euro-4 und Euro-5.<\/b> Der prim\u00e4re Vorteil der Verwendung von zusammengesetzten Kraftstoffen ist die wirtschaftliche Rentabilit\u00e4t.\r\nDer grundlegende Zweck unserer Systeme ist die Intensivierung von Prozessen der Dispergierung, Homogenisierung und Emulgierung von Fl\u00fcssigkeiten, die auf den ersten Blick nicht mischbar zu sein scheinen, im Endergebnis aber einer stabile Feinmischung bilden. Dieses Gemisch kann \u00fcber einen l\u00e4ngeren Zeitraum gelagert werden, ohne dass sich Schichten bilden.<\/p>\r\n\r\n<h2 style=\"text-align: justify;\">Hydrodynamische Mischer:<\/h2>\r\n<p style=\"text-align: justify;\">Compounder, Kavitator, Mixer, Dispergatoren, Homogenisatoren und Mischer anderer Typen. Wir besch\u00e4ftigen uns in einer direkten Linie vom Werk zum Kunden mit der Abwicklung von komplexen Bestellungen, <b>unter Ber\u00fccksichtigung der Anforderungen des Kunden<\/b>, von individuellen W\u00fcnschen bis hin zu kleinsten technischen Details. Unsere USB-Blending-Systeme werden weltweit ausgeliefert, aktuell wird in \u00fcber 53 L\u00e4ndern mit diesem System gearbeitet. Das zeugt davon, dass die USB-Blending-Systeme <b>unter allen m\u00f6glichen klimatischen Bedingungen betrieben werden k\u00f6nnen<\/b>, von -65\u00b0C (HL2 Ausf\u00fchrung) bis zu + 55\u00b0C.<\/p>\r\n<p style=\"text-align: justify;\">Auf dem aktuellen Markt sind Compounding-Systeme mit einer Produktivit\u00e4t von 5t\/h bis 600t\/h erh\u00e4ltlich, die zudem <b>Mischungen aus 2 bis 7 beliebig dosierbaren Komponenten<\/b> herstellen k\u00f6nnen.<\/p>\r\n<p style=\"text-align: justify;\">Jedes System wird speziell nach den technischen Anforderungen des Kunden entwickelt und hergestellt; das Zubeh\u00f6r wird von vorne herein in die bestehende Produktion eingeplant und schl\u00fcsselfertig produziert.<\/p>\r\n\r\n<h2 style=\"text-align: justify;\">Unsere Compoundieranlage sind geeignet f\u00fcr:<\/h2>\r\n<ul style=\"text-align: justify;\">\r\n \t<li>Aufnehmen von Mischbrennstoffen<\/li>\r\n \t<li>Produktion von Mischkraftstoffen<\/li>\r\n \t<li>Produktion von Winterdiesel<\/li>\r\n \t<li>Produktion von Polardiesel<\/li>\r\n \t<li>Steigerung der Effizienz der Hydrodesulfurierung durch die Vorverarbeitung von Destilaten, um moderne umweltfreundliche Kraftstoffe zu produzieren<\/li>\r\n \t<li>bei der Entwicklung und Herstellung von Waschmitteln<\/li>\r\n \t<li>Produktion von Waschfl\u00fcssigkeiten<\/li>\r\n \t<li>Produktion von Shampoos<\/li>\r\n \t<li><\/li>\r\n<\/ul>\r\n<p style=\"text-align: justify;\">Unsere Compoundingsysteme besitzen eine Reihe von Vorteilen, der gr\u00f6\u00dfte Vorteil besteht darin, dass sich die Ausr\u00fcstung ganz unkompliziert in jede Art von Produktion integrieren l\u00e4sst.<\/p>"}],"add_def_tab":[{"tab_title":"Spezifikation","tab_content":"<table>\r\n<tbody>\r\n<tr>\r\n<td style=\"text-align: center;\" colspan=\"8\">\r\n<h3><b>Technische Spezifikationen <\/b><\/h3>\r\n<\/td>\r\n<\/tr>\r\n<tr>\r\n<td style=\"text-align: center;\"><b>Wert<\/b><\/td>\r\n<td style=\"text-align: center;\"><b>USB-18\/3<\/b><\/td>\r\n<td style=\"text-align: center;\"><b>USB-18\/5<\/b><\/td>\r\n<td style=\"text-align: center;\"><b>USB-20\/3<\/b><\/td>\r\n<td style=\"text-align: center;\"><b>USB-60\/3<\/b><\/td>\r\n<td style=\"text-align: center;\"><b>USB-60\/5<\/b><\/td>\r\n<td style=\"text-align: center;\"><b>USB-100\/4<\/b><\/td>\r\n<td style=\"text-align: center;\"><b>USB-100\/5<\/b><\/td>\r\n<\/tr>\r\n<tr>\r\n<td>Produktivit\u00e4t, m\u00b3\/h<\/td>\r\n<td>\r\n<p style=\"text-align: center;\">18<\/p>\r\n<\/td>\r\n<td>\r\n<p style=\"text-align: center;\">18<\/p>\r\n<\/td>\r\n<td>\r\n<p style=\"text-align: center;\">20<\/p>\r\n<\/td>\r\n<td>\r\n<p style=\"text-align: center;\">60<\/p>\r\n<\/td>\r\n<td>\r\n<p style=\"text-align: center;\">60<\/p>\r\n<\/td>\r\n<td>\r\n<p style=\"text-align: center;\">100<\/p>\r\n<\/td>\r\n<td>\r\n<p style=\"text-align: center;\">100<\/p>\r\n<\/td>\r\n<\/tr>\r\n<tr>\r\n<td>Anzahl der vermischten Fl\u00fcssigkeiten<\/td>\r\n<td>\r\n<p style=\"text-align: center;\">2\u20263<\/p>\r\n<\/td>\r\n<td>\r\n<p style=\"text-align: center;\">2\u20265<\/p>\r\n<\/td>\r\n<td>\r\n<p style=\"text-align: center;\">2\u20263<\/p>\r\n<\/td>\r\n<td>\r\n<p style=\"text-align: center;\">2\u20263<\/p>\r\n<\/td>\r\n<td>\r\n<p style=\"text-align: center;\">2\u20265<\/p>\r\n<\/td>\r\n<td>\r\n<p style=\"text-align: center;\">2\u20263<\/p>\r\n<\/td>\r\n<td>\r\n<p style=\"text-align: center;\">2\u20265<\/p>\r\n<\/td>\r\n<\/tr>\r\n<tr>\r\n<td>Verbrauch Hauptkomponenten, m\u00b3\/h<\/td>\r\n<td>\r\n<p style=\"text-align: center;\">17<\/p>\r\n<\/td>\r\n<td>\r\n<p style=\"text-align: center;\">11<\/p>\r\n<\/td>\r\n<td>\r\n<p style=\"text-align: center;\">13<\/p>\r\n<\/td>\r\n<td>\r\n<p style=\"text-align: center;\">57<\/p>\r\n<\/td>\r\n<td>\r\n<p style=\"text-align: center;\">50<\/p>\r\n<\/td>\r\n<td>\r\n<p style=\"text-align: center;\">100<\/p>\r\n<\/td>\r\n<td>\r\n<p style=\"text-align: center;\">100<\/p>\r\n<\/td>\r\n<\/tr>\r\n<tr>\r\n<td>Verbrauch von Additiven, m\u00b3\/h<\/td>\r\n<td><\/td>\r\n<td><\/td>\r\n<td><\/td>\r\n<td><\/td>\r\n<td><\/td>\r\n<td><\/td>\r\n<td><\/td>\r\n<\/tr>\r\n<tr>\r\n<td>\r\n<ul>\r\n \t<li>Additive #1<\/li>\r\n<\/ul>\r\n<\/td>\r\n<td>\r\n<p style=\"text-align: center;\">0,25\u20262,5<\/p>\r\n<\/td>\r\n<td>\r\n<p style=\"text-align: center;\">2\u20267<\/p>\r\n<\/td>\r\n<td>\r\n<p style=\"text-align: center;\">0,25\u20262,5<\/p>\r\n<\/td>\r\n<td>\r\n<p style=\"text-align: center;\">0,5\u20263,5<\/p>\r\n<\/td>\r\n<td>\r\n<p style=\"text-align: center;\">0,1\u20261,0<\/p>\r\n<\/td>\r\n<td>\r\n<p style=\"text-align: center;\">0,4\u20264<\/p>\r\n<\/td>\r\n<td>\r\n<p style=\"text-align: center;\">0,4\u20264<\/p>\r\n<\/td>\r\n<\/tr>\r\n<tr>\r\n<td>\r\n<ul>\r\n \t<li>Additive #2<\/li>\r\n<\/ul>\r\n<\/td>\r\n<td>\r\n<p style=\"text-align: center;\">0,1\u20261,0<\/p>\r\n<\/td>\r\n<td>\r\n<p style=\"text-align: center;\">0,5\u20263,5<\/p>\r\n<\/td>\r\n<td>\r\n<p style=\"text-align: center;\">0,1\u20261,0<\/p>\r\n<\/td>\r\n<td>\r\n<p style=\"text-align: center;\">0,1\u20261,0<\/p>\r\n<\/td>\r\n<td>\r\n<p style=\"text-align: center;\">0,0\u20260,02<\/p>\r\n<\/td>\r\n<td>\r\n<p style=\"text-align: center;\">0,4\u20264<\/p>\r\n<\/td>\r\n<td>\r\n<p style=\"text-align: center;\">0,4\u20264<\/p>\r\n<\/td>\r\n<\/tr>\r\n<tr>\r\n<td>\r\n<ul>\r\n \t<li>Additive #3<\/li>\r\n<\/ul>\r\n<\/td>\r\n<td>\r\n<p style=\"text-align: center;\">\u2014<\/p>\r\n<\/td>\r\n<td>\r\n<p style=\"text-align: center;\">0,5\u20263,5<\/p>\r\n<\/td>\r\n<td style=\"text-align: center;\">\u2014<\/td>\r\n<td style=\"text-align: center;\">\u2014<\/td>\r\n<td style=\"text-align: center;\">0,25\u20262,5<\/td>\r\n<td style=\"text-align: center;\">2,5\u202625<\/td>\r\n<td style=\"text-align: center;\">0,05\u20260,5<\/td>\r\n<\/tr>\r\n<tr>\r\n<td>\r\n<ul>\r\n \t<li>Additive #4<\/li>\r\n<\/ul>\r\n<\/td>\r\n<td>\r\n<p style=\"text-align: center;\">\u2014<\/p>\r\n<\/td>\r\n<td style=\"text-align: center;\">0,15..0,65<\/td>\r\n<td style=\"text-align: center;\">\u2014<\/td>\r\n<td style=\"text-align: center;\">\u2014<\/td>\r\n<td style=\"text-align: center;\">0,5..6,3<\/td>\r\n<td style=\"text-align: center;\">\u2014<\/td>\r\n<td style=\"text-align: center;\">2,5\u202625<\/td>\r\n<\/tr>\r\n<tr>\r\n<td>Einlassdruck des Kraftstoffes, mPa<\/td>\r\n<td>\r\n<p style=\"text-align: center;\">0,8<\/p>\r\n<\/td>\r\n<td style=\"text-align: center;\">0,8<\/td>\r\n<td style=\"text-align: center;\">0,8<\/td>\r\n<td style=\"text-align: center;\">0,8<\/td>\r\n<td style=\"text-align: center;\">0,8<\/td>\r\n<td style=\"text-align: center;\">0,8<\/td>\r\n<td style=\"text-align: center;\">0,8<\/td>\r\n<\/tr>\r\n<tr>\r\n<td>Energieverbrauch, kW<\/td>\r\n<td>\r\n<p style=\"text-align: center;\">15<\/p>\r\n<\/td>\r\n<td style=\"text-align: center;\">15<\/td>\r\n<td style=\"text-align: center;\">15<\/td>\r\n<td style=\"text-align: center;\">36<\/td>\r\n<td style=\"text-align: center;\">36<\/td>\r\n<td style=\"text-align: center;\">55<\/td>\r\n<td style=\"text-align: center;\">55<\/td>\r\n<\/tr>\r\n<tr>\r\n<td>H\u00f6he des Gemisches, m<\/td>\r\n<td>\r\n<p style=\"text-align: center;\">up to 15<\/p>\r\n<\/td>\r\n<td style=\"text-align: center;\">up to 15<\/td>\r\n<td style=\"text-align: center;\">up to 15<\/td>\r\n<td style=\"text-align: center;\">up to 15<\/td>\r\n<td style=\"text-align: center;\">up to 15<\/td>\r\n<td style=\"text-align: center;\">up to 15<\/td>\r\n<td style=\"text-align: center;\">up to 15<\/td>\r\n<\/tr>\r\n<tr>\r\n<td>Gesamtabmessung, mm<\/td>\r\n<td><\/td>\r\n<td><\/td>\r\n<td><\/td>\r\n<td><\/td>\r\n<td><\/td>\r\n<td><\/td>\r\n<td><\/td>\r\n<\/tr>\r\n<tr>\r\n<td>\r\n<ul>\r\n \t<li>L\u00e4nge<\/li>\r\n<\/ul>\r\n<\/td>\r\n<td>\r\n<p style=\"text-align: center;\">500<\/p>\r\n<\/td>\r\n<td style=\"text-align: center;\">500<\/td>\r\n<td style=\"text-align: center;\">500<\/td>\r\n<td style=\"text-align: center;\">700<\/td>\r\n<td style=\"text-align: center;\">1000<\/td>\r\n<td style=\"text-align: center;\">2000<\/td>\r\n<td style=\"text-align: center;\">2000<\/td>\r\n<\/tr>\r\n<tr>\r\n<td>\r\n<ul>\r\n \t<li>Breite<\/li>\r\n<\/ul>\r\n<\/td>\r\n<td>\r\n<p style=\"text-align: center;\">500<\/p>\r\n<\/td>\r\n<td style=\"text-align: center;\">600<\/td>\r\n<td style=\"text-align: center;\">500<\/td>\r\n<td style=\"text-align: center;\">1200<\/td>\r\n<td style=\"text-align: center;\">1500<\/td>\r\n<td style=\"text-align: center;\">1400<\/td>\r\n<td style=\"text-align: center;\">1400<\/td>\r\n<\/tr>\r\n<tr>\r\n<td>\r\n<ul>\r\n \t<li>H\u00f6he<\/li>\r\n<\/ul>\r\n<\/td>\r\n<td>\r\n<p style=\"text-align: center;\">1500<\/p>\r\n<\/td>\r\n<td style=\"text-align: center;\">1500<\/td>\r\n<td style=\"text-align: center;\">1500<\/td>\r\n<td style=\"text-align: center;\">1550<\/td>\r\n<td style=\"text-align: center;\">1850<\/td>\r\n<td style=\"text-align: center;\">2200<\/td>\r\n<td style=\"text-align: center;\">2200<\/td>\r\n<\/tr>\r\n<tr>\r\n<td>Gewicht, kg<\/td>\r\n<td>\r\n<p style=\"text-align: center;\">130<\/p>\r\n<\/td>\r\n<td style=\"text-align: center;\">170<\/td>\r\n<td style=\"text-align: center;\">185<\/td>\r\n<td style=\"text-align: center;\">450<\/td>\r\n<td style=\"text-align: center;\">750<\/td>\r\n<td style=\"text-align: center;\">1450<\/td>\r\n<td style=\"text-align: center;\">1540<\/td>\r\n<\/tr>\r\n<\/tbody>\r\n<\/table>"},{"tab_title":"Vorteil","tab_content":"<p style=\"text-align: justify;\"><b>USB-Anlage: Vorteile f\u00fcr \u00d6lraffinerien:<\/b><\/p>\r\n\r\n<ul style=\"text-align: justify;\">\r\n \t<li>Compoundierung von gemischten Kraftstoffen (Benzin, Diesel) zur Reduzierung des Verbrauchs von Leichtfraktionen;<\/li>\r\n \t<li>Energieeinsparung: Das Ger\u00e4t ist nur mit einem Motor und einer Pumpe ausgestattet.<\/li>\r\n \t<li>Reduzierung von Viskosit\u00e4t, Schwefelwasserstoff, Chlorsalzen, Asche und Paraffin in Roh\u00f6l;<\/li>\r\n \t<li>Das Vermischen von \u00d6l verbessert die Qualit\u00e4t von Straight-Run-Fraktionen: Verringerung des Schwefelgehalts und Verbesserung der Oktanzahl von Benzin, Verringerung von Schwefel und Tr\u00fcbungspunkt von Dieselkraftstoff;<\/li>\r\n \t<li>Die Verbesserung der Fraktionsqualit\u00e4t reduziert die Kosten f\u00fcr die Endbehandlung;<\/li>\r\n \t<li>Gesamte Ausr\u00fcstung ist von entsprechenden internationalen Gremien zertifiziert.<\/li>\r\n<\/ul>\r\n<p style=\"text-align: justify;\">Die Compoundierungseinheiten erh\u00f6hen die Ausbeute an leichter Fraktion. Es ist auch m\u00f6glich, mehrere Arten von \u00d6l f\u00fcr die Raffineriestabilit\u00e4t auszugleichen. Das Ger\u00e4t spart elektrische Energie und Zeit und erh\u00f6ht die Qualit\u00e4t aller \u00d6lprodukte.<\/p>\r\n<p style=\"text-align: justify;\"><b>Vorteile der Anlagen f\u00fcr hydrodynamische akustische Kavitation:<\/b><\/p>\r\n\r\n<ul>\r\n \t<li style=\"text-align: justify;\">Energieeffizient;<\/li>\r\n \t<li style=\"text-align: justify;\">Hohe Kavitationsenergie;<\/li>\r\n \t<li style=\"text-align: justify;\">G\u00fcnstige Energieumwandlung in Kavitation;<\/li>\r\n \t<li style=\"text-align: justify;\">Einfache Bedienung;<\/li>\r\n \t<li style=\"text-align: justify;\">Erweiterte Steuerelemente;<\/li>\r\n \t<li style=\"text-align: justify;\">Verf\u00fcgbar f\u00fcr jede Produktionskapazit\u00e4t;<\/li>\r\n \t<li style=\"text-align: justify;\">Kombination mehrerer Prozesse;<\/li>\r\n \t<li style=\"text-align: justify;\">Einfache Integration;<\/li>\r\n \t<li style=\"text-align: justify;\">Niedrige Metallkosten;<\/li>\r\n \t<li style=\"text-align: justify;\">Einfache Anpassung f\u00fcr optimale Leistung.<\/li>\r\n<\/ul>"},{"tab_title":"Anwendung","tab_content":"[product_oil_types]"}],"add_video_tab":[{"video_tab_title":"Video","add_video_id":[{"video_id":"cKHZXVReEqE"},{"video_id":"kYvCA1cGmNg"},{"video_id":"tzTzkvCsHx0"}]}],"add_gallery_tab":[{"gallery_tab_title":"Foto","add_img":[28222,60143,60191,58749,235,58740,13535,13538,13541,13544]}],"add_price_tab":[{"price_tab_title":"Get a Quote"}]},"language":"de","_links":{"self":[{"href":"https:\/\/globecore.com\/de\/wp-json\/wp\/v2\/pages\/147155","targetHints":{"allow":["GET"]}}],"collection":[{"href":"https:\/\/globecore.com\/de\/wp-json\/wp\/v2\/pages"}],"about":[{"href":"https:\/\/globecore.com\/de\/wp-json\/wp\/v2\/types\/page"}],"author":[{"embeddable":true,"href":"https:\/\/globecore.com\/de\/wp-json\/wp\/v2\/users\/7"}],"replies":[{"embeddable":true,"href":"https:\/\/globecore.com\/de\/wp-json\/wp\/v2\/comments?post=147155"}],"version-history":[{"count":1,"href":"https:\/\/globecore.com\/de\/wp-json\/wp\/v2\/pages\/147155\/revisions"}],"predecessor-version":[{"id":336248,"href":"https:\/\/globecore.com\/de\/wp-json\/wp\/v2\/pages\/147155\/revisions\/336248"}],"up":[{"embeddable":true,"href":"https:\/\/globecore.com\/de\/wp-json\/wp\/v2\/pages\/146251"}],"wp:featuredmedia":[{"embeddable":true,"href":"https:\/\/globecore.com\/de\/wp-json\/wp\/v2\/media\/147156"}],"wp:attachment":[{"href":"https:\/\/globecore.com\/de\/wp-json\/wp\/v2\/media?parent=147155"}],"wp:term":[{"taxonomy":"category","embeddable":true,"href":"https:\/\/globecore.com\/de\/wp-json\/wp\/v2\/categories?post=147155"}],"curies":[{"name":"wp","href":"https:\/\/api.w.org\/{rel}","templated":true}]}}