{"id":147166,"date":"2017-05-30T10:42:32","date_gmt":"2017-05-30T10:42:32","guid":{"rendered":"https:\/\/globecore.com\/products\/biodiesel-equipment\/biodiesel-equipment\/"},"modified":"2026-03-09T12:19:51","modified_gmt":"2026-03-09T12:19:51","slug":"biodiesel-equipment","status":"publish","type":"page","link":"https:\/\/globecore.com\/de\/products\/biodiesel-equipment\/biodiesel-equipment\/","title":{"rendered":"USB-1 Biodiesel Ausr\u00fcstung"},"content":{"rendered":"","protected":false},"excerpt":{"rendered":"<p>Die USB-1 Biodiesel-Produktionsanlage hat eine Kapazit\u00e4t von 4\u202fm\u00b3\/h und basiert auf kontinuierlicher Reaktionstechnologie, die den Prozess beschleunigt und die Produktqualit\u00e4t verbessert, w\u00e4hrend sie 5\u20137 Mal weniger Energie verbraucht als herk\u00f6mmliche Anlagen. Die Einheit zeichnet sich durch einfache Bedienung und hohe Effizienz aus. Laufende Entwicklung und Tests haben es GlobeCore erm\u00f6glicht, das Design zu optimieren, was zu h\u00f6herem Produktertrag und geringerem Energieverbrauch f\u00fchrt.<br \/>\nDie GlobeCore-Biodieselanlagen sind mit Kapazit\u00e4ten von 1.000 bis 16.000\u202fLitern\/h erh\u00e4ltlich und erm\u00f6glichen die Herstellung von Biodiesel aus allen Pflanzen\u00f6len oder tierischen Fetten.<\/p>\n","protected":false},"author":7,"featured_media":145649,"parent":147164,"menu_order":0,"comment_status":"closed","ping_status":"closed","template":"templates\/single-product.php","meta":{"_acf_changed":false,"_bbp_topic_count":0,"_bbp_reply_count":0,"_bbp_total_topic_count":0,"_bbp_total_reply_count":0,"_bbp_voice_count":0,"_bbp_anonymous_reply_count":0,"_bbp_topic_count_hidden":0,"_bbp_reply_count_hidden":0,"_bbp_forum_subforum_count":0,"footnotes":""},"categories":[2567],"class_list":["post-147166","page","type-page","status-publish","has-post-thumbnail","hentry","category-erneuerbare-energien-biokraftstoffe","oil_type-chemische-industrie","process_type-vermischung"],"acf":{"add_tab":[{"tab_title":"Beschreibung","tab_content":"<h2 style=\"text-align: center;\">STRUKTUR UND GRUNDSATZ DES KOMPLEXEN VORGANGS ZUR HERSTELLUNG VON BIODIESEL<\/h2>\r\n<p style=\"text-align: justify;\">Der Produktionskomplex f\u00fcr Biodiesel besteht aus folgenden Installationen (Bl\u00f6cken):<\/p>\r\n\r\n<ul style=\"text-align: justify;\">\r\n \t<li>Linear-Heizung f\u00fcr das \u00d6l;<\/li>\r\n \t<li>Biodieselreaktor;<\/li>\r\n \t<li>Biodiesel-Settler mit Versorgungsblock;<\/li>\r\n \t<li>Block f\u00fcr die Aussonderung von Methanol;<\/li>\r\n \t<li>Reinigungs- und Filtrationsblock.<\/li>\r\n<\/ul>\r\n<p style=\"text-align: justify;\">Bereits gereinigtes \u00d6l wird in Heizleitungen geliefert; dort wird es auf Betriebstemperatur erw\u00e4rmt. Das erw\u00e4rmte \u00d6l wird so in den Biodiesel-Reaktor transportiert, um f\u00fcr die Herstellung von Biodiesel verwendet zu werden. Alkali- und Methanoll\u00f6sungen werden dem gleichen Reaktor zugef\u00fchrt. Am Auslass des Biodiesel-Reaktors entsteht durch die hydrodynamische Mischweise und die Reaktion von \u00d6l, Alkalil\u00f6sung und Methanoll\u00f6sung der Rohdiesel. Biodiesel kommt in den Settler des Biodiesel-Produktionskomplexes an, dort erfolgt die Stratifizierung der Wasser-Glycerin Phase und deren Pumpung.<\/p>\r\n<p style=\"text-align: justify;\">Der verbliebene Biodiesel bewegt sich in den Block der Aussonderung von Methanol, dort erfolgt die Vakuumtrocknung. Die endg\u00fcltige Reinigung des Biodiesels erfolgt im Block der Reinigung und Filtration. Dabei durchl\u00e4uft der Biodiesel durch eine Schicht Ionenaustauscher und wird so vom restlichen Methanol gereinigt. Mechanische Verunreinigungen werden durch Filtersysteme entfernt.<\/p>\r\n\r\n<h2 style=\"text-align: center;\">UNIVERSALIT\u00c4T UND VORTEILE DER GlobeCore BIODIESEL MISCHSYSTEME<\/h2>\r\n<p style=\"text-align: justify;\">Biodieselgemische, die mit der Technologie der GLOBECORE Mischsystem hergestellt wurden, haben folgende Vorteile:<\/p>\r\n<p style=\"text-align: justify;\">Niedrigen Energieverbrauch.<\/p>\r\n<p style=\"text-align: justify;\">Sofortiges Einsetzen der Umesterung.<\/p>\r\n<p style=\"text-align: justify;\">Bei der Anwendung innovativer energiesparender Technologie sinkt der Energieverbrauch im Zuge der Produktion.<\/p>\r\n<p style=\"text-align: justify;\">Baukastenprinzip eines komplexen Gebildes (Mobilit\u00e4t w\u00e4hrend des Transports und der Installation der BIODIESEL-Ausr\u00fcstung).<\/p>\r\n<p style=\"text-align: justify;\">Ein effektiver Prozess der Produktion erm\u00f6glicht die Verwendung kleiner Installationen.<\/p>\r\n<p style=\"text-align: justify;\">Qualit\u00e4t \u00a0des Biodiesels erf\u00fcllt die internationalen Standards.<\/p>\r\n<p style=\"text-align: justify;\">Es gibt keinen Abfall: Die Phase des Glycerins kann f\u00fcr verschiedene Zwecke verwendet werden (z.B. Energieerzeugung, D\u00fcnger, etc.)<\/p>\r\n<p style=\"text-align: justify;\">Es ist nicht erforderlich, den Biodiesel zu waschen und zu trocknen;<\/p>\r\n<p style=\"text-align: justify;\">Die Komplexe sind mit einer Technologie des kontinuierlichen Reaktionsreaktors ausgestattet, die es erm\u00f6glicht, die Geschwindigkeit und die Qualit\u00e4t der Reaktion zu erh\u00f6hen, sodass diese Anlage 5-7mal sparsamer ist als herk\u00f6mmliche Technologien. Die Anlage vereint dank neuer technischer Entwicklungen und fortlaufender Tests Einfachheit im Betrieb, gutes Ger\u00e4tedesign und ein h\u00f6chst qualitatives Endprodukt, au\u00dferdem soll mit den Entwicklungen folgendes kontinuierlich verbessert werden:<\/p>\r\n\r\n<ul style=\"text-align: justify;\">\r\n \t<li>Reduzierung des Stromverbrauchs der Anlage,<\/li>\r\n \t<li>Reduzierung des Metallverbrauchs f\u00fcr das Design,<\/li>\r\n \t<li>Steigerung der Effizienz.<\/li>\r\n<\/ul>\r\n<p style=\"text-align: justify;\">Die von unserem Unternehmen hergestellten Biodieselreaktoren haben eine Produktionskapazit\u00e4t von 500 bis 16000 Liter pro Stunde und machen die Produktion von Biodiesel (Methylester) mit jeder Art von \u00d6l- oder Fett-Einsatzmaterial<\/p>\r\n<p style=\"text-align: justify;\">Die Anlage zur Herstellung des Biodiesels ist zust\u00e4ndig f\u00fcr die Umesterung von Pflanzen\u00f6l oder tierischem Fett durch hochdisperses Mischen mit einem Katalysator und es wird eine weitere Trockenreinigung des BIODIESEL durchgef\u00fchrt, um die europ\u00e4ischen EN 14214-Normen und die amerikanischen ASTM-Standards einzuhalten.<\/p>\r\n<p style=\"text-align: justify;\">Wenn Sie die Kosten Ihres Unternehmens f\u00fcr die Kraftstoffproduktion reduzieren wollen, k\u00f6nnen Ihnen unsere Biodiesel Kavitation-Blending-Systeme dabei helfen. Um zus\u00e4tzliche Informationen zu erhalten, kontaktieren Sie uns und ein technische Manager wird Sie zur\u00fcckrufen.<\/p>"}],"add_def_tab":[{"tab_title":"Spezifikation","tab_content":"<table>\r\n<tbody>\r\n<tr>\r\n<td>\r\n<p style=\"text-align: center;\"><strong>Parameter<\/strong><\/p>\r\n<\/td>\r\n<td>\r\n<p style=\"text-align: center;\"><strong>Wert<\/strong><\/p>\r\n<\/td>\r\n<\/tr>\r\n<tr>\r\n<td>\r\n<p style=\"text-align: left;\">Kapazit\u00e4t, m<sup>3<\/sup>\/h<\/p>\r\n<\/td>\r\n<td>\r\n<p style=\"text-align: center;\">4<\/p>\r\n<\/td>\r\n<\/tr>\r\n<tr>\r\n<td>\r\n<p style=\"text-align: left;\">Explosionsschutz,<\/p>\r\n<\/td>\r\n<td>\r\n<p style=\"text-align: center;\">II 2G EEx d\u2019IIB T3<\/p>\r\n<\/td>\r\n<\/tr>\r\n<tr>\r\n<td>\r\n<p style=\"text-align: left;\">Versorgungsspannung 3 Phasen VAC, V<\/p>\r\n<\/td>\r\n<td>\r\n<p style=\"text-align: center;\">380<\/p>\r\n<\/td>\r\n<\/tr>\r\n<tr>\r\n<td>\r\n<p style=\"text-align: left;\">Compressed air control pressure, MPa<\/p>\r\n<\/td>\r\n<td>\r\n<p style=\"text-align: center;\">0.6-0.8<\/p>\r\n<\/td>\r\n<\/tr>\r\n<tr>\r\n<td>\r\n<p style=\"text-align: left;\">Volumen Absetzbecken, m<sup>3<\/sup><\/p>\r\n<\/td>\r\n<td>\r\n<p style=\"text-align: center;\">20.8<\/p>\r\n<\/td>\r\n<\/tr>\r\n<tr>\r\n<td>\r\n<p style=\"text-align: left;\">Filtrationsfeinheit, Mikron<\/p>\r\n<\/td>\r\n<td>\r\n<p style=\"text-align: center;\">5<\/p>\r\n<\/td>\r\n<\/tr>\r\n<\/tbody>\r\n<\/table>"},{"tab_title":"Vorteil","tab_content":"<p style=\"text-align: justify;\">Die mit der <strong><em>GlobeCore<\/em><\/strong> Misch-Technologie arbeitenden Biodiesel-Produktionsanlagen haben folgende Vorteile:<\/p>\r\n\r\n<ul style=\"text-align: justify;\">\r\n \t<li>Energieeffizient;<\/li>\r\n \t<li>Sofortige Umesterung;<\/li>\r\n \t<li>Durch den Einsatz der innovativen Energiespartechnologie sinkt der Prozessleistungsverbrauch.<\/li>\r\n \t<li>Modulare Architektur (Mobilit\u00e4t w\u00e4hrend des Transports und flexible Installation der Biodieselausr\u00fcstung).<\/li>\r\n \t<li>Ein effektiver Produktionsprozess reduziert den Platzbedarf der Ausr\u00fcstung.<\/li>\r\n \t<li>Biodieselqualit\u00e4t entspricht internationalen Standards.<\/li>\r\n \t<li>Keine Verschwendung: Glycerin kann f\u00fcr verschiedene Zwecke verwendet werden (z. B. Energieerzeugung, D\u00fcnger usw.)<\/li>\r\n \t<li>Kein Waschen und Trocknen von Biodiesel.<\/li>\r\n<\/ul>\r\n<p style=\"text-align: justify;\">Die Ausr\u00fcstung basiert auf der Technologie der kontinuierlichen Reaktion, um die Geschwindigkeit und die Qualit\u00e4t der Reaktion zu erh\u00f6hen, 5-7 mal weniger Energie im Vergleich zu den \u00fcblichen Technologien und Ausr\u00fcstung verwendend.<\/p>\r\n<p style=\"text-align: justify;\">Die Ausr\u00fcstung ist gekennzeichnet mit Einfachheit der Operation und hohe Leistungsf\u00e4higkeit; mittels kontinuierlicher Tests verbessern wir das Design der Ausr\u00fcstung,<\/p>\r\n\r\n<ul style=\"text-align: justify;\">\r\n \t<li>Steigerung der Qualit\u00e4t und Produktausbeute,<\/li>\r\n \t<li>Reduzierung des Stromverbrauchs,<\/li>\r\n \t<li>Verringerung der Menge an Metall f\u00fcr den Bau.<\/li>\r\n<\/ul>\r\n<p style=\"text-align: justify;\"><em><strong>GlobeCore<\/strong><\/em> Biodieselanlagen (Reaktoren) sind f\u00fcr die Kapazit\u00e4t von 1000 bis 16000 Litern \/ Stunde ausgelegt und machen Biodiesel aus allen Arten von Pflanzen\u00f6len und tierischen Fetten.<\/p>\r\n<p style=\"text-align: justify;\">Es ist m\u00f6glich, Biodiesel aus Frittier\u00f6l und Algen\u00f6l herzustellen.\r\nDie Biodieselproduktionsanlage produziert Biodiesel gem\u00e4\u00df der europ\u00e4ischen EN 14214 und den amerikanischen ASTM-Standards.<\/p>"},{"tab_title":"Anwendung","tab_content":"[product_oil_types]"}],"add_video_tab":[{"video_tab_title":"Video","add_video_id":[{"video_id":"cKHZXVReEqE"},{"video_id":"m1TsDUf4Tmc"}]}],"add_gallery_tab":[{"gallery_tab_title":"Foto","add_img":[9759,9761,9762,13559,13562]}],"add_price_tab":[{"price_tab_title":"Get a Quote"}]},"language":"de","_links":{"self":[{"href":"https:\/\/globecore.com\/de\/wp-json\/wp\/v2\/pages\/147166","targetHints":{"allow":["GET"]}}],"collection":[{"href":"https:\/\/globecore.com\/de\/wp-json\/wp\/v2\/pages"}],"about":[{"href":"https:\/\/globecore.com\/de\/wp-json\/wp\/v2\/types\/page"}],"author":[{"embeddable":true,"href":"https:\/\/globecore.com\/de\/wp-json\/wp\/v2\/users\/7"}],"replies":[{"embeddable":true,"href":"https:\/\/globecore.com\/de\/wp-json\/wp\/v2\/comments?post=147166"}],"version-history":[{"count":1,"href":"https:\/\/globecore.com\/de\/wp-json\/wp\/v2\/pages\/147166\/revisions"}],"predecessor-version":[{"id":341868,"href":"https:\/\/globecore.com\/de\/wp-json\/wp\/v2\/pages\/147166\/revisions\/341868"}],"up":[{"embeddable":true,"href":"https:\/\/globecore.com\/de\/wp-json\/wp\/v2\/pages\/147164"}],"wp:featuredmedia":[{"embeddable":true,"href":"https:\/\/globecore.com\/de\/wp-json\/wp\/v2\/media\/145649"}],"wp:attachment":[{"href":"https:\/\/globecore.com\/de\/wp-json\/wp\/v2\/media?parent=147166"}],"wp:term":[{"taxonomy":"category","embeddable":true,"href":"https:\/\/globecore.com\/de\/wp-json\/wp\/v2\/categories?post=147166"}],"curies":[{"name":"wp","href":"https:\/\/api.w.org\/{rel}","templated":true}]}}