{"id":147232,"date":"2018-07-26T07:32:03","date_gmt":"2018-07-26T07:32:03","guid":{"rendered":"https:\/\/globecore.com\/products\/accessories-and-options\/"},"modified":"2025-01-14T11:55:34","modified_gmt":"2025-01-14T11:55:34","slug":"accessories-and-options","status":"publish","type":"page","link":"https:\/\/globecore.com\/de\/products\/accessories-and-options\/","title":{"rendered":"Zubeh\u00f6r und Optionen"},"content":{"rendered":"<p style=\"text-align: justify;\">Die Website pr\u00e4sentiert Anlagen in der Basisversion. Aufgrund der Besonderheiten der technologischen Prozesse in den Unternehmen kann die Ausr\u00fcstung jedoch nicht standardisierte Komponenten enthalten und wird h\u00e4ufig unter Ber\u00fccksichtigung der individuellen W\u00fcnsche unserer Kunden gefertigt.<\/p>\n<p style=\"text-align: justify;\">Wir empfehlen, ausschlie\u00dflich originale Ersatzteile von <strong>GlobeCore<\/strong> f\u00fcr Ihre Anlagen zu verwenden. Diese k\u00f6nnen direkt bei <strong>GlobeCore<\/strong> oder seinen Vertragsh\u00e4ndlern erworben werden. Unsere Spezialisten und Vertragsh\u00e4ndler verf\u00fcgen \u00fcber alle notwendigen Informationen zur korrekten Auswahl von Ersatzteilen und Zubeh\u00f6r f\u00fcr jede einzelne Anlage und stehen Ihnen beratend zur Seite.<\/p>\n<p style=\"text-align: justify;\">Beim Einsatz von Komponenten oder Ersatzteilen, die nicht von <strong>GlobeCore<\/strong> empfohlen werden, kann unser Unternehmen die zuverl\u00e4ssige Funktion der Anlagen sowie die \u00dcbereinstimmung der Produktmerkmale mit den angegebenen Parametern nicht garantieren.<\/p>\n<p style=\"text-align: justify;\">Wir weisen au\u00dferdem darauf hin, dass die Verwendung von nicht autorisierten Ersatzteilen und Zubeh\u00f6rteilen von <strong>GlobeCore<\/strong> ausreichender Grund ist, um die Garantie zu annullieren.<\/p>\n<p style=\"text-align: justify;\"><strong>GlobeCore<\/strong> beh\u00e4lt sich das Recht vor, technische Verbesserungen an seinen Anlagen vorzunehmen, um deren Leistung zu optimieren, ohne vorherige Ank\u00fcndigung.<\/p>\n","protected":false},"excerpt":{"rendered":"<p>Die Website pr\u00e4sentiert Anlagen in der Basisversion. Aufgrund der Besonderheiten der technologischen Prozesse in den Unternehmen kann die Ausr\u00fcstung jedoch nicht standardisierte Komponenten enthalten und wird h\u00e4ufig unter Ber\u00fccksichtigung der individuellen W\u00fcnsche unserer Kunden gefertigt. Wir empfehlen, ausschlie\u00dflich originale Ersatzteile von GlobeCore f\u00fcr Ihre Anlagen zu verwenden. Diese k\u00f6nnen direkt bei GlobeCore oder seinen Vertragsh\u00e4ndlern<a class=\"cg-read-more\" href=\"https:\/\/globecore.com\/de\/products\/accessories-and-options\/\" target=\"_blank\">Read More <\/a><\/p>\n","protected":false},"author":7,"featured_media":133667,"parent":145645,"menu_order":0,"comment_status":"closed","ping_status":"closed","template":"templates\/products-sidebar.php","meta":{"_acf_changed":false,"_bbp_topic_count":0,"_bbp_reply_count":0,"_bbp_total_topic_count":0,"_bbp_total_reply_count":0,"_bbp_voice_count":0,"_bbp_anonymous_reply_count":0,"_bbp_topic_count_hidden":0,"_bbp_reply_count_hidden":0,"_bbp_forum_subforum_count":0,"footnotes":""},"categories":[],"class_list":["post-147232","page","type-page","status-publish","has-post-thumbnail","hentry"],"acf":[],"language":"de","_links":{"self":[{"href":"https:\/\/globecore.com\/de\/wp-json\/wp\/v2\/pages\/147232","targetHints":{"allow":["GET"]}}],"collection":[{"href":"https:\/\/globecore.com\/de\/wp-json\/wp\/v2\/pages"}],"about":[{"href":"https:\/\/globecore.com\/de\/wp-json\/wp\/v2\/types\/page"}],"author":[{"embeddable":true,"href":"https:\/\/globecore.com\/de\/wp-json\/wp\/v2\/users\/7"}],"replies":[{"embeddable":true,"href":"https:\/\/globecore.com\/de\/wp-json\/wp\/v2\/comments?post=147232"}],"version-history":[{"count":0,"href":"https:\/\/globecore.com\/de\/wp-json\/wp\/v2\/pages\/147232\/revisions"}],"up":[{"embeddable":true,"href":"https:\/\/globecore.com\/de\/wp-json\/wp\/v2\/pages\/145645"}],"wp:featuredmedia":[{"embeddable":true,"href":"https:\/\/globecore.com\/de\/wp-json\/wp\/v2\/media\/133667"}],"wp:attachment":[{"href":"https:\/\/globecore.com\/de\/wp-json\/wp\/v2\/media?parent=147232"}],"wp:term":[{"taxonomy":"category","embeddable":true,"href":"https:\/\/globecore.com\/de\/wp-json\/wp\/v2\/categories?post=147232"}],"curies":[{"name":"wp","href":"https:\/\/api.w.org\/{rel}","templated":true}]}}