{"id":148215,"date":"2024-05-24T07:04:52","date_gmt":"2024-05-24T07:04:52","guid":{"rendered":"https:\/\/globecore.com\/products\/degassing-thermal-vacuum-drying-oil\/industrial-oil-purification-unit-cmm-6lt\/"},"modified":"2026-03-06T06:44:18","modified_gmt":"2026-03-06T06:44:18","slug":"industrial-oil-purification-unit-cmm-6lt","status":"publish","type":"page","link":"https:\/\/globecore.com\/de\/products\/degassing-thermal-vacuum-drying-oil\/industrial-oil-purification-unit-cmm-6lt\/","title":{"rendered":"CMM-6LT Industrieanlage zur \u00d6laufbereitung"},"content":{"rendered":"","protected":false},"excerpt":{"rendered":"<p>Die mobile \u00d6lanlage CMM-6LT ist f\u00fcr Thermovakuum-Trocknung, Filtration und Reinigung von \u00d6len von mechanischen Verunreinigungen und Wasser ausgelegt. Sie ist geeignet f\u00fcr \u00d6le, die in Schmier-, Dichtungs- und Hydrauliksystemen von Gasturbinen- und Gasverdichtereinheiten, Gasmotor-Kompressoren und Transformatoren w\u00e4hrend Betrieb und Wartung verwendet werden. Die Anlage hat eine Leistung von mindestens 6,0 m\u00b3\/h im Filtrationsmodus und 4,0\u20136,0 m\u00b3\/h im Thermovakuum-Trocknungsmodus. Die CMM-6LT kann kontaminierte \u00d6le von Wasser, freien und gel\u00f6sten Gasen reinigen sowie \u00f6lgef\u00fcllte elektrische Ger\u00e4te mittels Thermovakuum-Trocknung erw\u00e4rmen und trocknen. Sie entfernt auch mechanische Verunreinigungen durch hocheffiziente Filterelemente. Die Anlage ist f\u00fcr den Einsatz in Montage-, Reparatur- und Betriebsorganisationen vorgesehen, die mit der \u00d6laufbereitung und -reinigung besch\u00e4ftigt sind.<\/p>\n","protected":false},"author":7,"featured_media":148216,"parent":145731,"menu_order":0,"comment_status":"closed","ping_status":"closed","template":"templates\/single-product.php","meta":{"_acf_changed":false,"_bbp_topic_count":0,"_bbp_reply_count":0,"_bbp_total_topic_count":0,"_bbp_total_reply_count":0,"_bbp_voice_count":0,"_bbp_anonymous_reply_count":0,"_bbp_topic_count_hidden":0,"_bbp_reply_count_hidden":0,"_bbp_forum_subforum_count":0,"footnotes":""},"categories":[1892],"class_list":["post-148215","page","type-page","status-publish","has-post-thumbnail","hentry","category-oil-maintenance-de","oil_type-fr3-dielektrikum","oil_type-fyrquel-feuerbestandiges-fluid","oil_type-hydraulikol","oil_type-midel-7131-dielektrikum","oil_type-shell-diala-ol","oil_type-silikonol","oil_type-transformatorenol","process_type-dehydrierung","process_type-entgasung","process_type-filtration-de"],"acf":{"add_tab":[{"tab_title":"Beschreibung","tab_content":"<p style=\"text-align: justify;\"><span style=\"font-weight: 400;\">Die mobile \u00d6lstation CMM-6LT ist f\u00fcr die thermovakuumgest\u00fctzte Trocknung, Filtration und Reinigung von \u00d6len konzipiert, die in Schmierstoffsystemen, Dichtungssystemen, hydraulischen Steuersystemen von Gasturbinen- und Gaskompressoranlagen, Gasmotor-Kompressoren sowie Transformatoren w\u00e4hrend des Betriebs und der Wartung verwendet werden.<\/span><\/p>\r\n<p style=\"text-align: justify;\"><span style=\"font-weight: 400;\">Das Ger\u00e4t kann zur Reinigung von verunreinigten \u00d6len von Wasser, freien und gel\u00f6sten Gasen, zum Erw\u00e4rmen und Trocknen von \u00f6lgef\u00fcllten elektrischen Apparaten mit hei\u00dfem Transformator\u00f6l mittels Thermovakuumtrocknungsmethode verwendet werden. Dar\u00fcber hinaus k\u00f6nnen mechanische Verunreinigungen durch hocheffiziente Filterelemente entfernt werden. Die Einheit wird in Montage-, Reparatur- und Betriebsorganisationen eingesetzt, die sich mit der \u00d6lverarbeitung und -reinigung befassen.<\/span><\/p>\r\n<p style=\"text-align: justify;\"><span style=\"font-weight: 400;\">Die Einheit kann mineralische Transformator\u00f6le mit folgenden Eigenschaften verarbeiten:<\/span><\/p>\r\n\r\n<ul>\r\n \t<li style=\"font-weight: 400; text-align: justify;\" aria-level=\"1\"><span style=\"font-weight: 400;\">Kinematische Viskosit\u00e4t bei 50 \u00b0C - 2\u202612 mm<\/span><span style=\"font-weight: 400;\">2<\/span><span style=\"font-weight: 400;\">\/s;<\/span><\/li>\r\n \t<li style=\"font-weight: 400; text-align: justify;\" aria-level=\"1\"><span style=\"font-weight: 400;\">Massengehalt an Wasser im \u00d6l - nicht mehr als 100 ppm;<\/span><\/li>\r\n \t<li style=\"font-weight: 400; text-align: justify;\" aria-level=\"1\"><span style=\"font-weight: 400;\">Dichte bei 20 \u00b0C - 800\u2026950 kg\/m<\/span><span style=\"font-weight: 400;\">3<\/span><span style=\"font-weight: 400;\">;<\/span><\/li>\r\n \t<li style=\"font-weight: 400; text-align: justify;\" aria-level=\"1\"><span style=\"font-weight: 400;\">Industrielle Reinheitsklasse gem\u00e4\u00df ISO 4406 - nicht schlechter als -\/19\/16.<\/span><\/li>\r\n<\/ul>"}],"add_def_tab":[{"tab_title":"Spezifikation","tab_content":"<table>\r\n<tbody>\r\n<tr>\r\n<td>\r\n<p style=\"text-align: center;\"><strong>Nr.<\/strong><\/p>\r\n<\/td>\r\n<td style=\"text-align: center;\"><strong>Spezifikation<\/strong><\/td>\r\n<td>\r\n<p style=\"text-align: center;\"><strong>Wert<\/strong><\/p>\r\n<\/td>\r\n<\/tr>\r\n<tr>\r\n<td><span style=\"font-weight: 400;\">1<\/span><\/td>\r\n<td><span style=\"font-weight: 400;\">Produktivit\u00e4t, m<\/span><span style=\"font-weight: 400;\"><sup>3<\/sup><\/span><span style=\"font-weight: 400;\">\/Stunde, nicht weniger als<\/span>\r\n<ul>\r\n \t<li style=\"font-weight: 400;\" aria-level=\"1\"><span style=\"font-weight: 400;\">im Filtrationsmodus<\/span><\/li>\r\n<\/ul>\r\n<ul>\r\n \t<li style=\"font-weight: 400;\" aria-level=\"1\"><span style=\"font-weight: 400;\">im thermovakuum Trocknungsmodus<\/span><\/li>\r\n<\/ul>\r\n<\/td>\r\n<td>\r\n<p style=\"text-align: center;\"><span style=\"font-weight: 400;\">6,0<\/span><\/p>\r\n<p style=\"text-align: center;\"><span style=\"font-weight: 400;\">4,0-6,0<\/span><\/p>\r\n<\/td>\r\n<\/tr>\r\n<tr>\r\n<td><span style=\"font-weight: 400;\">2*<\/span><\/td>\r\n<td><span style=\"font-weight: 400;\">Parameter des verarbeiteten \u00d6ls (nach mehreren Durchg\u00e4ngen):<\/span>\r\n<span style=\"font-weight: 400;\">\u00a0\u00a0\u00a0\u00a0\u00a0\u00a0\u2014 Gesamter Gasgehalt, %, nicht mehr als<\/span><span style=\"font-weight: 400;\">\r\n<\/span><span style=\"font-weight: 400;\">\u00a0 \u00a0 \u00a0 \u2014 \u00d6lfeuchtigkeitsgehalt, ppm, nicht mehr als<\/span><span style=\"font-weight: 400;\">\r\n<\/span><span style=\"font-weight: 400;\">\u00a0 \u00a0 \u00a0 \u2014 Industrielle Reinheitsklasse gem\u00e4\u00df ISO 4406<\/span><\/td>\r\n<td>\r\n<p style=\"text-align: center;\"><span style=\"font-weight: 400;\">1,5<\/span><\/p>\r\n<p style=\"text-align: center;\"><span style=\"font-weight: 400;\">10 ppm oder 5 ppm oder 5 ppm+ (optional)<\/span><\/p>\r\n<p style=\"text-align: center;\"><span style=\"font-weight: 400;\">-\/14\/12<\/span><\/p>\r\n<\/td>\r\n<\/tr>\r\n<tr>\r\n<td><span style=\"font-weight: 400;\">3<\/span><\/td>\r\n<td><span style=\"font-weight: 400;\">Maximale \u00d6ltemperatur am Ausgang, \u00baC<\/span><\/td>\r\n<td>\r\n<p style=\"text-align: center;\"><span style=\"font-weight: 400;\">55-60<\/span><\/p>\r\n<\/td>\r\n<\/tr>\r\n<tr>\r\n<td><span style=\"font-weight: 400;\">4<\/span><\/td>\r\n<td><span style=\"font-weight: 400;\">Auslassdruck, bar<\/span><\/td>\r\n<td>\r\n<p style=\"text-align: center;\"><span style=\"font-weight: 400;\">3<\/span><\/p>\r\n<\/td>\r\n<\/tr>\r\n<tr>\r\n<td><span style=\"font-weight: 400;\">5<\/span><\/td>\r\n<td><span style=\"font-weight: 400;\">Leistung des \u00d6lheizers, kW, nicht mehr als<\/span><\/td>\r\n<td>\r\n<p style=\"text-align: center;\"><span style=\"font-weight: 400;\">42<\/span><\/p>\r\n<\/td>\r\n<\/tr>\r\n<tr>\r\n<td><span style=\"font-weight: 400;\">6<\/span><\/td>\r\n<td><span style=\"font-weight: 400;\">Maximaler Stromverbrauch, kW, nicht mehr als<\/span><\/td>\r\n<td>\r\n<p style=\"text-align: center;\"><span style=\"font-weight: 400;\">50<\/span><\/p>\r\n<\/td>\r\n<\/tr>\r\n<tr>\r\n<td><span style=\"font-weight: 400;\">7<\/span><\/td>\r\n<td><span style=\"font-weight: 400;\">Elektrische Stromparameter<\/span>\r\n<span style=\"font-weight: 400;\">Spannung, V\u00a0<\/span><span style=\"font-weight: 400;\">Frequenz, Hz\u00a0<\/span><span style=\"font-weight: 400;\">Anzahl der Phasen\u00a0<\/span><\/td>\r\n<td>\r\n<p style=\"text-align: center;\"><span style=\"font-weight: 400;\">380<\/span><\/p>\r\n<p style=\"text-align: center;\"><span style=\"font-weight: 400;\">50<\/span><\/p>\r\n<p style=\"text-align: center;\"><span style=\"font-weight: 400;\">3<\/span><\/p>\r\n<\/td>\r\n<\/tr>\r\n<tr>\r\n<td><span style=\"font-weight: 400;\">8<\/span><\/td>\r\n<td><span style=\"font-weight: 400;\">Gesamtabmessungen, mm, nicht mehr als<\/span>\r\n<span style=\"font-weight: 400;\">\u2014 L\u00e4nge<\/span><span style=\"font-weight: 400;\">\r\n<\/span><span style=\"font-weight: 400;\">\u2014 Breite<\/span><span style=\"font-weight: 400;\">\r\n<\/span><span style=\"font-weight: 400;\">\u2014 H\u00f6he<\/span><\/td>\r\n<td>\r\n<p style=\"text-align: center;\"><span style=\"font-weight: 400;\">1100<\/span> <span style=\"font-weight: 400;\">780<\/span> <span style=\"font-weight: 400;\">1470<\/span><\/p>\r\n<\/td>\r\n<\/tr>\r\n<tr>\r\n<td><span style=\"font-weight: 400;\">9<\/span><\/td>\r\n<td><span style=\"font-weight: 400;\">Gewicht, kg, nicht mehr als<\/span><\/td>\r\n<td>\r\n<p style=\"text-align: center;\"><span style=\"font-weight: 400;\">475<\/span><\/p>\r\n<\/td>\r\n<\/tr>\r\n<\/tbody>\r\n<\/table>\r\n<p style=\"text-align: justify;\"><span style=\"font-weight: 400;\"><strong>Hinweis:<\/strong> * Anfangsparameter des \u00d6ls:<\/span><\/p>\r\n\r\n<ul>\r\n \t<li style=\"text-align: justify;\"><span style=\"font-weight: 400;\">Volumetrischer Gasgehalt \u2014 unter 10,5 %;<\/span><\/li>\r\n \t<li style=\"text-align: justify;\"><span style=\"font-weight: 400;\">Feuchtigkeitsgehalt \u2014 unter 0,01 % (100 g\/t);<\/span><\/li>\r\n \t<li style=\"text-align: justify;\"><span style=\"font-weight: 400;\">Temperatur \u2014 \u00fcber 0 \u00baC.<\/span><\/li>\r\n<\/ul>\r\n<p style=\"text-align: justify;\"><span style=\"font-weight: 400;\">Nach mehreren Durchl\u00e4ufen des \u00d6ls durch die Anlage.<\/span><\/p>\r\n<p style=\"text-align: justify;\"><\/p>"},{"tab_title":"Vorteile","tab_content":"<ul>\r\n \t<li style=\"font-weight: 400; text-align: justify;\" aria-level=\"1\"><span style=\"font-weight: 400;\">Kompaktheit;<\/span><\/li>\r\n \t<li style=\"font-weight: 400; text-align: justify;\" aria-level=\"1\"><span style=\"font-weight: 400;\">F\u00e4higkeit zur \u00d6lbeheizung;<\/span><\/li>\r\n \t<li style=\"font-weight: 400; text-align: justify;\" aria-level=\"1\"><span style=\"font-weight: 400;\">hoher Filtrationsgrad;<\/span><\/li>\r\n \t<li style=\"font-weight: 400; text-align: justify;\" aria-level=\"1\"><span style=\"font-weight: 400;\">hohe Man\u00f6vrierf\u00e4higkeit;<\/span><\/li>\r\n \t<li style=\"font-weight: 400; text-align: justify;\" aria-level=\"1\"><span style=\"font-weight: 400;\">Schutz vor \u00d6l\u00fcberhitzung;<\/span><\/li>\r\n \t<li style=\"font-weight: 400; text-align: justify;\" aria-level=\"1\"><span style=\"font-weight: 400;\">\u00d6ltrocknung.<\/span><\/li>\r\n<\/ul>"},{"tab_title":"Anwendung","tab_content":"[product_oil_types]"}],"add_video_tab":[{"video_tab_title":"Video","add_video_id":[{"video_id":"H2eP9krFbyM"}]}],"add_gallery_tab":null,"add_price_tab":null},"language":"de","_links":{"self":[{"href":"https:\/\/globecore.com\/de\/wp-json\/wp\/v2\/pages\/148215","targetHints":{"allow":["GET"]}}],"collection":[{"href":"https:\/\/globecore.com\/de\/wp-json\/wp\/v2\/pages"}],"about":[{"href":"https:\/\/globecore.com\/de\/wp-json\/wp\/v2\/types\/page"}],"author":[{"embeddable":true,"href":"https:\/\/globecore.com\/de\/wp-json\/wp\/v2\/users\/7"}],"replies":[{"embeddable":true,"href":"https:\/\/globecore.com\/de\/wp-json\/wp\/v2\/comments?post=148215"}],"version-history":[{"count":1,"href":"https:\/\/globecore.com\/de\/wp-json\/wp\/v2\/pages\/148215\/revisions"}],"predecessor-version":[{"id":336031,"href":"https:\/\/globecore.com\/de\/wp-json\/wp\/v2\/pages\/148215\/revisions\/336031"}],"up":[{"embeddable":true,"href":"https:\/\/globecore.com\/de\/wp-json\/wp\/v2\/pages\/145731"}],"wp:featuredmedia":[{"embeddable":true,"href":"https:\/\/globecore.com\/de\/wp-json\/wp\/v2\/media\/148216"}],"wp:attachment":[{"href":"https:\/\/globecore.com\/de\/wp-json\/wp\/v2\/media?parent=148215"}],"wp:term":[{"taxonomy":"category","embeddable":true,"href":"https:\/\/globecore.com\/de\/wp-json\/wp\/v2\/categories?post=148215"}],"curies":[{"name":"wp","href":"https:\/\/api.w.org\/{rel}","templated":true}]}}