{"id":148221,"date":"2024-09-20T06:06:38","date_gmt":"2024-09-20T06:06:38","guid":{"rendered":"https:\/\/globecore.com\/products\/oil-filtration-pumping\/cmm-20cf-unit-for-removal-of-water-from-oil\/"},"modified":"2026-03-06T07:52:45","modified_gmt":"2026-03-06T07:52:45","slug":"cmm-20cf-unit-for-removal-of-water-from-oil","status":"publish","type":"page","link":"https:\/\/globecore.com\/de\/products\/oil-filtration-pumping\/cmm-20cf-unit-for-removal-of-water-from-oil\/","title":{"rendered":"CMM-2,0CF Anlage zur Entfernung von Wasser aus \u00d6l"},"content":{"rendered":"","protected":false},"excerpt":{"rendered":"<p>Die mobile \u00d6lanlage CMM-2,0CF ist f\u00fcr die Reinigung von Industrie-, Hydraulik-, Turbinen- und Transformator\u00f6len sowie Diesel, Kerosin und Benzin ausgelegt, selbst bei hohem Wassergehalt. Die Einheit verf\u00fcgt \u00fcber eine explosionsgesch\u00fctzte Ausf\u00fchrung f\u00fcr sicheren Betrieb. Ihre Kapazit\u00e4t betr\u00e4gt 2,4\u202fm\u00b3\/h sowohl im Filtrations- als auch im Wasserentfernungsmodus. Die Anlage entfernt mechanische Verunreinigungen und Wasser durch das Koaleszenzverfahren. Sie besteht aus einer mobilen Plattform mit Filtern, einer Pumpeneinheit und einem Drucktaster-Anlasser. Ein Patronenfilter ist zur Entfernung mechanischer Verunreinigungen enthalten, mit austauschbaren Elementen, die eine Filterfeinheit von 1, 3, 5 oder 25\u202f\u03bcm bieten. Wasser wird durch Koaleszenz entfernt: W\u00e4hrend das \u00d6l durch ein spezielles Filterelement flie\u00dft, bilden die Wassermolek\u00fcle Tr\u00f6pfchen, die in ein Sammelgef\u00e4\u00df abflie\u00dfen und \u00fcber ein Ventil abgelassen werden k\u00f6nnen.<\/p>\n","protected":false},"author":7,"featured_media":148222,"parent":145901,"menu_order":0,"comment_status":"closed","ping_status":"closed","template":"templates\/single-product.php","meta":{"_acf_changed":false,"_bbp_topic_count":0,"_bbp_reply_count":0,"_bbp_total_topic_count":0,"_bbp_total_reply_count":0,"_bbp_voice_count":0,"_bbp_anonymous_reply_count":0,"_bbp_topic_count_hidden":0,"_bbp_reply_count_hidden":0,"_bbp_forum_subforum_count":0,"footnotes":""},"categories":[1892],"class_list":["post-148221","page","type-page","status-publish","has-post-thumbnail","hentry","category-oil-maintenance-de","oil_type-fr3-dielektrikum","oil_type-fyrquel-feuerbestandiges-fluid","oil_type-getriebeol","oil_type-hydraulikol","oil_type-industrieol","oil_type-kabelol","oil_type-kompressorol","oil_type-midel-7131-dielektrikum","oil_type-silikonol","oil_type-transformatorenol","oil_type-turbinenol","process_type-dehydrierung","process_type-filtration-de"],"acf":{"add_tab":[{"tab_title":"Beschreibung","tab_content":"<p style=\"text-align: justify;\">Die mobile \u00d6lanlage CMM-2,0CF ist zur Reinigung von stark wasserbelastetem Industrie-, Hydraulik-, Turbinen-, Transformatoren\u00f6l sowie anderen Arten von Industrie\u00f6l, Dieselkraftstoff, Kerosin und Benzin vorgesehen. Die Anlage ist in explosionsgesch\u00fctzter Ausf\u00fchrung gefertigt, was ihren sicheren Betrieb gew\u00e4hrleistet.<\/p>\r\n<p style=\"text-align: justify;\">Diese Anlage sorgt f\u00fcr die Filtration mechanischer Verunreinigungen und die Wasserentfernung mittels des Koaleszenzverfahrens. Sie besteht aus einer mobilen Plattform mit Filtern, einer Pumpeneinheit und einem Drucktasterstarter. Zur Reinigung des Produkts durch Entfernung mechanischer Verunreinigungen ist ein Kartuschenfilter enthalten, mit der M\u00f6glichkeit, Elemente mit einer Filtrationsfeinheit von 1, 3, 5, 25 Mikrometern zu installieren.<\/p>\r\n<p style=\"text-align: justify;\">Das Funktionsprinzip der Anlage besteht darin, Wasser durch das Koaleszenzverfahren zu entfernen. Wenn das \u00d6l durch ein spezielles Filterelement l\u00e4uft, verbinden sich die Wassermolek\u00fcle zu Tropfen und sickern entlang der Filteroberfl\u00e4che in einen Auffangbeh\u00e4lter. Danach wird das Wasser mit einem Entleerungsventil abgelassen.<\/p>"}],"add_def_tab":[{"tab_title":"Technische Daten","tab_content":"<table width=\"602\">\r\n<tbody>\r\n<tr>\r\n<td width=\"43\"><strong>Nr.<\/strong><\/td>\r\n<td width=\"432\"><strong>Parameter<\/strong><\/td>\r\n<td width=\"126\"><strong>Wert<\/strong><\/td>\r\n<\/tr>\r\n<tr>\r\n<td width=\"43\">1<\/td>\r\n<td width=\"432\">Kapazit\u00e4t im Filtrationsmodus, m3\/h<\/td>\r\n<td width=\"126\">2.4<\/td>\r\n<\/tr>\r\n<tr>\r\n<td width=\"43\">2<\/td>\r\n<td width=\"432\">Kapazit\u00e4t im Wasserentfernungsmodus, m3\/h<\/td>\r\n<td width=\"126\">2.4<\/td>\r\n<\/tr>\r\n<tr>\r\n<td width=\"43\">3<\/td>\r\n<td width=\"432\">Wasserentfernung<\/td>\r\n<td width=\"126\">99%<\/td>\r\n<\/tr>\r\n<tr>\r\n<td width=\"43\">4<\/td>\r\n<td width=\"432\">Verarbeitete \u00d6lparameter*<\/td>\r\n<td width=\"126\"><\/td>\r\n<\/tr>\r\n<tr>\r\n<td width=\"43\"><\/td>\r\n<td width=\"432\">\u2014 \u00d6lreinheitsklasse gem\u00e4\u00df ISO 4406<\/td>\r\n<td width=\"126\">-\/16\/13<\/td>\r\n<\/tr>\r\n<tr>\r\n<td width=\"43\">5<\/td>\r\n<td width=\"432\">\u00d6laustrittsdruck, bar<\/td>\r\n<td width=\"126\">2.5<\/td>\r\n<\/tr>\r\n<tr>\r\n<td width=\"43\">6<\/td>\r\n<td width=\"432\">Maximale Leistungsanforderung, kW<\/td>\r\n<td width=\"126\">1.5<\/td>\r\n<\/tr>\r\n<tr>\r\n<td width=\"43\">7<\/td>\r\n<td width=\"432\">Stromversorgungsparameter<\/td>\r\n<td width=\"126\"><\/td>\r\n<\/tr>\r\n<tr>\r\n<td width=\"43\"><\/td>\r\n<td width=\"432\">Spannung, V<\/td>\r\n<td width=\"126\">380<\/td>\r\n<\/tr>\r\n<tr>\r\n<td width=\"43\"><\/td>\r\n<td width=\"432\">Wechselstromfrequenz, Hz<\/td>\r\n<td width=\"126\">50<\/td>\r\n<\/tr>\r\n<tr>\r\n<td width=\"43\">8<\/td>\r\n<td width=\"432\">Abmessungen, mm, max\r\n\r\n\u2013 L\u00e4nge\r\n\r\n\u2013 Breite\r\n\r\n\u2013 H\u00f6he<\/td>\r\n<td width=\"126\">1,200\r\n\r\n900\r\n\r\n1,550<\/td>\r\n<\/tr>\r\n<tr>\r\n<td width=\"43\">9<\/td>\r\n<td width=\"432\">Gewicht, kg, max<\/td>\r\n<td width=\"126\">500<\/td>\r\n<\/tr>\r\n<\/tbody>\r\n<\/table>\r\n&nbsp;\r\n\r\n&nbsp;\r\n\r\n* * Hinweis \u2013 Bei den Anfangsparametern von Mineral-Transformatoren\u00f6l:\r\n\r\n\u2014 \u00d6lreinheit gem\u00e4\u00df ISO 4406 -\/18\/16;\r\n\r\n\u2014 Emulgierter Wasseranteil im \u00d6l bis zu 1%."},{"tab_title":"Vorteile","tab_content":"<ul>\r\n \t<li>Das Ger\u00e4t ist in explosionsgesch\u00fctztem Design hergestellt;<\/li>\r\n \t<li>geringer Energieverbrauch;<\/li>\r\n \t<li>kleine Abmessungen;<\/li>\r\n \t<li>Mobilit\u00e4t;<\/li>\r\n \t<li>Im Laufe der Verarbeitung wird das Produkt nicht W\u00e4rme, Chemikalien und anderen Faktoren ausgesetzt, die seine Leistung negativ beeinflussen k\u00f6nnten.<\/li>\r\n<\/ul>"},{"tab_title":"Anwendung","tab_content":"[product_oil_types]"}],"add_video_tab":null,"add_gallery_tab":null,"add_price_tab":null},"language":"de","_links":{"self":[{"href":"https:\/\/globecore.com\/de\/wp-json\/wp\/v2\/pages\/148221","targetHints":{"allow":["GET"]}}],"collection":[{"href":"https:\/\/globecore.com\/de\/wp-json\/wp\/v2\/pages"}],"about":[{"href":"https:\/\/globecore.com\/de\/wp-json\/wp\/v2\/types\/page"}],"author":[{"embeddable":true,"href":"https:\/\/globecore.com\/de\/wp-json\/wp\/v2\/users\/7"}],"replies":[{"embeddable":true,"href":"https:\/\/globecore.com\/de\/wp-json\/wp\/v2\/comments?post=148221"}],"version-history":[{"count":1,"href":"https:\/\/globecore.com\/de\/wp-json\/wp\/v2\/pages\/148221\/revisions"}],"predecessor-version":[{"id":336058,"href":"https:\/\/globecore.com\/de\/wp-json\/wp\/v2\/pages\/148221\/revisions\/336058"}],"up":[{"embeddable":true,"href":"https:\/\/globecore.com\/de\/wp-json\/wp\/v2\/pages\/145901"}],"wp:featuredmedia":[{"embeddable":true,"href":"https:\/\/globecore.com\/de\/wp-json\/wp\/v2\/media\/148222"}],"wp:attachment":[{"href":"https:\/\/globecore.com\/de\/wp-json\/wp\/v2\/media?parent=148221"}],"wp:term":[{"taxonomy":"category","embeddable":true,"href":"https:\/\/globecore.com\/de\/wp-json\/wp\/v2\/categories?post=148221"}],"curies":[{"name":"wp","href":"https:\/\/api.w.org\/{rel}","templated":true}]}}