{"id":148227,"date":"2023-11-17T07:12:24","date_gmt":"2023-11-17T07:12:24","guid":{"rendered":"https:\/\/globecore.com\/products\/zeolite-oil-drying-units\/zp-130-sorbent-cartridges\/"},"modified":"2026-03-06T08:24:18","modified_gmt":"2026-03-06T08:24:18","slug":"zp-130-sorbent-cartridges","status":"publish","type":"page","link":"https:\/\/globecore.com\/de\/products\/zeolite-oil-drying-units\/zp-130-sorbent-cartridges\/","title":{"rendered":"ZP-130 Sorbent Kartuschen"},"content":{"rendered":"","protected":false},"excerpt":{"rendered":"<p>Die mobile \u00d6lanlage ZP-130 ist f\u00fcr die Reinigung von Schmier- und Isolier\u00f6len, die Entfernung mechanischer Verunreinigungen und das Trocknen von \u00d6len mit einer Viskosit\u00e4t von bis zu 70\u202fcSt bei 40\u202f\u00b0C ausgelegt. Die Einheit verwendet Sorbentkartuschen, die speziell f\u00fcr das Trocknen von \u00d6len mit Zeolith oder anderen Adsorbentien entwickelt wurden, und verf\u00fcgt \u00fcber Klappen f\u00fcr schnelles Be- und Entladen. Ihre Durchsatzleistung betr\u00e4gt 2\u202fm\u00b3\/h. Die Kartuschen k\u00f6nnen auch mit alternativen Adsorbentien wie Fuller-Erde oder Silikagel bef\u00fcllt werden, wodurch die Einheit f\u00fcr die \u00d6lregeneration und S\u00e4urereduktion geeignet ist. Die ZP-130 wird beim Aufbau, der Wartung und dem Betrieb \u00f6lgef\u00fcllter Hochspannungsger\u00e4te bis zu 1.150\u202fkV eingesetzt, einschlie\u00dflich Leistungstransformatoren, Hochspannungsschaltern und \u00e4hnlichen Ger\u00e4ten.<\/p>\n","protected":false},"author":7,"featured_media":148228,"parent":145946,"menu_order":0,"comment_status":"closed","ping_status":"closed","template":"templates\/single-product.php","meta":{"_acf_changed":false,"_bbp_topic_count":0,"_bbp_reply_count":0,"_bbp_total_topic_count":0,"_bbp_total_reply_count":0,"_bbp_voice_count":0,"_bbp_anonymous_reply_count":0,"_bbp_topic_count_hidden":0,"_bbp_reply_count_hidden":0,"_bbp_forum_subforum_count":0,"footnotes":""},"categories":[1892],"class_list":["post-148227","page","type-page","status-publish","has-post-thumbnail","hentry","category-oil-maintenance-de","oil_type-fr3-dielektrikum","oil_type-fyrquel-feuerbestandiges-fluid","oil_type-getriebeol","oil_type-hydraulikol","oil_type-industrieol","oil_type-kabelol","oil_type-kompressorol","oil_type-midel-7131-dielektrikum","oil_type-silikonol","oil_type-transformatorenol","oil_type-turbinenol","process_type-dehydrierung","process_type-filtration-de"],"acf":{"add_tab":[{"tab_title":"Beschreibung","tab_content":"<p style=\"text-align: justify;\"><span style=\"font-weight: 400;\">Die mobile \u00d6lstation ZP-130 ist f\u00fcr die Reinigung von Schmier- und Isolier\u00f6len konzipiert, zur Entfernung mechanischer Verunreinigungen und zum Trocknen von \u00d6len mit einer Viskosit\u00e4t von nicht mehr als 70 cSt bei 40\u00b0C. Die ZP-130 Sorptionskartuschen sind speziell f\u00fcr das Trocknen von Schmierstoffen und Isolier\u00f6len unter Verwendung von Zeolith oder anderen Adsorbentien entwickelt. Die Einheit verf\u00fcgt \u00fcber Klappen f\u00fcr einen schnellen Ladevorgang und das Entladen des Sorbens. Die Kartuschen der ZP-130 Einheit k\u00f6nnen nicht nur mit Zeolith, sondern auch mit alternativen Adsorbentien wie Fuller's Earth oder Silicagel gef\u00fcllt werden, was sie f\u00fcr die \u00d6lregeneration und die Reduktion der S\u00e4ure geeignet macht.<\/span><\/p>\r\n<p style=\"text-align: justify;\"><span style=\"font-weight: 400;\">Diese Einheit wird w\u00e4hrend der Montage, Wartung und des Betriebs von \u00f6lgef\u00fcllten Hochspannungsger\u00e4ten mit einer Spannung von bis zu 1150 kV eingesetzt, einschlie\u00dflich Leistungstransformatoren, Hochspannungs-Schaltern und anderen \u00e4hnlichen Ger\u00e4ten.<\/span><\/p>"}],"add_def_tab":[{"tab_title":"Technische Daten","tab_content":"<table>\r\n<tbody>\r\n<tr>\r\n<td>\r\n<p style=\"text-align: center;\"><strong>Nr.<\/strong><\/p>\r\n<\/td>\r\n<td style=\"text-align: center;\"><strong>Parameter<\/strong><\/td>\r\n<td>\r\n<p style=\"text-align: center;\"><strong>Wert<\/strong><\/p>\r\n<\/td>\r\n<\/tr>\r\n<tr>\r\n<td><span style=\"font-weight: 400;\">1<\/span><\/td>\r\n<td><span style=\"font-weight: 400;\">Durchsatz, m3\/Stunde<\/span><\/td>\r\n<td>\r\n<p style=\"text-align: center;\"><span style=\"font-weight: 400;\">2<\/span><\/p>\r\n<\/td>\r\n<\/tr>\r\n<tr>\r\n<td><span style=\"font-weight: 400;\">2<\/span><\/td>\r\n<td><span style=\"font-weight: 400;\">Gesamtvolumen des Beh\u00e4lters, Liter<\/span><\/td>\r\n<td>\r\n<p style=\"text-align: center;\"><span style=\"font-weight: 400;\">130<\/span><\/p>\r\n<\/td>\r\n<\/tr>\r\n<tr>\r\n<td><span style=\"font-weight: 400;\">3<\/span><\/td>\r\n<td><span style=\"font-weight: 400;\">\u00d6l ISO 4406 Reinheitsklasse<\/span><\/td>\r\n<td>\r\n<p style=\"text-align: center;\"><span style=\"font-weight: 400;\">-\/14\/12<\/span><\/p>\r\n<\/td>\r\n<\/tr>\r\n<tr>\r\n<td><span style=\"font-weight: 400;\">4<\/span><\/td>\r\n<td><span style=\"font-weight: 400;\">Betriebsmodus des Beh\u00e4lters<\/span><\/td>\r\n<td>\r\n<p style=\"text-align: center;\"><span style=\"font-weight: 400;\">Nur in Reihenfolge<\/span><\/p>\r\n<\/td>\r\n<\/tr>\r\n<tr>\r\n<td><span style=\"font-weight: 400;\">5<\/span><\/td>\r\n<td><span style=\"font-weight: 400;\">Filtration, \u03bcm<\/span><\/td>\r\n<td>\r\n<p style=\"text-align: center;\"><span style=\"font-weight: 400;\">5 (1 optional)<\/span><\/p>\r\n<\/td>\r\n<\/tr>\r\n<tr>\r\n<td><span style=\"font-weight: 400;\">6<\/span><\/td>\r\n<td><span style=\"font-weight: 400;\">Maximale \u00d6leingangstemperatur, \u00b0C<\/span><\/td>\r\n<td>\r\n<p style=\"text-align: center;\"><span style=\"font-weight: 400;\">40<\/span><\/p>\r\n<\/td>\r\n<\/tr>\r\n<tr>\r\n<td><span style=\"font-weight: 400;\">7<\/span><\/td>\r\n<td><span style=\"font-weight: 400;\">Abmessungen, mm<\/span>\r\n<span style=\"font-weight: 400;\">\u2014 L\u00e4nge;<\/span>\r\n<span style=\"font-weight: 400;\">\u2014 Breite;<\/span>\r\n<span style=\"font-weight: 400;\">\u2014 H\u00f6he<\/span><\/td>\r\n<td><span style=\"font-weight: 400;\">\u00a0<\/span>\r\n<p style=\"text-align: center;\"><span style=\"font-weight: 400;\">900<\/span><\/p>\r\n<p style=\"text-align: center;\"><span style=\"font-weight: 400;\">760<\/span><\/p>\r\n<p style=\"text-align: center;\"><span style=\"font-weight: 400;\">2100<\/span><\/p>\r\n<\/td>\r\n<\/tr>\r\n<tr>\r\n<td><span style=\"font-weight: 400;\">8<\/span><\/td>\r\n<td>\r\n<p style=\"text-align: left;\"><span style=\"font-weight: 400;\">Gewicht, kg (ohne Zeolith)<\/span><\/p>\r\n<\/td>\r\n<td>\r\n<p style=\"text-align: center;\"><span style=\"font-weight: 400;\">180<\/span><\/p>\r\n<\/td>\r\n<\/tr>\r\n<\/tbody>\r\n<\/table>"},{"tab_title":"Vorteile","tab_content":"<ul>\r\n \t<li style=\"font-weight: 400;\"><span style=\"font-weight: 400;\">Einfache Bedienung und Wartung;<\/span><\/li>\r\n \t<li style=\"font-weight: 400;\"><span style=\"font-weight: 400;\">Verl\u00e4ngerung der \u00d6lservice-Lebensdauer;<\/span><\/li>\r\n \t<li style=\"font-weight: 400;\"><span style=\"font-weight: 400;\">Verschiedene Konfigurationen (station\u00e4r oder mobil);<\/span><\/li>\r\n \t<li style=\"font-weight: 400;\"><span style=\"font-weight: 400;\">Sorbensregeneration mit einer BRZ-100 Einheit mit anschlie\u00dfender Wiederverwendung des Sorbens f\u00fcr die \u00d6lverarbeitung.<\/span><\/li>\r\n<\/ul>"},{"tab_title":"Anwendung","tab_content":"[product_oil_types]"}],"add_video_tab":[{"video_tab_title":"Video","add_video_id":[{"video_id":"NnzOxJXmPqg"}]}],"add_gallery_tab":null,"add_price_tab":null},"language":"de","_links":{"self":[{"href":"https:\/\/globecore.com\/de\/wp-json\/wp\/v2\/pages\/148227","targetHints":{"allow":["GET"]}}],"collection":[{"href":"https:\/\/globecore.com\/de\/wp-json\/wp\/v2\/pages"}],"about":[{"href":"https:\/\/globecore.com\/de\/wp-json\/wp\/v2\/types\/page"}],"author":[{"embeddable":true,"href":"https:\/\/globecore.com\/de\/wp-json\/wp\/v2\/users\/7"}],"replies":[{"embeddable":true,"href":"https:\/\/globecore.com\/de\/wp-json\/wp\/v2\/comments?post=148227"}],"version-history":[{"count":1,"href":"https:\/\/globecore.com\/de\/wp-json\/wp\/v2\/pages\/148227\/revisions"}],"predecessor-version":[{"id":336071,"href":"https:\/\/globecore.com\/de\/wp-json\/wp\/v2\/pages\/148227\/revisions\/336071"}],"up":[{"embeddable":true,"href":"https:\/\/globecore.com\/de\/wp-json\/wp\/v2\/pages\/145946"}],"wp:featuredmedia":[{"embeddable":true,"href":"https:\/\/globecore.com\/de\/wp-json\/wp\/v2\/media\/148228"}],"wp:attachment":[{"href":"https:\/\/globecore.com\/de\/wp-json\/wp\/v2\/media?parent=148227"}],"wp:term":[{"taxonomy":"category","embeddable":true,"href":"https:\/\/globecore.com\/de\/wp-json\/wp\/v2\/categories?post=148227"}],"curies":[{"name":"wp","href":"https:\/\/api.w.org\/{rel}","templated":true}]}}