{"id":148260,"date":"2022-06-22T07:20:22","date_gmt":"2022-06-22T07:20:22","guid":{"rendered":"https:\/\/globecore.com\/products\/fuel-purification-and-clarification\/dark-diesel-fuel-purification-and-clarification-machine-cmm-6rl\/"},"modified":"2026-03-06T08:50:55","modified_gmt":"2026-03-06T08:50:55","slug":"dark-diesel-fuel-purification-and-clarification-machine-cmm-6rl","status":"publish","type":"page","link":"https:\/\/globecore.com\/de\/products\/fuel-purification-and-clarification\/dark-diesel-fuel-purification-and-clarification-machine-cmm-6rl\/","title":{"rendered":"CMM-6RL Dunkelfuel-Poliermaschine"},"content":{"rendered":"","protected":false},"excerpt":{"rendered":"<p>Die Einheit CMM-6RL ist f\u00fcr das adsorptive Polieren von dunklem Dieselkraftstoff ausgelegt. Sie verwendet sechs mit Adsorbentien gef\u00fcllte S\u00e4ulen, die aromatische Kohlenwasserstoffe, Asphalt- und Harzsubstanzen sowie Schwefel-, Stickstoff- und s\u00e4urehaltige Verbindungen entfernen, wodurch Klarheit und Leistung des Kraftstoffs wiederhergestellt werden. Die Einheit verf\u00fcgt \u00fcber ein In-situ-Adsorbent-Reaktivierungssystem, das eine Wiederverwendung erm\u00f6glicht, ohne das Material aus den S\u00e4ulen zu entfernen. Adsorbentien k\u00f6nnen auch durch Verbrennen zur\u00fcckgewonnen und bis zu 300 Mal wiederverwendet werden. Die Einheit hat eine Kapazit\u00e4t von 0,45\u202fm\u00b3\/h, wobei die Sorbentreaktivierung bis zu 19 Stunden dauert. Typisches Kraftstoffpolieren dauert 6 Stunden und verbraucht 1,5\u202fkW\/h.<\/p>\n","protected":false},"author":59,"featured_media":145667,"parent":147207,"menu_order":0,"comment_status":"closed","ping_status":"closed","template":"templates\/single-product.php","meta":{"_acf_changed":false,"_bbp_topic_count":0,"_bbp_reply_count":0,"_bbp_total_topic_count":0,"_bbp_total_reply_count":0,"_bbp_voice_count":0,"_bbp_anonymous_reply_count":0,"_bbp_topic_count_hidden":0,"_bbp_reply_count_hidden":0,"_bbp_forum_subforum_count":0,"footnotes":""},"categories":[2396],"class_list":["post-148260","page","type-page","status-publish","has-post-thumbnail","hentry","category-kraftstoffreinigung","oil_type-dieselkraftstoff","oil_type-fr3-dielektrikum","oil_type-fyrquel-feuerbestandiges-fluid","oil_type-getriebeol","oil_type-hydraulikol","oil_type-industrieol","oil_type-kabelol","oil_type-kompressorol","oil_type-midel-7131-dielektrikum","oil_type-silikonol","oil_type-transformatorenol","oil_type-turbinenol","process_type-filtration-de","process_type-regeneration-de"],"acf":{"add_tab":[{"tab_title":"Beschreibung","tab_content":"<p style=\"text-align: justify;\">Dieselkraftstoff wird in vielen Industrien verwendet. Zu seinen Verbrauchern geh\u00f6ren Schiffe, Traktoren, Erntemaschinen, Lastwagen, Diesellokomotiven usw. Viele Unternehmen versuchen, gro\u00dfe Mengen Dieselkraftstoff zu kaufen, um sich gegen saisonale Preisschwankungen abzusichern und durch die Nutzung des Lagerbestands des Erd\u00f6lerzeugnisses nicht mehr zu bezahlen.<\/p>\r\n<p style=\"text-align: justify;\">W\u00e4hrend der Langzeitlagerung weisen nicht alle Dieselkraftstoffe die erforderliche Stabilit\u00e4t auf. Dieselkraftstoff unterliegt Oxidation, Wasseraufnahme und der Bildung von Harzstoffen. Infolgedessen wird der Kraftstoff dunkel und verliert seine betrieblichen Eigenschaften. Solcher Kraftstoff kann nicht verwendet werden, da er den Betrieb des Motors beeintr\u00e4chtigt durch Harzablagerungen in den Kraftstoffversorgungseinrichtungen des Motors sowie Ru\u00dfablagerungen an den W\u00e4nden der Brennkammern, Auslassventilen und D\u00fcsen, und Wasser macht die Hochdruckkraftstoffpumpe unbrauchbar. Daher sollte solcher Kraftstoff vor der Einspeisung in Dieselmotoren und Kraftwerke vorbereitet werden.<\/p>\r\n\r\n<h2 style=\"text-align: center;\">Dieselkraftstoffpolitur<\/h2>\r\n<p style=\"text-align: justify;\">Verschiedene Methoden werden verwendet, um Dieselkraftstoff nach langer Lagerung zu reinigen: Absetzen, Filtration, Zentrifugation. Diese Methoden eignen sich zur Entfernung von mechanischen Verunreinigungen und Wasser; sie sind jedoch nicht in der Lage, die urspr\u00fcngliche Farbe und den Geruch des Kraftstoffs wiederherzustellen sowie den Schwefelgehalt zu reduzieren. Daf\u00fcr ist eine zus\u00e4tzliche Reinigung mit speziellen Adsorbentien nat\u00fcrlichen Ursprungs erforderlich.<\/p>\r\n\r\n<h2 style=\"text-align: center;\">CMM-6RL Einheit zur Politur von dunklem Dieselkraftstoff<\/h2>\r\n<p style=\"text-align: justify;\">Die Technologie f\u00fcr die adsorptive Politur von dunklem Dieselkraftstoff wird in der CMM-6RL Einheit umgesetzt. Die Einheit besteht aus sechs S\u00e4ulen, von denen jede mit einem Adsorbens gef\u00fcllt ist, das gute Absorptionseigenschaften aufweist. Beim Durchgang durch die S\u00e4ulen f\u00e4ngt das Adsorbens unges\u00e4ttigte und aromatische Kohlenwasserstoffe, Asphalt-Harze, Schwefel-, Stickstoff- und s\u00e4urehaltige Verbindungen aus dem Kraftstoff auf. Dieselkraftstoff wird gekl\u00e4rt, seine Gruppenkomposition und betrieblichen Eigenschaften werden wiederhergestellt.<\/p>\r\n<p style=\"text-align: justify;\">Nach der S\u00e4ttigung des Adsorbens wechselt die CMM-6RL Einheit in den Reaktivierungsmodus. In diesem Modus werden die Adsorbent-Eigenschaften wiederhergestellt, wonach das Adsorbens f\u00fcr die Politur von Dieselkraftstoff wiederverwendet wird.<\/p>\r\n\r\n<h2 style=\"text-align: center;\">Betriebsmerkmale der CMM-6RL Einheit zur Dieselkraftstoffpolitur<\/h2>\r\n<p style=\"text-align: justify;\">Das Hauptmerkmal der CMM-6RL Einheit ist die M\u00f6glichkeit, das Adsorbens zu reaktivieren, ohne es aus den Regenerationss\u00e4ulen zu entfernen. Sollte das verwendete Adsorbens in anderen Ger\u00e4ten mit \u00e4hnlicher Bestimmung entsorgt werden, gew\u00e4hrleistet die <em><strong>GlobeCore<\/strong><\/em>-Technologie die R\u00fcckgewinnung des Adsorbens durch Verbrennung sowie dessen wiederholte Nutzung f\u00fcr die Dieselkraftstoffpolitur (mindestens 300 Reaktivierungen).<\/p>\r\n\r\n<h2 style=\"text-align: center;\">Dauer der Betriebszyklen und Stromverbrauch<\/h2>\r\n<p style=\"text-align: justify;\">Die CMM-6RL Einheit f\u00fcr die Politur von Dieselkraftstoffen arbeitet nacheinander in den folgenden Modi:<\/p>\r\n\r\n<ol style=\"text-align: justify;\">\r\n \t<li>Politur des Kraftstoffs (Dauer \u2014 6 h, Stromverbrauch \u2014 1,5 kW\/h);<\/li>\r\n \t<li>Reaktivierung des Adsorbens:<\/li>\r\n<\/ol>\r\n<ul>\r\n \t<li style=\"text-align: justify;\">Vorbereitung (Dauer \u2014 1 h, Stromverbrauch \u2014 6,25 kW\/h);<\/li>\r\n \t<li style=\"text-align: justify;\">Z\u00fcndung des Adsorbens (Dauer \u2014 1 h, Stromverbrauch \u2014 17,5 kW\/h);<\/li>\r\n \t<li style=\"text-align: justify;\">Verbrennung des Adsorbens (Dauer \u2014 15 h, Stromverbrauch \u2014 25,5 kW\/h);<\/li>\r\n \t<li style=\"text-align: justify;\">Nachf\u00fcllen (Dauer \u2014 0,5 h, Stromverbrauch \u2014 6,5 kW\/h).<\/li>\r\n<\/ul>"}],"add_def_tab":[{"tab_title":"Technische Daten","tab_content":"<table width=\"602\">\r\n<tbody>\r\n<tr>\r\n<td width=\"63\"><strong>Nr.<\/strong><\/td>\r\n<td width=\"435\">\r\n<p style=\"text-align: center;\"><strong>Parameter<\/strong><\/p>\r\n<\/td>\r\n<td width=\"103\">\r\n<p style=\"text-align: center;\"><strong>Wert<\/strong><\/p>\r\n<\/td>\r\n<\/tr>\r\n<tr>\r\n<td width=\"63\">1<\/td>\r\n<td width=\"435\">Kapazit\u00e4t, m<sup>3<\/sup>\/h<\/td>\r\n<td width=\"103\">\r\n<p style=\"text-align: center;\">0,45*<\/p>\r\n<\/td>\r\n<\/tr>\r\n<tr>\r\n<td width=\"63\">2<\/td>\r\n<td width=\"435\">Reaktivierungszeit des Sorbens, h\u00f6chstens<\/td>\r\n<td width=\"103\">\r\n<p style=\"text-align: center;\">19 Stunden<\/p>\r\n<\/td>\r\n<\/tr>\r\n<tr>\r\n<td width=\"63\">3<\/td>\r\n<td width=\"435\">Erforderlicher Stromverbrauch, kW<\/td>\r\n<td width=\"103\">\r\n<p style=\"text-align: center;\">14,5<\/p>\r\n<\/td>\r\n<\/tr>\r\n<tr>\r\n<td width=\"63\">4<\/td>\r\n<td width=\"435\">Dreiphasen-AC-Stromversorgung 50, 60 Hz, Spannung, V<\/td>\r\n<td width=\"103\">\r\n<p style=\"text-align: center;\">380<\/p>\r\n<\/td>\r\n<\/tr>\r\n<tr>\r\n<td width=\"63\">5<\/td>\r\n<td width=\"435\">Abmessungen, mm, h\u00f6chstens\r\n\u2013 L\u00e4nge\u2013 Breite\u2013 H\u00f6he<\/td>\r\n<td width=\"103\">&nbsp;\r\n<p style=\"text-align: center;\">2820<\/p>\r\n<p style=\"text-align: center;\">1570<\/p>\r\n<p style=\"text-align: center;\">1520<\/p>\r\n<\/td>\r\n<\/tr>\r\n<tr>\r\n<td width=\"63\">6<\/td>\r\n<td width=\"435\">Gewicht, kg, h\u00f6chstens<\/td>\r\n<td width=\"103\">\r\n<p style=\"text-align: center;\">2100<\/p>\r\n<\/td>\r\n<\/tr>\r\n<\/tbody>\r\n<\/table>\r\n<p style=\"text-align: justify;\">* \u2013 Um das beste Ergebnis bei der Politur von dunklem Dieselkraftstoff zu erzielen, wird empfohlen, zun\u00e4chst mechanische Verunreinigungen mit der <a href=\"https:\/\/globecore.com\/products\/oil-filtration-pumping\/cfu-oil-filtration-unit\/\">CMM-4.0F<\/a> Einheit und Wasser mit der <a href=\"https:\/\/globecore.com\/products\/oil-filtration-pumping\/cmm-1cf\/\">CMM-1.0CF<\/a> Einheit zu entfernen.<\/p>"},{"tab_title":"Vorteile","tab_content":"<ul>\r\n \t<li style=\"text-align: justify;\">Benutzerfreundlichkeit. Die Einheit wird schnell an Tanks f\u00fcr sauberes und verschmutztes \u00d6l \u00fcber Camlock-Schnellkupplungen angeschlossen; der \u00d6lreinigungsprozess wird durch Sichtgl\u00e4ser visuell \u00fcberwacht; ein Wartungs- und Reinigungsdeckel ist am Boden der S\u00e4ulen vorgesehen.<\/li>\r\n \t<li style=\"text-align: justify;\">Die Einheit kann im Automatikmodus betrieben werden. Der erforderliche Betriebsmodus wird ausgew\u00e4hlt, und die Aktuatoren werden \u00fcber das Touchpanel gesteuert, das ein mnemonisches Diagramm der Einheit anzeigt. Um die Steuerungstasten zu aktivieren, muss der Bediener diese nur ber\u00fchren.<\/li>\r\n \t<li style=\"text-align: justify;\">Das Adsorbens wird ohne Entfernung aus der Einheit regeneriert und kann sofort nach dem Abk\u00fchlen f\u00fcr den n\u00e4chsten Regenerationszyklus verwendet werden. Am Ende der letzten Reaktivierung kann das Adsorbens als Bauaggregat oder in der Landwirtschaft zur Lockerung kompakter B\u00f6den verwendet werden.<\/li>\r\n \t<li style=\"text-align: justify;\">Es treten keine sch\u00e4dlichen Emissionen in die Umwelt w\u00e4hrend des Betriebs der Einheit auf. Die Einheit ist mit einem zweistufigen System zur Neutralisierung von Verbrennungsprodukten ausgestattet, das aus einem Kohlenstofffilter und einem Katalysator besteht.<\/li>\r\n<\/ul>"},{"tab_title":"Anwendung","tab_content":"[product_oil_types]"}],"add_video_tab":[{"video_tab_title":"Video","add_video_id":[{"video_id":"bx2q_Y5sRC4"}]}],"add_gallery_tab":[{"gallery_tab_title":"Foto","add_img":[59088,59079,59070]}],"add_price_tab":[{"price_tab_title":"Get a Quote"}]},"language":"de","_links":{"self":[{"href":"https:\/\/globecore.com\/de\/wp-json\/wp\/v2\/pages\/148260","targetHints":{"allow":["GET"]}}],"collection":[{"href":"https:\/\/globecore.com\/de\/wp-json\/wp\/v2\/pages"}],"about":[{"href":"https:\/\/globecore.com\/de\/wp-json\/wp\/v2\/types\/page"}],"author":[{"embeddable":true,"href":"https:\/\/globecore.com\/de\/wp-json\/wp\/v2\/users\/59"}],"replies":[{"embeddable":true,"href":"https:\/\/globecore.com\/de\/wp-json\/wp\/v2\/comments?post=148260"}],"version-history":[{"count":1,"href":"https:\/\/globecore.com\/de\/wp-json\/wp\/v2\/pages\/148260\/revisions"}],"predecessor-version":[{"id":336092,"href":"https:\/\/globecore.com\/de\/wp-json\/wp\/v2\/pages\/148260\/revisions\/336092"}],"up":[{"embeddable":true,"href":"https:\/\/globecore.com\/de\/wp-json\/wp\/v2\/pages\/147207"}],"wp:featuredmedia":[{"embeddable":true,"href":"https:\/\/globecore.com\/de\/wp-json\/wp\/v2\/media\/145667"}],"wp:attachment":[{"href":"https:\/\/globecore.com\/de\/wp-json\/wp\/v2\/media?parent=148260"}],"wp:term":[{"taxonomy":"category","embeddable":true,"href":"https:\/\/globecore.com\/de\/wp-json\/wp\/v2\/categories?post=148260"}],"curies":[{"name":"wp","href":"https:\/\/api.w.org\/{rel}","templated":true}]}}