{"id":148263,"date":"2022-06-22T07:37:17","date_gmt":"2022-06-22T07:37:17","guid":{"rendered":"https:\/\/globecore.com\/products\/fuel-purification-and-clarification\/dark-heating-fuel-purification-and-clarification-machine-cmm-6rl\/"},"modified":"2026-03-06T08:56:06","modified_gmt":"2026-03-06T08:56:06","slug":"dark-heating-fuel-purification-and-clarification-machine-cmm-6rl","status":"publish","type":"page","link":"https:\/\/globecore.com\/de\/products\/fuel-purification-and-clarification\/dark-heating-fuel-purification-and-clarification-machine-cmm-6rl\/","title":{"rendered":"CMM-6RL Dunkelheiz\u00f6l-Poliermaschine"},"content":{"rendered":"","protected":false},"excerpt":{"rendered":"<p>Die Einheit CMM-6RL bietet eine effiziente und umweltfreundliche Aufbereitung von dunklem Heiz\u00f6l. Sie verf\u00fcgt \u00fcber sechs S\u00e4ulen, jede mit 150\u202fkg nat\u00fcrlichem Adsorbent, das sch\u00e4dliche Verunreinigungen und Oxidationsprodukte entfernt und sicher zur\u00fcckh\u00e4lt. Durch das Passieren des Kraftstoffs durch die Adsorbentschichten erh\u00e4lt man gekl\u00e4rten, geruchfreien Kraftstoff, der f\u00fcr breitere Anwendungen oder h\u00f6herwertigen Verkauf geeignet ist. Die Einheit erm\u00f6glicht eine In-situ-Adsorbent-Reaktivierung, ohne das Material aus den S\u00e4ulen zu entfernen. Adsorbentien k\u00f6nnen auch durch Verbrennen zur\u00fcckgewonnen und bis zu 300 Mal wiederverwendet werden. Die CMM-6RL verarbeitet 0,45\u202fm\u00b3\/h, wobei die Reaktivierung des Sorbents bis zu 19 Stunden dauert. Das standardm\u00e4\u00dfige Polieren des Kraftstoffs dauert 6 Stunden und verbraucht 1,5\u202fkW\/h.<\/p>\n","protected":false},"author":59,"featured_media":145667,"parent":147207,"menu_order":0,"comment_status":"closed","ping_status":"closed","template":"templates\/single-product.php","meta":{"_acf_changed":false,"_bbp_topic_count":0,"_bbp_reply_count":0,"_bbp_total_topic_count":0,"_bbp_total_reply_count":0,"_bbp_voice_count":0,"_bbp_anonymous_reply_count":0,"_bbp_topic_count_hidden":0,"_bbp_reply_count_hidden":0,"_bbp_forum_subforum_count":0,"footnotes":""},"categories":[2396],"class_list":["post-148263","page","type-page","status-publish","has-post-thumbnail","hentry","category-kraftstoffreinigung","oil_type-dieselkraftstoff","oil_type-fr3-dielektrikum","oil_type-fyrquel-feuerbestandiges-fluid","oil_type-getriebeol","oil_type-hydraulikol","oil_type-industrieol","oil_type-kabelol","oil_type-kompressorol","oil_type-midel-7131-dielektrikum","oil_type-silikonol","oil_type-transformatorenol","oil_type-turbinenol","process_type-filtration-de","process_type-regeneration-de"],"acf":{"add_tab":[{"tab_title":"Beschreibung","tab_content":"<p style=\"text-align: justify;\">Heiz\u00f6l ist eine Art von Erd\u00f6lprodukten, die am meisten im Bereich der Beheizung von Wohn- und Industriegeb\u00e4uden verwendet wird. Anwendungen in der Landwirtschaft (Getreide Trocknung) und in der Backwarenproduktion (Brennstoff f\u00fcr \u00d6fen) sind ebenfalls m\u00f6glich. Zum Beispiel kann Dieselkraftstoff, der nicht den technischen Anforderungen f\u00fcr den Betrieb in Dieselmotoren entspricht, als Heiz\u00f6l verwendet werden.<\/p>\r\n<p style=\"text-align: justify;\">Heiz\u00f6l wird in dunkle und helle Typen unterteilt. Der Anwendungsbereich von hellem Heiz\u00f6l ist in der Regel breiter, da es weniger sch\u00e4dliche Verunreinigungen enth\u00e4lt. Dunkles Heiz\u00f6l enth\u00e4lt Schwefel und Asphalt-Harze, die nach der Oxidation mit Carbons\u00e4uren, Hydroxycarbons\u00e4uren, Phenolen, Seifen usw. erg\u00e4nzt werden. Daher ist es ratsam, dunkles Heiz\u00f6l vor der Verwendung zu reinigen. Es kommt auch vor, dass dunkles Heiz\u00f6l in seinen Parametern Dieselkraftstoff \u00e4hnlich ist, aber eine unbrauchbare Farbe und einen unangenehmen Geruch hat, was ebenfalls den Anwendungsbereich erheblich einschr\u00e4nkt.<\/p>\r\n\r\n<h2 style=\"text-align: center;\">Dunkles Heiz\u00f6l Polieren im CMM-6RL Ger\u00e4t<\/h2>\r\n<p style=\"text-align: justify;\">Um zu vermeiden, dass das dunkle Heiz\u00f6l als Ballast gelagert wird, wird es gereinigt und gekl\u00e4rt, um seinen Anwendungsbereich zu erweitern. Spezielle Chemikalien k\u00f6nnen verwendet werden. Allerdings ist die chemische Reinigung schwer umzusetzen und wird von der Bildung von Nebenprodukten begleitet, zum Beispiel saurem Teer, der schwer zu entsorgen ist.<\/p>\r\n<p style=\"text-align: justify;\"><strong><em>GlobeCore<\/em><\/strong> Technologie f\u00fcr das Polieren von dunklem Heiz\u00f6l ist praktischer und umweltfreundlicher. Sie wird im CMM-6RL Ger\u00e4t umgesetzt. Das Ger\u00e4t besteht aus sechs S\u00e4ulen, in denen jeweils 150 Kilogramm nat\u00fcrlichen Adsorbens enthalten sind. Das Adsorbens hat eine sehr hohe Absorptionsf\u00e4higkeit f\u00fcr sch\u00e4dliche Verunreinigungen und Oxidationsprodukte des dunklen Heiz\u00f6ls. Das Adsorbens absorbiert nicht nur diese Verunreinigungen, sondern speichert sie auch sicher in seinen Granulaten. Um das Heiz\u00f6l zu reinigen und zu kl\u00e4ren, reicht es aus, es einfach durch die Adsorbenschicht zu leiten. Nach dem Durchgang durch das CMM-6RL Ger\u00e4t ist das dunkle Heiz\u00f6l gekl\u00e4rt und hat keinen unangenehmen Geruch mehr, was es erm\u00f6glicht, den Anwendungsbereich zu erweitern oder es zu einem h\u00f6heren Preis zu verkaufen.<\/p>\r\n\r\n<h2 style=\"text-align: center;\">Betriebsmerkmale des CMM-6RL Ger\u00e4ts f\u00fcr das Polieren von dunklem Heiz\u00f6l<\/h2>\r\n<p style=\"text-align: justify;\">Das Hauptmerkmal des CMM-6RL Ger\u00e4ts ist die M\u00f6glichkeit, das Adsorbens zu reaktivieren, ohne es aus den Regenerationss\u00e4ulen zu entfernen. Wenn das verwendete Adsorbens in anderen Ger\u00e4ten \u00e4hnlicher Bestimmung entsorgt werden muss, sorgt die <strong><em>GlobeCore<\/em><\/strong> Technologie f\u00fcr die R\u00fcckgewinnung des Adsorbens durch Verbrennung sowie f\u00fcr die wiederholte Nutzung des Adsorbens zum Polieren von dunklem Heiz\u00f6l (mindestens 300 Reaktivierungen).<\/p>\r\n\r\n<h2 style=\"text-align: center;\">Dauer der Betriebszyklen und Stromverbrauch<\/h2>\r\n<p style=\"text-align: justify;\">Das CMM-6RL Ger\u00e4t f\u00fcr das Polieren von dunklem Heiz\u00f6l arbeitet nacheinander in den folgenden Modi:<\/p>\r\n\r\n<ol style=\"text-align: justify;\">\r\n \t<li>Polieren des Brennstoffs (Dauer \u2014 6 h, Stromverbrauch \u2014 1,5 kW\/h);<\/li>\r\n<\/ol>\r\n<ol style=\"text-align: justify;\">\r\n \t<li>Reaktivierung des Adsorbens:<\/li>\r\n<\/ol>\r\n<ul>\r\n \t<li style=\"text-align: justify;\">Vorbereitung (Dauer \u2014 1 h, Stromverbrauch \u2014 6,25 kW\/h);<\/li>\r\n \t<li style=\"text-align: justify;\">Z\u00fcndung des Adsorbens (Dauer \u2014 1 h, Stromverbrauch \u2014 17,5 kW\/h);<\/li>\r\n \t<li style=\"text-align: justify;\">Verbrennung des Adsorbens (Dauer \u2014 15 h, Stromverbrauch \u2014 25,5 kW\/h);<\/li>\r\n \t<li style=\"text-align: justify;\">Nachf\u00fcllung (Dauer \u2014 0,5 h, Stromverbrauch \u2014 6,5 kW\/h).<\/li>\r\n<\/ul>"}],"add_def_tab":[{"tab_title":"Technische Daten","tab_content":"<table width=\"602\">\r\n<tbody>\r\n<tr>\r\n<td width=\"63\"><strong>Nr.<\/strong><\/td>\r\n<td style=\"text-align: center;\" width=\"435\"><strong>Parameter<\/strong><\/td>\r\n<td style=\"text-align: center;\" width=\"103\"><strong>Wert<\/strong><\/td>\r\n<\/tr>\r\n<tr>\r\n<td width=\"63\">1<\/td>\r\n<td width=\"435\">Kapazit\u00e4t, m<sup>3<\/sup>\/h<\/td>\r\n<td style=\"text-align: center;\" width=\"103\">0,45*<\/td>\r\n<\/tr>\r\n<tr>\r\n<td width=\"63\">2<\/td>\r\n<td width=\"435\">Dauer der Adsorbens-Reaktivierung, maximal<\/td>\r\n<td style=\"text-align: center;\" width=\"103\">19 Stunden<\/td>\r\n<\/tr>\r\n<tr>\r\n<td width=\"63\">3<\/td>\r\n<td width=\"435\">Ben\u00f6tigter Stromverbrauch, kW<\/td>\r\n<td style=\"text-align: center;\" width=\"103\">14,5<\/td>\r\n<\/tr>\r\n<tr>\r\n<td width=\"63\">4<\/td>\r\n<td width=\"435\">Dreiphasen-AC-Stromversorgung, 50, 60 Hz, Spannung, V<\/td>\r\n<td style=\"text-align: center;\" width=\"103\">380<\/td>\r\n<\/tr>\r\n<tr>\r\n<td width=\"63\">5<\/td>\r\n<td width=\"435\">Abmessungen, mm, maximal\r\n\u2013 L\u00e4nge\u2013 Breite\u2013 H\u00f6he<\/td>\r\n<td width=\"103\">&nbsp;\r\n<p style=\"text-align: center;\">2820<\/p>\r\n<p style=\"text-align: center;\">1570<\/p>\r\n<p style=\"text-align: center;\">1520<\/p>\r\n<\/td>\r\n<\/tr>\r\n<tr>\r\n<td width=\"63\">6<\/td>\r\n<td width=\"435\">Gewicht, kg, maximal<\/td>\r\n<td style=\"text-align: center;\" width=\"103\">2100<\/td>\r\n<\/tr>\r\n<\/tbody>\r\n<\/table>\r\n* \u2013 Um das beste Ergebnis beim Polieren des dunklen Heiz\u00f6ls zu erzielen, wird empfohlen, zun\u00e4chst mechanische Verunreinigungen mit dem <a href=\"https:\/\/globecore.com\/de\/products\/oil-filtration-pumping\/cfu-oil-filtration-unit\/\">CMM-4.0F<\/a> Ger\u00e4t und Wasser mit dem <a href=\"https:\/\/globecore.com\/de\/products\/oil-filtration-pumping\/cmm-1cf\/\">CMM-1.0CF<\/a> Ger\u00e4t zu entfernen."},{"tab_title":"Vorteile","tab_content":"<ul>\r\n \t<li style=\"text-align: justify;\">Benutzerfreundlichkeit. Das Ger\u00e4t wird schnell an Tanks f\u00fcr sauberes und schmutziges \u00d6l \u00fcber Camlock-Schnellkupplungen angeschlossen; der \u00d6lreinigungsprozess wird visuell durch Sichtfenster \u00fcberwacht; ein Wartungsdeckel befindet sich am Boden der S\u00e4ulen f\u00fcr deren Wartung und Reinigung.<\/li>\r\n \t<li style=\"text-align: justify;\">Das Ger\u00e4t kann im Automatikmodus betrieben werden. Der erforderliche Betriebsmodus wird ausgew\u00e4hlt, und die Aktuatoren werden \u00fcber das Touchpanel gesteuert, das ein mnemonisches Diagramm des Ger\u00e4ts anzeigt. Um die Steuerungstasten zu aktivieren, muss der Bediener diese nur ber\u00fchren.<\/li>\r\n \t<li style=\"text-align: justify;\">Das Adsorbens wird ohne Entfernung aus dem Ger\u00e4t regeneriert und kann sofort nach dem Abk\u00fchlen f\u00fcr den n\u00e4chsten Regenerationszyklus verwendet werden. Am Ende der letzten Reaktivierung kann das Adsorbens als Baustoff oder in der Landwirtschaft zur Lockerung von kompakten B\u00f6den verwendet werden.<\/li>\r\n \t<li style=\"text-align: justify;\">W\u00e4hrend des Betriebs des Ger\u00e4ts entstehen keine sch\u00e4dlichen Emissionen in die Umwelt. Das Ger\u00e4t ist mit einem zweistufigen System zur Neutralisierung der Abgasprodukte ausgestattet, das aus einem Kohlenstofffilter und einem Katalysator besteht.<\/li>\r\n<\/ul>"},{"tab_title":"Anwendung","tab_content":"[product_oil_types]"}],"add_video_tab":[{"video_tab_title":"Video","add_video_id":[{"video_id":"i22pbapQp8U"}]}],"add_gallery_tab":[{"gallery_tab_title":"Foto","add_img":[59088,59079,59070]}],"add_price_tab":[{"price_tab_title":"Get a Quote"}]},"language":"de","_links":{"self":[{"href":"https:\/\/globecore.com\/de\/wp-json\/wp\/v2\/pages\/148263","targetHints":{"allow":["GET"]}}],"collection":[{"href":"https:\/\/globecore.com\/de\/wp-json\/wp\/v2\/pages"}],"about":[{"href":"https:\/\/globecore.com\/de\/wp-json\/wp\/v2\/types\/page"}],"author":[{"embeddable":true,"href":"https:\/\/globecore.com\/de\/wp-json\/wp\/v2\/users\/59"}],"replies":[{"embeddable":true,"href":"https:\/\/globecore.com\/de\/wp-json\/wp\/v2\/comments?post=148263"}],"version-history":[{"count":1,"href":"https:\/\/globecore.com\/de\/wp-json\/wp\/v2\/pages\/148263\/revisions"}],"predecessor-version":[{"id":336096,"href":"https:\/\/globecore.com\/de\/wp-json\/wp\/v2\/pages\/148263\/revisions\/336096"}],"up":[{"embeddable":true,"href":"https:\/\/globecore.com\/de\/wp-json\/wp\/v2\/pages\/147207"}],"wp:featuredmedia":[{"embeddable":true,"href":"https:\/\/globecore.com\/de\/wp-json\/wp\/v2\/media\/145667"}],"wp:attachment":[{"href":"https:\/\/globecore.com\/de\/wp-json\/wp\/v2\/media?parent=148263"}],"wp:term":[{"taxonomy":"category","embeddable":true,"href":"https:\/\/globecore.com\/de\/wp-json\/wp\/v2\/categories?post=148263"}],"curies":[{"name":"wp","href":"https:\/\/api.w.org\/{rel}","templated":true}]}}