{"id":148266,"date":"2022-06-28T09:55:15","date_gmt":"2022-06-28T09:55:15","guid":{"rendered":"https:\/\/globecore.com\/products\/fuel-purification-and-clarification\/low-viscosity-marine-fuel-clarificationand-purification-machine-cmm-6rl\/"},"modified":"2026-03-06T08:59:59","modified_gmt":"2026-03-06T08:59:59","slug":"low-viscosity-marine-fuel-clarificationand-purification-machine-cmm-6rl","status":"publish","type":"page","link":"https:\/\/globecore.com\/de\/products\/fuel-purification-and-clarification\/low-viscosity-marine-fuel-clarificationand-purification-machine-cmm-6rl\/","title":{"rendered":"CMM-6RL Polierger\u00e4t f\u00fcr niedrigviskosen Schiffskraftstoff"},"content":{"rendered":"","protected":false},"excerpt":{"rendered":"<p>Die Einheit CMM-6RL von GlobeCore bietet adsorbentbasiertes Polieren von Marine-Diesel mit niedriger Viskosit\u00e4t. Sie verf\u00fcgt \u00fcber sechs S\u00e4ulen, die mit nat\u00fcrlichem Adsorbent gef\u00fcllt sind, das sch\u00e4dliche Verunreinigungen aufnimmt und in seinen K\u00f6rnern zur\u00fcckh\u00e4lt. Das Ergebnis ist gekl\u00e4rter Marine-Diesel mit reduziertem Schwefelgehalt, einsatzbereit in Dieselmotoranlagen und konform mit Umweltvorschriften. Im Gegensatz zu herk\u00f6mmlichen Adsorptionsmethoden erlaubt das GlobeCore-System die In-situ-Reaktivierung des Adsorbents durch Verbrennen, wodurch eine Entsorgung entf\u00e4llt. Nach der Reaktivierung und Abk\u00fchlung kann das Adsorbent erneut zur Kraftstoffreinigung verwendet werden. Die Einheit hat eine Verarbeitungskapazit\u00e4t von 0,45\u202fm\u00b3\/h, wobei die Sorbentreaktivierung bis zu 19 Stunden dauert. Das standardm\u00e4\u00dfige Polieren des Kraftstoffs dauert 6 Stunden und verbraucht 1,5\u202fkW\/h.<\/p>\n","protected":false},"author":59,"featured_media":145667,"parent":147207,"menu_order":0,"comment_status":"closed","ping_status":"closed","template":"templates\/single-product.php","meta":{"_acf_changed":false,"_bbp_topic_count":0,"_bbp_reply_count":0,"_bbp_total_topic_count":0,"_bbp_total_reply_count":0,"_bbp_voice_count":0,"_bbp_anonymous_reply_count":0,"_bbp_topic_count_hidden":0,"_bbp_reply_count_hidden":0,"_bbp_forum_subforum_count":0,"footnotes":""},"categories":[2396],"class_list":["post-148266","page","type-page","status-publish","has-post-thumbnail","hentry","category-kraftstoffreinigung","oil_type-dieselkraftstoff","oil_type-fr3-dielektrikum","oil_type-fyrquel-feuerbestandiges-fluid","oil_type-getriebeol","oil_type-hydraulikol","oil_type-industrieol","oil_type-kabelol","oil_type-kompressorol","oil_type-midel-7131-dielektrikum","oil_type-silikonol","oil_type-transformatorenol","oil_type-turbinenol","process_type-filtration-de","process_type-regeneration-de"],"acf":{"add_tab":[{"tab_title":"Beschreibung","tab_content":"<p style=\"text-align: justify;\">Die Kraftstoffkosten machen den Gro\u00dfteil der Betriebskosten in der Schifffahrt aus. Niedrigviskoser Schiffskraftstoff wird am h\u00e4ufigsten in mittel- und hochdrehenden Dieselmotoren eingesetzt. Er \u00e4hnelt zwar Dieselkraftstoff f\u00fcr Fahrzeuge, weist jedoch einige Unterschiede auf:<\/p>\r\n\r\n<ul style=\"text-align: justify;\">\r\n \t<li>niedrigere Cetanzahl;<\/li>\r\n \t<li>h\u00f6herer Schwefelgehalt;<\/li>\r\n \t<li>h\u00f6here Viskosit\u00e4t.<\/li>\r\n<\/ul>\r\n<p style=\"text-align: justify;\">Derzeit gibt es keine Einschr\u00e4nkungen f\u00fcr die Verwendung von niedrigviskosem Schiffskraftstoff. Versch\u00e4rfte Umweltvorschriften zwingen jedoch die Fluss- und Seeschifffahrt, auf Kraftstoffe mit niedrigem Schwefelgehalt umzusteigen. Da die Preise f\u00fcr solche Kraftstoffe sehr hoch sind, wird h\u00e4ufig auf g\u00fcnstigere Schiffskraftstoffe zur\u00fcckgegriffen, die vor ihrer Verwendung durch Reduzierung unerw\u00fcnschter Umweltverunreinigungen, einschlie\u00dflich Schwefel, aufbereitet werden m\u00fcssen.<\/p>\r\n\r\n<h2 style=\"text-align: center;\">Methoden zur Aufbereitung von niedrigviskosem Schiffskraftstoff<\/h2>\r\n<p style=\"text-align: justify;\">Zur Voraufbereitung von niedrigviskosem Schiffskraftstoff werden Filtration, Schwerkraft- und Zentrifugalreinigung eingesetzt. Diese Methoden konzentrieren sich haupts\u00e4chlich auf die Entfernung mechanischer Verunreinigungen und Wasser, haben jedoch nur geringen Einfluss auf den Gehalt umweltsch\u00e4dlicher Verunreinigungen.<\/p>\r\n<p style=\"text-align: justify;\">F\u00fcr diese Aufgabe empfiehlt sich die Reinigung und Kl\u00e4rung von niedrigviskosem Schiffskraftstoff mit Adsorbentien.<\/p>\r\n\r\n<h2 style=\"text-align: center;\">Polieren von niedrigviskosem Schiffskraftstoff mit der CMM-6RL Einheit<\/h2>\r\n<p style=\"text-align: justify;\">Das Polieren niedrigviskoser Schiffskraftstoffe mit Adsorbentien wird in der CMM-6RL Einheit von <strong><em>GlobeCore<\/em><\/strong> durchgef\u00fchrt. Diese Einheit besteht aus sechs S\u00e4ulen, die mit einem nat\u00fcrlichen Adsorbens gef\u00fcllt sind.<\/p>\r\n<p style=\"text-align: justify;\">Der Kraftstoff wird durch die S\u00e4ulen gepumpt, wobei das Adsorbens sch\u00e4dliche Verunreinigungen auff\u00e4ngt und in seinen Granulaten zur\u00fcckh\u00e4lt. Am Ausgang der Einheit erh\u00e4lt man gekl\u00e4rten niedrigviskosen Schiffskraftstoff mit reduziertem Schwefelgehalt, der vollst\u00e4ndig f\u00fcr den Einsatz in Schiffsdiesel-Motoranlagen geeignet ist und die Anforderungen der Umweltvorschriften erf\u00fcllt.<\/p>\r\n\r\n<h2 style=\"text-align: center;\">Betriebsmerkmale der CMM-6RL Einheit<\/h2>\r\n<p style=\"text-align: justify;\">Zu den Nachteilen der adsorptiven Reinigungsmethode f\u00fcr \u00d6le und Kraftstoffe geh\u00f6rt die Notwendigkeit, verbrauchte Adsorbentien zu lagern und zu entsorgen. Bei der Ausr\u00fcstung von <strong><em>GlobeCore<\/em><\/strong> besteht dieses Problem nicht, da die Eigenschaften des Adsorbens durch Verbrennung wiederhergestellt werden, ohne dass es aus den S\u00e4ulen entfernt werden muss. Nach der Reaktivierung und Abk\u00fchlung kann das Adsorbens erneut f\u00fcr die Reinigung und Kl\u00e4rung von niedrigviskosem Schiffskraftstoff verwendet werden.<\/p>\r\n\r\n<h2 style=\"text-align: center;\">Dauer der Betriebszyklen und Stromverbrauch<\/h2>\r\n<p style=\"text-align: justify;\">Die CMM-6RL Einheit f\u00fcr die Reinigung und Kl\u00e4rung niedrigviskoser Schiffskraftstoffe arbeitet in folgenden Modi:<\/p>\r\n\r\n<ol style=\"text-align: justify;\">\r\n \t<li>Polieren des Kraftstoffs (Dauer \u2014 6 Stunden, Stromverbrauch \u2014 1,5 kW\/h);<\/li>\r\n \t<li>Reaktivierung des Adsorbens:<\/li>\r\n<\/ol>\r\n<ul>\r\n \t<li style=\"text-align: justify;\">Vorbereitung (Dauer \u2014 1 Stunde, Stromverbrauch \u2014 6,25 kW\/h);<\/li>\r\n \t<li style=\"text-align: justify;\">Z\u00fcndung des Adsorbens (Dauer \u2014 1 Stunde, Stromverbrauch \u2014 17,5 kW\/h);<\/li>\r\n \t<li style=\"text-align: justify;\">Verbrennung des Adsorbens (Dauer \u2014 15 Stunden, Stromverbrauch \u2014 25,5 kW\/h);<\/li>\r\n \t<li style=\"text-align: justify;\">Nachf\u00fcllen (Dauer \u2014 0,5 Stunden, Stromverbrauch \u2014 6,5 kW\/h).<\/li>\r\n<\/ul>"}],"add_def_tab":[{"tab_title":"Technische Daten","tab_content":"<table width=\"602\">\r\n<tbody>\r\n<tr>\r\n<td width=\"63\"><strong>Nr.<\/strong><\/td>\r\n<td style=\"text-align: center;\" width=\"435\"><strong>Parameter<\/strong><\/td>\r\n<td style=\"text-align: center;\" width=\"103\"><strong>Wert<\/strong><\/td>\r\n<\/tr>\r\n<tr>\r\n<td width=\"63\">1<\/td>\r\n<td width=\"435\">Kapazit\u00e4t, m<sup>3<\/sup>\/h<\/td>\r\n<td style=\"text-align: center;\" width=\"103\">0,45*<\/td>\r\n<\/tr>\r\n<tr>\r\n<td width=\"63\">2<\/td>\r\n<td width=\"435\">Reaktivierungszeit des Sorbens, maximal<\/td>\r\n<td style=\"text-align: center;\" width=\"103\">19 Stunden<\/td>\r\n<\/tr>\r\n<tr>\r\n<td width=\"63\">3<\/td>\r\n<td width=\"435\">Erforderlicher Stromverbrauch, kW<\/td>\r\n<td style=\"text-align: center;\" width=\"103\">14,5<\/td>\r\n<\/tr>\r\n<tr>\r\n<td width=\"63\">4<\/td>\r\n<td width=\"435\">Dreiphasige AC-Versorgungsspannung, 50\/60 Hz, V<\/td>\r\n<td style=\"text-align: center;\" width=\"103\">380<\/td>\r\n<\/tr>\r\n<tr>\r\n<td width=\"63\">5<\/td>\r\n<td width=\"435\">Abmessungen, mm, maximal\r\n\u2013 L\u00e4nge\u2013 Breite\u2013 H\u00f6he<\/td>\r\n<td width=\"103\">\r\n<p style=\"text-align: center;\">2820<\/p>\r\n<p style=\"text-align: center;\">1570<\/p>\r\n<p style=\"text-align: center;\">1520<\/p>\r\n<\/td>\r\n<\/tr>\r\n<tr>\r\n<td width=\"63\">6<\/td>\r\n<td width=\"435\">Gewicht, kg, maximal<\/td>\r\n<td style=\"text-align: center;\" width=\"103\">2100<\/td>\r\n<\/tr>\r\n<\/tbody>\r\n<\/table>\r\n\u2013 Um die besten Ergebnisse bei der Politur von niedrigviskosem Schiffskraftstoff zu erzielen, wird empfohlen, mechanische Verunreinigungen zun\u00e4chst mit der <a href=\"https:\/\/globecore.com\/de\/products\/oil-filtration-pumping\/cfu-oil-filtration-unit\/\">CMM-4.0F<\/a>-Einheit zu entfernen und Wasser mit der <a href=\"https:\/\/globecore.com\/de\/products\/oil-filtration-pumping\/cmm-1cf\/\">CMM-1.0CF<\/a>-Einheit zu beseitigen."},{"tab_title":"Vorteile ","tab_content":"<ul>\r\n \t<li style=\"text-align: justify;\">Bedienkomfort. Die Einheit wird schnell \u00fcber Camlock-Schnellkupplungen mit Tanks f\u00fcr sauberes und verschmutztes \u00d6l verbunden; der Reinigungsprozess wird visuell durch Schaugl\u00e4ser \u00fcberwacht. Ein Wartungsschacht am Boden der S\u00e4ulen erleichtert deren Wartung und Reinigung.<\/li>\r\n \t<li style=\"text-align: justify;\">Die Einheit kann im Automatikmodus betrieben werden. Der gew\u00fcnschte Betriebsmodus wird ausgew\u00e4hlt, und die Aktoren werden \u00fcber das Touchpanel gesteuert, das ein mnemonisches Diagramm der Einheit anzeigt. Um die Steuerungstasten zu aktivieren, muss der Bediener sie nur ber\u00fchren.<\/li>\r\n \t<li style=\"text-align: justify;\">Das Adsorbens wird regeneriert, ohne aus der Einheit entfernt zu werden, und kann nach dem Abk\u00fchlen sofort f\u00fcr den n\u00e4chsten Regenerationszyklus verwendet werden. Am Ende der letzten Reaktivierung kann das Adsorbens als Bauzuschlagstoff oder in der Landwirtschaft zur Lockerung verdichteter B\u00f6den verwendet werden.<\/li>\r\n \t<li style=\"text-align: justify;\">W\u00e4hrend des Betriebs der Einheit entstehen keine sch\u00e4dlichen Emissionen in die Umwelt. Die Einheit ist mit einem zweistufigen System zur Neutralisierung von Verbrennungsprodukten ausgestattet, das aus einem Kohlefilter und einem Katalysator besteht.<\/li>\r\n<\/ul>"},{"tab_title":"Anwendung","tab_content":"[product_oil_types]"}],"add_video_tab":null,"add_gallery_tab":[{"gallery_tab_title":"Foto","add_img":[59088,59079,59070]}],"add_price_tab":null},"language":"de","_links":{"self":[{"href":"https:\/\/globecore.com\/de\/wp-json\/wp\/v2\/pages\/148266","targetHints":{"allow":["GET"]}}],"collection":[{"href":"https:\/\/globecore.com\/de\/wp-json\/wp\/v2\/pages"}],"about":[{"href":"https:\/\/globecore.com\/de\/wp-json\/wp\/v2\/types\/page"}],"author":[{"embeddable":true,"href":"https:\/\/globecore.com\/de\/wp-json\/wp\/v2\/users\/59"}],"replies":[{"embeddable":true,"href":"https:\/\/globecore.com\/de\/wp-json\/wp\/v2\/comments?post=148266"}],"version-history":[{"count":1,"href":"https:\/\/globecore.com\/de\/wp-json\/wp\/v2\/pages\/148266\/revisions"}],"predecessor-version":[{"id":336100,"href":"https:\/\/globecore.com\/de\/wp-json\/wp\/v2\/pages\/148266\/revisions\/336100"}],"up":[{"embeddable":true,"href":"https:\/\/globecore.com\/de\/wp-json\/wp\/v2\/pages\/147207"}],"wp:featuredmedia":[{"embeddable":true,"href":"https:\/\/globecore.com\/de\/wp-json\/wp\/v2\/media\/145667"}],"wp:attachment":[{"href":"https:\/\/globecore.com\/de\/wp-json\/wp\/v2\/media?parent=148266"}],"wp:term":[{"taxonomy":"category","embeddable":true,"href":"https:\/\/globecore.com\/de\/wp-json\/wp\/v2\/categories?post=148266"}],"curies":[{"name":"wp","href":"https:\/\/api.w.org\/{rel}","templated":true}]}}