{"id":148274,"date":"2021-05-24T06:35:19","date_gmt":"2021-05-24T06:35:19","guid":{"rendered":"https:\/\/globecore.com\/products\/transformer-maintenance\/transformer-evacuation-systems-bv\/"},"modified":"2026-03-06T11:43:35","modified_gmt":"2026-03-06T11:43:35","slug":"transformer-evacuation-systems-bv","status":"publish","type":"page","link":"https:\/\/globecore.com\/de\/products\/transformer-maintenance\/transformer-evacuation-systems-bv\/","title":{"rendered":"BV-3000 Transformator-Evakuierungssystem"},"content":{"rendered":"","protected":false},"excerpt":{"rendered":"<p>Das Transformator-Evakuierungssystem BV-3000 ist daf\u00fcr ausgelegt, das f\u00fcr die Evakuierung von Transformator\u00f6ltanks erforderliche Vakuum zu erzeugen. Es wird w\u00e4hrend der Montage, Wartung und des Betriebs von \u00f6lgef\u00fcllten Anlagen, einschlie\u00dflich Leistungstransformatoren und Hochspannungsschaltern, bis 1.150\u202fkV eingesetzt. Die Einheit eignet sich f\u00fcr die Evakuierung und Trocknung von Transformatoren und ist ideal f\u00fcr Installations-, Reparatur- und Wartungsunternehmen, die mit Transformator\u00f6laufbereitung und Transformatorservice arbeiten.<\/p>\n","protected":false},"author":59,"featured_media":134956,"parent":146064,"menu_order":0,"comment_status":"closed","ping_status":"closed","template":"templates\/single-product.php","meta":{"_acf_changed":false,"_bbp_topic_count":0,"_bbp_reply_count":0,"_bbp_total_topic_count":0,"_bbp_total_reply_count":0,"_bbp_voice_count":0,"_bbp_anonymous_reply_count":0,"_bbp_topic_count_hidden":0,"_bbp_reply_count_hidden":0,"_bbp_forum_subforum_count":0,"footnotes":""},"categories":[2481],"class_list":["post-148274","page","type-page","status-publish","has-post-thumbnail","hentry","category-wartung-von-transformatoren","oil_type-abwaertstransformatoren","oil_type-aufwartstransformatoren","oil_type-spezialtransformatoren","oil_type-verteilungstransformatoren","process_type-dehydrierung"],"acf":{"add_tab":[{"tab_title":"Beschreibung","tab_content":"<p style=\"text-align: justify;\"><span style=\"font-weight: 400;\">Das Transformator-Evakuierungssystem BV ist f\u00fcr die Erzeugung des notwendigen Vakuumvolumens zur Evakuierung von Transformatorbeh\u00e4ltern konzipiert. Die Einheit wird bei der Montage, Wartung und im Betrieb von \u00f6lgef\u00fcllten Ger\u00e4ten (Leistungstransformatoren, Hochspannungsschalter usw.) mit einer Spannung von bis zu 1150 kV eingesetzt. Sie kann sowohl zur Evakuierung als auch zur Trocknung von Transformatoren verwendet werden. Das System eignet sich f\u00fcr Installations-, Reparatur- und Wartungsunternehmen, die mit der Behandlung von Transformator\u00f6l und der Wartung von Transformatoren befasst sind.<\/span><\/p>\r\n<p style=\"text-align: justify;\"><span style=\"font-weight: 400;\">Die Einheit ist nicht f\u00fcr den Einsatz in explosionsgef\u00e4hrdeten oder giftigen Umgebungen sowie in Umgebungen geeignet, die auf Schmierstoffe reagieren.<\/span><\/p>\r\n<p style=\"text-align: justify;\"><span style=\"font-weight: 400;\">Bei der Verwendung des Ger\u00e4ts in Innenr\u00e4umen muss eine Gasabgasleitung installiert werden, um die Gase in die Atmosph\u00e4re abzuleiten.<\/span><\/p>\r\n<p style=\"text-align: center;\"><strong>TECHNISCHE BESCHREIBUNG DER AUSSTATTUNG<\/strong><\/p>\r\n<p style=\"text-align: justify;\"><span style=\"font-weight: 400;\">Das Transformator-Evakuierungssystem BV-3000 ist sowohl f\u00fcr die Evakuierung von Leistungstransformatorbeh\u00e4ltern als auch f\u00fcr die Vakuumtrocknung elektrischer Ger\u00e4te ausgelegt. Es kann auch in Kombination mit Transformator\u00f6laufbereitungsanlagen verwendet werden. Das Evakuierungssystem besteht aus einer zweistufigen Vakuumpumpengruppe (drei Vorvakuumpumpen und einer Booster-Vakuumpumpe).<\/span><\/p>\r\n<p style=\"text-align: justify;\"><span style=\"font-weight: 400;\">Zwei Drehschieber-Vakuumpumpen mit einer Kapazit\u00e4t von jeweils 3\u00d7100 m\u00b3\/h werden als Vorvakuumpumpen eingesetzt; eine Roots-Drehkolbenpumpe wird als Booster-Vakuumpumpe verwendet.<\/span><\/p>\r\n<p style=\"text-align: justify;\"><span style=\"font-weight: 400;\">Die Vorvakuumpumpe wird zur Erzeugung des Anfangsvakuums verwendet, w\u00e4hrend die Booster-Pumpe ein absolutes Vakuum erzeugt.<\/span><\/p>\r\n<p style=\"text-align: justify;\"><span style=\"font-weight: 400;\">Diese Pumpenkombination gew\u00e4hrleistet eine hohe Effizienz des Transformator-Evakuierungssystems mit einer Kapazit\u00e4t von bis zu 3000 m\u00b3\/h bei einem maximalen Vakuumwert von bis zu 0,01 mm.Hg (Torr).<\/span><\/p>"}],"add_def_tab":[{"tab_title":"Technische Daten","tab_content":"<table style=\"height: 1258px;\" width=\"792\">\r\n<tbody>\r\n<tr>\r\n<td style=\"text-align: center;\"><b>N<\/b><\/td>\r\n<td style=\"text-align: center;\"><b>Parameter<\/b><\/td>\r\n<td style=\"text-align: center;\"><b>Wert<\/b><\/td>\r\n<\/tr>\r\n<tr>\r\n<td><span style=\"font-weight: 400;\">1<\/span><\/td>\r\n<td><span style=\"font-weight: 400;\">Saugkapazit\u00e4t, m<\/span><span style=\"font-weight: 400;\">3<\/span><span style=\"font-weight: 400;\">\/h<\/span><\/td>\r\n<td><span style=\"font-weight: 400;\">3000<\/span><\/td>\r\n<\/tr>\r\n<tr>\r\n<td><span style=\"font-weight: 400;\">2<\/span><\/td>\r\n<td><span style=\"font-weight: 400;\">Endvakuum, mm.Hg (T\u043err)<\/span><\/td>\r\n<td><span style=\"font-weight: 400;\">0,01<\/span><\/td>\r\n<\/tr>\r\n<tr>\r\n<td><span style=\"font-weight: 400;\">3<\/span><\/td>\r\n<td><span style=\"font-weight: 400;\">Gef\u00f6rdertes Medium<\/span><\/td>\r\n<td><span style=\"font-weight: 400;\">Luft<\/span><\/td>\r\n<\/tr>\r\n<tr>\r\n<td><span style=\"font-weight: 400;\">4<\/span><\/td>\r\n<td><span style=\"font-weight: 400;\">Stromversorgung:<\/span><\/td>\r\n<td><\/td>\r\n<\/tr>\r\n<tr>\r\n<td><\/td>\r\n<td><span style=\"font-weight: 400;\">Phasen<\/span><\/td>\r\n<td><span style=\"font-weight: 400;\">3<\/span><\/td>\r\n<\/tr>\r\n<tr>\r\n<td><\/td>\r\n<td><span style=\"font-weight: 400;\">Spannung, V<\/span><\/td>\r\n<td><span style=\"font-weight: 400;\">je nach Bedarf<\/span><\/td>\r\n<\/tr>\r\n<tr>\r\n<td><\/td>\r\n<td><span style=\"font-weight: 400;\">Wechselstrom<\/span>\r\n\r\n<span style=\"font-weight: 400;\">Frequenz, Hz<\/span><\/td>\r\n<td><span style=\"font-weight: 400;\">je nach Bedarf<\/span><\/td>\r\n<\/tr>\r\n<tr>\r\n<td><\/td>\r\n<td><span style=\"font-weight: 400;\">Maximale<\/span>\r\n\r\n<span style=\"font-weight: 400;\">Leistungsaufnahme, kW<\/span><\/td>\r\n<td><span style=\"font-weight: 400;\">14<\/span><\/td>\r\n<\/tr>\r\n<tr>\r\n<td><span style=\"font-weight: 400;\">5<\/span><\/td>\r\n<td><span style=\"font-weight: 400;\">Umgebungstemperatur, <\/span><span style=\"font-weight: 400;\">o<\/span><span style=\"font-weight: 400;\">\u0421<\/span><\/td>\r\n<td><span style=\"font-weight: 400;\">5 \u2013 40<\/span><\/td>\r\n<\/tr>\r\n<tr>\r\n<td><span style=\"font-weight: 400;\">6<\/span><\/td>\r\n<td><span style=\"font-weight: 400;\">Anschlussart<\/span>\r\n\r\n<span style=\"font-weight: 400;\">Einlass\/Auslass<\/span><\/td>\r\n<td><span style=\"font-weight: 400;\">Flansch\/Flansch<\/span><\/td>\r\n<\/tr>\r\n<tr>\r\n<td><span style=\"font-weight: 400;\">7<\/span><\/td>\r\n<td><span style=\"font-weight: 400;\">Einlass-\/Auslassdurchmesser, DN,<\/span>\r\n\r\n<span style=\"font-weight: 400;\">mm<\/span><\/td>\r\n<td><span style=\"font-weight: 400;\">DN100\/DN65<\/span><\/td>\r\n<\/tr>\r\n<tr>\r\n<td><span style=\"font-weight: 400;\">8<\/span><\/td>\r\n<td><span style=\"font-weight: 400;\">Abmessungen,<\/span>\r\n\r\n<span style=\"font-weight: 400;\">mm<\/span><\/td>\r\n<td><\/td>\r\n<\/tr>\r\n<tr>\r\n<td><\/td>\r\n<td><span style=\"font-weight: 400;\">L\u00e4nge<\/span><\/td>\r\n<td><span style=\"font-weight: 400;\">1600<\/span><\/td>\r\n<\/tr>\r\n<tr>\r\n<td><\/td>\r\n<td><span style=\"font-weight: 400;\">Breite<\/span><\/td>\r\n<td><span style=\"font-weight: 400;\">1200<\/span><\/td>\r\n<\/tr>\r\n<tr>\r\n<td><\/td>\r\n<td><span style=\"font-weight: 400;\">H\u00f6he<\/span><\/td>\r\n<td><span style=\"font-weight: 400;\">1600<\/span><\/td>\r\n<\/tr>\r\n<tr>\r\n<td><span style=\"font-weight: 400;\">9<\/span><\/td>\r\n<td><span style=\"font-weight: 400;\">Gewicht, kg<\/span><\/td>\r\n<td><span style=\"font-weight: 400;\">900<\/span><\/td>\r\n<\/tr>\r\n<\/tbody>\r\n<\/table>"},{"tab_title":"Vorteile","tab_content":"<ul>\r\n \t<li style=\"font-weight: 400;\" aria-level=\"1\"><span style=\"font-weight: 400;\">Schnelle Entfernung von Luft, Dampf, nicht-aggressiven Gasen und Dampf-Gas-Gemischen dank eines Boosters;<\/span><\/li>\r\n \t<li style=\"font-weight: 400;\" aria-level=\"1\"><span style=\"font-weight: 400;\">Einheiten k\u00f6nnen zur Wartung und Nutzung von \u00f6lgef\u00fcllten Transformatoren und Hochspannungs-Schaltern bis zu einer Spannung von 1150 kV verwendet werden;<\/span><\/li>\r\n \t<li style=\"font-weight: 400;\" aria-level=\"1\"><span style=\"font-weight: 400;\">Evakuierung auf hohem Niveau.<\/span><\/li>\r\n<\/ul>"},{"tab_title":"Anwendung","tab_content":"[product_oil_types]"}],"add_video_tab":[{"video_tab_title":"Video","add_video_id":[{"video_id":"TCIFkX1Z3BE"}]}],"add_gallery_tab":null,"add_price_tab":[{"price_tab_title":"Get a quote"}]},"language":"de","_links":{"self":[{"href":"https:\/\/globecore.com\/de\/wp-json\/wp\/v2\/pages\/148274","targetHints":{"allow":["GET"]}}],"collection":[{"href":"https:\/\/globecore.com\/de\/wp-json\/wp\/v2\/pages"}],"about":[{"href":"https:\/\/globecore.com\/de\/wp-json\/wp\/v2\/types\/page"}],"author":[{"embeddable":true,"href":"https:\/\/globecore.com\/de\/wp-json\/wp\/v2\/users\/59"}],"replies":[{"embeddable":true,"href":"https:\/\/globecore.com\/de\/wp-json\/wp\/v2\/comments?post=148274"}],"version-history":[{"count":2,"href":"https:\/\/globecore.com\/de\/wp-json\/wp\/v2\/pages\/148274\/revisions"}],"predecessor-version":[{"id":336139,"href":"https:\/\/globecore.com\/de\/wp-json\/wp\/v2\/pages\/148274\/revisions\/336139"}],"up":[{"embeddable":true,"href":"https:\/\/globecore.com\/de\/wp-json\/wp\/v2\/pages\/146064"}],"wp:featuredmedia":[{"embeddable":true,"href":"https:\/\/globecore.com\/de\/wp-json\/wp\/v2\/media\/134956"}],"wp:attachment":[{"href":"https:\/\/globecore.com\/de\/wp-json\/wp\/v2\/media?parent=148274"}],"wp:term":[{"taxonomy":"category","embeddable":true,"href":"https:\/\/globecore.com\/de\/wp-json\/wp\/v2\/categories?post=148274"}],"curies":[{"name":"wp","href":"https:\/\/api.w.org\/{rel}","templated":true}]}}