{"id":148278,"date":"2023-12-06T08:07:32","date_gmt":"2023-12-06T08:07:32","guid":{"rendered":"https:\/\/globecore.com\/products\/transformer-maintenance\/transformer-evacuation-unit-bv-5000\/"},"modified":"2026-03-06T11:53:57","modified_gmt":"2026-03-06T11:53:57","slug":"transformer-evacuation-unit-bv-5000","status":"publish","type":"page","link":"https:\/\/globecore.com\/de\/products\/transformer-maintenance\/transformer-evacuation-unit-bv-5000\/","title":{"rendered":"BV-5000 Transformer Evakuierungsanlage (Kapazit\u00e4t 5000 m\u00b3\/Stunde)"},"content":{"rendered":"","protected":false},"excerpt":{"rendered":"<p>Die Transformator-Evakuierungseinheit BV-5000 ist daf\u00fcr ausgelegt, das f\u00fcr die Evakuierung von Transformator\u00f6ltanks erforderliche Vakuum zu erzeugen. Sie wird w\u00e4hrend der Montage, Wartung und des Betriebs von \u00f6lgef\u00fcllten Anlagen, einschlie\u00dflich Leistungstransformatoren und Hochspannungsschaltern, bis 1.150\u202fkV eingesetzt. Die Einheit, mit einer geometrischen Pumpgeschwindigkeit von 5.000\u202fm\u00b3\/h, eignet sich f\u00fcr die Evakuierung und Trocknung von Transformatoren und ist ideal f\u00fcr Installations-, Reparatur- und Wartungsunternehmen, die mit Transformator\u00f6laufbereitung und Transformatorservice arbeite<\/p>\n","protected":false},"author":7,"featured_media":148279,"parent":146064,"menu_order":0,"comment_status":"closed","ping_status":"closed","template":"templates\/single-product.php","meta":{"_acf_changed":false,"_bbp_topic_count":0,"_bbp_reply_count":0,"_bbp_total_topic_count":0,"_bbp_total_reply_count":0,"_bbp_voice_count":0,"_bbp_anonymous_reply_count":0,"_bbp_topic_count_hidden":0,"_bbp_reply_count_hidden":0,"_bbp_forum_subforum_count":0,"footnotes":""},"categories":[2481],"class_list":["post-148278","page","type-page","status-publish","has-post-thumbnail","hentry","category-wartung-von-transformatoren","oil_type-abwaertstransformatoren","oil_type-aufwartstransformatoren","oil_type-spezialtransformatoren","oil_type-verteilungstransformatoren","process_type-dehydrierung"],"acf":{"add_tab":[{"tab_title":"Beschreibung","tab_content":"<p style=\"text-align: justify;\">Die Transformer Evakuierungsanlage BV-5000 ist daf\u00fcr ausgelegt, das erforderliche Vakuumvolumen f\u00fcr die Evakuierung des Transformatorbeh\u00e4lters zu erzeugen. Die Einheit wird beim Zusammenbau, der Wartung und dem Betrieb von \u00f6lgef\u00fcllten Ger\u00e4ten (Transformatoren, Hochspannungs-Schaltern usw.) bis zu einer Spannung von 1150 kV eingesetzt. Die Einheit kann f\u00fcr die Evakuierung von Transformatoren und deren Trocknung verwendet werden. Sie eignet sich f\u00fcr Installations-, Reparatur- und Wartungsunternehmen, die sich mit der Behandlung von Transformatoren\u00f6l und dem Service von Transformatoren befassen.<\/p>\r\n<p style=\"text-align: justify;\">Die Einheit ist nicht f\u00fcr den Einsatz in explosiven oder toxischen Umgebungen geeignet, ebenso wenig in Umgebungen, die auf Schmierstoffe reagieren.<\/p>\r\n<p style=\"text-align: justify;\">Bei der Nutzung der Einheit in Innenr\u00e4umen muss eine Gasabzugslinie installiert werden, um Gase in die Atmosph\u00e4re abzuf\u00fchren.<\/p>"}],"add_def_tab":[{"tab_title":"Technische Daten","tab_content":"<table width=\"454\">\r\n<tbody>\r\n<tr>\r\n<td width=\"31\"><strong>\u2116<\/strong><\/td>\r\n<td style=\"text-align: center;\" width=\"302\"><strong>Parameter<\/strong><\/td>\r\n<td style=\"text-align: center;\" width=\"114\"><strong>Wert<\/strong><\/td>\r\n<\/tr>\r\n<tr>\r\n<td width=\"31\">1<\/td>\r\n<td width=\"302\">Geometrische Pumpgeschwindigkeit, m<sup>3<\/sup>\/Stunde<\/td>\r\n<td style=\"text-align: center;\" width=\"114\">5000<\/td>\r\n<\/tr>\r\n<tr>\r\n<td width=\"31\">2<\/td>\r\n<td width=\"302\">Betriebs-Vakuum, mbar<\/td>\r\n<td style=\"text-align: center;\" width=\"114\">&lt;1<\/td>\r\n<\/tr>\r\n<tr>\r\n<td width=\"31\">3<\/td>\r\n<td width=\"302\">K\u00fchlmethode<\/td>\r\n<td style=\"text-align: center;\" width=\"114\">Luft<\/td>\r\n<\/tr>\r\n<tr>\r\n<td width=\"31\">4<\/td>\r\n<td width=\"302\">Maximale Leistungsaufnahme, kW<\/td>\r\n<td style=\"text-align: center;\" width=\"114\">32<\/td>\r\n<\/tr>\r\n<tr>\r\n<td width=\"31\">5<\/td>\r\n<td width=\"302\">Anschluss, Einlass\/Auslass<\/td>\r\n<td style=\"text-align: center;\" width=\"114\">Dn200\/Dn65<\/td>\r\n<\/tr>\r\n<tr>\r\n<td width=\"31\">6<\/td>\r\n<td width=\"302\">Abmessungen mm, nicht mehr als:<\/td>\r\n<td width=\"114\"><\/td>\r\n<\/tr>\r\n<tr>\r\n<td width=\"31\">7<\/td>\r\n<td width=\"302\">\u2014 L\u00e4nge, mm<\/td>\r\n<td style=\"text-align: center;\" width=\"114\">2350<\/td>\r\n<\/tr>\r\n<tr>\r\n<td width=\"31\">8<\/td>\r\n<td width=\"302\">\u2014 Breite, mm<\/td>\r\n<td style=\"text-align: center;\" width=\"114\">1440<\/td>\r\n<\/tr>\r\n<tr>\r\n<td width=\"31\">9<\/td>\r\n<td width=\"302\">\u2014 H\u00f6he mit\/ohne \u00d6sen, mm<\/td>\r\n<td style=\"text-align: center;\" width=\"114\">1650\/1520<\/td>\r\n<\/tr>\r\n<tr>\r\n<td width=\"31\">10<\/td>\r\n<td width=\"302\">Gewicht, kg, nicht mehr als<\/td>\r\n<td style=\"text-align: center;\" width=\"114\">2200<\/td>\r\n<\/tr>\r\n<\/tbody>\r\n<\/table>"},{"tab_title":"Vorteile","tab_content":"<ul>\r\n \t<li style=\"text-align: justify;\" aria-level=\"1\">Schnelle Entfernung von Luft, Dampf, nicht-aggressiven Gasen und Dampf-Gas-Gemischen durch einen Booster;<\/li>\r\n \t<li style=\"text-align: justify;\" aria-level=\"1\">Die Ger\u00e4te k\u00f6nnen f\u00fcr die Wartung und den Betrieb von \u00f6lgef\u00fcllten Transformatoren und Hochspannungs-Schaltern bis 1150 kV verwendet werden;<\/li>\r\n \t<li style=\"text-align: justify;\" aria-level=\"1\">Evakuierung auf hohem Niveau.<\/li>\r\n<\/ul>"},{"tab_title":"Anwendung","tab_content":"[product_oil_types]"}],"add_video_tab":[{"video_tab_title":"Video","add_video_id":[{"video_id":"TCIFkX1Z3BE"}]}],"add_gallery_tab":null,"add_price_tab":null},"language":"de","_links":{"self":[{"href":"https:\/\/globecore.com\/de\/wp-json\/wp\/v2\/pages\/148278","targetHints":{"allow":["GET"]}}],"collection":[{"href":"https:\/\/globecore.com\/de\/wp-json\/wp\/v2\/pages"}],"about":[{"href":"https:\/\/globecore.com\/de\/wp-json\/wp\/v2\/types\/page"}],"author":[{"embeddable":true,"href":"https:\/\/globecore.com\/de\/wp-json\/wp\/v2\/users\/7"}],"replies":[{"embeddable":true,"href":"https:\/\/globecore.com\/de\/wp-json\/wp\/v2\/comments?post=148278"}],"version-history":[{"count":2,"href":"https:\/\/globecore.com\/de\/wp-json\/wp\/v2\/pages\/148278\/revisions"}],"predecessor-version":[{"id":336144,"href":"https:\/\/globecore.com\/de\/wp-json\/wp\/v2\/pages\/148278\/revisions\/336144"}],"up":[{"embeddable":true,"href":"https:\/\/globecore.com\/de\/wp-json\/wp\/v2\/pages\/146064"}],"wp:featuredmedia":[{"embeddable":true,"href":"https:\/\/globecore.com\/de\/wp-json\/wp\/v2\/media\/148279"}],"wp:attachment":[{"href":"https:\/\/globecore.com\/de\/wp-json\/wp\/v2\/media?parent=148278"}],"wp:term":[{"taxonomy":"category","embeddable":true,"href":"https:\/\/globecore.com\/de\/wp-json\/wp\/v2\/categories?post=148278"}],"curies":[{"name":"wp","href":"https:\/\/api.w.org\/{rel}","templated":true}]}}