{"id":148282,"date":"2021-05-13T05:27:41","date_gmt":"2021-05-13T05:27:41","guid":{"rendered":"https:\/\/globecore.com\/products\/transformer-maintenance\/uvd-vacuum-filling-unit\/"},"modified":"2026-03-06T12:01:03","modified_gmt":"2026-03-06T12:01:03","slug":"uvd-vacuum-filling-unit","status":"publish","type":"page","link":"https:\/\/globecore.com\/de\/products\/transformer-maintenance\/uvd-vacuum-filling-unit\/","title":{"rendered":"UVD Vakuumf\u00fcllger\u00e4t"},"content":{"rendered":"","protected":false},"excerpt":{"rendered":"<p>Die Vakuumf\u00fcllanlage UVD ist f\u00fcr das Entgasen, Lagern, Transportieren und Einf\u00fcllen von Transformator\u00f6l in die Hochspannungsanschl\u00fcsse von Transformatoren und Schaltern ausgelegt. Sie ist f\u00fcr den Einsatz in Kraftwerken, Umspannwerken und anderen Energieanlagen vorgesehen. Die Einheit kann 30 Liter \u00d6l vorbereiten, mit einem F\u00fcllbereich von 4 Litern, und bietet Vielseitigkeit beim Lagern, Transportieren, Entgasen und Einf\u00fcllen von Transformator\u00f6l.<\/p>\n","protected":false},"author":59,"featured_media":148283,"parent":146064,"menu_order":0,"comment_status":"closed","ping_status":"closed","template":"templates\/single-product.php","meta":{"_acf_changed":false,"_bbp_topic_count":0,"_bbp_reply_count":0,"_bbp_total_topic_count":0,"_bbp_total_reply_count":0,"_bbp_voice_count":0,"_bbp_anonymous_reply_count":0,"_bbp_topic_count_hidden":0,"_bbp_reply_count_hidden":0,"_bbp_forum_subforum_count":0,"footnotes":""},"categories":[2481],"class_list":["post-148282","page","type-page","status-publish","has-post-thumbnail","hentry","category-wartung-von-transformatoren","oil_type-abwaertstransformatoren","oil_type-aufwartstransformatoren","oil_type-spezialtransformatoren","oil_type-verteilungstransformatoren","process_type-fuellung"],"acf":{"add_tab":[{"tab_title":"BESCHREIBUNG","tab_content":"Die UVD <strong>Vakuum<\/strong><b><sup class=\"modern-footnotes-footnote \" data-mfn=\"1\"><a>1<\/a><\/sup><\/b><b><\/b> <strong>F\u00fcllstation<b><sup class=\"modern-footnotes-footnote \" data-mfn=\"2\"><a>2<\/a><\/sup><\/b><b><\/b><\/strong> ist f\u00fcr die Vorbereitung (<strong>Degasierung<\/strong><b><sup class=\"modern-footnotes-footnote \" data-mfn=\"3\"><a>3<\/a><\/sup><\/b><b><\/b>), Lagerung, den Transport und das Bef\u00fcllen von Transformatoren\u00f6l in die Hochspannungsanschl\u00fcsse von <strong>Transformatoren<b><sup class=\"modern-footnotes-footnote \" data-mfn=\"4\"><a>4<\/a><\/sup><\/b><b><\/b><\/strong> und <strong>Schalter<b><sup class=\"modern-footnotes-footnote \" data-mfn=\"5\"><a>5<\/a><\/sup><\/b><b><\/b><\/strong>; das Ger\u00e4t ist f\u00fcr den Einsatz in Kraftwerken, Umspannwerken und anderen Energieanlagen konzipiert."}],"add_def_tab":[{"tab_title":"Technische Daten","tab_content":"<table style=\"height: 705px;\" width=\"988\">\r\n<tbody>\r\n<tr>\r\n<td width=\"228\"><strong>Parameter<\/strong><\/td>\r\n<td width=\"98\"><strong>Wert<\/strong><\/td>\r\n<\/tr>\r\n<tr>\r\n<td width=\"228\">Menge des vorbereiteten \u00d6ls, Liter\/Gallonen<\/td>\r\n<td width=\"98\">30\/7.8<\/td>\r\n<\/tr>\r\n<tr>\r\n<td width=\"228\">Menge des \u00d6ls im Bef\u00fcllabschnitt, Liter\/Gallonen<\/td>\r\n<td width=\"98\">4\/1.06<\/td>\r\n<\/tr>\r\n<tr>\r\n<td width=\"228\">Restdruck im Entgasungsabschnitt, Pa (mm.hg)<\/td>\r\n<td width=\"98\">6.7 (5\u044510-2)<\/td>\r\n<\/tr>\r\n<tr>\r\n<td width=\"228\">\u00d6lversorgungsdruck, MPa (kg\/cm\u00b2)<\/td>\r\n<td width=\"98\">Bis zu\u20260.4 (bis zu\u20264)<\/td>\r\n<\/tr>\r\n<tr>\r\n<td width=\"228\">Nennleistung, kW<\/td>\r\n<td width=\"98\">0.25<\/td>\r\n<\/tr>\r\n<tr>\r\n<td width=\"228\">50\/60 Hz Netzspannungsversorgung, V (60Hz USA)<\/td>\r\n<td width=\"98\">220<\/td>\r\n<\/tr>\r\n<tr>\r\n<td colspan=\"2\" width=\"326\">Abmessungen, mm\/ft:<\/td>\r\n<\/tr>\r\n<tr>\r\n<td width=\"228\">\u2022 L\u00e4nge\r\n\u2022 Breite\u2022 H\u00f6he<\/td>\r\n<td width=\"98\">900\/2\u201911\u201d\r\n\r\n780\/2\u20197\u201d\r\n\r\n1500\/2\u20194\u201d<\/td>\r\n<\/tr>\r\n<tr>\r\n<td width=\"228\">Leergewicht, kg\/lbs<\/td>\r\n<td width=\"98\">80\/176.8<\/td>\r\n<\/tr>\r\n<\/tbody>\r\n<\/table>"},{"tab_title":"VORTEILE","tab_content":"<ul>\r\n \t<li>Vielseitigkeit (kann Transformatoren\u00f6l lagern, transportieren, entgasen und hinzuf\u00fcgen);<\/li>\r\n \t<li>Komfortable Gr\u00f6\u00dfe und Mobilit\u00e4t;<\/li>\r\n \t<li>Einfache Bedienung und Wartung.<\/li>\r\n<\/ul>"},{"tab_title":"Anwendung","tab_content":"[product_oil_types]"}],"add_video_tab":[{"video_tab_title":"Video","add_video_id":[{"video_id":"FVTzNLMKmS0"}]}],"add_gallery_tab":null,"add_price_tab":[{"price_tab_title":"Get a Quote"}]},"language":"de","_links":{"self":[{"href":"https:\/\/globecore.com\/de\/wp-json\/wp\/v2\/pages\/148282","targetHints":{"allow":["GET"]}}],"collection":[{"href":"https:\/\/globecore.com\/de\/wp-json\/wp\/v2\/pages"}],"about":[{"href":"https:\/\/globecore.com\/de\/wp-json\/wp\/v2\/types\/page"}],"author":[{"embeddable":true,"href":"https:\/\/globecore.com\/de\/wp-json\/wp\/v2\/users\/59"}],"replies":[{"embeddable":true,"href":"https:\/\/globecore.com\/de\/wp-json\/wp\/v2\/comments?post=148282"}],"version-history":[{"count":2,"href":"https:\/\/globecore.com\/de\/wp-json\/wp\/v2\/pages\/148282\/revisions"}],"predecessor-version":[{"id":336150,"href":"https:\/\/globecore.com\/de\/wp-json\/wp\/v2\/pages\/148282\/revisions\/336150"}],"up":[{"embeddable":true,"href":"https:\/\/globecore.com\/de\/wp-json\/wp\/v2\/pages\/146064"}],"wp:featuredmedia":[{"embeddable":true,"href":"https:\/\/globecore.com\/de\/wp-json\/wp\/v2\/media\/148283"}],"wp:attachment":[{"href":"https:\/\/globecore.com\/de\/wp-json\/wp\/v2\/media?parent=148282"}],"wp:term":[{"taxonomy":"category","embeddable":true,"href":"https:\/\/globecore.com\/de\/wp-json\/wp\/v2\/categories?post=148282"}],"curies":[{"name":"wp","href":"https:\/\/api.w.org\/{rel}","templated":true}]}}