{"id":148287,"date":"2021-05-13T05:16:33","date_gmt":"2021-05-13T05:16:33","guid":{"rendered":"https:\/\/globecore.com\/products\/transformer-maintenance\/oil-filling-and-transportation-unit-udm\/"},"modified":"2026-03-06T12:06:23","modified_gmt":"2026-03-06T12:06:23","slug":"oil-filling-and-transportation-unit-udm","status":"publish","type":"page","link":"https:\/\/globecore.com\/de\/products\/transformer-maintenance\/oil-filling-and-transportation-unit-udm\/","title":{"rendered":"UVD-1000 \u00d6lf\u00fcll- und Transportsystem"},"content":{"rendered":"","protected":false},"excerpt":{"rendered":"<p>Die Einheit UVD-1000 ist f\u00fcr das Pumpen, Lagern, Transportieren und Bef\u00fcllen von Transformatoren mit dielektrischem Isolier\u00f6l ausgelegt. Sie ist mit manuellen oder elektrisch angetriebenen Pumpen ausgestattet. Die Einheit hat ein Fassungsverm\u00f6gen von 1.000 Litern und bietet Vielseitigkeit f\u00fcr alle Phasen der Transformator\u00f6lbehandlung.<\/p>\n","protected":false},"author":59,"featured_media":133913,"parent":146064,"menu_order":0,"comment_status":"closed","ping_status":"closed","template":"templates\/single-product.php","meta":{"_acf_changed":false,"_bbp_topic_count":0,"_bbp_reply_count":0,"_bbp_total_topic_count":0,"_bbp_total_reply_count":0,"_bbp_voice_count":0,"_bbp_anonymous_reply_count":0,"_bbp_topic_count_hidden":0,"_bbp_reply_count_hidden":0,"_bbp_forum_subforum_count":0,"footnotes":""},"categories":[2481],"class_list":["post-148287","page","type-page","status-publish","has-post-thumbnail","hentry","category-wartung-von-transformatoren","oil_type-abwaertstransformatoren","oil_type-aufwartstransformatoren","oil_type-spezialtransformatoren","oil_type-verteilungstransformatoren","process_type-fuellung"],"acf":{"add_tab":[{"tab_title":"Beschreibung","tab_content":"Die UVD-1000 Einheit ist zum Pumpen, Lagern, Transportieren und <strong>\u00d6lf\u00fcllung<b><sup class=\"modern-footnotes-footnote \" data-mfn=\"1\"><a>1<\/a><\/sup><\/b><b> <\/b><\/strong>von\u00a0<strong>Transformatoren<b><sup class=\"modern-footnotes-footnote \" data-mfn=\"2\"><a>2<\/a><\/sup><\/b><\/strong>\u00a0mit dielektrischem\u00a0<strong>Isolier\u00f6l<b><sup class=\"modern-footnotes-footnote \" data-mfn=\"3\"><a>3<\/a><\/sup><\/b><\/strong> konzipiert. Die Einheit umfasst entweder manuell oder elektrisch betriebene Pumpen."}],"add_def_tab":[{"tab_title":"Technische Daten","tab_content":"<table>\r\n<tbody>\r\n<tr>\r\n<td width=\"247\"><strong>Parameter<\/strong><\/td>\r\n<td width=\"80\"><strong>Wert<\/strong><\/td>\r\n<\/tr>\r\n<tr>\r\n<td width=\"247\">Beh\u00e4ltervolumen, Liter\/Gallonen<\/td>\r\n<td width=\"80\">1000\/264.2<\/td>\r\n<\/tr>\r\n<tr>\r\n<td width=\"247\">Eingabepumpenkapazit\u00e4t, m\u00b3\/Gallonen pro Stunde<\/td>\r\n<td width=\"80\">1.7\/450<\/td>\r\n<\/tr>\r\n<tr>\r\n<td width=\"247\">Manuelle Ausgabepumpenmaximalleistung, l\/Gallonen pro Minute max<\/td>\r\n<td width=\"80\">30\/7.8<\/td>\r\n<\/tr>\r\n<tr>\r\n<td width=\"247\">Nennleistung, kW<\/td>\r\n<td width=\"80\">2.2<\/td>\r\n<\/tr>\r\n<tr>\r\n<td width=\"247\">Elektrische Energieversorgung<\/td>\r\n<td width=\"80\">vollst\u00e4ndig anpassbar<\/td>\r\n<\/tr>\r\n<tr>\r\n<td width=\"327\">Abmessungen, mm\/ft, max<\/td>\r\n<td width=\"327\"><\/td>\r\n<\/tr>\r\n<tr>\r\n<td width=\"247\">\u2022 L\u00e4nge\u2022 Breite\u2022 H\u00f6he<\/td>\r\n<td width=\"80\">3575\/141\u201d\r\n1805\/71.1\u201d1705\/67.1\u201d<\/td>\r\n<\/tr>\r\n<tr>\r\n<td width=\"247\">Gewicht, kg\/lbs, max<\/td>\r\n<td width=\"80\">850\/1,878.5<\/td>\r\n<\/tr>\r\n<\/tbody>\r\n<\/table>"},{"tab_title":"Vorteile","tab_content":"<ul>\r\n \t<li>Vielseitigkeit (Pumpen, Speicherung, Transport und Bef\u00fcllen von Transformatoren\u00f6l);<\/li>\r\n \t<li>Mobilit\u00e4t;<\/li>\r\n \t<li>einfache Bedienung und Wartung.<\/li>\r\n<\/ul>"},{"tab_title":"Anwendung","tab_content":"[product_oil_types]"}],"add_video_tab":null,"add_gallery_tab":null,"add_price_tab":[{"price_tab_title":"Get a Quote"}]},"language":"de","_links":{"self":[{"href":"https:\/\/globecore.com\/de\/wp-json\/wp\/v2\/pages\/148287","targetHints":{"allow":["GET"]}}],"collection":[{"href":"https:\/\/globecore.com\/de\/wp-json\/wp\/v2\/pages"}],"about":[{"href":"https:\/\/globecore.com\/de\/wp-json\/wp\/v2\/types\/page"}],"author":[{"embeddable":true,"href":"https:\/\/globecore.com\/de\/wp-json\/wp\/v2\/users\/59"}],"replies":[{"embeddable":true,"href":"https:\/\/globecore.com\/de\/wp-json\/wp\/v2\/comments?post=148287"}],"version-history":[{"count":2,"href":"https:\/\/globecore.com\/de\/wp-json\/wp\/v2\/pages\/148287\/revisions"}],"predecessor-version":[{"id":336154,"href":"https:\/\/globecore.com\/de\/wp-json\/wp\/v2\/pages\/148287\/revisions\/336154"}],"up":[{"embeddable":true,"href":"https:\/\/globecore.com\/de\/wp-json\/wp\/v2\/pages\/146064"}],"wp:featuredmedia":[{"embeddable":true,"href":"https:\/\/globecore.com\/de\/wp-json\/wp\/v2\/media\/133913"}],"wp:attachment":[{"href":"https:\/\/globecore.com\/de\/wp-json\/wp\/v2\/media?parent=148287"}],"wp:term":[{"taxonomy":"category","embeddable":true,"href":"https:\/\/globecore.com\/de\/wp-json\/wp\/v2\/categories?post=148287"}],"curies":[{"name":"wp","href":"https:\/\/api.w.org\/{rel}","templated":true}]}}