{"id":148312,"date":"2021-05-12T13:03:09","date_gmt":"2021-05-12T13:03:09","guid":{"rendered":"https:\/\/globecore.com\/products\/zeolite-regeneration-and-drying\/zeolite-regeneration-units-brz\/"},"modified":"2026-03-06T12:28:51","modified_gmt":"2026-03-06T12:28:51","slug":"zeolite-regeneration-units-brz","status":"publish","type":"page","link":"https:\/\/globecore.com\/de\/products\/zeolite-regeneration-and-drying\/zeolite-regeneration-units-brz\/","title":{"rendered":"BRZ Zeolith-Regenerationsblock"},"content":{"rendered":"","protected":false},"excerpt":{"rendered":"<p>Die Regenerationseinheit BRZ dient zur Wiederherstellung der Leistungsf\u00e4higkeit der Sorptionskartuschen, die im CMM-260C-Transformatortrocknungssystem zur Trocknung von dielektrischem Isolier\u00f6l eingesetzt werden. Die Einheit regeneriert Zeolithkartuschen mit einem kontrollierten Hei\u00dfluftstrom, der \u00fcbersch\u00fcssige Feuchtigkeit entfernt und die Adsorptionsf\u00e4higkeit wiederherstellt. W\u00e4hrend des Betriebs betr\u00e4gt die Gebl\u00e4seleistung 2,3 m\u00b3\/min und die Hei\u00dflufttemperatur erreicht 250 \u00b0C (483 \u00b0F), was eine effiziente Trocknung und zuverl\u00e4ssige Wiederverwendung des Sorbens gew\u00e4hrleistet.<\/p>\n","protected":false},"author":59,"featured_media":133636,"parent":146095,"menu_order":0,"comment_status":"closed","ping_status":"closed","template":"templates\/single-product.php","meta":{"_acf_changed":false,"_bbp_topic_count":0,"_bbp_reply_count":0,"_bbp_total_topic_count":0,"_bbp_total_reply_count":0,"_bbp_voice_count":0,"_bbp_anonymous_reply_count":0,"_bbp_topic_count_hidden":0,"_bbp_reply_count_hidden":0,"_bbp_forum_subforum_count":0,"footnotes":""},"categories":[1892],"class_list":["post-148312","page","type-page","status-publish","has-post-thumbnail","hentry","category-oil-maintenance-de","oil_type-sorptionsmittel","process_type-regeneration-de"],"acf":{"add_tab":[{"tab_title":"Beschreibung","tab_content":"Die BRZ-Regenerationseinheit wurde entwickelt, um die Leistung der CMM-260C-Trafo-Trocknungsanlage zu restaurieren. Sie regeneriert die <strong>Sorbent<b><sup class=\"modern-footnotes-footnote \" data-mfn=\"1\"><a data-mfn-reset=\"\">1<\/a><\/sup><\/b><\/strong>-Kartuschen, die in der <strong>Trocknung<b><sup class=\"modern-footnotes-footnote \" data-mfn=\"2\"><a>2<\/a><\/sup><\/b><\/strong> von <strong>dieelektrischem Isolier\u00f6l<b><sup class=\"modern-footnotes-footnote \" data-mfn=\"3\"><a>3<\/a><\/sup><\/b><\/strong> verwendet werden. Die BRZ-Einheit regeneriert die Kartuschen mit hei\u00dfer Luft, um \u00fcbersch\u00fcssige Feuchtigkeit zu entfernen und die Kartuschen zu reinigen."}],"add_def_tab":[{"tab_title":"Technische Daten","tab_content":"<table>\r\n<tbody>\r\n<tr>\r\n<td style=\"text-align: center;\" width=\"328\"><strong>Parameter<\/strong><\/td>\r\n<td style=\"text-align: center;\" width=\"329\"><strong>Wert<\/strong><\/td>\r\n<\/tr>\r\n<tr>\r\n<td width=\"328\">Heizleistung, kW<\/td>\r\n<td style=\"text-align: center;\" width=\"329\">10.8<\/td>\r\n<\/tr>\r\n<tr>\r\n<td width=\"328\">Leistung des K\u00fchlgebl\u00e4seantriebs, kW<\/td>\r\n<td style=\"text-align: center;\" width=\"329\">0.75<\/td>\r\n<\/tr>\r\n<tr>\r\n<td width=\"328\">Nennleistung, kW<\/td>\r\n<td style=\"text-align: center;\" width=\"329\">13.2<\/td>\r\n<\/tr>\r\n<tr>\r\n<td colspan=\"2\" width=\"657\">Zeolith-Trocknungsmodusparameter<\/td>\r\n<\/tr>\r\n<tr>\r\n<td width=\"328\">\r\n<ul>\r\n \t<li>Durchsatz des Luftgebl\u00e4ses, m3\/Minute<\/li>\r\n<\/ul>\r\n<\/td>\r\n<td style=\"text-align: center;\" width=\"329\">2.3<\/td>\r\n<\/tr>\r\n<tr>\r\n<td width=\"328\">\r\n<ul>\r\n \t<li>Hei\u00dflufttemperatur, \u00b0C\/\u00b0F<\/li>\r\n<\/ul>\r\n<\/td>\r\n<td style=\"text-align: center;\" width=\"329\">250\/483<\/td>\r\n<\/tr>\r\n<tr>\r\n<td colspan=\"2\" width=\"657\">Vakuum-Entleerungsmodusparameter<\/td>\r\n<\/tr>\r\n<tr>\r\n<td width=\"328\">\r\n<ul>\r\n \t<li>Evakuierungsrate, l\/Sekunde<\/li>\r\n<\/ul>\r\n<\/td>\r\n<td style=\"text-align: center;\" width=\"329\">6.6<\/td>\r\n<\/tr>\r\n<tr>\r\n<td width=\"328\">\r\n<ul>\r\n \t<li>Restdruck, mbar (mPa)<\/li>\r\n<\/ul>\r\n<\/td>\r\n<td style=\"text-align: center;\" width=\"329\">250<\/td>\r\n<\/tr>\r\n<tr>\r\n<td colspan=\"2\" width=\"657\">Abmessungen, mm:<\/td>\r\n<\/tr>\r\n<tr>\r\n<td width=\"328\">\r\n<ul>\r\n \t<li>L\u00e4nge<\/li>\r\n<\/ul>\r\n<\/td>\r\n<td style=\"text-align: center;\" width=\"329\">1100\/3\u20193\u2019\u2019<\/td>\r\n<\/tr>\r\n<tr>\r\n<td width=\"328\">\r\n<ul>\r\n \t<li>Breite<\/li>\r\n<\/ul>\r\n<\/td>\r\n<td style=\"text-align: center;\" width=\"329\">650\/2\u20192\u2019\u2019<\/td>\r\n<\/tr>\r\n<tr>\r\n<td width=\"328\">\r\n<ul>\r\n \t<li>H\u00f6he<\/li>\r\n<\/ul>\r\n<\/td>\r\n<td style=\"text-align: center;\" width=\"329\">1250\/4\u20191\u2019\u2019<\/td>\r\n<\/tr>\r\n<tr>\r\n<td width=\"328\">Gewicht, kg<\/td>\r\n<td style=\"text-align: center;\" width=\"329\">220\/486.2<\/td>\r\n<\/tr>\r\n<\/tbody>\r\n<\/table>"},{"tab_title":"Vorteile","tab_content":"<ul>\r\n \t<li>Wiederherstellung der urspr\u00fcnglichen Zeolithparameter;<\/li>\r\n \t<li>Es k\u00f6nnen auch andere Sorbentien regeneriert werden, wie Silicagel;<\/li>\r\n \t<li>Kann mit einer CMM-260C-Einheit oder allein verwendet werden;<\/li>\r\n \t<li>Komakte Gr\u00f6\u00dfe und Mobilit\u00e4t;<\/li>\r\n \t<li>Einfache Bedienung und Wartung.<\/li>\r\n<\/ul>"},{"tab_title":"Anwendung","tab_content":"[product_oil_types]"}],"add_video_tab":[{"video_tab_title":"Video","add_video_id":[{"video_id":"NSrkjxHpCQ8"}]}],"add_gallery_tab":null,"add_price_tab":[{"price_tab_title":"Get a Quote"}]},"language":"de","_links":{"self":[{"href":"https:\/\/globecore.com\/de\/wp-json\/wp\/v2\/pages\/148312","targetHints":{"allow":["GET"]}}],"collection":[{"href":"https:\/\/globecore.com\/de\/wp-json\/wp\/v2\/pages"}],"about":[{"href":"https:\/\/globecore.com\/de\/wp-json\/wp\/v2\/types\/page"}],"author":[{"embeddable":true,"href":"https:\/\/globecore.com\/de\/wp-json\/wp\/v2\/users\/59"}],"replies":[{"embeddable":true,"href":"https:\/\/globecore.com\/de\/wp-json\/wp\/v2\/comments?post=148312"}],"version-history":[{"count":2,"href":"https:\/\/globecore.com\/de\/wp-json\/wp\/v2\/pages\/148312\/revisions"}],"predecessor-version":[{"id":336171,"href":"https:\/\/globecore.com\/de\/wp-json\/wp\/v2\/pages\/148312\/revisions\/336171"}],"up":[{"embeddable":true,"href":"https:\/\/globecore.com\/de\/wp-json\/wp\/v2\/pages\/146095"}],"wp:featuredmedia":[{"embeddable":true,"href":"https:\/\/globecore.com\/de\/wp-json\/wp\/v2\/media\/133636"}],"wp:attachment":[{"href":"https:\/\/globecore.com\/de\/wp-json\/wp\/v2\/media?parent=148312"}],"wp:term":[{"taxonomy":"category","embeddable":true,"href":"https:\/\/globecore.com\/de\/wp-json\/wp\/v2\/categories?post=148312"}],"curies":[{"name":"wp","href":"https:\/\/api.w.org\/{rel}","templated":true}]}}