{"id":148316,"date":"2024-11-01T12:57:30","date_gmt":"2024-11-01T12:57:30","guid":{"rendered":"https:\/\/globecore.com\/products\/instruments\/tor-6-transformer-oil-moisture-and-particles-tester\/"},"modified":"2026-03-06T13:35:25","modified_gmt":"2026-03-06T13:35:25","slug":"tor-6-transformer-oil-moisture-and-particles-tester","status":"publish","type":"page","link":"https:\/\/globecore.com\/de\/products\/instruments\/tor-6-transformer-oil-moisture-and-particles-tester\/","title":{"rendered":"TOR-6 Transformatoren\u00f6l-Feuchtigkeits- und Partikeltester"},"content":{"rendered":"","protected":false},"excerpt":{"rendered":"<p>Der TOR-6 Transformator\u00f6l-Schnelltester f\u00fchrt hochpr\u00e4zise Messungen des Feuchtigkeitsgehalts und der Reinheit (Verschmutzungsgrad) in mineralischen und esterbasierten \u00d6len durch. Er misst die Wasseraktivit\u00e4t (aw) von 0 bis 1 mit einer Genauigkeit von \u00b110\u202f% bzw. \u00b110\u202fppm bei 20\u202f\u00b0C und erfasst auch die Temperatur. Das Ger\u00e4t bewertet die \u00d6lreinheit nach den Standards ISO 99 (ISO 4406:1999), SAE AS 4059, ISO 87 (ISO 4406:1987) und NAS 1638.<\/p>\n","protected":false},"author":7,"featured_media":148317,"parent":146122,"menu_order":0,"comment_status":"closed","ping_status":"closed","template":"templates\/single-product.php","meta":{"_acf_changed":false,"_bbp_topic_count":0,"_bbp_reply_count":0,"_bbp_total_topic_count":0,"_bbp_total_reply_count":0,"_bbp_voice_count":0,"_bbp_anonymous_reply_count":0,"_bbp_topic_count_hidden":0,"_bbp_reply_count_hidden":0,"_bbp_forum_subforum_count":0,"footnotes":""},"categories":[1931],"class_list":["post-148316","page","type-page","status-publish","has-post-thumbnail","hentry","category-instruments-de","oil_type-dieselkraftstoff","oil_type-hydraulikol","oil_type-industrieol","oil_type-transformatorenol","process_type-feuchtigkeitstest","process_type-partikelreinheitsklasse-test"],"acf":{"add_tab":[{"tab_title":"Beschreibung","tab_content":"Der TOR-6 Transformatoren\u00f6l-Express-Tester f\u00fchrt einen hochpr\u00e4zisen Test auf Feuchtigkeitsgehalt sowie Reinheits- oder Verschmutzungsgrad sowohl in mineralischen als auch in esterbasierten \u00d6len durch."}],"add_def_tab":[{"tab_title":"Technische Daten","tab_content":"<table width=\"602\">\r\n<tbody>\r\n<tr>\r\n<td width=\"52\"><strong>Nr.<\/strong><\/td>\r\n<td width=\"269\"><strong>Parameter<\/strong><\/td>\r\n<td width=\"281\"><strong>Wert<\/strong><\/td>\r\n<\/tr>\r\n<tr>\r\n<td colspan=\"3\" width=\"602\">\r\n<p style=\"text-align: center;\"><strong>Feuchtigkeits<\/strong> <strong>messmerkmale<\/strong><\/p>\r\n<\/td>\r\n<\/tr>\r\n<tr>\r\n<td width=\"52\">1<\/td>\r\n<td width=\"269\">Betriebsbereich, aw (aktive Feuchtigkeit)<\/td>\r\n<td width=\"281\">\r\n<p style=\"text-align: center;\">0\u20261<\/p>\r\n<\/td>\r\n<\/tr>\r\n<tr>\r\n<td width=\"52\">2<\/td>\r\n<td width=\"269\">Pr\u00e4zision bei 20 \u00b0C<\/td>\r\n<td width=\"281\">\r\n<p style=\"text-align: center;\">\u00b110 % oder \u00b110 ppm<\/p>\r\n<\/td>\r\n<\/tr>\r\n<tr>\r\n<td width=\"52\">3<\/td>\r\n<td width=\"269\">Temperaturmessung<\/td>\r\n<td width=\"281\">\r\n<p style=\"text-align: center;\">Ja<\/p>\r\n<\/td>\r\n<\/tr>\r\n<tr>\r\n<td colspan=\"3\" width=\"602\">\r\n<p style=\"text-align: center;\"><strong>Reinheits<\/strong> <strong>oder<\/strong> <strong>Verschmutzungs<\/strong> <strong>grad<\/strong> <strong>merkmale<\/strong><\/p>\r\n<\/td>\r\n<\/tr>\r\n<tr>\r\n<td width=\"52\">4<\/td>\r\n<td width=\"269\">Zul\u00e4ssiger Viskosit\u00e4tsbereich, mm\u00b2\/sec<\/td>\r\n<td width=\"281\">\r\n<p style=\"text-align: center;\">1 bis 1.000<\/p>\r\n<\/td>\r\n<\/tr>\r\n<tr>\r\n<td width=\"52\">5<\/td>\r\n<td width=\"269\">Normen f\u00fcr die Bestimmung der Reinheitsklasse<\/td>\r\n<td width=\"281\">\r\n<p style=\"text-align: center;\">ISO 99 (ISO 4406:1999)<\/p>\r\n<p style=\"text-align: center;\">SAE (SAE AS 4059) oder<\/p>\r\n<p style=\"text-align: center;\">ISO 87 (ISO 4406:1987)<\/p>\r\n<p style=\"text-align: center;\">NAS (NAS 1638)<\/p>\r\n<\/td>\r\n<\/tr>\r\n<tr>\r\n<td width=\"52\">6<\/td>\r\n<td width=\"269\">Messbereich<\/td>\r\n<td width=\"281\">\r\n<p style=\"text-align: center;\">Messung von ISO 9\/8\/7 (min) bis ISO 25\/24\/23 (max)<\/p>\r\n<p style=\"text-align: center;\">Kalibriert im ISO-Bereich von 13\/11\/10 bis 23\/21\/18<\/p>\r\n<\/td>\r\n<\/tr>\r\n<tr>\r\n<td width=\"52\">7<\/td>\r\n<td width=\"269\">Pr\u00e4zision<\/td>\r\n<td width=\"281\">\r\n<p style=\"text-align: center;\">ISO-Klasse \u00b1 1\/2 im kalibrierten Bereich<\/p>\r\n<\/td>\r\n<\/tr>\r\n<tr>\r\n<td width=\"52\">8<\/td>\r\n<td width=\"269\">Ben\u00f6tigte Leistung, W<\/td>\r\n<td width=\"281\">\r\n<p style=\"text-align: center;\">3<\/p>\r\n<\/td>\r\n<\/tr>\r\n<tr>\r\n<td width=\"52\">9<\/td>\r\n<td width=\"269\">Einphasen-AC-Netzspannung 50 Hz, V<\/td>\r\n<td width=\"281\">\r\n<p style=\"text-align: center;\">220<\/p>\r\n<\/td>\r\n<\/tr>\r\n<tr>\r\n<td width=\"52\">10<\/td>\r\n<td width=\"269\">Abmessungen, mm, maximal\r\nL\u00e4ngeBreiteH\u00f6he<\/td>\r\n<td width=\"281\">&nbsp;\r\n<p style=\"text-align: center;\">235<\/p>\r\n<p style=\"text-align: center;\">275<\/p>\r\n<p style=\"text-align: center;\">370<\/p>\r\n<\/td>\r\n<\/tr>\r\n<tr>\r\n<td width=\"52\">11<\/td>\r\n<td width=\"269\">Gewicht, kg, maximal<\/td>\r\n<td width=\"281\">\r\n<p style=\"text-align: center;\">10<\/p>\r\n<\/td>\r\n<\/tr>\r\n<\/tbody>\r\n<\/table>"},{"tab_title":"Vorteile","tab_content":"<ul>\r\n \t<li>kompakte Gr\u00f6\u00dfe;<\/li>\r\n \t<li>Vielseitigkeit.<\/li>\r\n<\/ul>"},{"tab_title":"Anwendung","tab_content":"[product_oil_types]"}],"add_video_tab":null,"add_gallery_tab":null,"add_price_tab":null},"language":"de","_links":{"self":[{"href":"https:\/\/globecore.com\/de\/wp-json\/wp\/v2\/pages\/148316","targetHints":{"allow":["GET"]}}],"collection":[{"href":"https:\/\/globecore.com\/de\/wp-json\/wp\/v2\/pages"}],"about":[{"href":"https:\/\/globecore.com\/de\/wp-json\/wp\/v2\/types\/page"}],"author":[{"embeddable":true,"href":"https:\/\/globecore.com\/de\/wp-json\/wp\/v2\/users\/7"}],"replies":[{"embeddable":true,"href":"https:\/\/globecore.com\/de\/wp-json\/wp\/v2\/comments?post=148316"}],"version-history":[{"count":2,"href":"https:\/\/globecore.com\/de\/wp-json\/wp\/v2\/pages\/148316\/revisions"}],"predecessor-version":[{"id":336198,"href":"https:\/\/globecore.com\/de\/wp-json\/wp\/v2\/pages\/148316\/revisions\/336198"}],"up":[{"embeddable":true,"href":"https:\/\/globecore.com\/de\/wp-json\/wp\/v2\/pages\/146122"}],"wp:featuredmedia":[{"embeddable":true,"href":"https:\/\/globecore.com\/de\/wp-json\/wp\/v2\/media\/148317"}],"wp:attachment":[{"href":"https:\/\/globecore.com\/de\/wp-json\/wp\/v2\/media?parent=148316"}],"wp:term":[{"taxonomy":"category","embeddable":true,"href":"https:\/\/globecore.com\/de\/wp-json\/wp\/v2\/categories?post=148316"}],"curies":[{"name":"wp","href":"https:\/\/api.w.org\/{rel}","templated":true}]}}