{"id":148341,"date":"2024-02-15T07:48:48","date_gmt":"2024-02-15T07:48:48","guid":{"rendered":"https:\/\/globecore.com\/products\/blending-systems\/laboratory-blending-unit-usb-l\/"},"modified":"2026-03-06T14:32:45","modified_gmt":"2026-03-06T14:32:45","slug":"laboratory-blending-unit-usb-l","status":"publish","type":"page","link":"https:\/\/globecore.com\/de\/products\/blending-systems\/laboratory-blending-unit-usb-l\/","title":{"rendered":"USBL-1 Labor-Mischsystem"},"content":{"rendered":"","protected":false},"excerpt":{"rendered":"<p>Die Hochgeschwindigkeits-Labor-Mischanlage USBL-1 ist f\u00fcr das pr\u00e4zise Mischen von Zweikomponenten-\u00d6lprodukten, auch in kleinen Mengen, ausgelegt und gew\u00e4hrleistet konsistente, hochwertige Ergebnisse. Sie ist f\u00fcr den Einsatz in Raffinerielaboren vorgesehen und erm\u00f6glicht es Spezialisten, schnell die optimalen Mischungsverh\u00e4ltnisse der Komponenten zu bestimmen. Die gemischte Probe kann anschlie\u00dfend direkt f\u00fcr eine detaillierte Laboranalyse verwendet werden, um die Einhaltung der Qualit\u00e4tsstandards zu \u00fcberpr\u00fcfen.<\/p>\n","protected":false},"author":7,"featured_media":148342,"parent":146251,"menu_order":0,"comment_status":"closed","ping_status":"closed","template":"templates\/single-product.php","meta":{"_acf_changed":false,"_bbp_topic_count":0,"_bbp_reply_count":0,"_bbp_total_topic_count":0,"_bbp_total_reply_count":0,"_bbp_voice_count":0,"_bbp_anonymous_reply_count":0,"_bbp_topic_count_hidden":0,"_bbp_reply_count_hidden":0,"_bbp_forum_subforum_count":0,"footnotes":""},"categories":[1935],"class_list":["post-148341","page","type-page","status-publish","has-post-thumbnail","hentry","category-mischen-vermengen","oil_type-chemische-industrie","oil_type-erdolindustrie","process_type-vermischung"],"acf":{"add_tab":[{"tab_title":"Beschreibung","tab_content":"<p style=\"text-align: justify;\">Das Hochgeschwindigkeits-Labor-Mischsystem USBL-1 wurde f\u00fcr die genaue und qualitativ hochwertige Vermischung von Fl\u00fcssigkeiten aus zwei Komponenten von \u00d6lprodukten, auch in kleinen Mengen, entwickelt. Dies gew\u00e4hrleistet eine hohe Qualit\u00e4t und Konsistenz des Endprodukts.<\/p>\r\n<p style=\"text-align: justify;\">Dieses System kann in Laboren von \u00d6lraffinerien eingesetzt werden. Sein Hauptzweck ist es, 2 Komponenten schnell und pr\u00e4zise zu mischen, sodass Fachleuten das richtige Verh\u00e4ltnis der Komponenten genau bestimmen k\u00f6nnen, um das optimale Ergebnis zu erzielen.<\/p>\r\n<p style=\"text-align: justify;\">Die resultierende Probe kann dann direkt f\u00fcr detaillierte Laboranalysen verwendet werden, um die Einhaltung aller Qualit\u00e4tsstandards zu gew\u00e4hrleisten.<\/p>"}],"add_def_tab":[{"tab_title":"Technische Daten","tab_content":"<table>\r\n<thead>\r\n<tr>\r\n<th><b>\u2116<\/b><\/th>\r\n<th>Parameter<\/th>\r\n<th><b>Wert<\/b><\/th>\r\n<\/tr>\r\n<\/thead>\r\n<tbody>\r\n<tr>\r\n<td>1<\/td>\r\n<td>Anzahl der zu mischenden Fl\u00fcssigkeiten (maximal)<\/td>\r\n<td>\r\n<p style=\"text-align: center;\">2<\/p>\r\n<\/td>\r\n<\/tr>\r\n<tr>\r\n<td>2<\/td>\r\n<td>Nennkapazit\u00e4t der Einheit beim Mischen aller Komponenten, l\/h:\r\n\r\n\u2014 bei 50 Hz\r\n\r\n\u2014 bei 100 Hz<\/td>\r\n<td>&nbsp;\r\n<p style=\"text-align: center;\"><b>\r\n<\/b>70<\/p>\r\n<p style=\"text-align: center;\">112<\/p>\r\n<\/td>\r\n<\/tr>\r\n<tr>\r\n<td>4<\/td>\r\n<td>Maximaler Nenndruck des Hauptfl\u00fcssigkeitsauslasses, MPa<\/td>\r\n<td>\r\n<p style=\"text-align: center;\">1,0<\/p>\r\n<\/td>\r\n<\/tr>\r\n<tr>\r\n<td>5<\/td>\r\n<td>Leistung der Einheit, kW (maximal)\r\n\r\n\u2014 bei 50 Hz\r\n\r\n\u2014 bei 60 Hz<\/td>\r\n<td>&nbsp;\r\n<p style=\"text-align: center;\">0,76<\/p>\r\n<p style=\"text-align: center;\">0,92<\/p>\r\n<\/td>\r\n<\/tr>\r\n<tr>\r\n<td>6<\/td>\r\n<td>Gesamtma\u00dfe, mm (maximal)\r\n\r\n\u2014 L\u00e4nge\r\n\r\n\u2014 Breite\r\n\r\n\u2014 H\u00f6he<\/td>\r\n<td>&nbsp;\r\n<p style=\"text-align: center;\">410<\/p>\r\n<p style=\"text-align: center;\">360<\/p>\r\n<p style=\"text-align: center;\">400<\/p>\r\n<\/td>\r\n<\/tr>\r\n<tr>\r\n<td>7<\/td>\r\n<td>Gewicht, kg (maximal)<\/td>\r\n<td>\r\n<p style=\"text-align: center;\">25<\/p>\r\n<\/td>\r\n<\/tr>\r\n<\/tbody>\r\n<\/table>"},{"tab_title":"Vorteile","tab_content":"<ul>\r\n \t<li>kann von Forschungseinrichtungen und Laboren verwendet werden;<\/li>\r\n \t<li>produziert Proben gemischter Fl\u00fcssigkeiten f\u00fcr Labortests;<\/li>\r\n \t<li>hilft bei der Pr\u00fcfung der Wirksamkeit verschiedener Additive und der Optimierung von Mischformeln.<\/li>\r\n<\/ul>"},{"tab_title":"Anwendung","tab_content":"[product_oil_types]"}],"add_video_tab":null,"add_gallery_tab":null,"add_price_tab":null},"language":"de","_links":{"self":[{"href":"https:\/\/globecore.com\/de\/wp-json\/wp\/v2\/pages\/148341","targetHints":{"allow":["GET"]}}],"collection":[{"href":"https:\/\/globecore.com\/de\/wp-json\/wp\/v2\/pages"}],"about":[{"href":"https:\/\/globecore.com\/de\/wp-json\/wp\/v2\/types\/page"}],"author":[{"embeddable":true,"href":"https:\/\/globecore.com\/de\/wp-json\/wp\/v2\/users\/7"}],"replies":[{"embeddable":true,"href":"https:\/\/globecore.com\/de\/wp-json\/wp\/v2\/comments?post=148341"}],"version-history":[{"count":1,"href":"https:\/\/globecore.com\/de\/wp-json\/wp\/v2\/pages\/148341\/revisions"}],"predecessor-version":[{"id":336244,"href":"https:\/\/globecore.com\/de\/wp-json\/wp\/v2\/pages\/148341\/revisions\/336244"}],"up":[{"embeddable":true,"href":"https:\/\/globecore.com\/de\/wp-json\/wp\/v2\/pages\/146251"}],"wp:featuredmedia":[{"embeddable":true,"href":"https:\/\/globecore.com\/de\/wp-json\/wp\/v2\/media\/148342"}],"wp:attachment":[{"href":"https:\/\/globecore.com\/de\/wp-json\/wp\/v2\/media?parent=148341"}],"wp:term":[{"taxonomy":"category","embeddable":true,"href":"https:\/\/globecore.com\/de\/wp-json\/wp\/v2\/categories?post=148341"}],"curies":[{"name":"wp","href":"https:\/\/api.w.org\/{rel}","templated":true}]}}