{"id":148345,"date":"2021-11-03T07:50:33","date_gmt":"2021-11-03T07:50:33","guid":{"rendered":"https:\/\/globecore.com\/products\/blending-systems\/usb-5-high-speed-mixing-unit-for-production-of-sanitizers-1-1-m3-cycle\/"},"modified":"2026-03-06T14:45:12","modified_gmt":"2026-03-06T14:45:12","slug":"usb-5-high-speed-mixing-unit-for-production-of-sanitizers-1-1-m3-cycle","status":"publish","type":"page","link":"https:\/\/globecore.com\/de\/products\/blending-systems\/usb-5-high-speed-mixing-unit-for-production-of-sanitizers-1-1-m3-cycle\/","title":{"rendered":"USB-5 Hochgeschwindigkeitsmischanlage zur Herstellung von Desinfektionsmitteln (1,1 m\u00b3\/Charge)"},"content":{"rendered":"","protected":false},"excerpt":{"rendered":"<p>Die Chargenmischeinheit USB-5 ist zum Kombinieren von zwei bis vier separaten fl\u00fcssigen Komponenten ausgelegt. Die Zutaten werden chargenweise mittels einer Transferpumpe in einen mit einem R\u00fchrer ausgestatteten Tank gef\u00f6rdert. Die Menge der gemischten Zutaten kann bei Bedarf erh\u00f6ht werden. Frei flie\u00dfende Komponenten, die im Fl\u00fcssigkeit l\u00f6slich sind und innerhalb der zul\u00e4ssigen Partikelgr\u00f6\u00dfe f\u00fcr die Transferpumpe liegen, k\u00f6nnen \u00fcber eine Einf\u00fcll\u00f6ffnung hinzugef\u00fcgt werden.<\/p>\n","protected":false},"author":7,"featured_media":135323,"parent":146251,"menu_order":0,"comment_status":"closed","ping_status":"closed","template":"templates\/single-product.php","meta":{"_acf_changed":false,"_bbp_topic_count":0,"_bbp_reply_count":0,"_bbp_total_topic_count":0,"_bbp_total_reply_count":0,"_bbp_voice_count":0,"_bbp_anonymous_reply_count":0,"_bbp_topic_count_hidden":0,"_bbp_reply_count_hidden":0,"_bbp_forum_subforum_count":0,"footnotes":""},"categories":[1935],"class_list":["post-148345","page","type-page","status-publish","has-post-thumbnail","hentry","category-mischen-vermengen","oil_type-chemische-industrie","oil_type-erdolindustrie","oil_type-industrieol","oil_type-kosmetikindustrie","oil_type-lebensmittelindustrie","oil_type-pharmazeutische-industrie","process_type-mischen"],"acf":{"add_tab":[{"tab_title":"Beschreibung","tab_content":"<p style=\"text-align: justify;\"><strong>USB-5 Chargenanlage<\/strong> ist f\u00fcr die Produktion von Desinfektionsmitteln auf Basis von Alkohol- und Wasserl\u00f6sungen vorgesehen. Das Design erm\u00f6glicht das Mischen von zwei bis vier separaten Fl\u00fcssigkeiten (Hauptbestandteil, Zusatzstoffe), die chargenweise durch eine Transferpumpe in einen mit einem R\u00fchrwerk ausgestatteten Tank gef\u00f6rdert werden. Falls erforderlich, kann die Anzahl der gemischten Zutaten erh\u00f6ht werden. Die flie\u00dff\u00e4higen Zutaten, die in Fl\u00fcssigkeit l\u00f6slich sind und die f\u00fcr die verwendete Transferpumpe zul\u00e4ssige Partikelgr\u00f6\u00dfe haben, k\u00f6nnen \u00fcber eine Zuf\u00fchrungsklappe hinzugef\u00fcgt werden.<\/p>"}],"add_def_tab":[{"tab_title":"Technische Daten","tab_content":"<table>\r\n<tbody>\r\n<tr>\r\n<td><strong style=\"font-family: inherit; font-size: inherit;\">Nr.<\/strong><\/td>\r\n<td>\r\n<p style=\"text-align: center;\"><strong>Indikatoren<\/strong><\/p>\r\n<\/td>\r\n<td>\r\n<p style=\"text-align: center;\"><strong>Werte<\/strong><\/p>\r\n<\/td>\r\n<\/tr>\r\n<tr>\r\n<td>1.<\/td>\r\n<td>Menge der gemischten Zutaten<\/td>\r\n<td>\r\n<p style=\"text-align: center;\">2\u20134*<\/p>\r\n<\/td>\r\n<\/tr>\r\n<tr>\r\n<td>2.<\/td>\r\n<td>Kapazit\u00e4t, gal.\/Charge, mindestens<\/td>\r\n<td>\r\n<p style=\"text-align: center;\">300*<\/p>\r\n<\/td>\r\n<\/tr>\r\n<tr>\r\n<td>3.<\/td>\r\n<td>Empfohlene Anzahl der Betriebszyklen, Zyklen\/Stunde<\/td>\r\n<td>\r\n<p style=\"text-align: center;\">2<\/p>\r\n<\/td>\r\n<\/tr>\r\n<tr>\r\n<td>4.<\/td>\r\n<td>Gesamtvolumen des Tanks, gal.<\/td>\r\n<td>\r\n<p style=\"text-align: center;\">450<\/p>\r\n<\/td>\r\n<\/tr>\r\n<tr>\r\n<td>5.<\/td>\r\n<td>Minimaler Betriebsvolumen, gal.<\/td>\r\n<td>\r\n<p style=\"text-align: center;\">200<\/p>\r\n<\/td>\r\n<\/tr>\r\n<tr>\r\n<td>6.<\/td>\r\n<td>Maximaler Betriebsvolumen, gal.<\/td>\r\n<td>\r\n<p style=\"text-align: center;\">375<\/p>\r\n<\/td>\r\n<\/tr>\r\n<tr>\r\n<td>7.<\/td>\r\n<td>R\u00fchrgeschwindigkeit, U\/min<\/td>\r\n<td>\r\n<p style=\"text-align: center;\">1.141<\/p>\r\n<\/td>\r\n<\/tr>\r\n<tr>\r\n<td>8.<\/td>\r\n<td>Erforderliche Leistung, kW<\/td>\r\n<td>\r\n<p style=\"text-align: center;\">5,3<\/p>\r\n<\/td>\r\n<\/tr>\r\n<tr>\r\n<td>9.<\/td>\r\n<td>Stromspannung (60 Hz, 3 Phasen), V<\/td>\r\n<td>\r\n<p style=\"text-align: center;\">480<\/p>\r\n<\/td>\r\n<\/tr>\r\n<tr>\r\n<td>10.<\/td>\r\n<td>Abmessungen in der Arbeitsposition, mm (Zoll)\r\n\r\n\u2014 L\u00e4nge\r\n\r\n\u2014 Breite\r\n\r\n\u2014 H\u00f6he<\/td>\r\n<td>&nbsp;\r\n<p style=\"text-align: center;\">2.200 (86,6)<\/p>\r\n<p style=\"text-align: center;\">1.550 (61)<\/p>\r\n<p style=\"text-align: center;\">2.300 (90,6)<\/p>\r\n<\/td>\r\n<\/tr>\r\n<tr>\r\n<td>11.<\/td>\r\n<td>Gewicht, kg (lb), nicht mehr als<\/td>\r\n<td>\r\n<p style=\"text-align: center;\">450 (204)<\/p>\r\n<\/td>\r\n<\/tr>\r\n<tr>\r\n<td>12.<\/td>\r\n<td>Abmessungen in der Verpackung, mm (Zoll)\r\n\r\n\u2014 L\u00e4nge\r\n\r\n\u2014 Breite\r\n\r\n\u2014 H\u00f6he<\/td>\r\n<td>&nbsp;\r\n<p style=\"text-align: center;\">2.500 (98,4)<\/p>\r\n<p style=\"text-align: center;\">1.650 (65)<\/p>\r\n<p style=\"text-align: center;\">1.500 (59)<\/p>\r\n<\/td>\r\n<\/tr>\r\n<tr>\r\n<td>13.<\/td>\r\n<td>Gewicht in der Verpackung, kg (lb), nicht mehr als<\/td>\r\n<td>\r\n<p style=\"text-align: center;\">600 (272)<\/p>\r\n<\/td>\r\n<\/tr>\r\n<\/tbody>\r\n<\/table>\r\n* Die Menge der gemischten Zutaten und die Kapazit\u00e4t h\u00e4ngen von der Formulierung ab."},{"tab_title":"Vorteile","tab_content":"<ul>\r\n \t<li style=\"text-align: justify;\">angemessener Preis;<\/li>\r\n \t<li style=\"text-align: justify;\">kompakte Gr\u00f6\u00dfe und geringes Gewicht;<\/li>\r\n \t<li style=\"text-align: justify;\">einfache Konstruktion;<\/li>\r\n \t<li style=\"text-align: justify;\">Mischung von zwei bis vier Zutaten;<\/li>\r\n \t<li style=\"text-align: justify;\">die Konstruktion der Einheit erm\u00f6glicht den Betrieb sowohl in neu errichteten als auch in bestehenden Unternehmen.<\/li>\r\n<\/ul>"},{"tab_title":"Anwendung","tab_content":"[product_oil_types]"}],"add_video_tab":[{"video_tab_title":"Video","add_video_id":[{"video_id":"W_nIo5Ci-NI"},{"video_id":"Jz3gJoVtATw"}]}],"add_gallery_tab":null,"add_price_tab":null},"language":"de","_links":{"self":[{"href":"https:\/\/globecore.com\/de\/wp-json\/wp\/v2\/pages\/148345","targetHints":{"allow":["GET"]}}],"collection":[{"href":"https:\/\/globecore.com\/de\/wp-json\/wp\/v2\/pages"}],"about":[{"href":"https:\/\/globecore.com\/de\/wp-json\/wp\/v2\/types\/page"}],"author":[{"embeddable":true,"href":"https:\/\/globecore.com\/de\/wp-json\/wp\/v2\/users\/7"}],"replies":[{"embeddable":true,"href":"https:\/\/globecore.com\/de\/wp-json\/wp\/v2\/comments?post=148345"}],"version-history":[{"count":3,"href":"https:\/\/globecore.com\/de\/wp-json\/wp\/v2\/pages\/148345\/revisions"}],"predecessor-version":[{"id":336258,"href":"https:\/\/globecore.com\/de\/wp-json\/wp\/v2\/pages\/148345\/revisions\/336258"}],"up":[{"embeddable":true,"href":"https:\/\/globecore.com\/de\/wp-json\/wp\/v2\/pages\/146251"}],"wp:featuredmedia":[{"embeddable":true,"href":"https:\/\/globecore.com\/de\/wp-json\/wp\/v2\/media\/135323"}],"wp:attachment":[{"href":"https:\/\/globecore.com\/de\/wp-json\/wp\/v2\/media?parent=148345"}],"wp:term":[{"taxonomy":"category","embeddable":true,"href":"https:\/\/globecore.com\/de\/wp-json\/wp\/v2\/categories?post=148345"}],"curies":[{"name":"wp","href":"https:\/\/api.w.org\/{rel}","templated":true}]}}