{"id":148348,"date":"2021-11-03T08:01:30","date_gmt":"2021-11-03T08:01:30","guid":{"rendered":"https:\/\/globecore.com\/products\/blending-systems\/usb-5-high-speed-mixing-unit-for-production-of-sanitizers-0-15-0-3-m3-h\/"},"modified":"2026-03-06T14:41:01","modified_gmt":"2026-03-06T14:41:01","slug":"usb-5-high-speed-mixing-unit-for-production-of-sanitizers-0-15-0-3-m3-h","status":"publish","type":"page","link":"https:\/\/globecore.com\/de\/products\/blending-systems\/usb-5-high-speed-mixing-unit-for-production-of-sanitizers-0-15-0-3-m3-h\/","title":{"rendered":"USB-5 Hochgeschwindigkeitsmischanlage f\u00fcr die Herstellung von Desinfektionsmitteln (0,15 \u2013 0,3 m\u00b3\/h)"},"content":{"rendered":"","protected":false},"excerpt":{"rendered":"<p>Die Hochgeschwindigkeits-Mischeinheit USB-5 ist zum Mischen von zwei bis vier separaten fl\u00fcssigen Komponenten ausgelegt, wie es durch die Formulierung bestimmt wird. Die Zutaten werden chargenweise mittels einer Transferpumpe in einen mit einem R\u00fchrer ausgestatteten Tank gef\u00f6rdert. Die Menge der gemischten Zutaten kann bei Bedarf erh\u00f6ht werden. Frei flie\u00dfende Zutaten, die im Fl\u00fcssigkeit l\u00f6slich sind und innerhalb der Partikelgr\u00f6\u00dfenbegrenzung der Transferpumpe liegen, k\u00f6nnen \u00fcber eine Einf\u00fcll\u00f6ffnung hinzugef\u00fcgt werden.<\/p>\n","protected":false},"author":7,"featured_media":135324,"parent":146251,"menu_order":0,"comment_status":"closed","ping_status":"closed","template":"templates\/single-product.php","meta":{"_acf_changed":false,"_bbp_topic_count":0,"_bbp_reply_count":0,"_bbp_total_topic_count":0,"_bbp_total_reply_count":0,"_bbp_voice_count":0,"_bbp_anonymous_reply_count":0,"_bbp_topic_count_hidden":0,"_bbp_reply_count_hidden":0,"_bbp_forum_subforum_count":0,"footnotes":""},"categories":[1935],"class_list":["post-148348","page","type-page","status-publish","has-post-thumbnail","hentry","category-mischen-vermengen","oil_type-chemische-industrie","oil_type-erdolindustrie","oil_type-kosmetikindustrie","oil_type-lebensmittelindustrie","oil_type-pharmazeutische-industrie","process_type-mischen"],"acf":{"add_tab":[{"tab_title":"Beschreibung","tab_content":"<p style=\"text-align: justify;\"><strong>USB-5 Hochgeschwindigkeitsmischanlage<\/strong> ist f\u00fcr die Herstellung von Desinfektionsmitteln auf Basis von Alkoholen und Wasserl\u00f6sungen vorgesehen. Das Design erm\u00f6glicht das Mischen von zwei bis vier separaten Fl\u00fcssigkeiten (Hauptbestandteil, Zusatzstoffe), die durch eine Transferpumpe gem\u00e4\u00df der Formulierung chargeweise in einen mit einem Mischer ausgestatteten Tank geleitet werden. Bei Bedarf kann die Anzahl der gemischten Zutaten erh\u00f6ht werden. Die flie\u00dff\u00e4higen Zutaten, die in Fl\u00fcssigkeit l\u00f6slich sind und die f\u00fcr die verwendete Transferpumpe zul\u00e4ssigen Partikelgr\u00f6\u00dfen aufweisen, k\u00f6nnen \u00fcber eine Zufuhrrutsche hinzugef\u00fcgt werden.<\/p>"}],"add_def_tab":[{"tab_title":"Technische Daten","tab_content":"<table>\r\n<tbody>\r\n<tr>\r\n<td><b>Nr.<\/b><\/td>\r\n<td>\r\n<p style=\"text-align: center;\"><b>Indikatoren<\/b><\/p>\r\n<\/td>\r\n<td><b>Werte<\/b><\/td>\r\n<\/tr>\r\n<tr>\r\n<td><b>1. <\/b><\/td>\r\n<td>Anzahl der gemischten Zutaten<\/td>\r\n<td>\r\n<p style=\"text-align: center;\"><b>2\u20134*<\/b><\/p>\r\n<\/td>\r\n<\/tr>\r\n<tr>\r\n<td><b>2. <\/b><\/td>\r\n<td>Kapazit\u00e4t, l\/Charge, mindestens<\/td>\r\n<td>\r\n<p style=\"text-align: center;\"><b>150*<\/b><\/p>\r\n<\/td>\r\n<\/tr>\r\n<tr>\r\n<td><b>3. <\/b><\/td>\r\n<td>Empfohlene Anzahl der Betriebszyklen, Zyklen\/Stunde<\/td>\r\n<td>\r\n<p style=\"text-align: center;\"><b>2<\/b><\/p>\r\n<\/td>\r\n<\/tr>\r\n<tr>\r\n<td><b>4. <\/b><\/td>\r\n<td>Gesamtvolumen des Tanks, l<\/td>\r\n<td>\r\n<p style=\"text-align: center;\"><b>250<\/b><\/p>\r\n<\/td>\r\n<\/tr>\r\n<tr>\r\n<td><b>5. <\/b><\/td>\r\n<td>Erforderliche Leistung, kW<\/td>\r\n<td>\r\n<p style=\"text-align: center;\"><b>1,1<\/b><\/p>\r\n<\/td>\r\n<\/tr>\r\n<tr>\r\n<td><b>6. <\/b><\/td>\r\n<td>Spannung (50 Hz, 3 Phasen), V<\/td>\r\n<td>\r\n<p style=\"text-align: center;\"><b>380<\/b><\/p>\r\n<\/td>\r\n<\/tr>\r\n<tr>\r\n<td><b>7. <\/b><\/td>\r\n<td>Abmessungen in Arbeitsposition, mm\r\n\r\n\u2014 L\u00e4nge\r\n\r\n\u2014 Breite\r\n\r\n\u2014 H\u00f6he<\/td>\r\n<td>&nbsp;\r\n<p style=\"text-align: center;\"><b>810<\/b><\/p>\r\n<p style=\"text-align: center;\"><b>770<\/b><\/p>\r\n<p style=\"text-align: center;\"><b>1.600<\/b><\/p>\r\n<\/td>\r\n<\/tr>\r\n<tr>\r\n<td><b>8. <\/b><\/td>\r\n<td>Gewicht, kg (lb), maximal<\/td>\r\n<td>\r\n<p style=\"text-align: center;\"><b>150<\/b><\/p>\r\n<\/td>\r\n<\/tr>\r\n<\/tbody>\r\n<\/table>\r\n*<em>Die Anzahl der gemischten Zutaten und die Kapazit\u00e4t h\u00e4ngen von der Formulierung ab.<\/em>"},{"tab_title":"Vorteile","tab_content":"<ul>\r\n \t<li style=\"text-align: justify;\">angemessener Preis;<\/li>\r\n \t<li style=\"text-align: justify;\">kompakte Gr\u00f6\u00dfe und geringes Gewicht;<\/li>\r\n \t<li style=\"text-align: justify;\">einfaches Design;<\/li>\r\n \t<li style=\"text-align: justify;\">Mischung von zwei bis vier Zutaten;<\/li>\r\n \t<li style=\"text-align: justify;\">Das Design der Einheit erm\u00f6glicht den Betrieb sowohl in neu gebauten als auch in bestehenden Betrieben.<\/li>\r\n<\/ul>"},{"tab_title":"Anwendung","tab_content":"[product_oil_types]"}],"add_video_tab":[{"video_tab_title":"Video","add_video_id":[{"video_id":"W_nIo5Ci-NI"},{"video_id":"Jz3gJoVtATw"},{"video_id":"h3u-R68XF3s"}]}],"add_gallery_tab":null,"add_price_tab":null},"language":"de","_links":{"self":[{"href":"https:\/\/globecore.com\/de\/wp-json\/wp\/v2\/pages\/148348","targetHints":{"allow":["GET"]}}],"collection":[{"href":"https:\/\/globecore.com\/de\/wp-json\/wp\/v2\/pages"}],"about":[{"href":"https:\/\/globecore.com\/de\/wp-json\/wp\/v2\/types\/page"}],"author":[{"embeddable":true,"href":"https:\/\/globecore.com\/de\/wp-json\/wp\/v2\/users\/7"}],"replies":[{"embeddable":true,"href":"https:\/\/globecore.com\/de\/wp-json\/wp\/v2\/comments?post=148348"}],"version-history":[{"count":1,"href":"https:\/\/globecore.com\/de\/wp-json\/wp\/v2\/pages\/148348\/revisions"}],"predecessor-version":[{"id":336252,"href":"https:\/\/globecore.com\/de\/wp-json\/wp\/v2\/pages\/148348\/revisions\/336252"}],"up":[{"embeddable":true,"href":"https:\/\/globecore.com\/de\/wp-json\/wp\/v2\/pages\/146251"}],"wp:featuredmedia":[{"embeddable":true,"href":"https:\/\/globecore.com\/de\/wp-json\/wp\/v2\/media\/135324"}],"wp:attachment":[{"href":"https:\/\/globecore.com\/de\/wp-json\/wp\/v2\/media?parent=148348"}],"wp:term":[{"taxonomy":"category","embeddable":true,"href":"https:\/\/globecore.com\/de\/wp-json\/wp\/v2\/categories?post=148348"}],"curies":[{"name":"wp","href":"https:\/\/api.w.org\/{rel}","templated":true}]}}