{"id":148353,"date":"2021-02-15T06:56:53","date_gmt":"2021-02-15T06:56:53","guid":{"rendered":"https:\/\/globecore.com\/products\/blending-systems\/impeller-stirrer-usb-4\/"},"modified":"2026-03-06T14:49:09","modified_gmt":"2026-03-06T14:49:09","slug":"impeller-stirrer-usb-4","status":"publish","type":"page","link":"https:\/\/globecore.com\/de\/products\/blending-systems\/impeller-stirrer-usb-4\/","title":{"rendered":"USB-6 Impeller R\u00fchrer"},"content":{"rendered":"","protected":false},"excerpt":{"rendered":"<p>Der USB-6 R\u00fchrfl\u00fcgel ist f\u00fcr das Mischen von Fl\u00fcssigkeiten in Beh\u00e4ltern oder Tanks ausgelegt. Er ist sehr vielseitig einsetzbar und kann verwendet werden, um Emulsionen und Suspensionen herzustellen, Feststoffe (bis zu 50\u202f% Partikelgehalt) aufzul\u00f6sen, den W\u00e4rmeaustausch zu verbessern, die Temperatur auszugleichen und faserige Materialien zu mischen. Die R\u00fchrer k\u00f6nnen in verschiedenen Beh\u00e4ltern installiert werden, um unterschiedlichen Produktionsanforderungen gerecht zu werden.<\/p>\n","protected":false},"author":7,"featured_media":134868,"parent":146251,"menu_order":0,"comment_status":"closed","ping_status":"closed","template":"templates\/single-product.php","meta":{"_acf_changed":false,"_bbp_topic_count":0,"_bbp_reply_count":0,"_bbp_total_topic_count":0,"_bbp_total_reply_count":0,"_bbp_voice_count":0,"_bbp_anonymous_reply_count":0,"_bbp_topic_count_hidden":0,"_bbp_reply_count_hidden":0,"_bbp_forum_subforum_count":0,"footnotes":""},"categories":[1935],"class_list":["post-148353","page","type-page","status-publish","has-post-thumbnail","hentry","category-mischen-vermengen","oil_type-bauindustrie","oil_type-chemische-industrie","oil_type-erdolindustrie","oil_type-kosmetikindustrie","oil_type-lebensmittelindustrie","oil_type-pharmazeutische-industrie","process_type-mischen"],"acf":{"add_tab":[{"tab_title":"Beschreibung","tab_content":"<p style=\"text-align: justify;\">Der Impeller-R\u00fchrer USB-6 ist zum Mischen von Fl\u00fcssigkeitsschichten in einem Beh\u00e4lter oder Tank ausgelegt. Er wird zur Herstellung verschiedener Emulsionen und Suspensionen verwendet, einschlie\u00dflich Antiseptika und Desinfektionsmitteln.<\/p>\r\n\r\n<h2 style=\"text-align: center;\">Funktionsprinzip<\/h2>\r\n<p style=\"text-align: justify;\">Das R\u00fchrger\u00e4t besteht aus einer rotierenden Welle, an der Propeller auf mehreren Ebenen installiert sind, die die Fl\u00fcssigkeit entlang des F\u00fchrungrohrs schieben. Das F\u00fchrungrohr hat Fenster\u00f6ffnungen, durch die die Fl\u00fcssigkeit ins Innere gezogen wird \u2013 so wird eine gleichm\u00e4\u00dfige Mischung erreicht, unabh\u00e4ngig vom Fl\u00fcssigkeitsstand im Beh\u00e4lter.<\/p>\r\n<p style=\"text-align: justify;\">Die Ger\u00e4te sind f\u00fcr die vertikale Montage an horizontalen Tanks konzipiert. Es wird ein Loch im Beh\u00e4lter angebracht, in das der R\u00fchrer eingef\u00fchrt wird. Der R\u00fchrerflansch wird an das Gef\u00e4\u00df geschwei\u00dft.<\/p>"}],"add_def_tab":[{"tab_title":"Technische Daten","tab_content":"<table>\r\n<tbody>\r\n<tr>\r\n<td><b>\u2116<\/b><\/td>\r\n<td>\r\n<p style=\"text-align: center;\"><b>Bezeichnungsname<\/b><\/p>\r\n<\/td>\r\n<td>\r\n<p style=\"text-align: center;\"><b>Wert<\/b><\/p>\r\n<\/td>\r\n<\/tr>\r\n<tr>\r\n<td>1<\/td>\r\n<td>\r\n<p style=\"text-align: left;\">Drehzahl, U\/min<\/p>\r\n<\/td>\r\n<td>\r\n<p style=\"text-align: center;\">750<\/p>\r\n<\/td>\r\n<\/tr>\r\n<tr>\r\n<td>2<\/td>\r\n<td>\r\n<p style=\"text-align: left;\">L\u00e4nge des eingetauchten Teils des R\u00fchrers, m<\/p>\r\n<\/td>\r\n<td>\r\n<p style=\"text-align: center;\">1,5-2<\/p>\r\n<\/td>\r\n<\/tr>\r\n<tr>\r\n<td>3<\/td>\r\n<td>\r\n<p style=\"text-align: left;\">Installierte Leistung, kW (maximal)<\/p>\r\n<\/td>\r\n<td>\r\n<p style=\"text-align: center;\">5,5<\/p>\r\n<\/td>\r\n<\/tr>\r\n<tr>\r\n<td>4<\/td>\r\n<td>\r\n<p style=\"text-align: left;\">Gesamtma\u00dfe, mm*<\/p>\r\n<\/td>\r\n<td><\/td>\r\n<\/tr>\r\n<tr>\r\n<td><\/td>\r\n<td>\r\n<p style=\"text-align: left;\">\u2014 L\u00e4nge<\/p>\r\n<\/td>\r\n<td>\r\n<p style=\"text-align: center;\">1180<\/p>\r\n<\/td>\r\n<\/tr>\r\n<tr>\r\n<td><\/td>\r\n<td>\r\n<p style=\"text-align: left;\">\u2014 Breite<\/p>\r\n<\/td>\r\n<td>\r\n<p style=\"text-align: center;\">1000<\/p>\r\n<\/td>\r\n<\/tr>\r\n<tr>\r\n<td><\/td>\r\n<td>\r\n<p style=\"text-align: left;\">\u2014 H\u00f6he<\/p>\r\n<\/td>\r\n<td>\r\n<p style=\"text-align: center;\">1800<\/p>\r\n<\/td>\r\n<\/tr>\r\n<tr>\r\n<td>5<\/td>\r\n<td>\r\n<p style=\"text-align: left;\">Gewicht, kg (maximal)<\/p>\r\n<\/td>\r\n<td>\r\n<p style=\"text-align: center;\">105<\/p>\r\n<\/td>\r\n<\/tr>\r\n<\/tbody>\r\n<\/table>\r\n* \u2014 Die Gesamtma\u00dfe beinhalten die Abmessungen des Beh\u00e4lters, der nicht im Standardlieferumfang enthalten ist."},{"tab_title":"Vorteile","tab_content":"<ul>\r\n \t<li style=\"text-align: justify;\">Universit\u00e4t. Die R\u00fchrer werden in verschiedenen Beh\u00e4ltern installiert und dienen der Herstellung verschiedener Produkte;<\/li>\r\n \t<li style=\"text-align: justify;\">Multifunktional. Die R\u00fchrer werden zum L\u00f6sen, Emulgieren, Wiegen von Feststoffen (Partikelmasseanteil bis zu 50%), Intensivierung des W\u00e4rme\u00fcbergangs, Temperaturausgleich und zum Mischen von faserigen Materialien eingesetzt.<\/li>\r\n<\/ul>"},{"tab_title":"Anwendung","tab_content":"[product_oil_types]"}],"add_video_tab":[{"video_tab_title":"Video","add_video_id":[{"video_id":"r3G_X0dEyoY"},{"video_id":"kxO7nsJcx2M"}]}],"add_gallery_tab":null,"add_price_tab":[{"price_tab_title":"1"}]},"language":"de","_links":{"self":[{"href":"https:\/\/globecore.com\/de\/wp-json\/wp\/v2\/pages\/148353","targetHints":{"allow":["GET"]}}],"collection":[{"href":"https:\/\/globecore.com\/de\/wp-json\/wp\/v2\/pages"}],"about":[{"href":"https:\/\/globecore.com\/de\/wp-json\/wp\/v2\/types\/page"}],"author":[{"embeddable":true,"href":"https:\/\/globecore.com\/de\/wp-json\/wp\/v2\/users\/7"}],"replies":[{"embeddable":true,"href":"https:\/\/globecore.com\/de\/wp-json\/wp\/v2\/comments?post=148353"}],"version-history":[{"count":2,"href":"https:\/\/globecore.com\/de\/wp-json\/wp\/v2\/pages\/148353\/revisions"}],"predecessor-version":[{"id":336262,"href":"https:\/\/globecore.com\/de\/wp-json\/wp\/v2\/pages\/148353\/revisions\/336262"}],"up":[{"embeddable":true,"href":"https:\/\/globecore.com\/de\/wp-json\/wp\/v2\/pages\/146251"}],"wp:featuredmedia":[{"embeddable":true,"href":"https:\/\/globecore.com\/de\/wp-json\/wp\/v2\/media\/134868"}],"wp:attachment":[{"href":"https:\/\/globecore.com\/de\/wp-json\/wp\/v2\/media?parent=148353"}],"wp:term":[{"taxonomy":"category","embeddable":true,"href":"https:\/\/globecore.com\/de\/wp-json\/wp\/v2\/categories?post=148353"}],"curies":[{"name":"wp","href":"https:\/\/api.w.org\/{rel}","templated":true}]}}