{"id":148378,"date":"2021-07-12T07:01:13","date_gmt":"2021-07-12T07:01:13","guid":{"rendered":"https:\/\/globecore.com\/colloid-mil-clm-100-3\/"},"modified":"2026-03-06T14:56:47","modified_gmt":"2026-03-06T14:56:47","slug":"colloid-mil-clm-100-3","status":"publish","type":"page","link":"https:\/\/globecore.com\/de\/products\/colloid-mill\/colloid-mills-for-the-food-industry\/colloid-mil-clm-100-3\/","title":{"rendered":"CLM-100.3 Kolloidm\u00fchle"},"content":{"rendered":"","protected":false},"excerpt":{"rendered":"<p>Die Kolloidm\u00fchle CLM-100.3 f\u00fcr die Lebensmittelindustrie ist f\u00fcr das Feinmahlen von Stoffen bis zu einer past\u00f6sen Konsistenz ausgelegt und erzeugt unter hohen Scherbedingungen eine dicke Suspension. Alle medienber\u00fchrten Teile der M\u00fchle bestehen aus chemisch best\u00e4ndigem Edelstahl und gew\u00e4hrleisten Hygiene sowie Langlebigkeit. Die Anlage hat eine Leistung von 0,1 m\u00b3\/h (0,44 gpm).<\/p>\n","protected":false},"author":7,"featured_media":135373,"parent":148379,"menu_order":0,"comment_status":"closed","ping_status":"closed","template":"templates\/single-product.php","meta":{"_acf_changed":false,"_bbp_topic_count":0,"_bbp_reply_count":0,"_bbp_total_topic_count":0,"_bbp_total_reply_count":0,"_bbp_voice_count":0,"_bbp_anonymous_reply_count":0,"_bbp_topic_count_hidden":0,"_bbp_reply_count_hidden":0,"_bbp_forum_subforum_count":0,"footnotes":""},"categories":[1939],"class_list":["post-148378","page","type-page","status-publish","has-post-thumbnail","hentry","category-frasen","oil_type-lebensmittelindustrie","process_type-fraesen","process_type-mischen"],"acf":{"add_tab":[{"tab_title":"Beschreibung","tab_content":"<p style=\"text-align: justify;\">Die CLM-100.3 Kolloidm\u00fchle ist zum Mahlen von Substanzen zu einer pastenartigen Konsistenz konzipiert, was bedeutet, dass ein dicker Schlamm mit hohem Scherstress erzeugt wird.<\/p>\r\n\r\n<h2 style=\"text-align: center;\">Funktionsprinzip<\/h2>\r\n<p style=\"text-align: justify;\">Das Funktionsprinzip der CLM-100.3 Kolloidm\u00fchle basiert auf einem Rotor\/Stator-Systemdiagramm. Ein Rotor und ein Stator bestehen aus konzentrischen Werkzeugringen (Schneider, Messer) mit speziellen Rillenkonfigurationen und\/oder L\u00f6chern, die den optimalen Modus der mechanischen Wirkung auf das verarbeitete Produkt gew\u00e4hrleisten.<\/p>\r\n<p style=\"text-align: justify;\">Im Arbeitszustand treten die Werkzeugringe des Rotors (bewegliches Werkzeug) und des Stators (station\u00e4res Werkzeug) koaxial zueinander und rotieren ber\u00fchrungslos bei einer hohen Relativgeschwindigkeit (bis zu 50 m\/s). Die ber\u00fchrungslose Rotation wird durch technologische axiale und radiale Spalte gew\u00e4hrleistet.<\/p>\r\n<p style=\"text-align: justify;\">Das verarbeitete Produkt gelangt \u00fcber die axiale Bohrung des Stators in die Arbeitskammer des M\u00fchlengeh\u00e4uses, wird durch das Rotor\/Stator-System gef\u00fchrt und radial abgef\u00fchrt (Produktabgang).<\/p>\r\n<p style=\"text-align: justify;\">Beim Durchgang durch das Rotor\/Stator-System wird das Produkt von komplexen hydrodynamischen Prozessen beeinflusst, die mit \u00c4nderungen der Scherspannungen, Scherkr\u00e4ften und Str\u00f6mungsgeschwindigkeit verbunden sind. Chemische Reaktionen erfolgen schneller aufgrund der vergr\u00f6\u00dferten Kontaktfl\u00e4chen der chemischen Stoffe. Dadurch wird eine intensive Dispersion, Emulgierung, Homogenisierung, Mahlung und Vermahlung des verarbeiteten Produkts erreicht.<\/p>"}],"add_def_tab":[{"tab_title":"Technische Daten","tab_content":"<table>\r\n<tbody>\r\n<tr>\r\n<td>\r\n<p style=\"text-align: center;\"><b>Nr.<\/b><\/p>\r\n<\/td>\r\n<td>\r\n<p style=\"text-align: center;\"><b>Parameter<\/b><\/p>\r\n<\/td>\r\n<td>\r\n<p style=\"text-align: center;\"><b>Wert<\/b><\/p>\r\n<\/td>\r\n<\/tr>\r\n<tr>\r\n<td>1<\/td>\r\n<td>\r\n<p style=\"text-align: left;\">Einheitliche Kapazit\u00e4t, m\u00b3\/h (gpm)<\/p>\r\n<\/td>\r\n<td>\r\n<p style=\"text-align: center;\">0,1 (0,44)*<\/p>\r\n<\/td>\r\n<\/tr>\r\n<tr>\r\n<td>2<\/td>\r\n<td>\r\n<p style=\"text-align: left;\">Trichtereingangsvolumen, L (gal)<\/p>\r\n<\/td>\r\n<td>\r\n<p style=\"text-align: center;\">5 (1,3)<\/p>\r\n<\/td>\r\n<\/tr>\r\n<tr>\r\n<td>3<\/td>\r\n<td>\r\n<p style=\"text-align: left;\">Wellendichtringtyp<\/p>\r\n<\/td>\r\n<td>\r\n<p style=\"text-align: center;\">Labyrinth<\/p>\r\n<\/td>\r\n<\/tr>\r\n<tr>\r\n<td>4<\/td>\r\n<td>\r\n<p style=\"text-align: left;\">Messerspalt (voreingestellt), mm (in)<\/p>\r\n<\/td>\r\n<td>\r\n<p style=\"text-align: center;\">0,4\u20260,8 (1,5\u00b710<sup>-2<\/sup> \u2026 3\u00b710<sup>-2<\/sup>)<\/p>\r\n<\/td>\r\n<\/tr>\r\n<tr>\r\n<td>5<\/td>\r\n<td>\r\n<p style=\"text-align: left;\">Messerspitzen-Geschwindigkeit, m\/s (mph), h\u00f6chstens<\/p>\r\n<\/td>\r\n<td>\r\n<p style=\"text-align: center;\">40 (90)<\/p>\r\n<\/td>\r\n<\/tr>\r\n<tr>\r\n<td>6<\/td>\r\n<td>\r\n<p style=\"text-align: left;\">Drehzahl der M\u00fchlenwelle und Lager, U\/min<\/p>\r\n<\/td>\r\n<td>\r\n<p style=\"text-align: center;\">5.880<\/p>\r\n<\/td>\r\n<\/tr>\r\n<tr>\r\n<td>7<\/td>\r\n<td>\r\n<p style=\"text-align: left;\">Drehzahl der Elektromotorwelle, U\/min<\/p>\r\n<\/td>\r\n<td>\r\n<p style=\"text-align: center;\">2.940<\/p>\r\n<\/td>\r\n<\/tr>\r\n<tr>\r\n<td>8<\/td>\r\n<td>\r\n<p style=\"text-align: left;\">Antriebsleistung, kW<\/p>\r\n<\/td>\r\n<td>\r\n<p style=\"text-align: center;\">3<\/p>\r\n<\/td>\r\n<\/tr>\r\n<tr>\r\n<td>9<\/td>\r\n<td>\r\n<p style=\"text-align: left;\">Betriebsspannung, V<\/p>\r\n<\/td>\r\n<td>\r\n<p style=\"text-align: center;\">kundenspezifisch<\/p>\r\n<\/td>\r\n<\/tr>\r\n<tr>\r\n<td rowspan=\"4\">10<\/td>\r\n<td>\r\n<p style=\"text-align: left;\">Abmessungen, mm, h\u00f6chstens:<\/p>\r\n<\/td>\r\n<td><\/td>\r\n<\/tr>\r\n<tr>\r\n<td>\r\n<p style=\"text-align: left;\">\u2014 L\u00e4nge<\/p>\r\n<\/td>\r\n<td>\r\n<p style=\"text-align: center;\">600 (24)<\/p>\r\n<\/td>\r\n<\/tr>\r\n<tr>\r\n<td>\r\n<p style=\"text-align: left;\">\u2014 Breite<\/p>\r\n<\/td>\r\n<td>\r\n<p style=\"text-align: center;\">700 (28)<\/p>\r\n<\/td>\r\n<\/tr>\r\n<tr>\r\n<td>\r\n<p style=\"text-align: left;\">\u2014 H\u00f6he<\/p>\r\n<\/td>\r\n<td>\r\n<p style=\"text-align: center;\">650 (26)<\/p>\r\n<\/td>\r\n<\/tr>\r\n<tr>\r\n<td>11<\/td>\r\n<td>\r\n<p style=\"text-align: left;\">Gewicht, h\u00f6chstens, kg (lb)<\/p>\r\n<\/td>\r\n<td>\r\n<p style=\"text-align: center;\">70 (154)<\/p>\r\n<\/td>\r\n<\/tr>\r\n<\/tbody>\r\n<\/table>\r\n<b>* \u2014 h\u00e4ngt von der Flie\u00dff\u00e4higkeit des Produkts und dem eingestellten Werkzeugspalt ab.<\/b>"},{"tab_title":"Vorteile","tab_content":"<ul>\r\n \t<li style=\"text-align: justify;\">kompakte Gr\u00f6\u00dfe;<\/li>\r\n \t<li style=\"text-align: justify;\">die Konstruktionskomponenten des feuchten Teils der M\u00fchle sind aus rostfreiem, chemikalienbest\u00e4ndigem Stahl gefertigt;<\/li>\r\n \t<li style=\"text-align: justify;\">die M\u00fchle kann Rotor\/Stator-Werkzeuge verschiedener Typen und eine Anzahl an Arbeitseinheiten (Ringen) haben, je nach Art des verarbeiteten Stoffes und der erforderlichen Beanspruchung (D\u00fcse, Kammer, Kegel f\u00fcr Mahlprozesse, Kegel f\u00fcr viskose Produkte);<\/li>\r\n \t<li style=\"text-align: justify;\">die Werkzeuge k\u00f6nnen zerlegbar oder aus einem massiven Werkst\u00fcck und verschiedenen Stahlarten je nach Verwendungszweck der M\u00fchle gefertigt sein;<\/li>\r\n \t<li style=\"text-align: justify;\">die M\u00fchle kann sowohl drinnen als auch in gesch\u00fctzten Au\u00dfenbereichen betrieben werden.<\/li>\r\n<\/ul>"}],"add_video_tab":[{"video_tab_title":"Video","add_video_id":[{"video_id":"IDojRiIG1S0"},{"video_id":"BkFp_5IwEOE"},{"video_id":"Zl4rA20ikvg"},{"video_id":"dXcXWK_OewY"}]}],"add_gallery_tab":null,"add_price_tab":[{"price_tab_title":"Get a quote"}]},"language":"de","_links":{"self":[{"href":"https:\/\/globecore.com\/de\/wp-json\/wp\/v2\/pages\/148378","targetHints":{"allow":["GET"]}}],"collection":[{"href":"https:\/\/globecore.com\/de\/wp-json\/wp\/v2\/pages"}],"about":[{"href":"https:\/\/globecore.com\/de\/wp-json\/wp\/v2\/types\/page"}],"author":[{"embeddable":true,"href":"https:\/\/globecore.com\/de\/wp-json\/wp\/v2\/users\/7"}],"replies":[{"embeddable":true,"href":"https:\/\/globecore.com\/de\/wp-json\/wp\/v2\/comments?post=148378"}],"version-history":[{"count":4,"href":"https:\/\/globecore.com\/de\/wp-json\/wp\/v2\/pages\/148378\/revisions"}],"predecessor-version":[{"id":336268,"href":"https:\/\/globecore.com\/de\/wp-json\/wp\/v2\/pages\/148378\/revisions\/336268"}],"up":[{"embeddable":true,"href":"https:\/\/globecore.com\/de\/wp-json\/wp\/v2\/pages\/148379"}],"wp:featuredmedia":[{"embeddable":true,"href":"https:\/\/globecore.com\/de\/wp-json\/wp\/v2\/media\/135373"}],"wp:attachment":[{"href":"https:\/\/globecore.com\/de\/wp-json\/wp\/v2\/media?parent=148378"}],"wp:term":[{"taxonomy":"category","embeddable":true,"href":"https:\/\/globecore.com\/de\/wp-json\/wp\/v2\/categories?post=148378"}],"curies":[{"name":"wp","href":"https:\/\/api.w.org\/{rel}","templated":true}]}}