{"id":148379,"date":"2023-05-19T09:13:55","date_gmt":"2023-05-19T09:13:55","guid":{"rendered":"https:\/\/globecore.com\/products\/colloid-mill\/colloid-mills-for-the-food-industry\/"},"modified":"2026-03-10T17:24:25","modified_gmt":"2026-03-10T17:24:25","slug":"colloid-mills-for-the-food-industry","status":"publish","type":"page","link":"https:\/\/globecore.com\/de\/products\/colloid-mill\/colloid-mills-for-the-food-industry\/","title":{"rendered":"Kolloidm\u00fchlen f\u00fcr die Lebensmittelindustrie"},"content":{"rendered":"<p style=\"text-align: justify;\"><em><strong>GlobeCore<\/strong><\/em> stellt <strong>Kolloidm\u00fchlen<\/strong> her, die speziell f\u00fcr den Einsatz in <strong>der Lebensmittelindustrie<\/strong> entwickelt wurden. Alle Oberfl\u00e4chen der <strong><em>GlobeCore<\/em><\/strong> Kolloidm\u00fchlen, die mit Lebensmitteln in Kontakt kommen, bestehen aus Edelstahl. Dar\u00fcber hinaus sind diese Oberfl\u00e4chen leicht zu reinigen und beeinflussen weder den Geruch, die Farbe noch den Geschmack des Endprodukts.<\/p>\n","protected":false},"excerpt":{"rendered":"<p>GlobeCore stellt Kolloidm\u00fchlen her, die speziell f\u00fcr den Einsatz in der Lebensmittelindustrie entwickelt wurden. Alle Oberfl\u00e4chen der GlobeCore Kolloidm\u00fchlen, die mit Lebensmitteln in Kontakt kommen, bestehen aus Edelstahl. Dar\u00fcber hinaus sind diese Oberfl\u00e4chen leicht zu reinigen und beeinflussen weder den Geruch, die Farbe noch den Geschmack des Endprodukts.<\/p>\n","protected":false},"author":7,"featured_media":135373,"parent":146254,"menu_order":0,"comment_status":"closed","ping_status":"closed","template":"templates\/products-sidebar.php","meta":{"_acf_changed":false,"_bbp_topic_count":0,"_bbp_reply_count":0,"_bbp_total_topic_count":0,"_bbp_total_reply_count":0,"_bbp_voice_count":0,"_bbp_anonymous_reply_count":0,"_bbp_topic_count_hidden":0,"_bbp_reply_count_hidden":0,"_bbp_forum_subforum_count":0,"footnotes":""},"categories":[],"class_list":["post-148379","page","type-page","status-publish","has-post-thumbnail","hentry"],"acf":[],"language":"de","_links":{"self":[{"href":"https:\/\/globecore.com\/de\/wp-json\/wp\/v2\/pages\/148379","targetHints":{"allow":["GET"]}}],"collection":[{"href":"https:\/\/globecore.com\/de\/wp-json\/wp\/v2\/pages"}],"about":[{"href":"https:\/\/globecore.com\/de\/wp-json\/wp\/v2\/types\/page"}],"author":[{"embeddable":true,"href":"https:\/\/globecore.com\/de\/wp-json\/wp\/v2\/users\/7"}],"replies":[{"embeddable":true,"href":"https:\/\/globecore.com\/de\/wp-json\/wp\/v2\/comments?post=148379"}],"version-history":[{"count":1,"href":"https:\/\/globecore.com\/de\/wp-json\/wp\/v2\/pages\/148379\/revisions"}],"predecessor-version":[{"id":341919,"href":"https:\/\/globecore.com\/de\/wp-json\/wp\/v2\/pages\/148379\/revisions\/341919"}],"up":[{"embeddable":true,"href":"https:\/\/globecore.com\/de\/wp-json\/wp\/v2\/pages\/146254"}],"wp:featuredmedia":[{"embeddable":true,"href":"https:\/\/globecore.com\/de\/wp-json\/wp\/v2\/media\/135373"}],"wp:attachment":[{"href":"https:\/\/globecore.com\/de\/wp-json\/wp\/v2\/media?parent=148379"}],"wp:term":[{"taxonomy":"category","embeddable":true,"href":"https:\/\/globecore.com\/de\/wp-json\/wp\/v2\/categories?post=148379"}],"curies":[{"name":"wp","href":"https:\/\/api.w.org\/{rel}","templated":true}]}}