{"id":148385,"date":"2021-07-15T12:37:09","date_gmt":"2021-07-15T12:37:09","guid":{"rendered":"https:\/\/globecore.com\/colloid-mill-clm-2-4\/"},"modified":"2026-03-09T08:12:37","modified_gmt":"2026-03-09T08:12:37","slug":"colloid-mill-clm-2-4","status":"publish","type":"page","link":"https:\/\/globecore.com\/de\/products\/colloid-mill\/colloid-mills-for-bitumen-emulsion-production\/colloid-mill-clm-2-4\/","title":{"rendered":"CLM-2\/4 Kolloidm\u00fchle"},"content":{"rendered":"","protected":false},"excerpt":{"rendered":"<p>Die Kolloidm\u00fchle CLM-2\/4 ist f\u00fcr die Inline-Homogenisierung und Emulgierung von fl\u00fcssigen Produkten ausgelegt, mit Schwerpunkt auf der Herstellung von Bitumenemulsionen. Sie verarbeitet effizient dickfl\u00fcssige Suspensionen unter hohen Scherkr\u00e4ften und gew\u00e4hrleistet eine gleichm\u00e4\u00dfige, stabile Mischung. Die M\u00fchle eignet sich f\u00fcr kontinuierliche Produktionslinien und kann unterschiedliche Viskosit\u00e4ten handhaben, w\u00e4hrend die Produktqualit\u00e4t konstant bleibt. Kapazit\u00e4t: 2\u20134\u202fm\u00b3\/h (8,8\u201317,6 gpm).<\/p>\n","protected":false},"author":7,"featured_media":148386,"parent":148389,"menu_order":0,"comment_status":"closed","ping_status":"closed","template":"templates\/single-product.php","meta":{"_acf_changed":false,"_bbp_topic_count":0,"_bbp_reply_count":0,"_bbp_total_topic_count":0,"_bbp_total_reply_count":0,"_bbp_voice_count":0,"_bbp_anonymous_reply_count":0,"_bbp_topic_count_hidden":0,"_bbp_reply_count_hidden":0,"_bbp_forum_subforum_count":0,"footnotes":""},"categories":[1939],"class_list":["post-148385","page","type-page","status-publish","has-post-thumbnail","hentry","category-frasen","oil_type-chemische-industrie","oil_type-erdolindustrie","process_type-fraesen","process_type-mischen"],"acf":{"add_tab":[{"tab_title":"Beschreibung","tab_content":"<p style=\"text-align: justify;\">Die CLM-2\/4 Kolloidm\u00fchle ist f\u00fcr die Inline-Homogenisierung und Emulgierung von Fl\u00fcssigprodukten (dichte Schlamml\u00f6sungen mit hohen Scherkr\u00e4ften) konzipiert, insbesondere f\u00fcr die Herstellung von Bitumenemulsionen.<\/p>\r\n<p style=\"text-align: justify;\">Es ist zul\u00e4ssig, die M\u00fchle zur Vorbereitung, L\u00f6sung und Verarbeitung vieler Produkte in verschiedenen Industrien zu verwenden.<\/p>\r\n\r\n<h2 style=\"text-align: center;\">Funktionsprinzip<\/h2>\r\n<p style=\"text-align: justify;\">Das Funktionsprinzip der CLM-2\/4 Kolloidm\u00fchle basiert auf einem Rotor\/Stator-System. Ein Rotor und ein Stator bestehen aus konzentrischen Werkzeugringen (Schneider, Messer) mit speziellen Konfigurationen von Rillen und\/oder L\u00f6chern, die den optimalen Modus des mechanischen Einflusses auf das verarbeitete Produkt gew\u00e4hrleisten.<\/p>\r\n<p style=\"text-align: justify;\">Im Arbeitszustand treten die Werkzeugringe des Rotors (bewegliches Werkzeug) und des Stators (station\u00e4res Werkzeug) coaxial zueinander ein und rotieren ber\u00fchrungsfrei mit einer hohen relativen Geschwindigkeit (bis zu 45 m\/s). Die ber\u00fchrungsfreie Rotation wird durch technologische axiale und radiale Spalte gew\u00e4hrleistet.<\/p>\r\n<p style=\"text-align: justify;\">Das verarbeitete Produkt gelangt durch das axiale Bohrloch des Stators (Produkteinlass) in die Arbeitskammer des M\u00fchlengeh\u00e4uses, wird durch das Rotor\/Stator-System gef\u00fchrt und radial ausgegeben (Produkt-Auslass).<\/p>\r\n<p style=\"text-align: justify;\">Beim Durchgang durch das Rotor\/Stator-System wird das Produkt durch komplexe hydrodynamische Prozesse beeinflusst, die mit \u00c4nderungen der Scherkr\u00e4fte, Scherbelastungen und Flie\u00dfgeschwindigkeit verbunden sind. Chemische Reaktionen verlaufen schneller aufgrund der vergr\u00f6\u00dferten Kontaktfl\u00e4chen der chemischen Stoffe. Infolgedessen werden intensive Dispersion, Emulgierung, Homogenisierung, Zerkleinerung und Vermahlung des verarbeiteten Produkts erreicht.<\/p>\r\n\r\n<h2 style=\"text-align: center;\">Bitumenemulsionen \u2014 Anwendungsgebiete<\/h2>\r\n<ol>\r\n \t<li>Stra\u00dfenbau:<\/li>\r\n<\/ol>\r\n<ul>\r\n \t<li>Deckschichtemulsionen;<\/li>\r\n \t<li>Reparatur von Schlagl\u00f6chern;<\/li>\r\n \t<li>Verklebung von Asphaltschichten;<\/li>\r\n \t<li>Verwendung in Slurry Seal- und Multimac-Technologien;<\/li>\r\n \t<li>Stabilisierung von Untergr\u00fcnden und Basen;<\/li>\r\n \t<li>Emulsionen f\u00fcr die Wiederverwendung von Asphaltmaterialien (Recycling);<\/li>\r\n \t<li>Langzeitlageremulsionen (Winter-Reparaturmischungen f\u00fcr Schlagl\u00f6cher);<\/li>\r\n \t<li>Emulsionen zur Entfernung von Haftstoffen.<\/li>\r\n<\/ul>\r\n<ol start=\"2\">\r\n \t<li>Wasserbauanlagen:<\/li>\r\n<\/ol>\r\n<ul>\r\n \t<li>Emulsionen f\u00fcr die Herstellung wasserdichter Membranen f\u00fcr Fundamente, Schwimmbecken, Rohr- und Pfahlverkleidungen usw.;<\/li>\r\n \t<li>Emulsionen werden mit der Jet-Methode, in Einzel- oder Zweikomponentenmethoden (zur Beschleunigung der Filmbildung) auf die Oberfl\u00e4che aufgetragen.<\/li>\r\n<\/ul>\r\n<ol start=\"3\">\r\n \t<li>Dachbau:<\/li>\r\n<\/ol>\r\n<ul>\r\n \t<li>Emulsionen zur Herstellung wasserdichter Membranen auf der Oberfl\u00e4che von D\u00e4chern unterschiedlicher Komplexit\u00e4t. Diese Emulsionen werden mit der Jet-Methode auf die Oberfl\u00e4che aufgetragen.<\/li>\r\n<\/ul>"}],"add_def_tab":[{"tab_title":"Technische Daten","tab_content":"<table>\r\n<tbody>\r\n<tr>\r\n<td><b>Nr.<\/b><\/td>\r\n<td>\r\n<p style=\"text-align: center;\"><b>Parameter<\/b><\/p>\r\n<\/td>\r\n<td>\r\n<p style=\"text-align: center;\"><b>Wert<\/b><\/p>\r\n<\/td>\r\n<\/tr>\r\n<tr>\r\n<td>1<\/td>\r\n<td>\r\n<p style=\"text-align: left;\">Einheitskapazit\u00e4t, m<sup>3<\/sup>\/h (gpm)<\/p>\r\n<\/td>\r\n<td>\r\n<p style=\"text-align: center;\">2\u20264 (8,8\u2026 17,6)*<\/p>\r\n<\/td>\r\n<\/tr>\r\n<tr>\r\n<td>3<\/td>\r\n<td>\r\n<p style=\"text-align: left;\">Betriebstemperatur, \u00b0C (\u00b0F), nicht mehr als<\/p>\r\n<\/td>\r\n<td>\r\n<p style=\"text-align: center;\">150 (302)<\/p>\r\n<\/td>\r\n<\/tr>\r\n<tr>\r\n<td>4<\/td>\r\n<td>\r\n<p style=\"text-align: left;\">Maximaler Druck, bar (psi), nicht mehr als<\/p>\r\n<\/td>\r\n<td>\r\n<p style=\"text-align: center;\">10 (145)<\/p>\r\n<\/td>\r\n<\/tr>\r\n<tr>\r\n<td>5<\/td>\r\n<td>\r\n<p style=\"text-align: left;\">Produktbetriebsvolumen, L<\/p>\r\n<\/td>\r\n<td>\r\n<p style=\"text-align: center;\">Durchfluss<\/p>\r\n<\/td>\r\n<\/tr>\r\n<tr>\r\n<td>6<\/td>\r\n<td>\r\n<p style=\"text-align: left;\">Wellenwellendichtungstyp<\/p>\r\n<\/td>\r\n<td>\r\n<p style=\"text-align: center;\">Packung<\/p>\r\n<\/td>\r\n<\/tr>\r\n<tr>\r\n<td>7<\/td>\r\n<td>\r\n<p style=\"text-align: left;\">Rotor\/Stator-Werkzeugtyp<\/p>\r\n<\/td>\r\n<td>\r\n<p style=\"text-align: center;\">D\u00fcse<\/p>\r\n<\/td>\r\n<\/tr>\r\n<tr>\r\n<td>8<\/td>\r\n<td>\r\n<p style=\"text-align: left;\">Austauschbares Messerset<\/p>\r\n<\/td>\r\n<td>\r\n<p style=\"text-align: center;\">Optional<\/p>\r\n<\/td>\r\n<\/tr>\r\n<tr>\r\n<td>9<\/td>\r\n<td>\r\n<p style=\"text-align: left;\">Messerausgleich (voreingestellt), mm<\/p>\r\n<\/td>\r\n<td>\r\n<p style=\"text-align: center;\">0,5\u20261,5 (2\u00b710<sup>-2<\/sup>\u20266\u00b710<sup>-2<\/sup>)<\/p>\r\n<\/td>\r\n<\/tr>\r\n<tr>\r\n<td>10<\/td>\r\n<td>\r\n<p style=\"text-align: left;\">Messerradialspalt, mm (in)<\/p>\r\n<\/td>\r\n<td>\r\n<p style=\"text-align: center;\">0,25 (10<sup>-3<\/sup>)<\/p>\r\n<\/td>\r\n<\/tr>\r\n<tr>\r\n<td>11<\/td>\r\n<td>\r\n<p style=\"text-align: left;\">Messerspitzen-Geschwindigkeit, m\/s (mph), nicht mehr als<\/p>\r\n<\/td>\r\n<td>\r\n<p style=\"text-align: center;\">45 (100)<\/p>\r\n<\/td>\r\n<\/tr>\r\n<tr>\r\n<td>12<\/td>\r\n<td>\r\n<p style=\"text-align: left;\">M\u00fchlenwellen- und Lagerdrehzahl, U\/min<\/p>\r\n<\/td>\r\n<td>\r\n<p style=\"text-align: center;\">6.350<\/p>\r\n<\/td>\r\n<\/tr>\r\n<tr>\r\n<td>13<\/td>\r\n<td>\r\n<p style=\"text-align: left;\">Drehzahl des Elektromotorwellen, U\/min<\/p>\r\n<\/td>\r\n<td>\r\n<p style=\"text-align: center;\">2.900<\/p>\r\n<\/td>\r\n<\/tr>\r\n<tr>\r\n<td>14<\/td>\r\n<td>\r\n<p style=\"text-align: left;\">Antriebsleistung, kW<\/p>\r\n<\/td>\r\n<td>\r\n<p style=\"text-align: center;\">11<\/p>\r\n<\/td>\r\n<\/tr>\r\n<tr>\r\n<td>15<\/td>\r\n<td>\r\n<p style=\"text-align: left;\">Stromspannung, V<\/p>\r\n<\/td>\r\n<td>\r\n<p style=\"text-align: center;\">kundenspezifisch<\/p>\r\n<\/td>\r\n<\/tr>\r\n<tr>\r\n<td rowspan=\"4\">16<\/td>\r\n<td>\r\n<p style=\"text-align: left;\">Abmessungen, mm (in), nicht mehr als:<\/p>\r\n<\/td>\r\n<td><\/td>\r\n<\/tr>\r\n<tr>\r\n<td>\r\n<p style=\"text-align: left;\">-L\u00e4nge<\/p>\r\n<\/td>\r\n<td>\r\n<p style=\"text-align: center;\">900 (35)<\/p>\r\n<\/td>\r\n<\/tr>\r\n<tr>\r\n<td>\r\n<p style=\"text-align: left;\">\u2014 <b>Breite<\/b><\/p>\r\n<\/td>\r\n<td>\r\n<p style=\"text-align: center;\">580 (23)<\/p>\r\n<\/td>\r\n<\/tr>\r\n<tr>\r\n<td>\r\n<p style=\"text-align: left;\">-H\u00f6he<\/p>\r\n<\/td>\r\n<td>\r\n<p style=\"text-align: center;\">450 (18)<\/p>\r\n<\/td>\r\n<\/tr>\r\n<tr>\r\n<td>17<\/td>\r\n<td>\r\n<p style=\"text-align: left;\">Gewicht, nicht mehr als, kg (lb)<\/p>\r\n<\/td>\r\n<td>\r\n<p style=\"text-align: center;\">190 (420)<\/p>\r\n<\/td>\r\n<\/tr>\r\n<\/tbody>\r\n<\/table>\r\n<p style=\"text-align: justify;\"><b>\u00a0<\/b>* \u2014 abh\u00e4ngig vom Produkt (Fl\u00fcssigkeit).<\/p>"},{"tab_title":"Vorteile","tab_content":"<ul>\r\n \t<li style=\"text-align: justify;\">Die M\u00fchle kann in verschiedenen Branchen eingesetzt werden;<\/li>\r\n \t<li style=\"text-align: justify;\">Die M\u00fchle kann Rotor-\/Stator-Werkzeuge verschiedener Typen haben: D\u00fcse, Kammer, Kegel (f\u00fcr das Mahlen) und nur Kegel (f\u00fcr viskose Produkte);<\/li>\r\n \t<li style=\"text-align: justify;\">Je nach der erforderlichen Intensit\u00e4t der mechanischen und thermischen Produktverarbeitung werden nicht nur der Rotor-\/Stator-Werkzeugtyp, sondern auch die Anzahl der Betriebsstufen (Ringe) ausgew\u00e4hlt. Die Werkzeuge k\u00f6nnen zerlegbar oder aus einem massiven Werkst\u00fcck und verschiedenen Stahlsorten gefertigt werden, abh\u00e4ngig vom beabsichtigten Verwendungszweck des Artikels; die f\u00fcr die gestellte Aufgabe optimale Werkzeuggeometrie und das Werkzeugmaterial k\u00f6nnen ausgew\u00e4hlt werden;<\/li>\r\n \t<li style=\"text-align: justify;\">Die M\u00fchle kann sowohl drinnen als auch in einem gesch\u00fctzten Au\u00dfenbereich betrieben werden.<\/li>\r\n<\/ul>"}],"add_video_tab":[{"video_tab_title":"Video","add_video_id":[{"video_id":"CqPtPvnF7co"},{"video_id":"SCZN2qOpryA"},{"video_id":"lzUw3gpnxGg"}]}],"add_gallery_tab":null,"add_price_tab":[{"price_tab_title":"Get a quote"}]},"language":"de","_links":{"self":[{"href":"https:\/\/globecore.com\/de\/wp-json\/wp\/v2\/pages\/148385","targetHints":{"allow":["GET"]}}],"collection":[{"href":"https:\/\/globecore.com\/de\/wp-json\/wp\/v2\/pages"}],"about":[{"href":"https:\/\/globecore.com\/de\/wp-json\/wp\/v2\/types\/page"}],"author":[{"embeddable":true,"href":"https:\/\/globecore.com\/de\/wp-json\/wp\/v2\/users\/7"}],"replies":[{"embeddable":true,"href":"https:\/\/globecore.com\/de\/wp-json\/wp\/v2\/comments?post=148385"}],"version-history":[{"count":1,"href":"https:\/\/globecore.com\/de\/wp-json\/wp\/v2\/pages\/148385\/revisions"}],"predecessor-version":[{"id":341771,"href":"https:\/\/globecore.com\/de\/wp-json\/wp\/v2\/pages\/148385\/revisions\/341771"}],"up":[{"embeddable":true,"href":"https:\/\/globecore.com\/de\/wp-json\/wp\/v2\/pages\/148389"}],"wp:featuredmedia":[{"embeddable":true,"href":"https:\/\/globecore.com\/de\/wp-json\/wp\/v2\/media\/148386"}],"wp:attachment":[{"href":"https:\/\/globecore.com\/de\/wp-json\/wp\/v2\/media?parent=148385"}],"wp:term":[{"taxonomy":"category","embeddable":true,"href":"https:\/\/globecore.com\/de\/wp-json\/wp\/v2\/categories?post=148385"}],"curies":[{"name":"wp","href":"https:\/\/api.w.org\/{rel}","templated":true}]}}