{"id":148387,"date":"2021-07-13T08:51:57","date_gmt":"2021-07-13T08:51:57","guid":{"rendered":"https:\/\/globecore.com\/colloid-mill-clm-16-25\/"},"modified":"2026-03-09T08:21:26","modified_gmt":"2026-03-09T08:21:26","slug":"colloid-mill-clm-16-25","status":"publish","type":"page","link":"https:\/\/globecore.com\/de\/products\/colloid-mill\/colloid-mills-for-bitumen-emulsion-production\/colloid-mill-clm-16-25\/","title":{"rendered":"CLM-16\/25 Kolloidm\u00fchle"},"content":{"rendered":"","protected":false},"excerpt":{"rendered":"<p>Die Kolloidm\u00fchle CLM-16\/25 ist f\u00fcr die Inline-Homogenisierung und Emulgierung von fl\u00fcssigen Produkten konzipiert, insbesondere f\u00fcr die Herstellung von Bitumenemulsionen. Sie verarbeitet effizient dickfl\u00fcssige Suspensionen unter hohen Scherkr\u00e4ften und gew\u00e4hrleistet eine gleichm\u00e4\u00dfige und stabile Mischung. Die M\u00fchle ist kompakt gebaut, was sie f\u00fcr die Integration in kontinuierliche Produktionslinien geeignet macht. Kapazit\u00e4t: 16\u201325\u202fm\u00b3\/h (70\u2013110 gpm).<\/p>\n","protected":false},"author":7,"featured_media":148388,"parent":148389,"menu_order":0,"comment_status":"closed","ping_status":"closed","template":"templates\/single-product.php","meta":{"_acf_changed":false,"_bbp_topic_count":0,"_bbp_reply_count":0,"_bbp_total_topic_count":0,"_bbp_total_reply_count":0,"_bbp_voice_count":0,"_bbp_anonymous_reply_count":0,"_bbp_topic_count_hidden":0,"_bbp_reply_count_hidden":0,"_bbp_forum_subforum_count":0,"footnotes":""},"categories":[1939],"class_list":["post-148387","page","type-page","status-publish","has-post-thumbnail","hentry","category-frasen","oil_type-chemische-industrie","oil_type-erdolindustrie","process_type-fraesen","process_type-mischen"],"acf":{"add_tab":[{"tab_title":"Beschreibung","tab_content":"<p style=\"text-align: justify;\">Der CLM-16\/25 Kolloidm\u00fchle ist f\u00fcr die Inline-Homogenisierung und Emulgierung von Fl\u00fcssigprodukten (dicken Schl\u00e4mmen mit hohem Scherstress) ausgelegt, insbesondere f\u00fcr die Herstellung von Bitumenemulsionen.<\/p>\r\n<p style=\"text-align: justify;\">Es ist akzeptabel, die M\u00fchle f\u00fcr die Herstellung, Aufl\u00f6sung und Verarbeitung vieler Produkte in verschiedenen Industrien zu verwenden.<\/p>\r\n\r\n<h2 style=\"text-align: center;\">Funktionsprinzip<\/h2>\r\n<p style=\"text-align: justify;\">Das Funktionsprinzip der CLM-16\/25 Kolloidm\u00fchle basiert auf einem Rotor\/Stator-System. Ein Rotor und ein Stator bestehen aus konzentrischen Werkzeugringen (Schneider, Messer) mit speziellen Rillen- und\/oder Lochkonfigurationen, die den optimalen mechanischen Einfluss auf das verarbeitete Produkt gew\u00e4hrleisten.<\/p>\r\n<p style=\"text-align: justify;\">Im Arbeitszustand treten die Werkzeugringe des Rotors (bewegliches Werkzeug) und des Stators (station\u00e4res Werkzeug) koaxial aufeinander zu und rotieren ber\u00fchrungslos mit einer hohen relativen Geschwindigkeit (bis zu 45 m\/s). Die ber\u00fchrungslose Rotation wird durch technologische axiale und radiale Spalte sichergestellt.<\/p>\r\n<p style=\"text-align: justify;\">Das verarbeitete Produkt gelangt durch die axiale Bohrung des Stators (Produkteinlass) in die Betriebs kammer des M\u00fchlengeh\u00e4uses, wird durch das Rotor\/Stator-System gef\u00fchrt und in radialer Richtung abgef\u00fchrt (Produktauslass).<\/p>\r\n<p style=\"text-align: justify;\">Beim Durchgang durch das Rotor\/Stator-System wird das Produkt durch komplexe hydrodynamische Prozesse beeinflusst, die mit \u00c4nderungen der Scherbelastungen, Scherkr\u00e4ften und Flie\u00dfgeschwindigkeiten verbunden sind. Chemische Reaktionen erfolgen schneller aufgrund der erh\u00f6hten Kontaktfl\u00e4chen chemischer Stoffe. Dadurch werden intensive Dispersion, Emulgierung, Homogenisierung, Mahlung und Zerkleinerung des verarbeiteten Produkts erreicht.<\/p>\r\n\r\n<h2 style=\"text-align: center;\">Bitumenemulsionen \u2014 Anwendungsgebiete<\/h2>\r\n<ol>\r\n \t<li>Stra\u00dfenbau:<\/li>\r\n<\/ol>\r\n<ul>\r\n \t<li>Oberfl\u00e4chenemulsionen;<\/li>\r\n \t<li>Flickteer;<\/li>\r\n \t<li>Verbindung von Asphalt-Schichten;<\/li>\r\n \t<li>Verwendung in Slurry Seal- und Multimac-Technologien;<\/li>\r\n \t<li>Boden- und Fundamentstabilisierung;<\/li>\r\n \t<li>Emulsionen f\u00fcr die Wiederverwendung von Asphaltmaterialien (Recycling);<\/li>\r\n \t<li>Langzeitlagerungs-Emulsionen (Wintermischungen f\u00fcr die Flickteerung von Schlagl\u00f6chern);<\/li>\r\n \t<li>Emulsionen zum Entfernen von Klebrigkeit.<\/li>\r\n<\/ul>\r\n<ol start=\"2\">\r\n \t<li>Wasserbauwerke:<\/li>\r\n<\/ol>\r\n<ul>\r\n \t<li>Emulsionen, die zum Anlegen von wasserdichten Membranen f\u00fcr Fundamente, Schwimmb\u00e4der, Rohr- und Pfahlverkleidungen usw. verwendet werden;<\/li>\r\n \t<li>Emulsionen werden mittels Spr\u00fchverfahren auf die Oberfl\u00e4che aufgebracht, ein- oder zweikomponentig (um die Filmformation zu beschleunigen).<\/li>\r\n<\/ul>\r\n<ol start=\"3\">\r\n \t<li>Dachabdichtungen:<\/li>\r\n<\/ol>\r\n<ul>\r\n \t<li>Emulsionen zur Herstellung wasserdichter Membranen auf Dachfl\u00e4chen unterschiedlicher Komplexit\u00e4t. Diese Emulsionen werden mittels Spr\u00fchverfahren aufgebracht.<\/li>\r\n<\/ul>"}],"add_def_tab":[{"tab_title":"Technische Daten","tab_content":"<table>\r\n<tbody>\r\n<tr>\r\n<td><b>Nr<i>.<\/i><\/b><\/td>\r\n<td>\r\n<p style=\"text-align: center;\"><b>Parameter<\/b><\/p>\r\n<\/td>\r\n<td>\r\n<p style=\"text-align: center;\"><b>Wert<\/b><\/p>\r\n<\/td>\r\n<\/tr>\r\n<tr>\r\n<td>1<\/td>\r\n<td>\r\n<p style=\"text-align: left;\">Kapazit\u00e4t der Einheit, m\u00b3\/h (gpm)<\/p>\r\n<\/td>\r\n<td>\r\n<p style=\"text-align: center;\">16\u202625 (70\u2026 110)*<\/p>\r\n<\/td>\r\n<\/tr>\r\n<tr>\r\n<td>2<\/td>\r\n<td>\r\n<p style=\"text-align: left;\">Kinematische Viskosit\u00e4t des Produkts, mm\u00b2\/s (St),<\/p>\r\nnicht mehr als<\/td>\r\n<td>\r\n<p style=\"text-align: center;\">150 (1,5)<\/p>\r\n<\/td>\r\n<\/tr>\r\n<tr>\r\n<td>3<\/td>\r\n<td>\r\n<p style=\"text-align: left;\">Betriebstemperatur, \u00b0C (\u00b0F), nicht mehr als<\/p>\r\n<\/td>\r\n<td>\r\n<p style=\"text-align: center;\">150 (302)<\/p>\r\n<\/td>\r\n<\/tr>\r\n<tr>\r\n<td>4<\/td>\r\n<td>\r\n<p style=\"text-align: left;\">Betriebsdruck, bar (psi), nicht mehr als<\/p>\r\n<\/td>\r\n<td>\r\n<p style=\"text-align: center;\">10 (145)<\/p>\r\n<\/td>\r\n<\/tr>\r\n<tr>\r\n<td>5<\/td>\r\n<td>\r\n<p style=\"text-align: left;\">Vorl\u00e4ufiger Druckkopf auf der Produktzufuhrseite, bar (psi), nicht mehr als<\/p>\r\n<\/td>\r\n<td>\r\n<p style=\"text-align: center;\">0,1 (1,45)<\/p>\r\n<\/td>\r\n<\/tr>\r\n<tr>\r\n<td>6<\/td>\r\n<td>\r\n<p style=\"text-align: left;\">Schaftdichtungstyp<\/p>\r\n<\/td>\r\n<td>\r\n<p style=\"text-align: center;\">Packung<\/p>\r\n<\/td>\r\n<\/tr>\r\n<tr>\r\n<td>7<\/td>\r\n<td>\r\n<p style=\"text-align: left;\">Rotor\/Stator-Werkzeugtyp<\/p>\r\n<\/td>\r\n<td>\r\n<p style=\"text-align: center;\">D\u00fcse<\/p>\r\n<\/td>\r\n<\/tr>\r\n<tr>\r\n<td>8<\/td>\r\n<td>\r\n<p style=\"text-align: left;\">Ersetzbares Messerset<\/p>\r\n<\/td>\r\n<td>\r\n<p style=\"text-align: center;\">optional<\/p>\r\n<\/td>\r\n<\/tr>\r\n<tr>\r\n<td>9<\/td>\r\n<td>\r\n<p style=\"text-align: left;\">Axialspalt des Messers<\/p>\r\n<\/td>\r\n<td>\r\n<p style=\"text-align: center;\">vorgegeben<\/p>\r\n<\/td>\r\n<\/tr>\r\n<tr>\r\n<td>10<\/td>\r\n<td>\r\n<p style=\"text-align: left;\">Minimaler axialer Messerspalt, mm (in)<\/p>\r\n<\/td>\r\n<td>\r\n<p style=\"text-align: center;\">0,5 (2\u00b710<sup>-2<\/sup>)<\/p>\r\n<\/td>\r\n<\/tr>\r\n<tr>\r\n<td>11<\/td>\r\n<td>\r\n<p style=\"text-align: left;\">Minimaler radialer Messerspalt, mm (in)<\/p>\r\n<\/td>\r\n<td>\r\n<p style=\"text-align: center;\">0,25 (10<sup>-3<\/sup>)<\/p>\r\n<\/td>\r\n<\/tr>\r\n<tr>\r\n<td>12<\/td>\r\n<td>\r\n<p style=\"text-align: left;\">Messertipps Geschwindigkeit, m\/s (mph), nicht weniger als<\/p>\r\n<\/td>\r\n<td>\r\n<p style=\"text-align: center;\">45 (100)<\/p>\r\n<\/td>\r\n<\/tr>\r\n<tr>\r\n<td>13<\/td>\r\n<td>\r\n<p style=\"text-align: left;\">Drehzahl der M\u00fchlenwelle und Lager, U\/min<\/p>\r\n<\/td>\r\n<td>\r\n<p style=\"text-align: center;\">7.425<\/p>\r\n<\/td>\r\n<\/tr>\r\n<tr>\r\n<td>14<\/td>\r\n<td>\r\n<p style=\"text-align: left;\">Drehzahl der Motorwelle, U\/min<\/p>\r\n<\/td>\r\n<td>\r\n<p style=\"text-align: center;\">2.970<\/p>\r\n<\/td>\r\n<\/tr>\r\n<tr>\r\n<td>15<\/td>\r\n<td>\r\n<p style=\"text-align: left;\">Schmierung und K\u00fchlung der M\u00fchlenwellenlager<\/p>\r\n<\/td>\r\n<td>\r\n<p style=\"text-align: center;\">\u00d6lbad<\/p>\r\n<\/td>\r\n<\/tr>\r\n<tr>\r\n<td>16<\/td>\r\n<td>\r\n<p style=\"text-align: left;\">\u00d6lvolumen in der Lageranordnung, dm\u00b3 (gal)<\/p>\r\n<\/td>\r\n<td>\r\n<p style=\"text-align: center;\">0,2 (0,05)<\/p>\r\n<\/td>\r\n<\/tr>\r\n<tr>\r\n<td>17<\/td>\r\n<td>\r\n<p style=\"text-align: left;\">M\u00fchlenheizung<\/p>\r\n<\/td>\r\n<td style=\"text-align: center;\">Thermo\u00f6l<\/td>\r\n<\/tr>\r\n<tr>\r\n<td>18<\/td>\r\n<td>\r\n<p style=\"text-align: left;\">Erforderliche Leistung, kW<\/p>\r\n<\/td>\r\n<td>\r\n<p style=\"text-align: center;\">37<\/p>\r\n<\/td>\r\n<\/tr>\r\n<tr>\r\n<td>19<\/td>\r\n<td>\r\n<p style=\"text-align: left;\">Stromspannung, V<\/p>\r\n<\/td>\r\n<td>\r\n<p style=\"text-align: center;\">kundenspezifisch<\/p>\r\n<\/td>\r\n<\/tr>\r\n<tr>\r\n<td rowspan=\"4\">20<\/td>\r\n<td>\r\n<p style=\"text-align: left;\">Abmessungen, mm (in), nicht mehr als:<\/p>\r\n<\/td>\r\n<td><\/td>\r\n<\/tr>\r\n<tr>\r\n<td>\r\n<p style=\"text-align: left;\">-L\u00e4nge<\/p>\r\n<\/td>\r\n<td>\r\n<p style=\"text-align: center;\">1.060 (42)<\/p>\r\n<\/td>\r\n<\/tr>\r\n<tr>\r\n<td>\r\n<p style=\"text-align: left;\">-Breite<\/p>\r\n<\/td>\r\n<td>\r\n<p style=\"text-align: center;\">860 (34)<\/p>\r\n<\/td>\r\n<\/tr>\r\n<tr>\r\n<td>\r\n<p style=\"text-align: left;\">-H\u00f6he<\/p>\r\n<\/td>\r\n<td>\r\n<p style=\"text-align: center;\">680 (27)<\/p>\r\n<\/td>\r\n<\/tr>\r\n<tr>\r\n<td>21<\/td>\r\n<td>\r\n<p style=\"text-align: left;\">Gewicht, nicht mehr als, kg (lb)<\/p>\r\n<\/td>\r\n<td>\r\n<p style=\"text-align: center;\">470 (1.036)<\/p>\r\n<\/td>\r\n<\/tr>\r\n<\/tbody>\r\n<\/table>\r\n&nbsp;\r\n\r\n* \u2014 abh\u00e4ngig vom Produkt (Fl\u00fcssigkeit)."},{"tab_title":"Vorteile","tab_content":"<ul>\r\n \t<li style=\"text-align: justify;\">Die M\u00fchle kann in verschiedenen Industrien eingesetzt werden;<\/li>\r\n \t<li style=\"text-align: justify;\">Kompakte Gr\u00f6\u00dfen;<\/li>\r\n \t<li style=\"text-align: justify;\">Die M\u00fchle kann verschiedene Rotor\/Stator-Werkzeuge haben: D\u00fcse, Kammer, Kegel (f\u00fcr das Mahlen) und nur Kegel (f\u00fcr viskose Produkte);<\/li>\r\n \t<li style=\"text-align: justify;\">Je nach erforderlicher Intensit\u00e4t der mechanischen und thermischen Produktverarbeitung werden nicht nur der Rotor\/Stator-Werkzeugtyp, sondern auch die Anzahl der Betriebseinheiten (Ringe) ausgew\u00e4hlt. Die Werkzeuge k\u00f6nnen zusammenklappbar oder aus einem massiven Werkst\u00fcck und verschiedenen Stahlqualit\u00e4ten hergestellt werden, je nach beabsichtigtem Verwendungszweck des Artikels; die Geometrie des Werkzeugs, die optimal f\u00fcr die festgelegte Aufgabe ist, sowie das Material des Werkzeugs k\u00f6nnen gew\u00e4hlt werden;<\/li>\r\n \t<li style=\"text-align: justify;\">Die M\u00fchle kann sowohl drinnen als auch in gesch\u00fctzten Au\u00dfenbereichen betrieben werden.<\/li>\r\n<\/ul>"}],"add_video_tab":null,"add_gallery_tab":null,"add_price_tab":[{"price_tab_title":"Get a quote"}]},"language":"de","_links":{"self":[{"href":"https:\/\/globecore.com\/de\/wp-json\/wp\/v2\/pages\/148387","targetHints":{"allow":["GET"]}}],"collection":[{"href":"https:\/\/globecore.com\/de\/wp-json\/wp\/v2\/pages"}],"about":[{"href":"https:\/\/globecore.com\/de\/wp-json\/wp\/v2\/types\/page"}],"author":[{"embeddable":true,"href":"https:\/\/globecore.com\/de\/wp-json\/wp\/v2\/users\/7"}],"replies":[{"embeddable":true,"href":"https:\/\/globecore.com\/de\/wp-json\/wp\/v2\/comments?post=148387"}],"version-history":[{"count":1,"href":"https:\/\/globecore.com\/de\/wp-json\/wp\/v2\/pages\/148387\/revisions"}],"predecessor-version":[{"id":341777,"href":"https:\/\/globecore.com\/de\/wp-json\/wp\/v2\/pages\/148387\/revisions\/341777"}],"up":[{"embeddable":true,"href":"https:\/\/globecore.com\/de\/wp-json\/wp\/v2\/pages\/148389"}],"wp:featuredmedia":[{"embeddable":true,"href":"https:\/\/globecore.com\/de\/wp-json\/wp\/v2\/media\/148388"}],"wp:attachment":[{"href":"https:\/\/globecore.com\/de\/wp-json\/wp\/v2\/media?parent=148387"}],"wp:term":[{"taxonomy":"category","embeddable":true,"href":"https:\/\/globecore.com\/de\/wp-json\/wp\/v2\/categories?post=148387"}],"curies":[{"name":"wp","href":"https:\/\/api.w.org\/{rel}","templated":true}]}}