{"id":148389,"date":"2023-05-22T06:24:40","date_gmt":"2023-05-22T06:24:40","guid":{"rendered":"https:\/\/globecore.com\/products\/colloid-mill\/colloid-mills-for-bitumen-emulsion-production\/"},"modified":"2026-03-10T17:26:44","modified_gmt":"2026-03-10T17:26:44","slug":"colloid-mills-for-bitumen-emulsion-production","status":"publish","type":"page","link":"https:\/\/globecore.com\/de\/products\/colloid-mill\/colloid-mills-for-bitumen-emulsion-production\/","title":{"rendered":"Kolloidm\u00fchlen zur Herstellung von Bitumenemulsionen"},"content":{"rendered":"<p style=\"text-align: justify;\"><strong> CLM Kolloidm\u00fchlen<\/strong> sind f\u00fcr die Inline-Homogenisierung und Emulgierung von Fl\u00fcssigprodukten (dichte Schl\u00e4mme mit hohen Scherkr\u00e4ften) ausgelegt, insbesondere f\u00fcr die <strong>Herstellung von Bitumenemulsionen<\/strong>. Kolloidm\u00fchlen k\u00f6nnen sowohl als Teil von <strong>USB-2 Einheiten<\/strong> geliefert werden, als auch separat ohne Antriebe oder als separates Bauteil f\u00fcr bereits gelieferte Maschinen.<\/p>\n","protected":false},"excerpt":{"rendered":"<p>CLM Kolloidm\u00fchlen sind f\u00fcr die Inline-Homogenisierung und Emulgierung von Fl\u00fcssigprodukten (dichte Schl\u00e4mme mit hohen Scherkr\u00e4ften) ausgelegt, insbesondere f\u00fcr die Herstellung von Bitumenemulsionen. Kolloidm\u00fchlen k\u00f6nnen sowohl als Teil von USB-2 Einheiten geliefert werden, als auch separat ohne Antriebe oder als separates Bauteil f\u00fcr bereits gelieferte Maschinen.<\/p>\n","protected":false},"author":7,"featured_media":146259,"parent":146254,"menu_order":0,"comment_status":"closed","ping_status":"closed","template":"templates\/products-sidebar.php","meta":{"_acf_changed":false,"_bbp_topic_count":0,"_bbp_reply_count":0,"_bbp_total_topic_count":0,"_bbp_total_reply_count":0,"_bbp_voice_count":0,"_bbp_anonymous_reply_count":0,"_bbp_topic_count_hidden":0,"_bbp_reply_count_hidden":0,"_bbp_forum_subforum_count":0,"footnotes":""},"categories":[],"class_list":["post-148389","page","type-page","status-publish","has-post-thumbnail","hentry"],"acf":[],"language":"de","_links":{"self":[{"href":"https:\/\/globecore.com\/de\/wp-json\/wp\/v2\/pages\/148389","targetHints":{"allow":["GET"]}}],"collection":[{"href":"https:\/\/globecore.com\/de\/wp-json\/wp\/v2\/pages"}],"about":[{"href":"https:\/\/globecore.com\/de\/wp-json\/wp\/v2\/types\/page"}],"author":[{"embeddable":true,"href":"https:\/\/globecore.com\/de\/wp-json\/wp\/v2\/users\/7"}],"replies":[{"embeddable":true,"href":"https:\/\/globecore.com\/de\/wp-json\/wp\/v2\/comments?post=148389"}],"version-history":[{"count":1,"href":"https:\/\/globecore.com\/de\/wp-json\/wp\/v2\/pages\/148389\/revisions"}],"predecessor-version":[{"id":341921,"href":"https:\/\/globecore.com\/de\/wp-json\/wp\/v2\/pages\/148389\/revisions\/341921"}],"up":[{"embeddable":true,"href":"https:\/\/globecore.com\/de\/wp-json\/wp\/v2\/pages\/146254"}],"wp:featuredmedia":[{"embeddable":true,"href":"https:\/\/globecore.com\/de\/wp-json\/wp\/v2\/media\/146259"}],"wp:attachment":[{"href":"https:\/\/globecore.com\/de\/wp-json\/wp\/v2\/media?parent=148389"}],"wp:term":[{"taxonomy":"category","embeddable":true,"href":"https:\/\/globecore.com\/de\/wp-json\/wp\/v2\/categories?post=148389"}],"curies":[{"name":"wp","href":"https:\/\/api.w.org\/{rel}","templated":true}]}}