{"id":148396,"date":"2021-07-13T13:20:21","date_gmt":"2021-07-13T13:20:21","guid":{"rendered":"https:\/\/globecore.com\/colloid-mill-clm-10-20\/"},"modified":"2026-03-09T08:31:32","modified_gmt":"2026-03-09T08:31:32","slug":"colloid-mill-clm-10-20","status":"publish","type":"page","link":"https:\/\/globecore.com\/de\/products\/colloid-mill\/colloid-mills-for-bitumen-modification\/colloid-mill-clm-10-20\/","title":{"rendered":"CLM-10\/20 Kolloidm\u00fchle"},"content":{"rendered":"","protected":false},"excerpt":{"rendered":"<p>Die Kolloidm\u00fchle CLM-10\/20 ist f\u00fcr die Inline-Homogenisierung und Emulgierung von fl\u00fcssigen Produkten ausgelegt und verarbeitet dickfl\u00fcssige Suspensionen unter hohen Scherkr\u00e4ften. Sie ist besonders geeignet f\u00fcr die Polymermodifikation von Bitumen und gew\u00e4hrleistet eine gleichm\u00e4\u00dfige Dispersion und gleichbleibende Produktqualit\u00e4t. Kapazit\u00e4t: 10\u201320\u202fm\u00b3\/h.<\/p>\n","protected":false},"author":7,"featured_media":148397,"parent":148402,"menu_order":0,"comment_status":"closed","ping_status":"closed","template":"templates\/single-product.php","meta":{"_acf_changed":false,"_bbp_topic_count":0,"_bbp_reply_count":0,"_bbp_total_topic_count":0,"_bbp_total_reply_count":0,"_bbp_voice_count":0,"_bbp_anonymous_reply_count":0,"_bbp_topic_count_hidden":0,"_bbp_reply_count_hidden":0,"_bbp_forum_subforum_count":0,"footnotes":""},"categories":[1939],"class_list":["post-148396","page","type-page","status-publish","has-post-thumbnail","hentry","category-frasen","oil_type-chemische-industrie","oil_type-erdolindustrie","process_type-fraesen","process_type-mischen"],"acf":{"add_tab":[{"tab_title":"Beschreibung","tab_content":"<p style=\"text-align: justify;\">Die CLM-10\/20 Kolloidm\u00fchle ist f\u00fcr die Inline-Homogenisierung und Emulgierung von Fl\u00fcssigprodukten (dichte Schl\u00e4mme mit hohen Scherkr\u00e4ften) ausgelegt, insbesondere f\u00fcr die Polymer-basierte Bitumenmodifikation.<\/p>\r\n<p style=\"text-align: justify;\">Es ist zul\u00e4ssig, die Kolloidm\u00fchle f\u00fcr die Vorbereitung, L\u00f6sung und Verarbeitung vieler Produkte in verschiedenen Industrien zu verwenden.<\/p>\r\n\r\n<h2 style=\"text-align: center;\">Design und Funktionsprinzip<\/h2>\r\n<p style=\"text-align: justify;\">Das Funktionsprinzip der CLM-10\/20 Kolloidm\u00fchle basiert auf einem Rotor\/Stator-Systemdiagramm. Ein Rotor und ein Stator bestehen aus konzentrischen Werkzeugscheiben (Schneidewerkzeuge, Messer) mit speziellen Rillen- und (oder) Lochkonfigurationen, die den optimalen Modus der mechanischen Beanspruchung des verarbeiteten Produkts gew\u00e4hrleisten.<\/p>\r\n<p style=\"text-align: justify;\">Im Arbeitszustand treten die Werkzeugscheiben des Rotors (bewegliches Werkzeug) und des Stators (station\u00e4res Werkzeug) koaxial gegeneinander und rotieren kontaktfrei mit einer hohen relativen Geschwindigkeit (bis zu 52 m\/s). Die kontaktfreie Rotation wird durch technologische axiale und radiale Spalte gew\u00e4hrleistet.<\/p>\r\n<p style=\"text-align: justify;\">Das verarbeitete Produkt gelangt \u00fcber die axiale Bohrung des Stators (Produkteinlass) in den Arbeitsraum des M\u00fchlengeh\u00e4uses, wird durch das Rotor\/Stator-System gef\u00fchrt und radial abgef\u00fchrt (Produktauslass).<\/p>\r\n<p style=\"text-align: justify;\">Beim Durchgang durch das Rotor\/Stator-System wird das Produkt von komplexen hydrodynamischen Prozessen beeinflusst, die mit Ver\u00e4nderungen der Scherkr\u00e4fte, Scherbelastungen und Flie\u00dfgeschwindigkeit verbunden sind. Chemische Reaktionen treten schneller auf, da die Kontaktfl\u00e4chen der chemischen Substanzen vergr\u00f6\u00dfert werden. Infolgedessen wird eine intensive Dispersion, Emulgierung, Homogenisierung, Zerkleinerung und Vermahlung des verarbeiteten Produkts erreicht.<\/p>\r\n\r\n<h2 style=\"text-align: center;\"><strong>Bitumenverputze \u2014 Anwendungsbereich<\/strong><\/h2>\r\n<ol>\r\n \t<li>Bitumenverputze werden sowohl nach Anwendungsbereichen als auch nach Anwendungsmethoden (kalte und hei\u00dfe Beschichtung) klassifiziert.<\/li>\r\n \t<li>Einige Verputze erfordern eine vorherige Oberfl\u00e4chenbehandlung mit Haftvermittlern. Ein Haftvermittler ist ein bitumin\u00f6ses Primermaterial, das Bitumen und ein L\u00f6sungsmittel enth\u00e4lt und eine hohe Eindringf\u00e4higkeit sowie eine kurze Trocknungszeit aufweist.<\/li>\r\n \t<li>Arten von Verputzen und ihre Verwendung:<\/li>\r\n<\/ol>\r\n\u0430) Beschichtungsverputz (kalte Anwendung):\r\n<ul>\r\n \t<li>Wasserdichtigkeit von Oberfl\u00e4chen;<\/li>\r\n \t<li>Behandlung von Fugen und Rissen;<\/li>\r\n \t<li>Spachtelung von Oberfl\u00e4chen;<\/li>\r\n \t<li>Verklebung von Bitumenbahnen;<\/li>\r\n \t<li>Korrosionsschutz von Metallstrukturen.<\/li>\r\n<\/ul>\r\n<ol>\r\n \t<li>b) Beschichtungsverputz (kalte Anwendung). Kann bei Temperaturen unter dem Gefrierpunkt verwendet werden. Er wird f\u00fcr Reparaturen eingesetzt und bildet eine ultrastrenge wasserdichte Beschichtung auf Stahl-, Beton- und Holzstrukturen, die tiefer im Boden vergraben sind.<\/li>\r\n<\/ol>\r\n\u0441) Bitumen-Kautschuk-Verputz (kalte Anwendung) wird f\u00fcr die Abdichtung von Fundamenten, W\u00e4nden, Tanks, Rohrleitungen usw. verwendet.\r\n<ol>\r\n \t<li>d) Klebeputz (kalte Anwendung). Entwickelt f\u00fcr die Verklebung von extrudiertem Polystyrol an bitumin\u00f6sen, bitumenpolymeren Isoliermaterialien in D\u00e4mmsystemen von Fundamenten.<\/li>\r\n<\/ol>\r\n<h2 style=\"text-align: center;\"><strong>Modifiziertes Bitumen \u2014 Anwendungsgebiete<\/strong><\/h2>\r\n<ol>\r\n \t<li>Stra\u00dfenbau:<\/li>\r\n<\/ol>\r\n<ul>\r\n \t<li>Produktion von Asphaltbeton, der f\u00fcr den Neubau und die Reparatur von Stra\u00dfen erster Klasse, Br\u00fccken, \u00dcberf\u00fchrungen, Verkehrsknotenpunkten usw. verwendet wird;<\/li>\r\n \t<li>Produktion von Steinmatrix-Asphaltbeton (SMA) f\u00fcr die Belagsbeschichtung von Highways und Stra\u00dfen erster Klasse;<\/li>\r\n \t<li>Produktion von por\u00f6sem Asphaltbeton;<\/li>\r\n \t<li>Verlegung von Riss-Stopp-Membranzwischenlagen.<\/li>\r\n<\/ul>\r\n<ol start=\"2\">\r\n \t<li>Wasserbauwerke:<\/li>\r\n<\/ol>\r\n<ul>\r\n \t<li>Produktion von PMB-basierten Verputzen f\u00fcr die Beschichtung von Wasserspeicheranlagen, Schwimmb\u00e4dern, Wasserrohrleitungen.<\/li>\r\n<\/ul>\r\n<ol start=\"3\">\r\n \t<li>Bedachungen:<\/li>\r\n<\/ol>\r\n<ul>\r\n \t<li>Produktion von PMB-basierten Dachbahnenmaterialien (Ruberoid, Euroruberoid).<\/li>\r\n<\/ul>\r\n<ol start=\"4\">\r\n \t<li>Bitumenschindeln:<\/li>\r\n<\/ol>\r\n<ul>\r\n \t<li>Produktion von Verputzen f\u00fcr die Verlegung und Reparatur von D\u00e4chern.<\/li>\r\n<\/ul>"}],"add_def_tab":[{"tab_title":"Technische Daten","tab_content":"<table>\r\n<tbody>\r\n<tr>\r\n<td><b>Nr.<\/b><\/td>\r\n<td>\r\n<p style=\"text-align: center;\"><b>Technische Daten<\/b><\/p>\r\n<\/td>\r\n<td>\r\n<p style=\"text-align: center;\"><b>Wert<\/b><\/p>\r\n<\/td>\r\n<\/tr>\r\n<tr>\r\n<td>1<\/td>\r\n<td>\r\n<p style=\"text-align: left;\">Einheitliche Kapazit\u00e4t, m<sup>3<\/sup>\/h (gpm)<\/p>\r\n<\/td>\r\n<td>\r\n<p style=\"text-align: center;\">10\u202620 (44\u2026 88)*<\/p>\r\n<\/td>\r\n<\/tr>\r\n<tr>\r\n<td>3<\/td>\r\n<td>\r\n<p style=\"text-align: left;\">Betriebstemperatur, \u00b0C (\u00b0F), nicht mehr als<\/p>\r\n<\/td>\r\n<td>\r\n<p style=\"text-align: center;\">200 (392)<\/p>\r\n<\/td>\r\n<\/tr>\r\n<tr>\r\n<td>4<\/td>\r\n<td>\r\n<p style=\"text-align: left;\">Maximaler Druck, bar (psi), nicht mehr als<\/p>\r\n<\/td>\r\n<td>\r\n<p style=\"text-align: center;\">20 (290)<\/p>\r\n<\/td>\r\n<\/tr>\r\n<tr>\r\n<td>5<\/td>\r\n<td>\r\n<p style=\"text-align: left;\">Betriebsvolumen des Produkts, L<\/p>\r\n<\/td>\r\n<td>\r\n<p style=\"text-align: center;\">flow<\/p>\r\n<\/td>\r\n<\/tr>\r\n<tr>\r\n<td>6<\/td>\r\n<td>\r\n<p style=\"text-align: left;\">Wellendichtringtyp<\/p>\r\n<\/td>\r\n<td>\r\n<p style=\"text-align: center;\">Packung (mechanisch)<\/p>\r\n<\/td>\r\n<\/tr>\r\n<tr>\r\n<td>7<\/td>\r\n<td>\r\n<p style=\"text-align: left;\">Rotor\/Stator-Werkzeugtyp<\/p>\r\n<\/td>\r\n<td>\r\n<p style=\"text-align: center;\">Kammer<\/p>\r\n<\/td>\r\n<\/tr>\r\n<tr>\r\n<td>8<\/td>\r\n<td>\r\n<p style=\"text-align: left;\">Ersatzmesser-Kit<\/p>\r\n<\/td>\r\n<td>\r\n<p style=\"text-align: center;\">optional<\/p>\r\n<\/td>\r\n<\/tr>\r\n<tr>\r\n<td>9<\/td>\r\n<td>\r\n<p style=\"text-align: left;\">Axialspalt des Messers (voreingestellt), mm (in)<\/p>\r\n<\/td>\r\n<td>\r\n<p style=\"text-align: center;\">0.2\u20262 (8\u00b710<sup>-3<\/sup>\u2026 8\u00b710<sup>-2<\/sup>)<\/p>\r\n<\/td>\r\n<\/tr>\r\n<tr>\r\n<td>10<\/td>\r\n<td>\r\n<p style=\"text-align: left;\">Radialspalt des Messers, mm (in)<\/p>\r\n<\/td>\r\n<td>\r\n<p style=\"text-align: center;\">0.3 (10<sup>-2<\/sup>)<\/p>\r\n<\/td>\r\n<\/tr>\r\n<tr>\r\n<td>11<\/td>\r\n<td>\r\n<p style=\"text-align: left;\">Messergeschwindigkeit an der Spitze, m\/s (mph), nicht mehr als<\/p>\r\n<\/td>\r\n<td>\r\n<p style=\"text-align: center;\">52 (116)<\/p>\r\n<\/td>\r\n<\/tr>\r\n<tr>\r\n<td>12<\/td>\r\n<td>\r\n<p style=\"text-align: left;\">Drehzahl der M\u00fchlenshaft und Lager, rpm<\/p>\r\n<\/td>\r\n<td>\r\n<p style=\"text-align: center;\">4,500<\/p>\r\n<\/td>\r\n<\/tr>\r\n<tr>\r\n<td>13<\/td>\r\n<td>\r\n<p style=\"text-align: left;\">Drehzahl der Elektromotorwelle, rpm<\/p>\r\n<\/td>\r\n<td>\r\n<p style=\"text-align: center;\">3,000<\/p>\r\n<\/td>\r\n<\/tr>\r\n<tr>\r\n<td>14<\/td>\r\n<td>\r\n<p style=\"text-align: left;\">Antriebsleistung, kW<\/p>\r\n<\/td>\r\n<td>\r\n<p style=\"text-align: center;\">75 (90)<\/p>\r\n<\/td>\r\n<\/tr>\r\n<tr>\r\n<td>15<\/td>\r\n<td>\r\n<p style=\"text-align: left;\">Stromspannung, V<\/p>\r\n<\/td>\r\n<td>\r\n<p style=\"text-align: center;\">kundenspezifisch<\/p>\r\n<\/td>\r\n<\/tr>\r\n<tr>\r\n<td rowspan=\"4\">16<\/td>\r\n<td>\r\n<p style=\"text-align: left;\">Abmessungen, mm (in), nicht mehr als:<\/p>\r\n<\/td>\r\n<td><\/td>\r\n<\/tr>\r\n<tr>\r\n<td>\r\n<p style=\"text-align: left;\">-L\u00e4nge<\/p>\r\n<\/td>\r\n<td>\r\n<p style=\"text-align: center;\">1,200 (47)<\/p>\r\n<\/td>\r\n<\/tr>\r\n<tr>\r\n<td>\r\n<p style=\"text-align: left;\">-Breite<\/p>\r\n<\/td>\r\n<td>\r\n<p style=\"text-align: center;\">1,000 (39)<\/p>\r\n<\/td>\r\n<\/tr>\r\n<tr>\r\n<td>\r\n<p style=\"text-align: left;\">-H\u00f6he<\/p>\r\n<\/td>\r\n<td>\r\n<p style=\"text-align: center;\">850 (33)<\/p>\r\n<\/td>\r\n<\/tr>\r\n<tr>\r\n<td>17<\/td>\r\n<td>\r\n<p style=\"text-align: left;\">Gewicht, nicht mehr als, kg (lb)<\/p>\r\n<\/td>\r\n<td>\r\n<p style=\"text-align: center;\">900 (1,985)<\/p>\r\n<\/td>\r\n<\/tr>\r\n<\/tbody>\r\n<\/table>\r\n<b>\u00a0<\/b>* \u2014 abh\u00e4ngig vom Produkt (Fl\u00fcssigkeit)."},{"tab_title":"Vorteile","tab_content":"<ul>\r\n \t<li style=\"text-align: justify;\">Die M\u00fchle kann in verschiedenen Industrien eingesetzt werden;<\/li>\r\n \t<li style=\"text-align: justify;\">Kompakte Gr\u00f6\u00dfen;<\/li>\r\n \t<li style=\"text-align: justify;\">Je nach den auszuf\u00fchrenden Aufgaben wird das Produkt mit verschiedenen Rotor\/Stator-Werkzeugtypen und Wellendichtungen geliefert;<\/li>\r\n \t<li style=\"text-align: justify;\">Der benetzte Teil der M\u00fchle und die Komponenten k\u00f6nnen aus Baustahl, rostfreiem chemikalienbest\u00e4ndigem Stahl oder Stahl, der f\u00fcr den Einsatz in der Lebensmittelindustrie zugelassen ist, hergestellt werden;<\/li>\r\n \t<li style=\"text-align: justify;\">Die M\u00fchle kann sowohl drinnen als auch in gesch\u00fctzten Au\u00dfenbereichen betrieben werden.<\/li>\r\n<\/ul>"}],"add_video_tab":[{"video_tab_title":"Video","add_video_id":[{"video_id":"CqPtPvnF7co"},{"video_id":"YuW5dYgQsx0"},{"video_id":"YuW5dYgQsx0"}]}],"add_gallery_tab":null,"add_price_tab":[{"price_tab_title":"Get a quote"}]},"language":"de","_links":{"self":[{"href":"https:\/\/globecore.com\/de\/wp-json\/wp\/v2\/pages\/148396","targetHints":{"allow":["GET"]}}],"collection":[{"href":"https:\/\/globecore.com\/de\/wp-json\/wp\/v2\/pages"}],"about":[{"href":"https:\/\/globecore.com\/de\/wp-json\/wp\/v2\/types\/page"}],"author":[{"embeddable":true,"href":"https:\/\/globecore.com\/de\/wp-json\/wp\/v2\/users\/7"}],"replies":[{"embeddable":true,"href":"https:\/\/globecore.com\/de\/wp-json\/wp\/v2\/comments?post=148396"}],"version-history":[{"count":1,"href":"https:\/\/globecore.com\/de\/wp-json\/wp\/v2\/pages\/148396\/revisions"}],"predecessor-version":[{"id":341785,"href":"https:\/\/globecore.com\/de\/wp-json\/wp\/v2\/pages\/148396\/revisions\/341785"}],"up":[{"embeddable":true,"href":"https:\/\/globecore.com\/de\/wp-json\/wp\/v2\/pages\/148402"}],"wp:featuredmedia":[{"embeddable":true,"href":"https:\/\/globecore.com\/de\/wp-json\/wp\/v2\/media\/148397"}],"wp:attachment":[{"href":"https:\/\/globecore.com\/de\/wp-json\/wp\/v2\/media?parent=148396"}],"wp:term":[{"taxonomy":"category","embeddable":true,"href":"https:\/\/globecore.com\/de\/wp-json\/wp\/v2\/categories?post=148396"}],"curies":[{"name":"wp","href":"https:\/\/api.w.org\/{rel}","templated":true}]}}