{"id":148398,"date":"2021-07-14T05:22:16","date_gmt":"2021-07-14T05:22:16","guid":{"rendered":"https:\/\/globecore.com\/colloid-mill-clm-8-16\/"},"modified":"2026-03-09T08:26:32","modified_gmt":"2026-03-09T08:26:32","slug":"colloid-mill-clm-8-16","status":"publish","type":"page","link":"https:\/\/globecore.com\/de\/products\/colloid-mill\/colloid-mills-for-bitumen-modification\/colloid-mill-clm-8-16\/","title":{"rendered":"CLM-8\/16 Kolloidm\u00fchle"},"content":{"rendered":"","protected":false},"excerpt":{"rendered":"<p>Die Kolloidm\u00fchle CLM-8\/16 ist f\u00fcr die Inline-Homogenisierung und Emulgierung von fl\u00fcssigen Produkten ausgelegt und verarbeitet effizient dickfl\u00fcssige Suspensionen unter hohen Scherkr\u00e4ften. Sie wird in verschiedenen Industrien weit verbreitet eingesetzt, unter anderem zum Mahlen von granulierter SBS-Polymer in der Produktion von modifiziertem Bitumen. Die M\u00fchle gew\u00e4hrleistet gleichm\u00e4\u00dfige und stabile Mischungen bei hoher Verarbeitungseffizienz. Kapazit\u00e4t: 8\u201316\u202fm\u00b3\/h.<\/p>\n","protected":false},"author":7,"featured_media":148400,"parent":148402,"menu_order":0,"comment_status":"closed","ping_status":"closed","template":"templates\/single-product.php","meta":{"_acf_changed":false,"_bbp_topic_count":0,"_bbp_reply_count":0,"_bbp_total_topic_count":0,"_bbp_total_reply_count":0,"_bbp_voice_count":0,"_bbp_anonymous_reply_count":0,"_bbp_topic_count_hidden":0,"_bbp_reply_count_hidden":0,"_bbp_forum_subforum_count":0,"footnotes":""},"categories":[1939],"class_list":["post-148398","page","type-page","status-publish","has-post-thumbnail","hentry","category-frasen","oil_type-chemische-industrie","oil_type-erdolindustrie","process_type-fraesen","process_type-mischen"],"acf":{"add_tab":[{"tab_title":"Beschreibung","tab_content":"<p style=\"text-align: justify;\">Die CLM-8\/16 Kolloidm\u00fchle ist f\u00fcr die Inline-Homogenisierung und Emulgierung von Fl\u00fcssigprodukten (dicken Schlammen mit hohen Scherkr\u00e4ften) ausgelegt.<\/p>\r\n<p style=\"text-align: justify;\">Die M\u00fchle kann zur Zubereitung, L\u00f6sung und Verarbeitung vieler Produkte in verschiedenen Industrien verwendet werden, insbesondere bei der Mahlung von granulierter SBS-Polymer, das f\u00fcr die Herstellung von modifiziertem Bitumen eingesetzt wird.<\/p>\r\n\r\n<h2 style=\"text-align: center;\">Funktionsprinzip<\/h2>\r\n<p style=\"text-align: justify;\">Das Funktionsprinzip der CLM-8\/16 Kolloidm\u00fchle basiert auf einem Rotor\/Stator-Systemdiagramm. Ein Rotor und ein Stator bestehen aus konzentrischen Werkzeugringen (Schneidwerkzeuge, Messer) mit speziellen Konfigurationen von Rillen und (oder) L\u00f6chern, die den optimalen Modus der mechanischen Beeinflussung des verarbeiteten Produkts gew\u00e4hrleisten.<\/p>\r\n<p style=\"text-align: justify;\">Im Arbeitszustand treten die Werkzeugringe des Rotors (bewegliches Werkzeug) und des Stators (station\u00e4res Werkzeug) koaxial gegeneinander und rotieren kontaktfrei mit einer hohen relativen Geschwindigkeit (bis zu 47 m\/s). Die kontaktfreie Rotation wird durch technologische axiale und radiale Spalte gew\u00e4hrleistet.<\/p>\r\n<p style=\"text-align: justify;\">Das verarbeitete Produkt tritt durch das axiale Bohrloch des Stators (Produkteinlass) in die Arbeitskammer des M\u00fchlengeh\u00e4uses ein, wird durch das Rotor\/Stator-System gef\u00fchrt und radial (Produktauslass) abgef\u00fchrt.<\/p>\r\n<p style=\"text-align: justify;\">Beim Durchgang durch das Rotor\/Stator-System wird das Produkt durch komplexe hydrodynamische Prozesse beeinflusst, die mit Ver\u00e4nderungen in den Scherkr\u00e4ften, Scherbelastungen und der Str\u00f6mungsgeschwindigkeit verbunden sind. Chemische Reaktionen treten aufgrund vergr\u00f6\u00dferter Kontaktfl\u00e4chen der chemischen Stoffe schneller auf. Infolgedessen wird eine intensive Dispersion, Emulgierung, Homogenisierung, Mahlung und Verpulverung des verarbeiteten Produkts erreicht.<\/p>\r\n\r\n<h2 style=\"text-align: center;\">Bitumin\u00f6se M\u00f6rtel \u2014 Anwendungsbereich<\/h2>\r\n<ol>\r\n \t<li>Bitumin\u00f6se M\u00f6rtel werden sowohl nach Anwendungsbereichen als auch nach Anwendungsmethoden (kalte und hei\u00dfe Beschichtung) klassifiziert.<\/li>\r\n \t<li>Einige M\u00f6rtel erfordern eine vorherige Oberfl\u00e4chenvorbereitung mit Haftgrund. Ein Haftgrund ist ein bitumin\u00f6ses Grundmaterial, das Bitumen und ein L\u00f6sungsmittel enth\u00e4lt und eine hohe Eindringf\u00e4higkeit sowie eine kurze Trocknungszeit aufweist.<\/li>\r\n \t<li>Arten von M\u00f6rteln und deren Verwendung:<\/li>\r\n<\/ol>\r\n\u0430) Beschichtungsm\u00f6rtel (kalte Anwendung):\r\n<ul>\r\n \t<li>Wasserdichte Beschichtung von Oberfl\u00e4chen;<\/li>\r\n \t<li>Behandlung von Fugen und Rissen;<\/li>\r\n \t<li>Spachtelung von Oberfl\u00e4chen;<\/li>\r\n \t<li>Verklebung von Bitumenbahnen;<\/li>\r\n \t<li>Korrosionsschutz von Metallkonstruktionen.<\/li>\r\n<\/ul>\r\n<ol>\r\n \t<li>b) Beschichtungsm\u00f6rtel (kalte Anwendung). Kann bei Temperaturen unter Null angewendet werden. Wird f\u00fcr Reparaturen verwendet und bildet eine ultrastrenge wasserdichte Beschichtung auf Stahl-, Beton- und Holzstrukturen, die tiefer in den Boden eingebaut sind.<\/li>\r\n<\/ol>\r\n\u0441) Bitumin\u00f6s-gummierter M\u00f6rtel (kalte Anwendung) wird f\u00fcr die Abdichtung von Fundamenten, W\u00e4nden, Tanks, Rohrleitungen usw. verwendet.\r\n<ol>\r\n \t<li>d) Klebem\u00f6rtel (kalte Anwendung). Zum Befestigen von extrudiertem Polystyrol an bitumin\u00f6sen, bitumin\u00f6s-polymeren Isoliermaterialien in Fundament-Isolierungssystemen.<\/li>\r\n<\/ol>\r\n<h2 style=\"text-align: center;\">Modifiziertes Bitumen \u2014 Anwendungsbereiche<\/h2>\r\n<ol>\r\n \t<li>Stra\u00dfenbau:<\/li>\r\n<\/ol>\r\n<ul>\r\n \t<li>Produktion von Asphaltbeton, der f\u00fcr den Neubau und die Reparatur von erstklassigen Stra\u00dfen, Br\u00fccken, \u00dcberf\u00fchrungen, Stra\u00dfenkreuzungen usw. verwendet wird;<\/li>\r\n \t<li>Produktion von Steinmatrix-Asphaltbeton (SMA) f\u00fcr die Deckbeschichtung von erstklassigen Autobahnen und Stra\u00dfen;<\/li>\r\n \t<li>Produktion von por\u00f6sem Asphaltbeton;<\/li>\r\n \t<li>Verlegung von rissstopfenden Membranzwischenlagen.<\/li>\r\n<\/ul>\r\n<ol start=\"2\">\r\n \t<li>Wasserbauwerke:<\/li>\r\n<\/ol>\r\n<ul>\r\n \t<li>Produktion von auf PMB basierenden M\u00f6rteln f\u00fcr die Beschichtung von Wasserreservoirs, Schwimmb\u00e4dern, Rohrleitungen f\u00fcr die Wasserversorgung.<\/li>\r\n<\/ul>\r\n<ol start=\"3\">\r\n \t<li>Dachbau:<\/li>\r\n<\/ol>\r\n<ul>\r\n \t<li>Produktion von auf PMB basierenden Dachbahnen (Ruberoid, Euroruberoid).<\/li>\r\n<\/ul>\r\n<ol start=\"4\">\r\n \t<li>Bitumenschindeln:<\/li>\r\n<\/ol>\r\n<ul>\r\n \t<li>Produktion von M\u00f6rteln f\u00fcr die Verlegung und Reparatur von Dachoberfl\u00e4chen.<\/li>\r\n<\/ul>"}],"add_def_tab":[{"tab_title":"Technische Daten","tab_content":"<table>\r\n<tbody>\r\n<tr>\r\n<td>\r\n<p style=\"text-align: center;\"><b>Parameter<\/b><\/p>\r\n<\/td>\r\n<td>\r\n<p style=\"text-align: center;\"><b>Wert<\/b><\/p>\r\n<\/td>\r\n<\/tr>\r\n<tr>\r\n<td>\r\n<p style=\"text-align: left;\">M\u00fchlenkapazit\u00e4t, m<sup>3<\/sup>\/h (gpm)<\/p>\r\n<\/td>\r\n<td>\r\n<p style=\"text-align: center;\">8\u2026 16 (35\u2026 70)*<\/p>\r\n<\/td>\r\n<\/tr>\r\n<tr>\r\n<td>\r\n<p style=\"text-align: left;\">Kinematische Viskosit\u00e4t des Produkts, mm<sup>2<\/sup>\/s (St), h\u00f6chstens<\/p>\r\n<\/td>\r\n<td>\r\n<p style=\"text-align: center;\">150 (1,5)<\/p>\r\n<\/td>\r\n<\/tr>\r\n<tr>\r\n<td>\r\n<p style=\"text-align: left;\">Anf\u00e4ngliche Gr\u00f6\u00dfe der Polymerpartikel, mm (in), h\u00f6chstens<\/p>\r\n<\/td>\r\n<td>\r\n<p style=\"text-align: center;\">5 (0,2)<\/p>\r\n<\/td>\r\n<\/tr>\r\n<tr>\r\n<td>\r\n<p style=\"text-align: left;\">Maximaler Betriebsdruck, MPa (psi)<\/p>\r\n<\/td>\r\n<td>\r\n<p style=\"text-align: center;\">0,6 (87)<\/p>\r\n<\/td>\r\n<\/tr>\r\n<tr>\r\n<td>\r\n<p style=\"text-align: left;\">Nennrotationfrequenz, U\/min<\/p>\r\n<\/td>\r\n<td>\r\n<p style=\"text-align: center;\">2.950<\/p>\r\n<\/td>\r\n<\/tr>\r\n<tr>\r\n<td>\r\n<p style=\"text-align: left;\">Antriebsleistung des Motors, kW<\/p>\r\n<\/td>\r\n<td>\r\n<p style=\"text-align: center;\">75<\/p>\r\n<\/td>\r\n<\/tr>\r\n<tr>\r\n<td>\r\n<p style=\"text-align: left;\">Parameter des Stromnetzes, V\/Hz<\/p>\r\n<\/td>\r\n<td>\r\n<p style=\"text-align: center;\">nach Wunsch<\/p>\r\n<\/td>\r\n<\/tr>\r\n<tr>\r\n<td>\r\n<p style=\"text-align: left;\">Nennbohrungsdurchmesser der M\u00fchleneinrichtungen, mm (in)<\/p>\r\n<p style=\"text-align: left;\">\u2014 Eingang<\/p>\r\n<p style=\"text-align: left;\">\u2014 Ausgang<\/p>\r\n<\/td>\r\n<td>\r\n<p style=\"text-align: center;\">120 (4,7)<\/p>\r\n<p style=\"text-align: center;\">80 (3,1)<\/p>\r\n<\/td>\r\n<\/tr>\r\n<tr>\r\n<td>\r\n<p style=\"text-align: left;\">Betriebstemperatur, \u00b0C (\u00b0F), h\u00f6chstens<\/p>\r\n<\/td>\r\n<td>\r\n<p style=\"text-align: center;\">180 (356)<\/p>\r\n<\/td>\r\n<\/tr>\r\n<tr>\r\n<td>\r\n<p style=\"text-align: left;\">Wellendichtung der M\u00fchle<\/p>\r\n<\/td>\r\n<td>\r\n<p style=\"text-align: center;\">Packung<\/p>\r\n<\/td>\r\n<\/tr>\r\n<tr>\r\n<td>\r\n<p style=\"text-align: left;\">Messereinstelltyp<\/p>\r\n<\/td>\r\n<td>\r\n<p style=\"text-align: center;\">manuell<\/p>\r\n<\/td>\r\n<\/tr>\r\n<tr>\r\n<td>\r\n<p style=\"text-align: left;\">Messereinstellbereich, mm (in)<\/p>\r\n<\/td>\r\n<td>\r\n<p style=\"text-align: center;\">0,2\u20262 (8\u00b710<sup>-3<\/sup>\u2026 8\u00b710<sup>-3<\/sup>)<\/p>\r\n<\/td>\r\n<\/tr>\r\n<tr>\r\n<td>\r\n<p style=\"text-align: left;\">Messergeschwindigkeit bei 3.000 U\/min, m\/s (mph), h\u00f6chstens<\/p>\r\n<\/td>\r\n<td>\r\n<p style=\"text-align: center;\">47 (105)<\/p>\r\n<\/td>\r\n<\/tr>\r\n<tr>\r\n<td>\r\n<p style=\"text-align: left;\">Abmessungen (h\u00f6chstens), mm (in):<\/p>\r\n<p style=\"text-align: left;\">\u2014 L\u00e4nge<\/p>\r\n<p style=\"text-align: left;\">\u2014 Breite<\/p>\r\n<p style=\"text-align: left;\">\u2014 H\u00f6he<\/p>\r\n<\/td>\r\n<td>\r\n<p style=\"text-align: center;\">1.690 (67)<\/p>\r\n<p style=\"text-align: center;\">650 (26)<\/p>\r\n<p style=\"text-align: center;\">770 (30)<\/p>\r\n<\/td>\r\n<\/tr>\r\n<tr>\r\n<td>\r\n<p style=\"text-align: left;\">Nettogewicht (h\u00f6chstens), kg (lb)<\/p>\r\n<\/td>\r\n<td>\r\n<p style=\"text-align: center;\">780 (1.720)<\/p>\r\n<\/td>\r\n<\/tr>\r\n<\/tbody>\r\n<\/table>\r\n<b>*<\/b> \u2014 abh\u00e4ngig vom Produkt (Fl\u00fcssigkeit)."},{"tab_title":"Vorteile","tab_content":"<ul>\r\n \t<li style=\"text-align: justify;\">Die M\u00fchle kann in verschiedenen Industrien eingesetzt werden;<\/li>\r\n \t<li style=\"text-align: justify;\">Je nach den auszuf\u00fchrenden Aufgaben wird das Ger\u00e4t mit verschiedenen Rotor\/Stator-Werkzeugtypen und Wellendichtungen geliefert;<\/li>\r\n \t<li style=\"text-align: justify;\">Der benetzte Teil der M\u00fchle und die Komponenten k\u00f6nnen aus Stahl in Strukturqualit\u00e4t, rostfreiem chemisch best\u00e4ndigem Stahl und Stahl, der f\u00fcr die Lebensmittelindustrie geeignet ist, gefertigt werden;<\/li>\r\n \t<li style=\"text-align: justify;\">Das M\u00fchlendesign erm\u00f6glicht es, den Spalt zwischen den Messern von 0,2 bis 2 mm einzustellen;<\/li>\r\n \t<li style=\"text-align: justify;\">Die M\u00fchle kann sowohl drinnen als auch in gesch\u00fctzten Au\u00dfenbereichen betrieben werden.<\/li>\r\n<\/ul>"}],"add_video_tab":null,"add_gallery_tab":null,"add_price_tab":[{"price_tab_title":"Get a quote"}]},"language":"de","_links":{"self":[{"href":"https:\/\/globecore.com\/de\/wp-json\/wp\/v2\/pages\/148398","targetHints":{"allow":["GET"]}}],"collection":[{"href":"https:\/\/globecore.com\/de\/wp-json\/wp\/v2\/pages"}],"about":[{"href":"https:\/\/globecore.com\/de\/wp-json\/wp\/v2\/types\/page"}],"author":[{"embeddable":true,"href":"https:\/\/globecore.com\/de\/wp-json\/wp\/v2\/users\/7"}],"replies":[{"embeddable":true,"href":"https:\/\/globecore.com\/de\/wp-json\/wp\/v2\/comments?post=148398"}],"version-history":[{"count":1,"href":"https:\/\/globecore.com\/de\/wp-json\/wp\/v2\/pages\/148398\/revisions"}],"predecessor-version":[{"id":341781,"href":"https:\/\/globecore.com\/de\/wp-json\/wp\/v2\/pages\/148398\/revisions\/341781"}],"up":[{"embeddable":true,"href":"https:\/\/globecore.com\/de\/wp-json\/wp\/v2\/pages\/148402"}],"wp:featuredmedia":[{"embeddable":true,"href":"https:\/\/globecore.com\/de\/wp-json\/wp\/v2\/media\/148400"}],"wp:attachment":[{"href":"https:\/\/globecore.com\/de\/wp-json\/wp\/v2\/media?parent=148398"}],"wp:term":[{"taxonomy":"category","embeddable":true,"href":"https:\/\/globecore.com\/de\/wp-json\/wp\/v2\/categories?post=148398"}],"curies":[{"name":"wp","href":"https:\/\/api.w.org\/{rel}","templated":true}]}}