{"id":148402,"date":"2023-05-22T06:44:28","date_gmt":"2023-05-22T06:44:28","guid":{"rendered":"https:\/\/globecore.com\/products\/colloid-mill\/colloid-mills-for-bitumen-modification\/"},"modified":"2026-03-10T17:08:13","modified_gmt":"2026-03-10T17:08:13","slug":"colloid-mills-for-bitumen-modification","status":"publish","type":"page","link":"https:\/\/globecore.com\/de\/products\/colloid-mill\/colloid-mills-for-bitumen-modification\/","title":{"rendered":"Kolloidm\u00fchlen zur Bitumenmodifikation"},"content":{"rendered":"<p style=\"text-align: justify;\"><strong>CLM Kolloidm\u00fchlen<\/strong> sind f\u00fcr die Inline-Homogenisierung und Emulgierung von fl\u00fcssigen Produkten (dickfl\u00fcssige Schlamml\u00f6sungen mit hohen Scherkr\u00e4ften) ausgelegt, insbesondere f\u00fcr die Produktion von polymermodifiziertem Bitumen mit einer maximalen Anfangsgr\u00f6\u00dfe der Polymerpartikel von 5 mm (0,2 Zoll). Kolloidm\u00fchlen k\u00f6nnen sowohl als Teil von USB-3-Einheiten als auch separat ohne Antriebseinheiten oder als separates Bauteil zu bereits gelieferten Maschinen geliefert werden.<\/p>\n","protected":false},"excerpt":{"rendered":"<p>CLM Kolloidm\u00fchlen sind f\u00fcr die Inline-Homogenisierung und Emulgierung von fl\u00fcssigen Produkten (dickfl\u00fcssige Schlamml\u00f6sungen mit hohen Scherkr\u00e4ften) ausgelegt, insbesondere f\u00fcr die Produktion von polymermodifiziertem Bitumen mit einer maximalen Anfangsgr\u00f6\u00dfe der Polymerpartikel von 5 mm (0,2 Zoll). Kolloidm\u00fchlen k\u00f6nnen sowohl als Teil von USB-3-Einheiten als auch separat ohne Antriebseinheiten oder als separates Bauteil zu bereits gelieferten Maschinen<a class=\"cg-read-more\" href=\"https:\/\/globecore.com\/de\/products\/colloid-mill\/colloid-mills-for-bitumen-modification\/\" target=\"_blank\">Read More <\/a><\/p>\n","protected":false},"author":7,"featured_media":148397,"parent":146254,"menu_order":0,"comment_status":"closed","ping_status":"closed","template":"templates\/products-sidebar.php","meta":{"_acf_changed":false,"_bbp_topic_count":0,"_bbp_reply_count":0,"_bbp_total_topic_count":0,"_bbp_total_reply_count":0,"_bbp_voice_count":0,"_bbp_anonymous_reply_count":0,"_bbp_topic_count_hidden":0,"_bbp_reply_count_hidden":0,"_bbp_forum_subforum_count":0,"footnotes":""},"categories":[],"class_list":["post-148402","page","type-page","status-publish","has-post-thumbnail","hentry"],"acf":[],"language":"de","_links":{"self":[{"href":"https:\/\/globecore.com\/de\/wp-json\/wp\/v2\/pages\/148402","targetHints":{"allow":["GET"]}}],"collection":[{"href":"https:\/\/globecore.com\/de\/wp-json\/wp\/v2\/pages"}],"about":[{"href":"https:\/\/globecore.com\/de\/wp-json\/wp\/v2\/types\/page"}],"author":[{"embeddable":true,"href":"https:\/\/globecore.com\/de\/wp-json\/wp\/v2\/users\/7"}],"replies":[{"embeddable":true,"href":"https:\/\/globecore.com\/de\/wp-json\/wp\/v2\/comments?post=148402"}],"version-history":[{"count":1,"href":"https:\/\/globecore.com\/de\/wp-json\/wp\/v2\/pages\/148402\/revisions"}],"predecessor-version":[{"id":341905,"href":"https:\/\/globecore.com\/de\/wp-json\/wp\/v2\/pages\/148402\/revisions\/341905"}],"up":[{"embeddable":true,"href":"https:\/\/globecore.com\/de\/wp-json\/wp\/v2\/pages\/146254"}],"wp:featuredmedia":[{"embeddable":true,"href":"https:\/\/globecore.com\/de\/wp-json\/wp\/v2\/media\/148397"}],"wp:attachment":[{"href":"https:\/\/globecore.com\/de\/wp-json\/wp\/v2\/media?parent=148402"}],"wp:term":[{"taxonomy":"category","embeddable":true,"href":"https:\/\/globecore.com\/de\/wp-json\/wp\/v2\/categories?post=148402"}],"curies":[{"name":"wp","href":"https:\/\/api.w.org\/{rel}","templated":true}]}}