{"id":148409,"date":"2023-05-22T06:59:45","date_gmt":"2023-05-22T06:59:45","guid":{"rendered":"https:\/\/globecore.com\/products\/colloid-mill\/colloid-mills-for-different-applications\/"},"modified":"2026-03-10T17:11:48","modified_gmt":"2026-03-10T17:11:48","slug":"colloid-mills-for-different-applications","status":"publish","type":"page","link":"https:\/\/globecore.com\/de\/products\/colloid-mill\/colloid-mills-for-different-applications\/","title":{"rendered":"Kolloidm\u00fchlen f\u00fcr verschiedene Anwendungen"},"content":{"rendered":"<p style=\"text-align: justify;\">Zus\u00e4tzlich zu den f\u00fcr die Lebensmittelindustrie und den Stra\u00dfenbau vorgesehenen <strong>Kolloidm\u00fchlen<\/strong> stellt die <em><strong>GlobeCore<\/strong><\/em> auch Kolloidm\u00fchlen her, die in anderen Industriebereichen wie der chemischen Industrie, der Farben- und Lackindustrie, der Energiebranche und weiteren eingesetzt werden k\u00f6nnen.<\/p>\n","protected":false},"excerpt":{"rendered":"<p>Zus\u00e4tzlich zu den f\u00fcr die Lebensmittelindustrie und den Stra\u00dfenbau vorgesehenen Kolloidm\u00fchlen stellt die GlobeCore auch Kolloidm\u00fchlen her, die in anderen Industriebereichen wie der chemischen Industrie, der Farben- und Lackindustrie, der Energiebranche und weiteren eingesetzt werden k\u00f6nnen.<\/p>\n","protected":false},"author":7,"featured_media":134556,"parent":146254,"menu_order":0,"comment_status":"closed","ping_status":"closed","template":"templates\/products-sidebar.php","meta":{"_acf_changed":false,"_bbp_topic_count":0,"_bbp_reply_count":0,"_bbp_total_topic_count":0,"_bbp_total_reply_count":0,"_bbp_voice_count":0,"_bbp_anonymous_reply_count":0,"_bbp_topic_count_hidden":0,"_bbp_reply_count_hidden":0,"_bbp_forum_subforum_count":0,"footnotes":""},"categories":[],"class_list":["post-148409","page","type-page","status-publish","has-post-thumbnail","hentry"],"acf":[],"language":"de","_links":{"self":[{"href":"https:\/\/globecore.com\/de\/wp-json\/wp\/v2\/pages\/148409","targetHints":{"allow":["GET"]}}],"collection":[{"href":"https:\/\/globecore.com\/de\/wp-json\/wp\/v2\/pages"}],"about":[{"href":"https:\/\/globecore.com\/de\/wp-json\/wp\/v2\/types\/page"}],"author":[{"embeddable":true,"href":"https:\/\/globecore.com\/de\/wp-json\/wp\/v2\/users\/7"}],"replies":[{"embeddable":true,"href":"https:\/\/globecore.com\/de\/wp-json\/wp\/v2\/comments?post=148409"}],"version-history":[{"count":1,"href":"https:\/\/globecore.com\/de\/wp-json\/wp\/v2\/pages\/148409\/revisions"}],"predecessor-version":[{"id":341911,"href":"https:\/\/globecore.com\/de\/wp-json\/wp\/v2\/pages\/148409\/revisions\/341911"}],"up":[{"embeddable":true,"href":"https:\/\/globecore.com\/de\/wp-json\/wp\/v2\/pages\/146254"}],"wp:featuredmedia":[{"embeddable":true,"href":"https:\/\/globecore.com\/de\/wp-json\/wp\/v2\/media\/134556"}],"wp:attachment":[{"href":"https:\/\/globecore.com\/de\/wp-json\/wp\/v2\/media?parent=148409"}],"wp:term":[{"taxonomy":"category","embeddable":true,"href":"https:\/\/globecore.com\/de\/wp-json\/wp\/v2\/categories?post=148409"}],"curies":[{"name":"wp","href":"https:\/\/api.w.org\/{rel}","templated":true}]}}