{"id":148411,"date":"2020-03-11T09:34:29","date_gmt":"2020-03-11T09:34:29","guid":{"rendered":"https:\/\/globecore.com\/products\/colloid-mill\/colloid-mills-for-different-applications\/colloid-mill-clm-200-2\/"},"modified":"2026-03-09T08:51:43","modified_gmt":"2026-03-09T08:51:43","slug":"colloid-mill-clm-200-2","status":"publish","type":"page","link":"https:\/\/globecore.com\/de\/products\/colloid-mill\/colloid-mills-for-different-applications\/colloid-mill-clm-200-2\/","title":{"rendered":"CLM-200.2 Kolloidm\u00fchle"},"content":{"rendered":"","protected":false},"excerpt":{"rendered":"<p>Die Kolloidm\u00fchle CLM-200.2 ist f\u00fcr die Homogenisierung und Emulgierung von fl\u00fcssigen Produkten im Laborma\u00dfstab sowie f\u00fcr die Herstellung dickfl\u00fcssiger Suspensionen mit hohen Scherkr\u00e4ften ausgelegt. Sie kann zur Vorbereitung, Aufl\u00f6sung und Verarbeitung einer breiten Palette von Produkten in verschiedenen Industriezweigen eingesetzt werden. Die Anlagenleistung betr\u00e4gt 0,2 m\u00b3\/h.<\/p>\n","protected":false},"author":7,"featured_media":134172,"parent":148409,"menu_order":0,"comment_status":"closed","ping_status":"closed","template":"templates\/single-product.php","meta":{"_acf_changed":false,"_bbp_topic_count":0,"_bbp_reply_count":0,"_bbp_total_topic_count":0,"_bbp_total_reply_count":0,"_bbp_voice_count":0,"_bbp_anonymous_reply_count":0,"_bbp_topic_count_hidden":0,"_bbp_reply_count_hidden":0,"_bbp_forum_subforum_count":0,"footnotes":""},"categories":[1939],"class_list":["post-148411","page","type-page","status-publish","has-post-thumbnail","hentry","category-frasen","oil_type-bauindustrie","oil_type-chemische-industrie","oil_type-erdolindustrie","oil_type-kosmetikindustrie","oil_type-lebensmittelindustrie","oil_type-pharmazeutische-industrie","process_type-fraesen","process_type-mischen"],"acf":{"add_tab":[{"tab_title":"Beschreibung","tab_content":"<p style=\"text-align: justify;\">Die CLM-200.2 Kolloidm\u00fchle ist f\u00fcr die Homogenisierung und Emulgierung von fl\u00fcssigen Produkten in einer Laborumgebung sowie f\u00fcr die Herstellung von dickfl\u00fcssigen Schlamml\u00f6sungen mit hohen Scherkr\u00e4ften ausgelegt.<\/p>\r\n<p style=\"text-align: justify;\">Die M\u00fchle kann f\u00fcr die Vorbereitung, Aufl\u00f6sung und Verarbeitung vieler Produkte in verschiedenen Industrien eingesetzt werden.<\/p>\r\n\r\n<h2 style=\"text-align: center;\">Funktionsprinzip<\/h2>\r\n<p style=\"text-align: justify;\">Das Funktionsprinzip der Kolloidm\u00fchle basiert auf einem Rotor\/Stator-System. Rotor und Stator bestehen aus konzentrischen Werkzeugringen (Schneider, Messer) mit speziellen Konfigurationen von Rillen und\/oder L\u00f6chern, die den optimalen mechanischen Einfluss auf das verarbeitete Produkt gew\u00e4hrleisten.<\/p>\r\n<p style=\"text-align: justify;\">Im Betriebszustand greifen die Werkzeugringe des Rotors (bewegliches Werkzeug) und des Stators (station\u00e4res Werkzeug) coaxial ineinander und rotieren kontaktfrei mit hoher relativer Geschwindigkeit (15\u202630 m\/s). Die kontaktfreie Rotation wird durch technologische axiale und radiale Spalte gew\u00e4hrleistet.<\/p>\r\n<p style=\"text-align: justify;\">Das verarbeitete Produkt gelangt durch die axiale Bohrung des Stators (Produkteinlass) in die Arbeitskammer des M\u00fchlengeh\u00e4uses, durchl\u00e4uft das Rotor\/Stator-System und wird in radialer Richtung (Produktauslass) abgegeben.<\/p>\r\n<p style=\"text-align: justify;\">Beim Durchgang durch das Rotor\/Stator-System wird das Produkt durch komplexe hydrodynamische Prozesse beeinflusst, die mit \u00c4nderungen der Scherkr\u00e4fte, Scherbelastungen und Str\u00f6mungsgeschwindigkeit verbunden sind. Chemische Reaktionen verlaufen schneller aufgrund der vergr\u00f6\u00dferten Kontaktfl\u00e4chen der chemischen Reaktionspartner. Infolgedessen werden intensive Dispersion, Emulgierung, Homogenisierung, Zerkleinerung und Zerst\u00e4ubung des verarbeiteten Produkts erzielt.<\/p>"}],"add_def_tab":[{"tab_title":"Technische Daten","tab_content":"<table>\r\n<tbody>\r\n<tr>\r\n<td><b>Seq. Nr.<\/b><\/td>\r\n<td>\r\n<p style=\"text-align: center;\"><b>Parameter<\/b><\/p>\r\n<\/td>\r\n<td>\r\n<p style=\"text-align: center;\"><b>Wert<\/b><\/p>\r\n<\/td>\r\n<\/tr>\r\n<tr>\r\n<td>1<\/td>\r\n<td>\r\n<p style=\"text-align: left;\">Einheitliche Kapazit\u00e4t, m<sup>3<\/sup>\/h (gpm)<\/p>\r\n<\/td>\r\n<td>\r\n<p style=\"text-align: center;\">0,2 (0,88)*<\/p>\r\n<\/td>\r\n<\/tr>\r\n<tr>\r\n<td>2<\/td>\r\n<td>\r\n<p style=\"text-align: left;\">Kinematische Viskosit\u00e4t des Produkts, mm<sup>2<\/sup>\/s (St),<\/p>\r\n<p style=\"text-align: left;\">nicht mehr als<\/p>\r\n<\/td>\r\n<td>\r\n<p style=\"text-align: center;\">150 (1,5)<\/p>\r\n<\/td>\r\n<\/tr>\r\n<tr>\r\n<td>3<\/td>\r\n<td>\r\n<p style=\"text-align: left;\">Betriebstemperatur, \u00b0C (\u00b0F), nicht mehr als<\/p>\r\n<\/td>\r\n<td>\r\n<p style=\"text-align: center;\">150 (302)<\/p>\r\n<\/td>\r\n<\/tr>\r\n<tr>\r\n<td>4<\/td>\r\n<td>\r\n<p style=\"text-align: left;\">Maximaler Druck, bar (psi), nicht mehr als<\/p>\r\n<\/td>\r\n<td>\r\n<p style=\"text-align: center;\">6 (87)<\/p>\r\n<\/td>\r\n<\/tr>\r\n<tr>\r\n<td>5<\/td>\r\n<td>\r\n<p style=\"text-align: left;\">Produktbetriebsmengen, L (gal)<\/p>\r\n<\/td>\r\n<td>\r\n<p style=\"text-align: center;\">5\u202610 (1,3\u20262,6)<\/p>\r\n<\/td>\r\n<\/tr>\r\n<tr>\r\n<td>6<\/td>\r\n<td>\r\n<p style=\"text-align: left;\">Schaftdichtungstyp<\/p>\r\n<\/td>\r\n<td>\r\n<p style=\"text-align: center;\">Packung<\/p>\r\n<\/td>\r\n<\/tr>\r\n<tr>\r\n<td>7<\/td>\r\n<td>\r\n<p style=\"text-align: left;\">Rotor\/Stator Werkzeugtyp<\/p>\r\n<\/td>\r\n<td>\r\n<p style=\"text-align: center;\">Kammer<\/p>\r\n<\/td>\r\n<\/tr>\r\n<tr>\r\n<td>8<\/td>\r\n<td>\r\n<p style=\"text-align: left;\">Wechselmesser-Set<\/p>\r\n<\/td>\r\n<td>\r\n<p style=\"text-align: center;\">optional<\/p>\r\n<\/td>\r\n<\/tr>\r\n<tr>\r\n<td>9<\/td>\r\n<td>\r\n<p style=\"text-align: left;\">Axialer Messerabstand (voreingestellt), mm (in)<\/p>\r\n<\/td>\r\n<td>\r\n<p style=\"text-align: center;\">0,5\u20261 (2\u00b710<sup>-2<\/sup>\u2026 4\u00b710<sup>-2<\/sup>)<\/p>\r\n<\/td>\r\n<\/tr>\r\n<tr>\r\n<td>10<\/td>\r\n<td>\r\n<p style=\"text-align: left;\">Radialer Messerabstand, mm (in)<\/p>\r\n<\/td>\r\n<td>\r\n<p style=\"text-align: center;\">0,2 (8\u00b710<sup>-3<\/sup>)<\/p>\r\n<\/td>\r\n<\/tr>\r\n<tr>\r\n<td>11<\/td>\r\n<td>\r\n<p style=\"text-align: left;\">Messergeschwindigkeit, m\/s (mph), nicht weniger als<\/p>\r\n<\/td>\r\n<td>\r\n<p style=\"text-align: center;\">15\u202630 (34\u202667)<\/p>\r\n<\/td>\r\n<\/tr>\r\n<tr>\r\n<td>12<\/td>\r\n<td>\r\n<p style=\"text-align: left;\">Schaftdrehzahl, rpm<\/p>\r\n<\/td>\r\n<td>\r\n<p style=\"text-align: center;\">2.840\u20265.680<\/p>\r\n<\/td>\r\n<\/tr>\r\n<tr>\r\n<td>13<\/td>\r\n<td>\r\n<p style=\"text-align: left;\">Frequenzeinstellung, Hz<\/p>\r\n<\/td>\r\n<td>\r\n<p style=\"text-align: center;\">50\u2026100<\/p>\r\n<\/td>\r\n<\/tr>\r\n<tr>\r\n<td>14<\/td>\r\n<td>\r\n<p style=\"text-align: left;\">Betriebszeit (nach Zeitschaltuhr), s<\/p>\r\n<\/td>\r\n<td>\r\n<p style=\"text-align: center;\">0\u202660<\/p>\r\n<\/td>\r\n<\/tr>\r\n<tr>\r\n<td>15<\/td>\r\n<td>\r\n<p style=\"text-align: left;\">Antriebsleistung, kW<\/p>\r\n<\/td>\r\n<td>\r\n<p style=\"text-align: center;\">2,2<\/p>\r\n<\/td>\r\n<\/tr>\r\n<tr>\r\n<td>16<\/td>\r\n<td>\r\n<p style=\"text-align: left;\">Spannung, V<\/p>\r\n<\/td>\r\n<td>\r\n<p style=\"text-align: center;\">kundenspezifisch<\/p>\r\n<\/td>\r\n<\/tr>\r\n<tr>\r\n<td rowspan=\"4\">17<\/td>\r\n<td>\r\n<p style=\"text-align: left;\">Abmessungen, mm (in), nicht mehr als:<\/p>\r\n<\/td>\r\n<td><\/td>\r\n<\/tr>\r\n<tr>\r\n<td>\r\n<p style=\"text-align: left;\">-Breite<\/p>\r\n<\/td>\r\n<td>\r\n<p style=\"text-align: center;\">800 (31)<\/p>\r\n<\/td>\r\n<\/tr>\r\n<tr>\r\n<td>\r\n<p style=\"text-align: left;\">-Tiefe<\/p>\r\n<\/td>\r\n<td>\r\n<p style=\"text-align: center;\">750 (30)<\/p>\r\n<\/td>\r\n<\/tr>\r\n<tr>\r\n<td>\r\n<p style=\"text-align: left;\">-H\u00f6he<\/p>\r\n<\/td>\r\n<td>\r\n<p style=\"text-align: center;\">1450 (57)<\/p>\r\n<\/td>\r\n<\/tr>\r\n<tr>\r\n<td>18<\/td>\r\n<td>\r\n<p style=\"text-align: left;\">Gewicht, nicht mehr als, kg (lb)<\/p>\r\n<\/td>\r\n<td>\r\n<p style=\"text-align: center;\">90 (198)<\/p>\r\n<\/td>\r\n<\/tr>\r\n<\/tbody>\r\n<\/table>\r\n* \u2014 abh\u00e4ngig vom Produkt (Fl\u00fcssigkeit)."},{"tab_title":"Vorteile","tab_content":"<ul>\r\n \t<li style=\"text-align: justify;\">kompakte Gr\u00f6\u00dfen;<\/li>\r\n \t<li style=\"text-align: justify;\">die M\u00fchle verarbeitet verschiedene Produkttypen;<\/li>\r\n \t<li style=\"text-align: justify;\">die Bauteile der M\u00fchle im benetzten Bereich sind aus rostfreiem, chemikalienbest\u00e4ndigem Stahl gefertigt;<\/li>\r\n \t<li style=\"text-align: justify;\">der axiale Messerabstand zwischen Rotor und Stator betr\u00e4gt 0,5 mm, kann jedoch durch \u00c4ndern der Anzahl der Einstellunterlegscheiben angepasst werden;<\/li>\r\n \t<li style=\"text-align: justify;\">die Drehzahl des Antriebsmotors wird mit einem Frequenzumrichter eingestellt, und die Betriebszeit wird mit einem Timer festgelegt;<\/li>\r\n \t<li style=\"text-align: justify;\">die M\u00fchle kann sowohl drinnen als auch in einem gesch\u00fctzten Au\u00dfenbereich betrieben werden.<\/li>\r\n<\/ul>"}],"add_video_tab":[{"video_tab_title":"Video","add_video_id":[{"video_id":"sYfLxUCtIlQ"},{"video_id":"skZvF0sVmOQ"},{"video_id":"Dcnn0XNVswU"}]}],"add_gallery_tab":null,"add_price_tab":[{"price_tab_title":"Get a quote"}]},"language":"de","_links":{"self":[{"href":"https:\/\/globecore.com\/de\/wp-json\/wp\/v2\/pages\/148411","targetHints":{"allow":["GET"]}}],"collection":[{"href":"https:\/\/globecore.com\/de\/wp-json\/wp\/v2\/pages"}],"about":[{"href":"https:\/\/globecore.com\/de\/wp-json\/wp\/v2\/types\/page"}],"author":[{"embeddable":true,"href":"https:\/\/globecore.com\/de\/wp-json\/wp\/v2\/users\/7"}],"replies":[{"embeddable":true,"href":"https:\/\/globecore.com\/de\/wp-json\/wp\/v2\/comments?post=148411"}],"version-history":[{"count":2,"href":"https:\/\/globecore.com\/de\/wp-json\/wp\/v2\/pages\/148411\/revisions"}],"predecessor-version":[{"id":341799,"href":"https:\/\/globecore.com\/de\/wp-json\/wp\/v2\/pages\/148411\/revisions\/341799"}],"up":[{"embeddable":true,"href":"https:\/\/globecore.com\/de\/wp-json\/wp\/v2\/pages\/148409"}],"wp:featuredmedia":[{"embeddable":true,"href":"https:\/\/globecore.com\/de\/wp-json\/wp\/v2\/media\/134172"}],"wp:attachment":[{"href":"https:\/\/globecore.com\/de\/wp-json\/wp\/v2\/media?parent=148411"}],"wp:term":[{"taxonomy":"category","embeddable":true,"href":"https:\/\/globecore.com\/de\/wp-json\/wp\/v2\/categories?post=148411"}],"curies":[{"name":"wp","href":"https:\/\/api.w.org\/{rel}","templated":true}]}}