{"id":148428,"date":"2023-05-09T13:22:48","date_gmt":"2023-05-09T13:22:48","guid":{"rendered":"https:\/\/globecore.com\/products\/biodiesel-equipment\/biodiesel-laboratory-equipment-usb-1l\/"},"modified":"2026-03-09T12:15:06","modified_gmt":"2026-03-09T12:15:06","slug":"biodiesel-laboratory-equipment-usb-1l","status":"publish","type":"page","link":"https:\/\/globecore.com\/de\/products\/biodiesel-equipment\/biodiesel-laboratory-equipment-usb-1l\/","title":{"rendered":"USB-1L Biodiesel Laborger\u00e4t"},"content":{"rendered":"","protected":false},"excerpt":{"rendered":"<p>Die USB-1L Biodiesel-Laboranlage ist ein kompaktes, eigenst\u00e4ndiges System, das f\u00fcr Laborforschung und die Entwicklung neuer Biodieselrezepturen konzipiert ist. Sie hat eine Verarbeitungskapazit\u00e4t von bis zu 1\u202fm\u00b3\/h f\u00fcr Abfall\u00f6le.<br \/>\nDie Anlage erm\u00f6glicht die Herstellung von Methylestern aus beliebigen Pflanzen\u00f6len oder tierischen Fetten durch Transesterifikation. Sie eignet sich f\u00fcr den Einsatz in \u00d6lm\u00fchlen, Biodieselanlagen und Unternehmen der Lebensmittelindustrie f\u00fcr Tests, Optimierung und Kleinserienproduktion von Biodiesel.<\/p>\n","protected":false},"author":7,"featured_media":148429,"parent":147164,"menu_order":0,"comment_status":"closed","ping_status":"closed","template":"templates\/single-product.php","meta":{"_acf_changed":false,"_bbp_topic_count":0,"_bbp_reply_count":0,"_bbp_total_topic_count":0,"_bbp_total_reply_count":0,"_bbp_voice_count":0,"_bbp_anonymous_reply_count":0,"_bbp_topic_count_hidden":0,"_bbp_reply_count_hidden":0,"_bbp_forum_subforum_count":0,"footnotes":""},"categories":[2567],"class_list":["post-148428","page","type-page","status-publish","has-post-thumbnail","hentry","category-erneuerbare-energien-biokraftstoffe","oil_type-chemische-industrie","process_type-vermischung"],"acf":{"add_tab":[{"tab_title":"Beschreibung","tab_content":"<p style=\"text-align: justify;\"><strong><em>GlobeCore\u2019s<\/em><\/strong> Laborger\u00e4t in kleinerem Ma\u00dfstab ist eine eigenst\u00e4ndige Einheit f\u00fcr Laborforschung und die Entwicklung neuer Biodiesel-Rezepte. Die USB-1L-Einheit ist f\u00fcr die Herstellung von Methyl\u00e4ther aus pflanzlichen \u00d6len oder tierischen Fetten durch Transesterifizierung vorgesehen.<\/p>\r\n<p style=\"text-align: justify;\">Die Einheit kann von \u00d6lraffinerien, Biodieselproduktionsanlagen und Unternehmen der Lebensmittelindustrie genutzt werden.<\/p>\r\n<p style=\"text-align: center;\"><strong>Betriebsmodus<\/strong><\/p>\r\n<p style=\"text-align: justify;\">Der Betriebsmodus umfasst die Vorbereitung der Komponenten und die Schaffung der erforderlichen Bedingungen f\u00fcr die Transesterifikationsreaktion. Die Beh\u00e4lter werden mit \u00d6l und Methanol sowie einem Katalysator gef\u00fcllt. Alle erforderlichen Parameter wie \u00d6ltemperatur und Pumpenheizung des \u00d6ls werden eingestellt. \u00d6lpumpen und Methanolanlagen werden gestartet, um die Temperatur zu stabilisieren und Gase aus den Beh\u00e4ltern abzulassen, nachdem die erforderliche Temperatur erreicht wurde. Die Str\u00f6me von \u00d6l und Methanol gelangen mit Hilfe eines Elektroventils in den Mischer und werden dann zum Endproduktbeh\u00e4lter weitergeleitet. In diesem Beh\u00e4lter erfolgt die Fraktionierung des Endprodukts. Schlie\u00dflich m\u00fcssen die Biodieselfraktion und die hydroglyzerische Fraktion mit unterschiedlichen Ventilen abgelassen werden.<\/p>"}],"add_def_tab":[{"tab_title":"Technische Daten","tab_content":"<table width=\"614\">\r\n<tbody>\r\n<tr>\r\n<td width=\"54\"><strong><em>\u2116<\/em><\/strong><\/td>\r\n<td width=\"343\">\r\n<p style=\"text-align: center;\"><strong><em>Bezeichung des Parameters<\/em><\/strong><\/p>\r\n<\/td>\r\n<td width=\"217\">\r\n<p style=\"text-align: center;\"><strong><em>Wert<\/em><\/strong><\/p>\r\n<\/td>\r\n<\/tr>\r\n<tr>\r\n<td width=\"54\">1<\/td>\r\n<td width=\"343\">Einheitskapazit\u00e4t f\u00fcr die Abfall\u00f6lverarbeitung, m\u00b3\/h<\/td>\r\n<td width=\"217\">\r\n<p style=\"text-align: center;\">1<\/p>\r\n<\/td>\r\n<\/tr>\r\n<tr>\r\n<td width=\"54\">2<\/td>\r\n<td width=\"343\">Methanolverbrauch, m\u00b3\/h<\/td>\r\n<td width=\"217\">\r\n<p style=\"text-align: center;\">0,06\u20260,25<\/p>\r\n<\/td>\r\n<\/tr>\r\n<tr>\r\n<td width=\"54\">3<\/td>\r\n<td width=\"343\">\u00d6ltankkapazit\u00e4t, dm\u00b3<\/td>\r\n<td width=\"217\">\r\n<p style=\"text-align: center;\">48<\/p>\r\n<\/td>\r\n<\/tr>\r\n<tr>\r\n<td width=\"54\">4<\/td>\r\n<td width=\"343\">Methanoltankkapazit\u00e4t, dm\u00b3<\/td>\r\n<td width=\"217\">\r\n<p style=\"text-align: center;\">6<\/p>\r\n<\/td>\r\n<\/tr>\r\n<tr>\r\n<td width=\"54\">5<\/td>\r\n<td width=\"343\">Kapazit\u00e4t des Tanks f\u00fcr Endprodukt, dm\u00b3<\/td>\r\n<td width=\"217\">\r\n<p style=\"text-align: center;\">30<\/p>\r\n<\/td>\r\n<\/tr>\r\n<tr>\r\n<td width=\"54\">5<\/td>\r\n<td width=\"343\">\u00d6lheizungstemperatur und -erhaltung, \u00b0C<\/td>\r\n<td width=\"217\">\r\n<p style=\"text-align: center;\">40\u202680<\/p>\r\n<\/td>\r\n<\/tr>\r\n<tr>\r\n<td width=\"54\">6<\/td>\r\n<td width=\"343\">Heizmethode des Arbeitsfluids im Tank- und Rohrleitungssystem<\/td>\r\n<td width=\"217\">\r\n<p style=\"text-align: center;\">Thermoelektrischer Heizer und Heizband<\/p>\r\n<\/td>\r\n<\/tr>\r\n<tr>\r\n<td width=\"54\">7<\/td>\r\n<td width=\"343\">Gesamtstromverbrauch, kW, max<\/td>\r\n<td width=\"217\">\r\n<p style=\"text-align: center;\">4,5<\/p>\r\n<\/td>\r\n<\/tr>\r\n<tr>\r\n<td width=\"54\">8<\/td>\r\n<td width=\"343\">Spannung der Stromversorgung 3~50 Hz<\/td>\r\n<td width=\"217\">\r\n<p style=\"text-align: center;\">380V<\/p>\r\n<\/td>\r\n<\/tr>\r\n<tr>\r\n<td width=\"54\">9<\/td>\r\n<td width=\"343\">Gesamtma\u00dfe, mm, max\r\n\u2013 L\u00e4nge \u2013 Breite \u2013 H\u00f6he<\/td>\r\n<td width=\"217\">&nbsp;\r\n<p style=\"text-align: center;\">1210 870 1430<\/p>\r\n<\/td>\r\n<\/tr>\r\n<tr>\r\n<td width=\"54\">10<\/td>\r\n<td width=\"343\">Gewicht, kg, max<\/td>\r\n<td width=\"217\">\r\n<p style=\"text-align: center;\">420<\/p>\r\n<\/td>\r\n<\/tr>\r\n<\/tbody>\r\n<\/table>"},{"tab_title":"Vorteile","tab_content":"<ul>\r\n \t<li>Kompaktheit;<\/li>\r\n \t<li>Einfach zu transportieren;<\/li>\r\n \t<li>Erm\u00f6glicht die \u00dcberpr\u00fcfung von Biodiesel auf die Einhaltung der Normanforderungen bei \u00c4nderung der Ausgangskomponenten.<\/li>\r\n<\/ul>"},{"tab_title":"Anwendung","tab_content":"[product_oil_types]"}],"add_video_tab":null,"add_gallery_tab":null,"add_price_tab":null},"language":"de","_links":{"self":[{"href":"https:\/\/globecore.com\/de\/wp-json\/wp\/v2\/pages\/148428","targetHints":{"allow":["GET"]}}],"collection":[{"href":"https:\/\/globecore.com\/de\/wp-json\/wp\/v2\/pages"}],"about":[{"href":"https:\/\/globecore.com\/de\/wp-json\/wp\/v2\/types\/page"}],"author":[{"embeddable":true,"href":"https:\/\/globecore.com\/de\/wp-json\/wp\/v2\/users\/7"}],"replies":[{"embeddable":true,"href":"https:\/\/globecore.com\/de\/wp-json\/wp\/v2\/comments?post=148428"}],"version-history":[{"count":1,"href":"https:\/\/globecore.com\/de\/wp-json\/wp\/v2\/pages\/148428\/revisions"}],"predecessor-version":[{"id":341864,"href":"https:\/\/globecore.com\/de\/wp-json\/wp\/v2\/pages\/148428\/revisions\/341864"}],"up":[{"embeddable":true,"href":"https:\/\/globecore.com\/de\/wp-json\/wp\/v2\/pages\/147164"}],"wp:featuredmedia":[{"embeddable":true,"href":"https:\/\/globecore.com\/de\/wp-json\/wp\/v2\/media\/148429"}],"wp:attachment":[{"href":"https:\/\/globecore.com\/de\/wp-json\/wp\/v2\/media?parent=148428"}],"wp:term":[{"taxonomy":"category","embeddable":true,"href":"https:\/\/globecore.com\/de\/wp-json\/wp\/v2\/categories?post=148428"}],"curies":[{"name":"wp","href":"https:\/\/api.w.org\/{rel}","templated":true}]}}