{"id":149222,"date":"2022-08-25T11:11:39","date_gmt":"2022-08-25T11:11:39","guid":{"rendered":"https:\/\/globecore.com\/products\/accessories-and-options\/vacuum-pumps\/gc-roots-vacuum-pumps\/"},"modified":"2025-01-14T11:49:04","modified_gmt":"2025-01-14T11:49:04","slug":"gc-roots-vacuum-pumps","status":"publish","type":"page","link":"https:\/\/globecore.com\/de\/products\/accessories-and-options\/vacuum-pumps\/gc-roots-vacuum-pumps\/","title":{"rendered":"GC Wurzeln-Vakuumpumpen"},"content":{"rendered":"","protected":false},"excerpt":{"rendered":"","protected":false},"author":7,"featured_media":149223,"parent":149221,"menu_order":0,"comment_status":"closed","ping_status":"closed","template":"templates\/single-product.php","meta":{"_acf_changed":false,"_bbp_topic_count":0,"_bbp_reply_count":0,"_bbp_total_topic_count":0,"_bbp_total_reply_count":0,"_bbp_voice_count":0,"_bbp_anonymous_reply_count":0,"_bbp_topic_count_hidden":0,"_bbp_reply_count_hidden":0,"_bbp_forum_subforum_count":0,"footnotes":""},"categories":[2570],"class_list":["post-149222","page","type-page","status-publish","has-post-thumbnail","hentry","category-zubehor","oil_type-transformatorenol","process_type-fuellung"],"acf":{"add_tab":[{"tab_title":"Beschreibung","tab_content":"GC Wurzeln-Vakuumpumpen sind f\u00fcr die Erzeugung von Hoch- und Mittelvakuum ausgelegt. Das Arbeitsprinzip der Wurzelnpumpe basiert auf der Ansaugung und dem Aussto\u00df von Gas durch die Rotation von zwei Rotoren im Inneren der Pumpe. Da die Wurzelnpumpe Gas nicht direkt in die Atmosph\u00e4re abf\u00fchren kann, wird sie in der Regel in Kombination mit einer Unterst\u00fctzungs- oder Vorpumpe verwendet.\r\n\r\nM\u00f6gliche Anwendungen f\u00fcr Wurzelnpumpen umfassen:\r\n\u2022 Entfernung von Gas durch Vakuum\r\n\u2022 Vakuumschmelzen\r\n\u2022 Vakuumverarbeitung von geschmolzenem Stahl\r\n\u2022 Vakuum-W\u00e4rmebehandlung in der Metallindustrie\r\n\u2022 Chemische Industrie\r\n\u2022 Medizinische Anwendungen\r\n\u2022 Lebensmittelproduktion\r\n\u2022 Motorenfertigung usw."}],"add_def_tab":[{"tab_title":"Technische Daten","tab_content":"<table width=\"592\">\n<tbody>\n<tr>\n<td width=\"36\"><strong>\u2116<\/strong><\/td>\n<td colspan=\"2\" width=\"158\">\n<p style=\"text-align: center;\"><strong>Modell<\/strong><\/p>\n<\/td>\n<td width=\"63\"><strong>\u00a0<\/strong><\/td>\n<td width=\"59\">\n<p style=\"text-align: center;\"><strong>GC-70<\/strong><\/p>\n<\/td>\n<td width=\"67\">\n<p style=\"text-align: center;\"><strong>GC-150<\/strong><\/p>\n<\/td>\n<td width=\"67\">\n<p style=\"text-align: center;\"><strong>GC-300<\/strong><\/p>\n<\/td>\n<td width=\"67\">\n<p style=\"text-align: center;\"><strong>GC-600<\/strong><\/p>\n<\/td>\n<td width=\"75\">\n<p style=\"text-align: center;\"><strong>GC-1200<\/strong><\/p>\n<\/td>\n<\/tr>\n<tr>\n<td rowspan=\"2\" width=\"36\">1<\/td>\n<td rowspan=\"2\" width=\"102\">Nennpumpenrate<\/td>\n<td width=\"56\">50 Hz<\/td>\n<td rowspan=\"2\" width=\"63\">\n<p style=\"text-align: center;\">m\u00b3\/Stunde<\/p>\n<\/td>\n<td width=\"59\">\n<p style=\"text-align: center;\">250<\/p>\n<\/td>\n<td width=\"67\">\n<p style=\"text-align: center;\">540<\/p>\n<\/td>\n<td width=\"67\">\n<p style=\"text-align: center;\">1080<\/p>\n<\/td>\n<td width=\"67\">\n<p style=\"text-align: center;\">2160<\/p>\n<\/td>\n<td width=\"75\">\n<p style=\"text-align: center;\">4320<\/p>\n<\/td>\n<\/tr>\n<tr>\n<td width=\"56\">60 Hz<\/td>\n<td width=\"59\">\n<p style=\"text-align: center;\">300<\/p>\n<\/td>\n<td width=\"67\">\n<p style=\"text-align: center;\">650<\/p>\n<\/td>\n<td width=\"67\">\n<p style=\"text-align: center;\">1300<\/p>\n<\/td>\n<td width=\"67\">\n<p style=\"text-align: center;\">2590<\/p>\n<\/td>\n<td width=\"75\">\n<p style=\"text-align: center;\">5200<\/p>\n<\/td>\n<\/tr>\n<tr>\n<td width=\"36\">2<\/td>\n<td colspan=\"2\" width=\"158\">Enddruck<\/td>\n<td width=\"63\">\n<p style=\"text-align: center;\">Pa<\/p>\n<\/td>\n<td width=\"59\">\n<p style=\"text-align: center;\">3&#215;10<sup>-2<\/sup><\/p>\n<\/td>\n<td width=\"67\">\n<p style=\"text-align: center;\">3&#215;10<sup>-2<\/sup><\/p>\n<\/td>\n<td width=\"67\">\n<p style=\"text-align: center;\">3&#215;10<sup>-2<\/sup><\/p>\n<\/td>\n<td width=\"67\">\n<p style=\"text-align: center;\">3&#215;10<sup>-2<\/sup><\/p>\n<\/td>\n<td width=\"75\">\n<p style=\"text-align: center;\">3&#215;10<sup>-2<\/sup><\/p>\n<\/td>\n<\/tr>\n<tr>\n<td width=\"36\">3<\/td>\n<td colspan=\"2\" width=\"158\">Erlaubter Druckunterschied<\/td>\n<td width=\"63\">\n<p style=\"text-align: center;\">hPa<\/p>\n<\/td>\n<td width=\"59\">\n<p style=\"text-align: center;\">100<\/p>\n<\/td>\n<td width=\"67\">\n<p style=\"text-align: center;\">80<\/p>\n<\/td>\n<td width=\"67\">\n<p style=\"text-align: center;\">60<\/p>\n<\/td>\n<td width=\"67\">\n<p style=\"text-align: center;\">45<\/p>\n<\/td>\n<td width=\"75\">\n<p style=\"text-align: center;\">53<\/p>\n<\/td>\n<\/tr>\n<tr>\n<td width=\"36\">4<\/td>\n<td colspan=\"2\" width=\"158\">Betriebstemperaturbereich<\/td>\n<td width=\"63\">\n<p style=\"text-align: center;\">\u00b0C<\/p>\n<\/td>\n<td width=\"59\">\n<p style=\"text-align: center;\">5-40<\/p>\n<\/td>\n<td width=\"67\">\n<p style=\"text-align: center;\">5-40<\/p>\n<\/td>\n<td width=\"67\">\n<p style=\"text-align: center;\">5-40<\/p>\n<\/td>\n<td width=\"67\">\n<p style=\"text-align: center;\">5-40<\/p>\n<\/td>\n<td width=\"75\">\n<p style=\"text-align: center;\">5-40<\/p>\n<\/td>\n<\/tr>\n<tr>\n<td width=\"36\">5<\/td>\n<td colspan=\"2\" width=\"158\">Motorspannung, 50 Hz<\/td>\n<td width=\"63\">\n<p style=\"text-align: center;\">V<\/p>\n<\/td>\n<td width=\"59\">\n<p style=\"text-align: center;\">380<\/p>\n<\/td>\n<td width=\"67\">\n<p style=\"text-align: center;\">380<\/p>\n<\/td>\n<td width=\"67\">\n<p style=\"text-align: center;\">380<\/p>\n<\/td>\n<td width=\"67\">\n<p style=\"text-align: center;\">380<\/p>\n<\/td>\n<td width=\"75\">\n<p style=\"text-align: center;\">380<\/p>\n<\/td>\n<\/tr>\n<tr>\n<td width=\"36\">6<\/td>\n<td colspan=\"2\" width=\"158\">Motorleistung, 50 Hz<\/td>\n<td width=\"63\">\n<p style=\"text-align: center;\">kW<\/p>\n<\/td>\n<td width=\"59\">\n<p style=\"text-align: center;\">1.1<\/p>\n<\/td>\n<td width=\"67\">\n<p style=\"text-align: center;\">2.2<\/p>\n<\/td>\n<td width=\"67\">\n<p style=\"text-align: center;\">4<\/p>\n<\/td>\n<td width=\"67\">\n<p style=\"text-align: center;\">7.5<\/p>\n<\/td>\n<td width=\"75\">\n<p style=\"text-align: center;\">11<\/p>\n<\/td>\n<\/tr>\n<tr>\n<td width=\"36\">7<\/td>\n<td colspan=\"2\" width=\"158\">Drehzahl, 50 Hz<\/td>\n<td width=\"63\">\n<p style=\"text-align: center;\">rpm<\/p>\n<\/td>\n<td width=\"59\">\n<p style=\"text-align: center;\">2825<\/p>\n<\/td>\n<td width=\"67\">\n<p style=\"text-align: center;\">2840<\/p>\n<\/td>\n<td width=\"67\">\n<p style=\"text-align: center;\">2890<\/p>\n<\/td>\n<td width=\"67\">\n<p style=\"text-align: center;\">2900<\/p>\n<\/td>\n<td width=\"75\">\n<p style=\"text-align: center;\">2900<\/p>\n<\/td>\n<\/tr>\n<tr>\n<td width=\"36\">8<\/td>\n<td colspan=\"2\" width=\"158\">Schutz<\/td>\n<td style=\"text-align: center;\" width=\"63\">IP<\/td>\n<td width=\"59\">\n<p style=\"text-align: center;\">44<\/p>\n<\/td>\n<td width=\"67\">\n<p style=\"text-align: center;\">44<\/p>\n<\/td>\n<td width=\"67\">\n<p style=\"text-align: center;\">44<\/p>\n<\/td>\n<td width=\"67\">\n<p style=\"text-align: center;\">44<\/p>\n<\/td>\n<td width=\"75\">\n<p style=\"text-align: center;\">44<\/p>\n<\/td>\n<\/tr>\n<tr>\n<td width=\"36\">9<\/td>\n<td colspan=\"2\" width=\"158\">\u00d6lvolumen des Getriebes<\/td>\n<td width=\"63\">\n<p style=\"text-align: center;\">L<\/p>\n<\/td>\n<td width=\"59\">\n<p style=\"text-align: center;\">0.8<\/p>\n<\/td>\n<td width=\"67\">\n<p style=\"text-align: center;\">2.8<\/p>\n<\/td>\n<td width=\"67\">\n<p style=\"text-align: center;\">2.8<\/p>\n<\/td>\n<td width=\"67\">\n<p style=\"text-align: center;\">7.5<\/p>\n<\/td>\n<td width=\"75\">\n<p style=\"text-align: center;\">7.5<\/p>\n<\/td>\n<\/tr>\n<tr>\n<td rowspan=\"2\" width=\"36\">10<\/td>\n<td rowspan=\"2\" width=\"102\">Durchmesser der inneren Flansche<\/td>\n<td style=\"text-align: center;\" width=\"56\">Eingang<\/td>\n<td rowspan=\"2\" width=\"63\">\n<p style=\"text-align: center;\">mm<\/p>\n<\/td>\n<td rowspan=\"2\" width=\"59\">\n<p style=\"text-align: center;\">80<\/p>\n<p style=\"text-align: center;\">50<\/p>\n<\/td>\n<td rowspan=\"2\" width=\"67\">\n<p style=\"text-align: center;\">100<\/p>\n<\/td>\n<td rowspan=\"2\" width=\"67\">\n<p style=\"text-align: center;\">150<\/p>\n<\/td>\n<td rowspan=\"2\" width=\"67\">\n<p style=\"text-align: center;\">200<\/p>\n<\/td>\n<td rowspan=\"2\" width=\"75\">\n<p style=\"text-align: center;\">250<\/p>\n<p style=\"text-align: center;\">200<\/p>\n<\/td>\n<\/tr>\n<tr>\n<td style=\"text-align: center;\" width=\"56\">Ausgang<\/td>\n<\/tr>\n<tr>\n<td width=\"36\">11<\/td>\n<td colspan=\"2\" width=\"158\">K\u00fchlwasserversorgung<\/td>\n<td width=\"63\">\n<p style=\"text-align: center;\">L\/Stunde<\/p>\n<\/td>\n<td width=\"59\">\n<p style=\"text-align: center;\">\/<\/p>\n<\/td>\n<td width=\"67\">\n<p style=\"text-align: center;\">\/<\/p>\n<\/td>\n<td width=\"67\">\n<p style=\"text-align: center;\">\/<\/p>\n<\/td>\n<td width=\"67\">\n<p style=\"text-align: center;\">150<\/p>\n<\/td>\n<td width=\"75\">\n<p style=\"text-align: center;\">150<\/p>\n<\/td>\n<\/tr>\n<tr>\n<td width=\"36\">12<\/td>\n<td colspan=\"2\" width=\"158\">Gewicht mit Motor<\/td>\n<td width=\"63\">\n<p style=\"text-align: center;\">kg<\/p>\n<\/td>\n<td width=\"59\">\n<p style=\"text-align: center;\">80<\/p>\n<\/td>\n<td width=\"67\">\n<p style=\"text-align: center;\">180<\/p>\n<\/td>\n<td width=\"67\">\n<p style=\"text-align: center;\">245<\/p>\n<\/td>\n<td width=\"67\">\n<p style=\"text-align: center;\">575<\/p>\n<\/td>\n<td width=\"75\">\n<p style=\"text-align: center;\">800<\/p>\n<\/td>\n<\/tr>\n<tr>\n<td width=\"36\">13<\/td>\n<td colspan=\"2\" width=\"158\">Verpackungsgewicht<\/td>\n<td width=\"63\">\n<p style=\"text-align: center;\">kg<\/p>\n<\/td>\n<td width=\"59\">\n<p style=\"text-align: center;\">110<\/p>\n<\/td>\n<td width=\"67\">\n<p style=\"text-align: center;\">240<\/p>\n<\/td>\n<td width=\"67\">\n<p style=\"text-align: center;\">315<\/p>\n<\/td>\n<td width=\"67\">\n<p style=\"text-align: center;\">660<\/p>\n<\/td>\n<td width=\"75\">\n<p style=\"text-align: center;\">950<\/p>\n<\/td>\n<\/tr>\n<\/tbody>\n<\/table>\n"},{"tab_title":"Vorteile","tab_content":"<ul>\n<li style=\"text-align: justify;\">Schnelle Erreichung von Hochvakuum;<\/li>\n<li style=\"text-align: justify;\">Hohe F\u00f6rderleistung \u00fcber einen breiten Druckbereich (1-500 Pascal);<\/li>\n<li style=\"text-align: justify;\">Die Pumpenkammer enth\u00e4lt keine Schmierstoffe;<\/li>\n<li style=\"text-align: justify;\">Sanfter Betrieb;<\/li>\n<li style=\"text-align: justify;\">Geringer Ger\u00e4uschpegel;<\/li>\n<li style=\"text-align: justify;\">Hohe Evakuierungsrate;<\/li>\n<li style=\"text-align: justify;\">Geringer Energieverbrauch;<\/li>\n<li style=\"text-align: justify;\">Einfache Wartung;<\/li>\n<li style=\"text-align: justify;\">Kompakte Gr\u00f6\u00dfe.<\/li>\n<\/ul>\n"}],"add_video_tab":null,"add_gallery_tab":null,"add_price_tab":null},"language":"de","_links":{"self":[{"href":"https:\/\/globecore.com\/de\/wp-json\/wp\/v2\/pages\/149222","targetHints":{"allow":["GET"]}}],"collection":[{"href":"https:\/\/globecore.com\/de\/wp-json\/wp\/v2\/pages"}],"about":[{"href":"https:\/\/globecore.com\/de\/wp-json\/wp\/v2\/types\/page"}],"author":[{"embeddable":true,"href":"https:\/\/globecore.com\/de\/wp-json\/wp\/v2\/users\/7"}],"replies":[{"embeddable":true,"href":"https:\/\/globecore.com\/de\/wp-json\/wp\/v2\/comments?post=149222"}],"version-history":[{"count":0,"href":"https:\/\/globecore.com\/de\/wp-json\/wp\/v2\/pages\/149222\/revisions"}],"up":[{"embeddable":true,"href":"https:\/\/globecore.com\/de\/wp-json\/wp\/v2\/pages\/149221"}],"wp:featuredmedia":[{"embeddable":true,"href":"https:\/\/globecore.com\/de\/wp-json\/wp\/v2\/media\/149223"}],"wp:attachment":[{"href":"https:\/\/globecore.com\/de\/wp-json\/wp\/v2\/media?parent=149222"}],"wp:term":[{"taxonomy":"category","embeddable":true,"href":"https:\/\/globecore.com\/de\/wp-json\/wp\/v2\/categories?post=149222"}],"curies":[{"name":"wp","href":"https:\/\/api.w.org\/{rel}","templated":true}]}}