{"id":321791,"date":"2025-07-21T10:26:14","date_gmt":"2025-07-21T10:26:14","guid":{"rendered":"https:\/\/globecore.com\/products\/degassing-thermal-vacuum-drying-oil\/cmm-17-oil-degassing-plant\/"},"modified":"2026-03-06T07:42:36","modified_gmt":"2026-03-06T07:42:36","slug":"cmm-15-oil-degassing-plant","status":"publish","type":"page","link":"https:\/\/globecore.com\/de\/products\/degassing-thermal-vacuum-drying-oil\/cmm-15-oil-degassing-plant\/","title":{"rendered":"CMM-15 \u00d6lentgasungsanlage"},"content":{"rendered":"","protected":false},"excerpt":{"rendered":"<p>Die Anlage CMM-15 ist f\u00fcr die Entgasung, Entfernung von Feststoffen und das Erw\u00e4rmen von \u00d6l f\u00fcr Leistungstransformatoren mit Spannungen bis zu 1.150\u202fkV ausgelegt. Die Einheit hat eine Verarbeitungskapazit\u00e4t von 15.000 Litern pro Stunde. Sie ist als eigenst\u00e4ndiges System gebaut, wobei alle Komponenten und Betriebseinheiten durch Metallpaneele gesch\u00fctzt sind und mit gasdruckunterst\u00fctzten T\u00fcren an den Seiten und hinten f\u00fcr einen einfachen Zugang ausgestattet sind.<\/p>\n","protected":false},"author":7,"featured_media":321792,"parent":145731,"menu_order":0,"comment_status":"closed","ping_status":"closed","template":"templates\/single-product.php","meta":{"_acf_changed":false,"_bbp_topic_count":0,"_bbp_reply_count":0,"_bbp_total_topic_count":0,"_bbp_total_reply_count":0,"_bbp_voice_count":0,"_bbp_anonymous_reply_count":0,"_bbp_topic_count_hidden":0,"_bbp_reply_count_hidden":0,"_bbp_forum_subforum_count":0,"footnotes":""},"categories":[1892],"class_list":["post-321791","page","type-page","status-publish","has-post-thumbnail","hentry","category-oil-maintenance-de","oil_type-fr3-dielektrikum","oil_type-fyrquel-feuerbestandiges-fluid","oil_type-midel-7131-dielektrikum","oil_type-shell-diala-ol","oil_type-silikonol","oil_type-transformatorenol","process_type-dehydrierung","process_type-entgasung","process_type-filtration-de"],"acf":{"add_tab":[{"tab_title":"Beschreibung","tab_content":"<p style=\"text-align: justify;\">Die CMM-15 Anlage ist f\u00fcr die Entgasung, Entfernung von Feststoffen und Erw\u00e4rmung von \u00d6l f\u00fcr Leistungstransformatoren mit einer Spannung von bis zu 1.150 kV ausgelegt. Die Verarbeitungskapazit\u00e4t der Maschine betr\u00e4gt 15.000 Liter pro Stunde.<\/p>\r\n<p style=\"text-align: justify;\">Die CMM-15 Anlage ist als eigenst\u00e4ndige Einheit konstruiert, bei der alle Komponenten und Betriebseinheiten durch Metallverkleidungen gesch\u00fctzt und mit gasdruckunterst\u00fctzten T\u00fcren an den Seiten und der R\u00fcckseite der Einheit ausgestattet sind, die sich leicht \u00f6ffnen lassen.<\/p>\r\n<p style=\"text-align: justify;\">Die Einheit besteht aus einer Vakuumkammer, Ein- und Auslaufpumpen f\u00fcr das \u00d6l, Grob- und Feinfiltern, einer \u00d6lfalle, einem \u00d6lheizer, Rohrleitungen mit Ventilen, einem Vakuumpumpenabschnitt und einem Schaltschrank.<\/p>"}],"add_def_tab":[{"tab_title":"Spezifikation","tab_content":"<table width=\"auto\">\r\n<tbody>\r\n<tr>\r\n<td width=\"29\"><strong>Nr.<\/strong><\/td>\r\n<td width=\"401\">\r\n<p style=\"text-align: center;\"><strong>Parameter<\/strong><\/p>\r\n<\/td>\r\n<td width=\"214\">\r\n<p style=\"text-align: center;\"><strong>Wert<\/strong><\/p>\r\n<\/td>\r\n<\/tr>\r\n<tr>\r\n<td width=\"29\">1<\/td>\r\n<td width=\"401\">Kapazit\u00e4t (Entgasung, Trocknungs- und Filtrationsmodus), m<sup>3<\/sup>\/Stunde (gpm)<\/td>\r\n<td width=\"214\">\r\n<p style=\"text-align: center;\">15 (66)<\/p>\r\n<\/td>\r\n<\/tr>\r\n<tr>\r\n<td width=\"29\">2<\/td>\r\n<td width=\"401\">Kapazit\u00e4t (Heiz- und Filtrationsmodus), m<sup>3<\/sup>\/Stunde (gpm)<\/td>\r\n<td width=\"214\">\r\n<p style=\"text-align: center;\">17 (74,84)<\/p>\r\n<\/td>\r\n<\/tr>\r\n<tr>\r\n<td width=\"29\">3<\/td>\r\n<td width=\"401\">Parameter des behandelten \u00d6ls*:\r\n<ul>\r\n \t<li>Volumetrischer Gasgehalt %, max.<\/li>\r\n \t<li>Massenfeuchte, ppm, max.<\/li>\r\n \t<li>Filtrationsfeinheit, Mikron<\/li>\r\n<\/ul>\r\n<\/td>\r\n<td width=\"214\">\r\n<p style=\"text-align: center;\">0,1<\/p>\r\n<p style=\"text-align: center;\">10 ppm oder 5 ppm oder 5 ppm+ (optional)<\/p>\r\n<p style=\"text-align: center;\">1<\/p>\r\n<\/td>\r\n<\/tr>\r\n<tr>\r\n<td width=\"29\">4<\/td>\r\n<td width=\"401\">\u00d6lauslasstemperatur im Heizmodus, \u00baC (\u00baF)<\/td>\r\n<td width=\"214\">\r\n<p style=\"text-align: center;\">90 (194)<\/p>\r\n<\/td>\r\n<\/tr>\r\n<tr>\r\n<td width=\"29\">5<\/td>\r\n<td width=\"401\">Auslassdruck, MPa (psi)<\/td>\r\n<td width=\"214\">\r\n<p style=\"text-align: center;\">0,58 (0,4)<\/p>\r\n<\/td>\r\n<\/tr>\r\n<tr>\r\n<td width=\"29\">6<\/td>\r\n<td width=\"401\">Maximale Leistung, kW<\/td>\r\n<td width=\"214\">\r\n<p style=\"text-align: center;\">205<\/p>\r\n<\/td>\r\n<\/tr>\r\n<tr>\r\n<td width=\"29\">7<\/td>\r\n<td width=\"401\">Restdruck in der Vakuumkammer w\u00e4hrend der Entgasung, Pa (psi)<\/td>\r\n<td width=\"214\">\r\n<p style=\"text-align: center;\">267 (0,039)<\/p>\r\n<\/td>\r\n<\/tr>\r\n<tr>\r\n<td width=\"29\">8<\/td>\r\n<td width=\"401\">Restdruck in der Vakuumkammer w\u00e4hrend des Dichtigkeitstests, Pa (psi)<\/td>\r\n<td width=\"214\">\r\n<p style=\"text-align: center;\">26,7 (0,0039)<\/p>\r\n<\/td>\r\n<\/tr>\r\n<tr>\r\n<td width=\"29\">9<\/td>\r\n<td width=\"401\">Stromversorgungsparameter<\/td>\r\n<td width=\"214\">\r\n<p style=\"text-align: center;\">Alle Optionen nach Kundenwunsch<\/p>\r\n<\/td>\r\n<\/tr>\r\n<tr>\r\n<td width=\"29\">10<\/td>\r\n<td width=\"401\">Abmessungen, mm (Zoll)<\/td>\r\n<td width=\"214\"><\/td>\r\n<\/tr>\r\n<tr>\r\n<td width=\"29\"><\/td>\r\n<td width=\"401\">\u2013 L\u00e4nge<\/td>\r\n<td width=\"214\">\r\n<p style=\"text-align: center;\">4.365 (172)<\/p>\r\n<\/td>\r\n<\/tr>\r\n<tr>\r\n<td width=\"29\"><\/td>\r\n<td width=\"401\">\u2013 H\u00f6he<\/td>\r\n<td width=\"214\">\r\n<p style=\"text-align: center;\">2.270 (89)<\/p>\r\n<\/td>\r\n<\/tr>\r\n<tr>\r\n<td width=\"29\"><\/td>\r\n<td width=\"401\">\u2013 Breite<\/td>\r\n<td width=\"214\">\r\n<p style=\"text-align: center;\">2.300 (91)<\/p>\r\n<\/td>\r\n<\/tr>\r\n<tr>\r\n<td width=\"29\">11<\/td>\r\n<td width=\"401\">Gewicht, kg (lbs)<\/td>\r\n<td width=\"214\">\r\n<p style=\"text-align: center;\">3.100 (6.834)<\/p>\r\n<\/td>\r\n<\/tr>\r\n<\/tbody>\r\n<\/table>\r\n<strong>Hinweis:<\/strong> * Anfangsparameter des \u00d6ls:\r\n<ul>\r\n \t<li>Volumetrischer Gasgehalt \u2013 unter 5 %;<\/li>\r\n \t<li>Massenfeuchte \u2013 unter 0,1 % (100 g\/Tonne);<\/li>\r\n \t<li>Temperatur \u2013 \u00fcber 0 \u00baC \/ 32 \u00baF.<\/li>\r\n<\/ul>\r\n**Alle in den USA verkauften Ger\u00e4te sind f\u00fcr den Betrieb mit 60 Hz Wechselstrom ausgelegt."},{"tab_title":"Vorteil","tab_content":"<ul>\r\n \t<li style=\"text-align: justify;\">Vielseitigkeit;<\/li>\r\n \t<li style=\"text-align: justify;\">kein Einsatz von Adsorbentien zur Trocknung von Transformatoren\u00f6l erforderlich;<\/li>\r\n \t<li style=\"text-align: justify;\">keine Luftverschmutzung und keine Abfallstr\u00f6me zur Entsorgung oder Lagerung;<\/li>\r\n \t<li style=\"text-align: justify;\">einfache Bedienung und Wartung;<\/li>\r\n \t<li style=\"text-align: justify;\">beste \u00d6lqualit\u00e4t bereits nach einem Verarbeitungszyklus;<\/li>\r\n \t<li style=\"text-align: justify;\">geringer Stromverbrauch;<\/li>\r\n \t<li style=\"text-align: justify;\">niedrige Ger\u00e4uschpegel.<\/li>\r\n<\/ul>"},{"tab_title":"Anwendung","tab_content":"[product_oil_types]"}],"add_video_tab":[{"video_tab_title":"Video","add_video_id":[{"video_id":"M3BpW5GQiRc"},{"video_id":"-T2bvoAzEds"},{"video_id":"sDF1mkJ7WgY"},{"video_id":"xZLUqfqX7R0"}]}],"add_gallery_tab":null,"add_price_tab":null},"language":"de","_links":{"self":[{"href":"https:\/\/globecore.com\/de\/wp-json\/wp\/v2\/pages\/321791","targetHints":{"allow":["GET"]}}],"collection":[{"href":"https:\/\/globecore.com\/de\/wp-json\/wp\/v2\/pages"}],"about":[{"href":"https:\/\/globecore.com\/de\/wp-json\/wp\/v2\/types\/page"}],"author":[{"embeddable":true,"href":"https:\/\/globecore.com\/de\/wp-json\/wp\/v2\/users\/7"}],"replies":[{"embeddable":true,"href":"https:\/\/globecore.com\/de\/wp-json\/wp\/v2\/comments?post=321791"}],"version-history":[{"count":1,"href":"https:\/\/globecore.com\/de\/wp-json\/wp\/v2\/pages\/321791\/revisions"}],"predecessor-version":[{"id":336050,"href":"https:\/\/globecore.com\/de\/wp-json\/wp\/v2\/pages\/321791\/revisions\/336050"}],"up":[{"embeddable":true,"href":"https:\/\/globecore.com\/de\/wp-json\/wp\/v2\/pages\/145731"}],"wp:featuredmedia":[{"embeddable":true,"href":"https:\/\/globecore.com\/de\/wp-json\/wp\/v2\/media\/321792"}],"wp:attachment":[{"href":"https:\/\/globecore.com\/de\/wp-json\/wp\/v2\/media?parent=321791"}],"wp:term":[{"taxonomy":"category","embeddable":true,"href":"https:\/\/globecore.com\/de\/wp-json\/wp\/v2\/categories?post=321791"}],"curies":[{"name":"wp","href":"https:\/\/api.w.org\/{rel}","templated":true}]}}