{"id":326613,"date":"2025-10-24T14:05:17","date_gmt":"2025-10-24T14:05:17","guid":{"rendered":"https:\/\/globecore.com\/?page_id=326613"},"modified":"2025-10-24T15:41:05","modified_gmt":"2025-10-24T15:41:05","slug":"cookie-policy","status":"publish","type":"page","link":"https:\/\/globecore.com\/de\/cookie-policy\/","title":{"rendered":"Cookie-Richtlinie"},"content":{"rendered":"<p>\u00dcber diese Cookie-Richtlinie<br \/>\nDiese Cookie-Richtlinie erkl\u00e4rt, was Cookies sind und wie wir sie verwenden. Lesen Sie diese Richtlinie, um zu verstehen, was Cookies sind, wie wir sie verwenden, welche Arten von Cookies wir verwenden, d. h. welche Informationen wir mithilfe von Cookies erfassen und wie diese Informationen verwendet werden und wie Sie die Cookie-Einstellungen steuern k\u00f6nnen. Weitere Informationen dar\u00fcber, wie wir Ihre personenbezogenen Daten verwenden, speichern und sch\u00fctzen, finden Sie in unserer Datenschutzrichtlinie.<\/p>\n<p>Sie k\u00f6nnen Ihre Einwilligung zur Cookie-Erkl\u00e4rung auf unserer Website jederzeit \u00e4ndern oder widerrufen.<br \/>\nErfahren Sie mehr dar\u00fcber, wer wir sind, wie Sie uns kontaktieren k\u00f6nnen und wie wir personenbezogene Daten verarbeiten, in unserer Datenschutzrichtlinie.<br \/>\nIhre Einwilligung gilt f\u00fcr die folgenden Domains: globecore.com<br \/>\n[user_consent_state]<\/p>\n<p>Was sind Cookies?<br \/>\nCookies sind kleine Textdateien, in denen kleine Informationen gespeichert werden. Die Cookies werden auf Ihrem Ger\u00e4t gespeichert, wenn die Website in Ihrem Browser geladen wird. Diese Cookies helfen uns, die ordnungsgem\u00e4\u00dfe Funktion der Website zu gew\u00e4hrleisten, die Website sicherer zu machen, ein besseres Nutzererlebnis zu bieten, die Leistung der Website zu verstehen und zu analysieren, was funktioniert und wo Verbesserungsbedarf besteht.<br \/>\nWie verwenden wir Cookies? Wie die meisten Onlinedienste verwendet auch unsere Website Erstanbieter- und Drittanbieter-Cookies f\u00fcr verschiedene Zwecke. Erstanbieter-Cookies sind f\u00fcr die ordnungsgem\u00e4\u00dfe Funktion der Website meist erforderlich und erfassen keine personenbezogenen Daten.<\/p>\n<p>Die auf unseren Websites verwendeten Drittanbieter-Cookies dienen haupts\u00e4chlich dazu, die Leistung der Website und Ihre Interaktion mit unserer Website zu verstehen, die Sicherheit unserer Dienste zu gew\u00e4hrleisten, Ihnen relevante Werbung anzuzeigen und Ihnen insgesamt ein besseres Nutzererlebnis zu bieten und Ihre zuk\u00fcnftigen Interaktionen mit unserer Website zu beschleunigen.<\/p>\n<p>Welche Arten von Cookies verwenden wir?<br \/>\nUnverzichtbar: Einige Cookies sind f\u00fcr die volle Funktionalit\u00e4t unserer Website unerl\u00e4sslich. Sie erm\u00f6glichen es uns, Benutzersitzungen aufrechtzuerhalten und Sicherheitsbedrohungen vorzubeugen. Sie erfassen oder speichern keine personenbezogenen Daten. Mit diesen Cookies k\u00f6nnen Sie sich beispielsweise in Ihr Konto einloggen, Produkte in den Warenkorb legen und sicher zur Kasse gehen.<\/p>\n<p>Statistik: Diese Cookies speichern Informationen wie die Anzahl der Website-Besucher, die Anzahl der Einzelbesucher, die besuchten Seiten und die Quelle des Besuchs. Diese Daten helfen uns zu verstehen und zu analysieren, wie gut die Website funktioniert und wo Verbesserungsbedarf besteht.<\/p>\n<p>Marketing: Auf unserer Website werden Anzeigen geschaltet. Diese Cookies werden verwendet, um die Ihnen angezeigten Anzeigen so zu personalisieren, dass sie f\u00fcr Sie relevant sind. Sie helfen uns auch dabei, die Effizienz dieser Werbekampagnen zu messen.<br \/>\nDie in diesen Cookies gespeicherten Informationen k\u00f6nnen auch von Drittanbietern verwendet werden, um Ihnen Anzeigen auf anderen Websites im Browser anzuzeigen.<\/p>\n<p>Funktional: Diese Cookies unterst\u00fctzen bestimmte nicht unbedingt erforderliche Funktionen unserer Website. Dazu geh\u00f6ren das Einbetten von Inhalten wie Videos oder das Teilen von Inhalten auf der Website auf Social-Media-Plattformen.<\/p>\n<p>Einstellungen: Diese Cookies helfen uns, Ihre Einstellungen und Browsereinstellungen wie Spracheinstellungen zu speichern, damit Sie bei zuk\u00fcnftigen Besuchen der Website ein besseres und effizienteres Erlebnis haben.<br \/>\n[cookie_audit columns=\u201dcookie,description\u201d heading=\u201dDie folgende Liste enth\u00e4lt die auf unserer Website verwendeten Cookies.\u201d]<\/p>\n<p>Wie kann ich meine Cookie-Einstellungen verwalten?<br \/>\nSollten Sie Ihre Einstellungen sp\u00e4ter w\u00e4hrend Ihrer Browsersitzung \u00e4ndern wollen, klicken Sie einfach auf die Registerkarte \u201eDatenschutz- und Cookie-Richtlinie\u201c. Daraufhin wird die Einwilligungserkl\u00e4rung erneut angezeigt, sodass Sie Ihre Einstellungen \u00e4ndern oder Ihre Einwilligung vollst\u00e4ndig widerrufen k\u00f6nnen.<\/p>\n<p>Dar\u00fcber hinaus bieten verschiedene Browser unterschiedliche M\u00f6glichkeiten, von Websites verwendete Cookies zu blockieren und zu l\u00f6schen. Sie k\u00f6nnen die Einstellungen Ihres Browsers \u00e4ndern, um Cookies zu blockieren\/l\u00f6schen. Weitere Informationen zum Verwalten und L\u00f6schen von Cookies finden Sie unter wikipedia.org und www.allaboutcookies.org.<\/p>\n","protected":false},"excerpt":{"rendered":"<p>\u00dcber diese Cookie-Richtlinie Diese Cookie-Richtlinie erkl\u00e4rt, was Cookies sind und wie wir sie verwenden. Lesen Sie diese Richtlinie, um zu verstehen, was Cookies sind, wie wir sie verwenden, welche Arten von Cookies wir verwenden, d. h. welche Informationen wir mithilfe von Cookies erfassen und wie diese Informationen verwendet werden und wie Sie die Cookie-Einstellungen steuern<a class=\"cg-read-more\" href=\"https:\/\/globecore.com\/de\/cookie-policy\/\" target=\"_blank\">Read More <\/a><\/p>\n","protected":false},"author":41,"featured_media":0,"parent":0,"menu_order":0,"comment_status":"closed","ping_status":"closed","template":"templates\/privacy.php","meta":{"_acf_changed":false,"_bbp_topic_count":0,"_bbp_reply_count":0,"_bbp_total_topic_count":0,"_bbp_total_reply_count":0,"_bbp_voice_count":0,"_bbp_anonymous_reply_count":0,"_bbp_topic_count_hidden":0,"_bbp_reply_count_hidden":0,"_bbp_forum_subforum_count":0,"footnotes":""},"categories":[],"class_list":["post-326613","page","type-page","status-publish","hentry"],"acf":[],"language":"de","_links":{"self":[{"href":"https:\/\/globecore.com\/de\/wp-json\/wp\/v2\/pages\/326613","targetHints":{"allow":["GET"]}}],"collection":[{"href":"https:\/\/globecore.com\/de\/wp-json\/wp\/v2\/pages"}],"about":[{"href":"https:\/\/globecore.com\/de\/wp-json\/wp\/v2\/types\/page"}],"author":[{"embeddable":true,"href":"https:\/\/globecore.com\/de\/wp-json\/wp\/v2\/users\/41"}],"replies":[{"embeddable":true,"href":"https:\/\/globecore.com\/de\/wp-json\/wp\/v2\/comments?post=326613"}],"version-history":[{"count":0,"href":"https:\/\/globecore.com\/de\/wp-json\/wp\/v2\/pages\/326613\/revisions"}],"wp:attachment":[{"href":"https:\/\/globecore.com\/de\/wp-json\/wp\/v2\/media?parent=326613"}],"wp:term":[{"taxonomy":"category","embeddable":true,"href":"https:\/\/globecore.com\/de\/wp-json\/wp\/v2\/categories?post=326613"}],"curies":[{"name":"wp","href":"https:\/\/api.w.org\/{rel}","templated":true}]}}