{"id":330078,"date":"2023-05-05T11:33:16","date_gmt":"2023-05-05T11:33:16","guid":{"rendered":"https:\/\/globecore.com\/products\/instruments\/breakdown-voltage-tester-tor-60-tor-60-lsl\/"},"modified":"2026-03-06T13:51:32","modified_gmt":"2026-03-06T13:51:32","slug":"breakdown-voltage-tester-tor-60-tor-60-lsl","status":"publish","type":"page","link":"https:\/\/globecore.com\/de\/products\/instruments\/breakdown-voltage-tester-tor-60-tor-60-lsl\/","title":{"rendered":"TOR-60 (TOR-60 SL) Pr\u00fcfger\u00e4t f\u00fcr Durchschlagspannung"},"content":{"rendered":"","protected":false},"excerpt":{"rendered":"<p>Die TOR-60 Einheit ist f\u00fcr die automatisierte und pr\u00e4zise Messung der dielektrischen Festigkeit (Durchschlagspannung bis zu 60\u202fkV) von Transformatoren\u00f6l und anderen dielektrischen Fl\u00fcssigkeiten gem\u00e4\u00df IEC 60156, ASTM D877 und ASTM D1816 konzipiert. Sie kann autonom oder im Netzwerk betrieben werden, wobei die Ergebnisse auf einen PC \u00fcbertragen werden, um eine lokale Datenbank zu erstellen, Berichte zu generieren, Diagramme zu erstellen und Ergebnisse auszudrucken. Das Ger\u00e4t ist vollautomatisch und unterst\u00fctzt Tests sowohl nach standardisierten Verfahren als auch nach benutzerdefinierten, individuell definierten Verfahren.<\/p>\n","protected":false},"author":7,"featured_media":292506,"parent":146122,"menu_order":0,"comment_status":"closed","ping_status":"closed","template":"templates\/single-product.php","meta":{"_acf_changed":false,"_bbp_topic_count":0,"_bbp_reply_count":0,"_bbp_total_topic_count":0,"_bbp_total_reply_count":0,"_bbp_voice_count":0,"_bbp_anonymous_reply_count":0,"_bbp_topic_count_hidden":0,"_bbp_reply_count_hidden":0,"_bbp_forum_subforum_count":0,"footnotes":""},"categories":[1931],"class_list":["post-330078","page","type-page","status-publish","has-post-thumbnail","hentry","category-instruments-de","oil_type-fr3-dielektrikum","oil_type-midel-7131-dielektrikum","oil_type-silikonol","oil_type-transformatorenol","process_type-durchbruchspannungsprufung"],"acf":{"add_tab":[{"tab_title":"Beschreibung","tab_content":"<p style=\"text-align: justify;\">Die TOR-60 Einheit ist daf\u00fcr ausgelegt, die dielektrische Festigkeit von Transformatoren\u00f6l und anderen dielektrischen Fl\u00fcssigkeiten gem\u00e4\u00df IEC 60156, ASTM D877, ASTM D1816 zu messen.<\/p>\r\n<p style=\"text-align: justify;\">Es handelt sich um ein vollautomatisches Ger\u00e4t, das Tests nach den in diesen Normen definierten Verfahren sowie nach den vom Benutzer im entsprechenden Abschnitt des Setup-Men\u00fcs festgelegten Verfahren erm\u00f6glicht.<\/p>\r\n\r\n<h2 style=\"text-align: center;\">Funktionsprinzip<\/h2>\r\n<p style=\"text-align: justify;\">Kern der Einheit ist der Hochspannungstransformator sowie elektronische Module. Das Ger\u00e4t arbeitet, indem die Spannung an der Sekund\u00e4rwicklung des Hochspannungstransformators schrittweise von null bis zur maximalen Spannung oder bis zu der Spannung, bei der ein elektrischer Durchschlag in der dielektrischen Fl\u00fcssigkeit in der auf den Hochspannungskontakten des Transformators installierten Messzelle auftritt, erh\u00f6ht wird.<\/p>\r\n<p style=\"text-align: justify;\">Die Spannung in der Sekund\u00e4rwicklung des Transformators entsteht durch die schrittweise Erh\u00f6hung der Spannung in der Prim\u00e4rwicklung, die mit sinusf\u00f6rmiger Spannung vom Steuerwechselrichter, einem der elektronischen Module, gespeist wird.<\/p>\r\n<p style=\"text-align: justify;\">Die Spannungssteigerung wird von einem Mikrocontroller \u00fcber den Steuerwechselrichter gesteuert. Der Steuerwechselrichter wird vom Steuerungsmodul der Einheit angesteuert.<\/p>\r\n<p style=\"text-align: justify;\">W\u00e4hrend des Betriebs wird Wechselspannung (50\u201360 Hz) von den Anschl\u00fcssen der Sekund\u00e4rwicklung \u00fcber die Zellelektroden in die dielektrische Fl\u00fcssigkeit in der Messzelle eingespeist. Der Durchschlag erfolgt zwischen den Elektroden im mit der dielektrischen Fl\u00fcssigkeit gef\u00fcllten Raum.<\/p>"}],"add_def_tab":[{"tab_title":"Spezifikation","tab_content":"<table width=\"614\">\r\n<tbody>\r\n<tr>\r\n<td width=\"40\"><strong>Nr.<\/strong><\/td>\r\n<td style=\"text-align: center;\" width=\"267\"><strong>Position<\/strong><\/td>\r\n<td style=\"text-align: center;\" width=\"153\"><strong>Wert<\/strong><\/td>\r\n<\/tr>\r\n<tr>\r\n<td width=\"40\">1<\/td>\r\n<td style=\"text-align: left;\" width=\"267\">Betriebsspannung AC (interner wiederaufladbarer Akku), V<\/td>\r\n<td style=\"text-align: center;\" width=\"153\">85 \u2014 264<\/td>\r\n<\/tr>\r\n<tr>\r\n<td width=\"40\">2<\/td>\r\n<td style=\"text-align: left;\" width=\"267\">Netzfrequenz, Hz<\/td>\r\n<td style=\"text-align: center;\" width=\"153\">48 \u2013 63<\/td>\r\n<\/tr>\r\n<tr>\r\n<td width=\"40\">3<\/td>\r\n<td style=\"text-align: left;\" width=\"267\">Leistungsbedarf, VA<\/td>\r\n<td style=\"text-align: center;\" width=\"153\">max. 70<\/td>\r\n<\/tr>\r\n<tr>\r\n<td width=\"40\">4<\/td>\r\n<td style=\"text-align: left;\" width=\"267\">Maximale Ausgangsspannung, kV<\/td>\r\n<td style=\"text-align: center;\" width=\"153\">Sinusf\u00f6rmig, bis 60 kV<\/td>\r\n<\/tr>\r\n<tr>\r\n<td width=\"40\">5<\/td>\r\n<td style=\"text-align: left;\" width=\"267\">Genauigkeit der Ausgangsspannungsmessung<\/td>\r\n<td style=\"text-align: center;\" width=\"153\">\u00b11 %<\/td>\r\n<\/tr>\r\n<tr>\r\n<td width=\"40\">6<\/td>\r\n<td style=\"text-align: left;\" width=\"267\">Spannungsanstiegsrate, kV\/sec<\/td>\r\n<td style=\"text-align: center;\" width=\"153\">0,5 bis 10 *<\/td>\r\n<\/tr>\r\n<tr>\r\n<td width=\"40\">7<\/td>\r\n<td style=\"text-align: left;\" width=\"267\">Aufl\u00f6sung der Ausgangsspannungsanzeige, V<\/td>\r\n<td style=\"text-align: center;\" width=\"153\">100<\/td>\r\n<\/tr>\r\n<tr>\r\n<td width=\"40\">8<\/td>\r\n<td style=\"text-align: left;\" width=\"267\">Hochspannungstimeout nach Durchschlag, \u03bcs<\/td>\r\n<td style=\"text-align: center;\" width=\"153\">max. 10, typisch 4<\/td>\r\n<\/tr>\r\n<tr>\r\n<td width=\"40\">9<\/td>\r\n<td width=\"267\">Volumen der Messzelle, cm<sup>3<\/sup> (in<sup>3<\/sup>)<\/td>\r\n<td style=\"text-align: center;\" width=\"153\">500 (30)<\/td>\r\n<\/tr>\r\n<tr>\r\n<td width=\"40\">10<\/td>\r\n<td width=\"267\">Messbereich Umgebungstemperatur, \u00b0C (\u00b0F)<\/td>\r\n<td style=\"text-align: center;\" width=\"153\">-10 \u2013 50 (14 \u2013 212)<\/td>\r\n<\/tr>\r\n<tr>\r\n<td width=\"40\">11<\/td>\r\n<td width=\"267\">Aufl\u00f6sung der Temperaturmessung, \u00b0C (\u00b0F)<\/td>\r\n<td style=\"text-align: center;\" width=\"153\">0,1 (32,18)<\/td>\r\n<\/tr>\r\n<tr>\r\n<td width=\"40\">12<\/td>\r\n<td width=\"267\">Integrierter Drucker<\/td>\r\n<td style=\"text-align: center;\" width=\"153\">Ja<\/td>\r\n<\/tr>\r\n<tr>\r\n<td width=\"40\">13<\/td>\r\n<td width=\"267\">Betriebstemperatur, \u00b0C (\u00b0F)<\/td>\r\n<td style=\"text-align: center;\" width=\"153\">-10 \u2013 50 (14 \u2013 122)<\/td>\r\n<\/tr>\r\n<tr>\r\n<td width=\"40\">14<\/td>\r\n<td width=\"267\">Lagertemperatur, \u00b0C (\u00b0F)<\/td>\r\n<td style=\"text-align: center;\" width=\"153\">von \u201320 (\u20134) bis +60 (140)<\/td>\r\n<\/tr>\r\n<tr>\r\n<td width=\"40\">15<\/td>\r\n<td style=\"text-align: left;\" width=\"267\">Relative Luftfeuchtigkeit, %<\/td>\r\n<td style=\"text-align: center;\" width=\"153\">bis 90 ohne Kondensation<\/td>\r\n<\/tr>\r\n<tr>\r\n<td width=\"40\">16<\/td>\r\n<td style=\"text-align: left;\" width=\"267\">Abmessungen, mm (in)<\/td>\r\n<td style=\"text-align: center;\" width=\"153\">510 (20) \u00d7 300 (12) \u00d7 334 (13)<\/td>\r\n<\/tr>\r\n<tr>\r\n<td width=\"40\">17<\/td>\r\n<td style=\"text-align: left;\" width=\"267\">Gewicht, kg (lbs), max.<\/td>\r\n<td style=\"text-align: center;\" width=\"153\">30 (66)<\/td>\r\n<\/tr>\r\n<\/tbody>\r\n<\/table>\r\n*- Einstellbar"},{"tab_title":"Vorteile","tab_content":"<ul>\r\n \t<li style=\"text-align: justify;\">Automatisierte und pr\u00e4zise Messung der Durchschlagspannung bis zu 60 kV;<\/li>\r\n \t<li style=\"text-align: justify;\">Sofortige (4 \u03bcs) Abschaltung der Pr\u00fcfspannung bei Durchschlag;<\/li>\r\n \t<li style=\"text-align: justify;\">Kann autonom arbeiten oder im Netzwerk betrieben werden, mit \u00dcbertragung der Ergebnisse auf einen PC, Erstellung einer lokalen Datenbank, Generierung von Berichten, Darstellung von Diagrammen und Ausdruck der Ergebnisse;<\/li>\r\n \t<li style=\"text-align: justify;\">Software zur Durchf\u00fchrung standardisierter und benutzerdefinierter Messverfahren \u2013 das Ger\u00e4t kann auch f\u00fcr Forschungszwecke eingesetzt werden;<\/li>\r\n \t<li style=\"text-align: justify;\">Einfach zu bedienen und zu warten.<\/li>\r\n<\/ul>"},{"tab_title":"Anwendung","tab_content":"[product_oil_types]"}],"add_video_tab":[{"video_tab_title":"Video","add_video_id":[{"video_id":"khMDoAwmEuM"}]}],"add_gallery_tab":null,"add_price_tab":null},"language":"de","_links":{"self":[{"href":"https:\/\/globecore.com\/de\/wp-json\/wp\/v2\/pages\/330078","targetHints":{"allow":["GET"]}}],"collection":[{"href":"https:\/\/globecore.com\/de\/wp-json\/wp\/v2\/pages"}],"about":[{"href":"https:\/\/globecore.com\/de\/wp-json\/wp\/v2\/types\/page"}],"author":[{"embeddable":true,"href":"https:\/\/globecore.com\/de\/wp-json\/wp\/v2\/users\/7"}],"replies":[{"embeddable":true,"href":"https:\/\/globecore.com\/de\/wp-json\/wp\/v2\/comments?post=330078"}],"version-history":[{"count":4,"href":"https:\/\/globecore.com\/de\/wp-json\/wp\/v2\/pages\/330078\/revisions"}],"predecessor-version":[{"id":336211,"href":"https:\/\/globecore.com\/de\/wp-json\/wp\/v2\/pages\/330078\/revisions\/336211"}],"up":[{"embeddable":true,"href":"https:\/\/globecore.com\/de\/wp-json\/wp\/v2\/pages\/146122"}],"wp:featuredmedia":[{"embeddable":true,"href":"https:\/\/globecore.com\/de\/wp-json\/wp\/v2\/media\/292506"}],"wp:attachment":[{"href":"https:\/\/globecore.com\/de\/wp-json\/wp\/v2\/media?parent=330078"}],"wp:term":[{"taxonomy":"category","embeddable":true,"href":"https:\/\/globecore.com\/de\/wp-json\/wp\/v2\/categories?post=330078"}],"curies":[{"name":"wp","href":"https:\/\/api.w.org\/{rel}","templated":true}]}}