{"id":102878,"date":"2023-07-17T13:56:38","date_gmt":"2023-07-17T13:56:38","guid":{"rendered":"https:\/\/globecore.com\/?page_id=102878"},"modified":"2026-03-06T09:55:25","modified_gmt":"2026-03-06T09:55:25","slug":"dispositivo-de-calefaccion-de-baja-frecuencia-lfd","status":"publish","type":"page","link":"https:\/\/globecore.com\/es\/products\/transformer-maintenance\/dispositivo-de-calefaccion-de-baja-frecuencia-lfd\/","title":{"rendered":"LFD Dispositivo de calefacci\u00f3n de baja frecuencia"},"content":{"rendered":"","protected":false},"excerpt":{"rendered":"<p>El dispositivo LFD est\u00e1 dise\u00f1ado para calentar y secar los devanados de transformadores. El principio de funcionamiento del dispositivo se basa en corrientes el\u00e9ctricas de baja frecuencia que atraviesan los devanados del transformador, calent\u00e1ndolos hasta una temperatura est\u00e1ndar de secado de +75\u2026 +120\u202f\u00b0C. Dado que, al calentarse mediante corrientes de baja frecuencia, la fuente de calor es el propio devanado y el calentamiento proviene del interior, la eliminaci\u00f3n de la humedad del grosor del aislamiento se realiza m\u00e1s r\u00e1pida y completamente en comparaci\u00f3n con otros m\u00e9todos de calentamiento.<\/p>\n","protected":false},"author":7,"featured_media":110766,"parent":112734,"menu_order":0,"comment_status":"closed","ping_status":"closed","template":"templates\/single-product.php","meta":{"_acf_changed":false,"_bbp_topic_count":0,"_bbp_reply_count":0,"_bbp_total_topic_count":0,"_bbp_total_reply_count":0,"_bbp_voice_count":0,"_bbp_anonymous_reply_count":0,"_bbp_topic_count_hidden":0,"_bbp_reply_count_hidden":0,"_bbp_forum_subforum_count":0,"footnotes":""},"categories":[2478],"class_list":["post-102878","page","type-page","status-publish","has-post-thumbnail","hentry","category-mantenimiento-de-transformadores","oil_type-transformadores-de-distribucion","oil_type-transformadores-elevadores-es","oil_type-transformadores-para-fines-especiales","oil_type-transformadores-reductores","process_type-calefaccion"],"acf":[],"language":"es","_links":{"self":[{"href":"https:\/\/globecore.com\/es\/wp-json\/wp\/v2\/pages\/102878","targetHints":{"allow":["GET"]}}],"collection":[{"href":"https:\/\/globecore.com\/es\/wp-json\/wp\/v2\/pages"}],"about":[{"href":"https:\/\/globecore.com\/es\/wp-json\/wp\/v2\/types\/page"}],"author":[{"embeddable":true,"href":"https:\/\/globecore.com\/es\/wp-json\/wp\/v2\/users\/7"}],"replies":[{"embeddable":true,"href":"https:\/\/globecore.com\/es\/wp-json\/wp\/v2\/comments?post=102878"}],"version-history":[{"count":3,"href":"https:\/\/globecore.com\/es\/wp-json\/wp\/v2\/pages\/102878\/revisions"}],"predecessor-version":[{"id":336130,"href":"https:\/\/globecore.com\/es\/wp-json\/wp\/v2\/pages\/102878\/revisions\/336130"}],"up":[{"embeddable":true,"href":"https:\/\/globecore.com\/es\/wp-json\/wp\/v2\/pages\/112734"}],"wp:featuredmedia":[{"embeddable":true,"href":"https:\/\/globecore.com\/es\/wp-json\/wp\/v2\/media\/110766"}],"wp:attachment":[{"href":"https:\/\/globecore.com\/es\/wp-json\/wp\/v2\/media?parent=102878"}],"wp:term":[{"taxonomy":"category","embeddable":true,"href":"https:\/\/globecore.com\/es\/wp-json\/wp\/v2\/categories?post=102878"}],"curies":[{"name":"wp","href":"https:\/\/api.w.org\/{rel}","templated":true}]}}