{"id":105163,"date":"2023-05-09T13:22:48","date_gmt":"2023-05-09T13:22:48","guid":{"rendered":"https:\/\/globecore.com\/products\/biodiesel-equipment\/biodiesel-laboratory-equipment-usb-1l\/"},"modified":"2026-03-09T12:10:59","modified_gmt":"2026-03-09T12:10:59","slug":"biodiesel-laboratory-equipment-usb-1l","status":"publish","type":"page","link":"https:\/\/globecore.com\/es\/products\/biodiesel-equipment\/biodiesel-laboratory-equipment-usb-1l\/","title":{"rendered":"USB-1L M\u00e1quina de laboratorio para producci\u00f3n de biodi\u00e9sel"},"content":{"rendered":"","protected":false},"excerpt":{"rendered":"<p>La unidad de laboratorio de biodi\u00e9sel USB-1L es un sistema compacto e independiente dise\u00f1ado para la investigaci\u00f3n en laboratorio y el desarrollo de nuevas formulaciones de biodi\u00e9sel. Tiene una capacidad de procesamiento de hasta 1\u202fm\u00b3\/h para aceites residuales.<br \/>\nLa unidad permite la producci\u00f3n de \u00e9steres met\u00edlicos a partir de cualquier aceite vegetal o grasa animal mediante transesterificaci\u00f3n. Es adecuada para su uso en refiner\u00edas de aceite, plantas de producci\u00f3n de biodi\u00e9sel y empresas de la industria alimentaria para pruebas, optimizaci\u00f3n y producci\u00f3n de biodi\u00e9sel a peque\u00f1a escala.<\/p>\n","protected":false},"author":7,"featured_media":67906,"parent":105048,"menu_order":0,"comment_status":"closed","ping_status":"closed","template":"templates\/single-product.php","meta":{"_acf_changed":false,"_bbp_topic_count":0,"_bbp_reply_count":0,"_bbp_total_topic_count":0,"_bbp_total_reply_count":0,"_bbp_voice_count":0,"_bbp_anonymous_reply_count":0,"_bbp_topic_count_hidden":0,"_bbp_reply_count_hidden":0,"_bbp_forum_subforum_count":0,"footnotes":""},"categories":[2565],"class_list":["post-105163","page","type-page","status-publish","has-post-thumbnail","hentry","category-energias-renovables-biocombustibles","oil_type-industria-quimica-es","process_type-blending-es"],"acf":[],"language":"es","_links":{"self":[{"href":"https:\/\/globecore.com\/es\/wp-json\/wp\/v2\/pages\/105163","targetHints":{"allow":["GET"]}}],"collection":[{"href":"https:\/\/globecore.com\/es\/wp-json\/wp\/v2\/pages"}],"about":[{"href":"https:\/\/globecore.com\/es\/wp-json\/wp\/v2\/types\/page"}],"author":[{"embeddable":true,"href":"https:\/\/globecore.com\/es\/wp-json\/wp\/v2\/users\/7"}],"replies":[{"embeddable":true,"href":"https:\/\/globecore.com\/es\/wp-json\/wp\/v2\/comments?post=105163"}],"version-history":[{"count":1,"href":"https:\/\/globecore.com\/es\/wp-json\/wp\/v2\/pages\/105163\/revisions"}],"predecessor-version":[{"id":341862,"href":"https:\/\/globecore.com\/es\/wp-json\/wp\/v2\/pages\/105163\/revisions\/341862"}],"up":[{"embeddable":true,"href":"https:\/\/globecore.com\/es\/wp-json\/wp\/v2\/pages\/105048"}],"wp:featuredmedia":[{"embeddable":true,"href":"https:\/\/globecore.com\/es\/wp-json\/wp\/v2\/media\/67906"}],"wp:attachment":[{"href":"https:\/\/globecore.com\/es\/wp-json\/wp\/v2\/media?parent=105163"}],"wp:term":[{"taxonomy":"category","embeddable":true,"href":"https:\/\/globecore.com\/es\/wp-json\/wp\/v2\/categories?post=105163"}],"curies":[{"name":"wp","href":"https:\/\/api.w.org\/{rel}","templated":true}]}}