{"id":105693,"date":"2023-10-16T06:13:19","date_gmt":"2023-10-16T06:13:19","guid":{"rendered":"https:\/\/globecore.com\/products\/regeneracion-de-aceites\/cmm-10rl-transformer-oil-regeneration-plant\/"},"modified":"2026-03-05T14:07:47","modified_gmt":"2026-03-05T14:07:47","slug":"cmm-10rl-transformer-oil-regeneration-plant","status":"publish","type":"page","link":"https:\/\/globecore.com\/es\/products\/regeneracion-de-aceites\/cmm-10rl-transformer-oil-regeneration-plant\/","title":{"rendered":"CMM-10RL M\u00e1quina de regeneraci\u00f3n de aceite de transformador"},"content":{"rendered":"","protected":false},"excerpt":{"rendered":"<p>La GlobeCore CMM-10RL es una planta de regeneraci\u00f3n de aceite de transformador que restaura el aceite aislante degradado a un estado casi nuevo. El aceite pasa a trav\u00e9s de diez columnas llenas de sorbente de tierra de Fuller, que elimina \u00e1cidos, lodos, humedad y productos de oxidaci\u00f3n, mejorando la rigidez diel\u00e9ctrica y la claridad. La unidad cuenta con reactivaci\u00f3n del sorbente dentro de la columna, lo que permite entre 300 y 500 ciclos de reutilizaci\u00f3n sin necesidad de eliminaci\u00f3n. La CMM-10RL tambi\u00e9n regenera aceites de turbina, hidr\u00e1ulicos, de silicona, FR3, Midel 7131, de engranajes, de compresores y de cables, as\u00ed como pule di\u00e9sel, combustibles marinos y condensado de gas. Ofrece una capacidad de 0,75 m\u00b3\/h y reduce los costos de reemplazo de aceite.<\/p>\n","protected":false},"author":7,"featured_media":105542,"parent":10999,"menu_order":0,"comment_status":"closed","ping_status":"closed","template":"templates\/single-product.php","meta":{"_acf_changed":false,"_bbp_topic_count":0,"_bbp_reply_count":0,"_bbp_total_topic_count":0,"_bbp_total_reply_count":0,"_bbp_voice_count":0,"_bbp_anonymous_reply_count":0,"_bbp_topic_count_hidden":0,"_bbp_reply_count_hidden":0,"_bbp_forum_subforum_count":0,"footnotes":""},"categories":[1338],"class_list":["post-105693","page","type-page","status-publish","has-post-thumbnail","hentry","category-oil-maintenance-es","oil_type-aceite-de-silicona","oil_type-aceite-de-transmision","oil_type-aceite-hidraulico","oil_type-aceite-industrial","oil_type-aceite-para-cables","oil_type-aceite-para-compresores","oil_type-aceite-para-transformadores","oil_type-aceite-para-turbinas","oil_type-fluido-dielectrico-fr3","oil_type-fluido-dielectrico-midel-7131","oil_type-fluido-resistente-al-fuego-fyrquel","process_type-filtracion","process_type-regeneracion"],"acf":[],"language":"es","_links":{"self":[{"href":"https:\/\/globecore.com\/es\/wp-json\/wp\/v2\/pages\/105693","targetHints":{"allow":["GET"]}}],"collection":[{"href":"https:\/\/globecore.com\/es\/wp-json\/wp\/v2\/pages"}],"about":[{"href":"https:\/\/globecore.com\/es\/wp-json\/wp\/v2\/types\/page"}],"author":[{"embeddable":true,"href":"https:\/\/globecore.com\/es\/wp-json\/wp\/v2\/users\/7"}],"replies":[{"embeddable":true,"href":"https:\/\/globecore.com\/es\/wp-json\/wp\/v2\/comments?post=105693"}],"version-history":[{"count":2,"href":"https:\/\/globecore.com\/es\/wp-json\/wp\/v2\/pages\/105693\/revisions"}],"predecessor-version":[{"id":335969,"href":"https:\/\/globecore.com\/es\/wp-json\/wp\/v2\/pages\/105693\/revisions\/335969"}],"up":[{"embeddable":true,"href":"https:\/\/globecore.com\/es\/wp-json\/wp\/v2\/pages\/10999"}],"wp:featuredmedia":[{"embeddable":true,"href":"https:\/\/globecore.com\/es\/wp-json\/wp\/v2\/media\/105542"}],"wp:attachment":[{"href":"https:\/\/globecore.com\/es\/wp-json\/wp\/v2\/media?parent=105693"}],"wp:term":[{"taxonomy":"category","embeddable":true,"href":"https:\/\/globecore.com\/es\/wp-json\/wp\/v2\/categories?post=105693"}],"curies":[{"name":"wp","href":"https:\/\/api.w.org\/{rel}","templated":true}]}}