{"id":10818,"date":"2014-04-14T09:44:35","date_gmt":"2014-04-14T09:44:35","guid":{"rendered":"https:\/\/globecore.com\/about-globecore.html"},"modified":"2024-12-23T17:50:36","modified_gmt":"2024-12-23T17:50:36","slug":"about-globecore","status":"publish","type":"page","link":"https:\/\/globecore.com\/es\/about-globecore\/","title":{"rendered":"Empresa"},"content":{"rendered":"<p style=\"text-align: justify;\">La historia de <em><strong>GlobeCore<\/strong><\/em> comenz\u00f3 en 1969 con la empresa SPMK.<\/p>\n<p style=\"text-align: justify;\">Con el inicio del nuevo siglo, <em><strong>GlobeCore<\/strong><\/em> ampl\u00eda sus actividades y estrena las primeras plantas para la producci\u00f3n de emulsiones bituminosas y bitumen modificado.<\/p>\n<p style=\"text-align: justify;\">Paralelamente, se est\u00e1 realizando un an\u00e1lisis de la industria energ\u00e9tica, gracias al cual se est\u00e1n desarrollando instalaciones de cavitaci\u00f3n hidrodin\u00e1mica para aumentar el rendimiento de productos petrol\u00edferos ligeros y obtener combustibles de\u00a0componentes m\u00faltiples.<\/p>\n<p style=\"text-align: justify;\">La posterior ampliaci\u00f3n de la gama de equipos fue una respuesta a la cambiante situaci\u00f3n medioambiental. Varios pa\u00edses est\u00e1n aprobando leyes sobre la gesti\u00f3n adecuada de residuos y GlobeCore est\u00e1 desarrollando la primera planta para limpiar y recuperar aceites usados. Con el tiempo, la empresa se ha convertido en l\u00edder mundial en el procesamiento de aceites energ\u00e9ticos.<\/p>\n<p style=\"text-align: justify;\">En 2005, <em><strong>GlobeCore<\/strong><\/em> decide ingresar al mercado de los Estados Unidos. Hasta la fecha, la oficina de representaci\u00f3n y el centro de servicio de la empresa se encuentran en Houston.<\/p>\n<p style=\"text-align: justify;\">En el futuro, la direcci\u00f3n de las \u00abtecnolog\u00edas verdes\u00bb se est\u00e1 desarrollando a trav\u00e9s del desarrollo de nuevos equipos para la producci\u00f3n del biodiesel.<\/p>\n<p style=\"text-align: justify;\">El departamento de dise\u00f1o de la empresa est\u00e1 completando con \u00e9xito las pruebas de los primeros prototipos industriales de dispositivos de capa de v\u00f3rtice dise\u00f1ados para el tratamiento de aguas residuales y eliminaci\u00f3n de desechos de diversos or\u00edgenes. Los campos de aplicaci\u00f3n del dispositivo est\u00e1n en constante expansi\u00f3n y todav\u00eda se est\u00e1n estudiando.<\/p>\n<p style=\"text-align: justify;\">El n\u00famero de modelos de equipos industriales producidos de la marca <em><strong>GlobeCore<\/strong><\/em> alcanza los 100 tipos.<\/p>\n<p style=\"text-align: justify;\">En 2013, se abre una oficina de representaci\u00f3n en los Emiratos \u00c1rabes Unidos. <em><strong>GlobeCore<\/strong><\/em> tambi\u00e9n contin\u00faa realizando seminarios en todo el mundo y participa en importantes exposiciones y conferencias tem\u00e1ticas.<\/p>\n<p style=\"text-align: justify;\">En 2017, un centro de servicios en Am\u00e9rica Latina (San Jos\u00e9, Costa Rica) comienza a funcionar.<\/p>\n<p style=\"text-align: justify;\">El siguiente tipo de equipo <em><strong>GlobeCore<\/strong><\/em> apareci\u00f3 como resultado de una estrecha cooperaci\u00f3n con representantes de energ\u00eda alternativa. Son instalaciones para aumentar la eficiencia del cambio de aceite en los reductores de aerogeneradores.<\/p>\n<p style=\"text-align: justify;\">En 2020, <em><strong>GlobeCore<\/strong><\/em> introdujo una l\u00ednea de instrumentos para analizar muestras de aceite de transformadores (medici\u00f3n del contenido de agua e hidr\u00f3geno, voltaje de ruptura, tangente de p\u00e9rdida diel\u00e9ctrica), as\u00ed como un sistema de diagn\u00f3stico remoto para la condici\u00f3n de los transformadores en funcionamiento.<\/p>\n<p style=\"text-align: justify;\">Y aunque por el momento los equipos de la empresa operan en todo el mundo, no nos vamos a quedar ah\u00ed. Para todos los futuros clientes, \u00a1nuestra historia contin\u00faa! \u00a1Somos <em><strong>GlobeCore<\/strong><\/em>!<\/p>\n","protected":false},"excerpt":{"rendered":"<p>La historia de GlobeCore comenz\u00f3 en 1969 con la empresa SPMK. Con el inicio del nuevo siglo, GlobeCore ampl\u00eda sus actividades y estrena las primeras plantas para la producci\u00f3n de emulsiones bituminosas y bitumen modificado. Paralelamente, se est\u00e1 realizando un an\u00e1lisis de la industria energ\u00e9tica, gracias al cual se est\u00e1n desarrollando instalaciones de cavitaci\u00f3n hidrodin\u00e1mica<a class=\"cg-read-more\" href=\"https:\/\/globecore.com\/es\/about-globecore\/\" target=\"_blank\">Leer m\u00e1s <\/a><\/p>\n","protected":false},"author":1,"featured_media":0,"parent":0,"menu_order":50,"comment_status":"closed","ping_status":"closed","template":"templates\/about-page.php","meta":{"_acf_changed":false,"_bbp_topic_count":0,"_bbp_reply_count":0,"_bbp_total_topic_count":0,"_bbp_total_reply_count":0,"_bbp_voice_count":0,"_bbp_anonymous_reply_count":0,"_bbp_topic_count_hidden":0,"_bbp_reply_count_hidden":0,"_bbp_forum_subforum_count":0,"footnotes":""},"categories":[],"class_list":["post-10818","page","type-page","status-publish","hentry"],"acf":[],"language":"es","_links":{"self":[{"href":"https:\/\/globecore.com\/es\/wp-json\/wp\/v2\/pages\/10818","targetHints":{"allow":["GET"]}}],"collection":[{"href":"https:\/\/globecore.com\/es\/wp-json\/wp\/v2\/pages"}],"about":[{"href":"https:\/\/globecore.com\/es\/wp-json\/wp\/v2\/types\/page"}],"author":[{"embeddable":true,"href":"https:\/\/globecore.com\/es\/wp-json\/wp\/v2\/users\/1"}],"replies":[{"embeddable":true,"href":"https:\/\/globecore.com\/es\/wp-json\/wp\/v2\/comments?post=10818"}],"version-history":[{"count":0,"href":"https:\/\/globecore.com\/es\/wp-json\/wp\/v2\/pages\/10818\/revisions"}],"wp:attachment":[{"href":"https:\/\/globecore.com\/es\/wp-json\/wp\/v2\/media?parent=10818"}],"wp:term":[{"taxonomy":"category","embeddable":true,"href":"https:\/\/globecore.com\/es\/wp-json\/wp\/v2\/categories?post=10818"}],"curies":[{"name":"wp","href":"https:\/\/api.w.org\/{rel}","templated":true}]}}