{"id":10820,"date":"2017-12-29T07:07:50","date_gmt":"2017-12-29T07:07:50","guid":{"rendered":"https:\/\/globecore.com\/support.html"},"modified":"2019-03-04T12:37:21","modified_gmt":"2019-03-04T12:37:21","slug":"support","status":"publish","type":"page","link":"https:\/\/globecore.com\/es\/support\/","title":{"rendered":"SOPORTE"},"content":{"rendered":"<div id=\"pl-10820\" class=\"panel-layout\">\n<div id=\"pg-10820-0\" class=\"panel-grid panel-no-style\" data-style=\"{&quot;background_display&quot;:&quot;tile&quot;,&quot;cell_alignment&quot;:&quot;flex-start&quot;}\" data-ratio=\"1\" data-ratio-direction=\"right\">\n<div id=\"pgc-10820-0-0\" class=\"panel-grid-cell\" data-weight=\"1\">\n<div id=\"panel-10820-0-0-0\" class=\"so-panel widget widget_sow-editor panel-first-child panel-last-child\" data-index=\"0\" data-style=\"{&quot;background_display&quot;:&quot;tile&quot;}\">\n<div class=\"so-widget-sow-editor so-widget-sow-editor-base\">\n<div class=\"siteorigin-widget-tinymce textwidget\">\n<div class=\"advant-section\">\n<h2>Principios de interacci\u00f3n y atenci\u00f3n al cliente<\/h2>\n<\/div>\n<\/div>\n<\/div>\n<\/div>\n<\/div>\n<\/div>\n<div id=\"pg-10820-1\" class=\"panel-grid panel-has-style\" data-style=\"{&quot;class&quot;:&quot;support-descr&quot;,&quot;background_display&quot;:&quot;tile&quot;,&quot;cell_alignment&quot;:&quot;flex-start&quot;}\" data-ratio=\"1\" data-ratio-direction=\"right\">\n<div class=\"support-descr panel-row-style panel-row-style-for-10820-1\">\n<div id=\"pgc-10820-1-0\" class=\"panel-grid-cell\" data-weight=\"1\">\n<div id=\"panel-10820-1-0-0\" class=\"so-panel widget widget_sow-editor panel-first-child panel-last-child\" data-index=\"1\" data-style=\"{&quot;background_image_attachment&quot;:false,&quot;background_display&quot;:&quot;tile&quot;}\">\n<div class=\"so-widget-sow-editor so-widget-sow-editor-base\">\n<div class=\"siteorigin-widget-tinymce textwidget\">\n<p>Una de las prioridades, en las actividades de GlobeCore \u00a0es la interacci\u00f3n r\u00e1pida y el soporte t\u00e9cnico de todos los clientes, independientemente de su ubicaci\u00f3n debido a la extensa red de oficinas de representaci\u00f3n y centros de servicio.<\/p>\n<p>Los empleados de GlobeCore siempre est\u00e1n listos para proporcionar servicios de mantenimiento y reparaci\u00f3n para equipos destinados a la limpieza y regeneraci\u00f3n de transformadores, turbinas, aceites industriales y de otro tipo, as\u00ed como equipos para la producci\u00f3n de emulsiones bituminosas y betunes modificados.<\/p>\n<p><b>Al desarrollar relaciones con los clientes, nuestra empresa se gu\u00eda por los siguientes principios:<\/b><\/p>\n<\/div>\n<\/div>\n<\/div>\n<\/div>\n<\/div>\n<\/div>\n<div id=\"pg-10820-2\" class=\"panel-grid panel-no-style\" data-style=\"{&quot;background_display&quot;:&quot;tile&quot;,&quot;cell_alignment&quot;:&quot;flex-start&quot;}\" data-ratio=\"1\" data-ratio-direction=\"right\">\n<div id=\"pgc-10820-2-0\" class=\"panel-grid-cell\" data-weight=\"1\">\n<div id=\"panel-10820-2-0-0\" class=\"so-panel widget widget_sow-editor panel-first-child panel-last-child\" data-index=\"2\" data-style=\"{&quot;background_image_attachment&quot;:false,&quot;background_display&quot;:&quot;tile&quot;}\">\n<div class=\"so-widget-sow-editor so-widget-sow-editor-base\">\n<div class=\"siteorigin-widget-tinymce textwidget\">\n<ul class=\"support-list\">\n<li class=\"wow fadeInLeft\"><i class=\"fa fa-check\"><\/i>\n<div class=\"inner-list-support\">Consultas gratuitas. Usted siempre puede obtener el asesoramiento de especialistas calificados en la etapa de elecci\u00f3n del equipo, asegurando la optimalidad de la decisi\u00f3n;<\/div>\n<\/li>\n<li class=\"wow fadeInLeft\"><i class=\"fa fa-check\"><\/i>\n<div class=\"inner-list-support\">Enfoque individual. Cada pieza del equipo est\u00e1 dise\u00f1ada y fabricada de acuerdo con las necesidades y requisitos individuales del cliente;<\/div>\n<\/li>\n<li class=\"wow fadeInLeft\"><i class=\"fa fa-check\"><\/i>\n<div class=\"inner-list-support\">Soporte para la puesta en marcha. Si es necesario, los empleados de la compa\u00f1\u00eda viajan al cliente para poner el equipo en funcionamiento;<\/div>\n<\/li>\n<li class=\"wow fadeInLeft\"><i class=\"fa fa-check\"><\/i>\n<div class=\"inner-list-support\">Amplia gama de repuestos y componentes. GlobeCore tiene una gran cantidad de piezas de repuesto para un reemplazo r\u00e1pido, por lo que su equipo est\u00e1 asegurado contra largos per\u00edodos de inactividad y los consiguientes da\u00f1os;<\/div>\n<\/li>\n<li class=\"wow fadeInLeft\"><i class=\"fa fa-check\"><\/i>\n<div class=\"inner-list-support\">Entrenamiento del personal. GlobeCore proporciona capacitaci\u00f3n operativa de operadores para todos los modelos de equipos, tanto en el sitio de su operaci\u00f3n como en su propio centro de capacitaci\u00f3n, que se encuentra en Oldenburg (Alemania). Se encuentran disponibles materiales de video adicionales para capacitaci\u00f3n en el trabajo con plantas;<\/div>\n<\/li>\n<li class=\"wow fadeInLeft\"><i class=\"fa fa-check\"><\/i>\n<div class=\"inner-list-support\">Modernizaci\u00f3n. GlobeCore se especializa en actualizar el equipo restante para maximizar su vida \u00fatil;<\/div>\n<\/li>\n<li class=\"wow fadeInLeft\"><i class=\"fa fa-check\"><\/i>\n<div class=\"inner-list-support\">Garant\u00eda y servicio post garant\u00eda. La garant\u00eda se proporciona para todo tipo de trabajo realizado por especialistas de GlobeCore. El servicio postventa se lleva a cabo seg\u00fan el contrato.<\/div>\n<\/li>\n<\/ul>\n<\/div>\n<\/div>\n<\/div>\n<\/div>\n<\/div>\n<div id=\"pg-10820-3\" class=\"panel-grid panel-no-style\" data-style=\"{&quot;background_display&quot;:&quot;tile&quot;,&quot;cell_alignment&quot;:&quot;flex-start&quot;}\" data-ratio=\"1\" data-ratio-direction=\"right\">\n<div id=\"pgc-10820-3-0\" class=\"panel-grid-cell\" data-weight=\"1\">\n<div id=\"panel-10820-3-0-0\" class=\"so-panel widget widget_execphp panel-first-child panel-last-child\" data-index=\"3\" data-style=\"{&quot;widget_css&quot;:&quot;float: right;&quot;,&quot;background_display&quot;:&quot;tile&quot;}\">\n<div class=\"panel-widget-style panel-widget-style-for-10820-3-0-0\"><\/div>\n<\/div>\n<\/div>\n<\/div>\n<\/div>\n<div id=\"s3gt_translate_tooltip_mini\" class=\"s3gt_translate_tooltip_mini_box\" style=\"background: initial !important; border: initial !important; border-radius: initial !important; border-spacing: initial !important; border-collapse: initial !important; direction: ltr !important; flex-direction: initial !important; font-weight: initial !important; height: initial !important; letter-spacing: initial !important; min-width: initial !important; max-width: initial !important; min-height: initial !important; max-height: initial !important; margin: auto !important; outline: initial !important; padding: initial !important; position: absolute; table-layout: initial !important; text-align: initial !important; text-shadow: initial !important; width: initial !important; word-break: initial !important; word-spacing: initial !important; overflow-wrap: initial !important; box-sizing: initial !important; display: initial !important; color: inherit !important; font-size: 13px !important; font-family: X-LocaleSpecific, sans-serif, Tahoma, Helvetica !important; line-height: 13px !important; vertical-align: top !important; white-space: inherit !important; left: 10px; top: 1091px; opacity: 0.35;\">\n<div id=\"s3gt_translate_tooltip_mini_logo\" class=\"s3gt_translate_tooltip_mini\" title=\"\u041f\u0435\u0440\u0435\u0432\u0435\u0441\u0442\u0438 \u0432\u044b\u0434\u0435\u043b\u0435\u043d\u043d\u044b\u0439 \u0444\u0440\u0430\u0433\u043c\u0435\u043d\u0442\"><\/div>\n<div id=\"s3gt_translate_tooltip_mini_sound\" class=\"s3gt_translate_tooltip_mini\" title=\"\u041f\u0440\u043e\u0441\u043b\u0443\u0448\u0430\u0442\u044c\"><\/div>\n<div id=\"s3gt_translate_tooltip_mini_copy\" class=\"s3gt_translate_tooltip_mini\" title=\"\u0421\u043a\u043e\u043f\u0438\u0440\u043e\u0432\u0430\u0442\u044c \u0442\u0435\u043a\u0441\u0442 \u0432 \u0431\u0443\u0444\u0435\u0440 \u043e\u0431\u043c\u0435\u043d\u0430\"><\/div>\n<\/div>\n","protected":false},"excerpt":{"rendered":"<p>Principios de interacci\u00f3n y atenci\u00f3n al cliente Una de las prioridades, en las actividades de GlobeCore \u00a0es la interacci\u00f3n r\u00e1pida y el soporte t\u00e9cnico de todos los clientes, independientemente de su ubicaci\u00f3n debido a la extensa red de oficinas de representaci\u00f3n y centros de servicio. Los empleados de GlobeCore siempre est\u00e1n listos para proporcionar servicios<a class=\"cg-read-more\" href=\"https:\/\/globecore.com\/es\/support\/\" target=\"_blank\">Leer m\u00e1s <\/a><\/p>\n","protected":false},"author":7,"featured_media":0,"parent":0,"menu_order":0,"comment_status":"closed","ping_status":"closed","template":"templates\/support-page.php","meta":{"_acf_changed":false,"_bbp_topic_count":0,"_bbp_reply_count":0,"_bbp_total_topic_count":0,"_bbp_total_reply_count":0,"_bbp_voice_count":0,"_bbp_anonymous_reply_count":0,"_bbp_topic_count_hidden":0,"_bbp_reply_count_hidden":0,"_bbp_forum_subforum_count":0,"footnotes":""},"categories":[],"class_list":["post-10820","page","type-page","status-publish","hentry"],"acf":[],"language":"es","_links":{"self":[{"href":"https:\/\/globecore.com\/es\/wp-json\/wp\/v2\/pages\/10820","targetHints":{"allow":["GET"]}}],"collection":[{"href":"https:\/\/globecore.com\/es\/wp-json\/wp\/v2\/pages"}],"about":[{"href":"https:\/\/globecore.com\/es\/wp-json\/wp\/v2\/types\/page"}],"author":[{"embeddable":true,"href":"https:\/\/globecore.com\/es\/wp-json\/wp\/v2\/users\/7"}],"replies":[{"embeddable":true,"href":"https:\/\/globecore.com\/es\/wp-json\/wp\/v2\/comments?post=10820"}],"version-history":[{"count":0,"href":"https:\/\/globecore.com\/es\/wp-json\/wp\/v2\/pages\/10820\/revisions"}],"wp:attachment":[{"href":"https:\/\/globecore.com\/es\/wp-json\/wp\/v2\/media?parent=10820"}],"wp:term":[{"taxonomy":"category","embeddable":true,"href":"https:\/\/globecore.com\/es\/wp-json\/wp\/v2\/categories?post=10820"}],"curies":[{"name":"wp","href":"https:\/\/api.w.org\/{rel}","templated":true}]}}