{"id":109579,"date":"2023-12-29T12:43:30","date_gmt":"2023-12-29T12:43:30","guid":{"rendered":"https:\/\/globecore.com\/products\/instrumentos\/universal-transformer-oil-tester-tor-7-moisture-gases-solid-particles\/"},"modified":"2026-03-06T13:37:38","modified_gmt":"2026-03-06T13:37:38","slug":"universal-transformer-oil-tester-tor-7-moisture-gases-solid-particles","status":"publish","type":"page","link":"https:\/\/globecore.com\/es\/products\/instrumentos\/universal-transformer-oil-tester-tor-7-moisture-gases-solid-particles\/","title":{"rendered":"TOR-7 Dispositivo de medici\u00f3n de aceite de transformador (humedad, gases y s\u00f3lidos)"},"content":{"rendered":"","protected":false},"excerpt":{"rendered":"<p>El TOR-7 es un tester de aceite para transformadores que mide humedad, hidr\u00f3geno, contenido de gases y contaminaci\u00f3n por part\u00edculas s\u00f3lidas en un solo dispositivo. La actividad del agua (aw) se mide de 0 a 1 con alta precisi\u00f3n y tambi\u00e9n se registra la temperatura. El hidr\u00f3geno y la contaminaci\u00f3n se miden de 25 a 5.000\u202fppm con buena precisi\u00f3n y baja interferencia de otros gases. La pureza del aceite se eval\u00faa seg\u00fan las normas ISO 4406 y SAE, abarcando un rango de viscosidad de 1 a 1.000\u202fmm\u00b2\/s y clases de contaminaci\u00f3n ISO de 9\/8\/7 a 25\/24\/23.<\/p>\n","protected":false},"author":7,"featured_media":109880,"parent":31947,"menu_order":0,"comment_status":"closed","ping_status":"closed","template":"templates\/single-product.php","meta":{"_acf_changed":false,"_bbp_topic_count":0,"_bbp_reply_count":0,"_bbp_total_topic_count":0,"_bbp_total_reply_count":0,"_bbp_voice_count":0,"_bbp_anonymous_reply_count":0,"_bbp_topic_count_hidden":0,"_bbp_reply_count_hidden":0,"_bbp_forum_subforum_count":0,"footnotes":""},"categories":[1635],"class_list":["post-109579","page","type-page","status-publish","has-post-thumbnail","hentry","category-instrumentos","oil_type-aceite-de-silicona","oil_type-aceite-para-transformadores","oil_type-fluido-dielectrico-fr3","oil_type-fluido-dielectrico-midel-7131","process_type-test-de-clase-de-limpieza-de-particulas","process_type-test-de-gas-residual","process_type-test-de-hidrogeno","process_type-test-de-humedad"],"acf":[],"language":"es","_links":{"self":[{"href":"https:\/\/globecore.com\/es\/wp-json\/wp\/v2\/pages\/109579","targetHints":{"allow":["GET"]}}],"collection":[{"href":"https:\/\/globecore.com\/es\/wp-json\/wp\/v2\/pages"}],"about":[{"href":"https:\/\/globecore.com\/es\/wp-json\/wp\/v2\/types\/page"}],"author":[{"embeddable":true,"href":"https:\/\/globecore.com\/es\/wp-json\/wp\/v2\/users\/7"}],"replies":[{"embeddable":true,"href":"https:\/\/globecore.com\/es\/wp-json\/wp\/v2\/comments?post=109579"}],"version-history":[{"count":2,"href":"https:\/\/globecore.com\/es\/wp-json\/wp\/v2\/pages\/109579\/revisions"}],"predecessor-version":[{"id":336200,"href":"https:\/\/globecore.com\/es\/wp-json\/wp\/v2\/pages\/109579\/revisions\/336200"}],"up":[{"embeddable":true,"href":"https:\/\/globecore.com\/es\/wp-json\/wp\/v2\/pages\/31947"}],"wp:featuredmedia":[{"embeddable":true,"href":"https:\/\/globecore.com\/es\/wp-json\/wp\/v2\/media\/109880"}],"wp:attachment":[{"href":"https:\/\/globecore.com\/es\/wp-json\/wp\/v2\/media?parent=109579"}],"wp:term":[{"taxonomy":"category","embeddable":true,"href":"https:\/\/globecore.com\/es\/wp-json\/wp\/v2\/categories?post=109579"}],"curies":[{"name":"wp","href":"https:\/\/api.w.org\/{rel}","templated":true}]}}